{"id":4935,"date":"2025-12-13T10:22:05","date_gmt":"2025-12-13T10:22:05","guid":{"rendered":"https:\/\/kerekparbalaton.hu\/?post_type=product&#038;p=4935"},"modified":"2025-12-13T10:37:56","modified_gmt":"2025-12-13T10:37:56","slug":"cutline","status":"publish","type":"product","link":"https:\/\/kerekparbalaton.hu\/ru\/product\/cutline\/","title":{"rendered":"Cutline"},"content":{"rendered":"<ul>\n<li style=\"font-weight: 400;\" aria-level=\"1\"><span style=\"font-weight: 400;\">Magas (7) b\u00e1zisg\u00f6rb\u00fclet\u0171 &#8222;keret&#8221;<\/span><\/li>\n<li style=\"font-weight: 400;\" aria-level=\"1\"><span style=\"font-weight: 400;\">keret n\u00e9lk\u00fcli kialak\u00edt\u00e1s<\/span><\/li>\n<li style=\"font-weight: 400;\" aria-level=\"1\"><span style=\"font-weight: 400;\">Grilamid alapanyag\u00fa sz\u00e1rak<\/span><\/li>\n<li style=\"font-weight: 400;\" aria-level=\"1\"><span style=\"font-weight: 400;\">Lencs\u00e9be integr\u00e1lt extra szell\u0151z\u0151ny\u00edl\u00e1sok<\/span><\/li>\n<li style=\"font-weight: 400;\" aria-level=\"1\"><span style=\"font-weight: 400;\">Nedvess\u00e9gre is tapad\u00f3 gum\u00edroz\u00e1sok a sz\u00e1rv\u00e9geken \u00e9s az orrnyergen<\/span><\/li>\n<li style=\"font-weight: 400;\" aria-level=\"1\"><span style=\"font-weight: 400;\">Lencse-\u00e9lv\u00e9d\u0151 gum\u00edroz\u00e1s &#8211; Bumpers-technol\u00f3gia &#8211; fel\u00fcl \u00e9s alul is<\/span><\/li>\n<li style=\"font-weight: 400;\" aria-level=\"1\"><span style=\"font-weight: 400;\">a bumperek r\u00e9v\u00e9n n\u00e9gy k\u00fcl\u00f6nb\u00f6z\u0151 m\u00f3don hordhat\u00f3<\/span><\/li>\n<li style=\"font-weight: 400;\" aria-level=\"1\"><span style=\"font-weight: 400;\">Arcra alak\u00edthat\u00f3 orrnyereg \u00e9s sz\u00e1rv\u00e9gek<\/span><\/li>\n<li style=\"font-weight: 400;\" aria-level=\"1\"><span style=\"font-weight: 400;\">Cser\u00e9lhet\u0151 lencs\u00e9s kialak\u00edt\u00e1s<\/span><\/li>\n<li style=\"font-weight: 400;\" aria-level=\"1\"><span style=\"font-weight: 400;\">cser\u00e9lhet\u0151 gum\u00edroz\u00e1sok &#8211; egyedire szabhat\u00f3 custom kitek seg\u00edts\u00e9g\u00e9vel<\/span><\/li>\n<li style=\"font-weight: 400;\" aria-level=\"1\"><span style=\"font-weight: 400;\">Graphene rug\u00f3 \u00e9s f\u00e9m csavarok<\/span><\/li>\n<li style=\"font-weight: 400;\" aria-level=\"1\"><span style=\"font-weight: 400;\">dioptri\u00e1zhat\u00f3<\/span><\/li>\n<li style=\"font-weight: 400;\" aria-level=\"1\"><span style=\"font-weight: 400;\">kem\u00e9nytok \u00e9s mikrosz\u00e1las t\u00f6rl\u0151kend\u0151 tartoz\u00e9ka<\/span><\/li>\n<li style=\"font-weight: 400;\" aria-level=\"1\"><span style=\"font-weight: 400;\">2 \u00e9v garancia<\/span><\/li>\n<li style=\"font-weight: 400;\" aria-level=\"1\"><span style=\"font-weight: 400;\">Made in Italy<\/span><\/li>\n<li style=\"font-weight: 400;\" aria-level=\"1\"><span style=\"font-weight: 400;\"><span style=\"font-weight: 400;\">aj\u00e1nd\u00e9k 3 p\u00e1r lencse\u00e9lv\u00e9d\u0151vel (bumper) &#8211; random sz\u00ednek<\/span><\/span>&nbsp;<\/li>\n<\/ul>\n<p><strong>Lencs\u00e9k:<\/strong><\/p>\n<p><span style=\"font-weight: 400;\">MULTILASER SUNSET f\u00e9m-oxidos (&#8222;t\u00fckr\u00f6s&#8221;) k\u00fcls\u0151 bevonatos polikarbon\u00e1t lencse<\/span><\/p>\n<ul>\n<li style=\"font-weight: 400;\" aria-level=\"1\"><span style=\"font-weight: 400;\">f\u00e9ny\u00e1tereszt\u00e9si tartom\u00e1nya: 16%\u00a0<\/span><\/li>\n<li style=\"font-weight: 400;\" aria-level=\"1\"><span style=\"font-weight: 400;\">UV400 v\u00e9delem<\/span><\/li>\n<li style=\"font-weight: 400;\" aria-level=\"1\"><span style=\"font-weight: 400;\">UV sz\u0171r\u0151kateg\u00f3ri\u00e1ja: 3<\/span><\/li>\n<li style=\"font-weight: 400;\" aria-level=\"1\"><span style=\"font-weight: 400;\"><span style=\"font-weight: 400;\">javasolt felhaszn\u00e1l\u00e1si kond\u00edci\u00f3k: er\u0151s naps\u00fct\u00e9s-bor\u00fas id\u0151j\u00e1r\u00e1si k\u00f6r\u00fclm\u00e9nyek<\/span><\/span>&nbsp;<\/li>\n<\/ul>\n<p><span style=\"font-weight: 400;\">IMPACTX2 PHOTOCHROMIC LASER BLACK f\u00e9nyre s\u00f6t\u00e9ted\u0151 \u00e9s t\u00f6rhetetlen lencse<\/span><\/p>\n<ul>\n<li style=\"font-weight: 400;\" aria-level=\"1\"><span style=\"font-weight: 400;\">f\u00e9ny\u00e1tereszt\u00e9si tartom\u00e1nya: 17-78%\u00a0<\/span><\/li>\n<li style=\"font-weight: 400;\" aria-level=\"1\"><span style=\"font-weight: 400;\">UV400 v\u00e9delem<\/span><\/li>\n<li style=\"font-weight: 400;\" aria-level=\"1\"><span style=\"font-weight: 400;\">UV sz\u0171r\u0151kateg\u00f3ri\u00e1ja: 1-3<\/span><\/li>\n<li style=\"font-weight: 400;\" aria-level=\"1\"><span style=\"font-weight: 400;\"><span style=\"font-weight: 400;\">javasolt felhaszn\u00e1l\u00e1si kond\u00edci\u00f3k: er\u0151s naps\u00fct\u00e9s-bor\u00fas id\u0151j\u00e1r\u00e1si k\u00f6r\u00fclm\u00e9nyek<\/span><\/span>&nbsp;<\/li>\n<\/ul>\n<p><span style=\"font-weight: 400;\">IMPACTX2 PHOTOCHROMIC LASER PURPLE f\u00e9m-oxidos (&#8222;t\u00fckr\u00f6s&#8221;) k\u00fcls\u0151 bevonatos t\u00f6rhetetlen \u00e9s f\u00e9nyre s\u00f6t\u00e9ted\u0151 lencse\u00a0<\/span><\/p>\n<ul>\n<li style=\"font-weight: 400;\" aria-level=\"1\"><span style=\"font-weight: 400;\">f\u00e9ny\u00e1tereszt\u00e9si tartom\u00e1nya: 14-50%\u00a0<\/span><\/li>\n<li style=\"font-weight: 400;\" aria-level=\"1\"><span style=\"font-weight: 400;\">UV400 v\u00e9delem<\/span><\/li>\n<li style=\"font-weight: 400;\" aria-level=\"1\"><span style=\"font-weight: 400;\">UV sz\u0171r\u0151kateg\u00f3ri\u00e1ja: 1-3<\/span><\/li>\n<li style=\"font-weight: 400;\" aria-level=\"1\"><span style=\"font-weight: 400;\"><span style=\"font-weight: 400;\">javasolt felhaszn\u00e1l\u00e1si kond\u00edci\u00f3k: er\u0151s \u00e9s enyh\u00e9n naps\u00fct\u00e9ses k\u00f6r\u00fclm\u00e9nyek<\/span><\/span>&nbsp;<\/li>\n<\/ul>\n<p><b>Lencs\u00e9kr\u0151l b\u0151vebben:\u00a0<\/b><\/p>\n<p><span style=\"font-weight: 400;\">KARC\u00c1LL\u00d3S\u00c1G<\/span><span style=\"font-weight: 400;\"><br \/>\n<\/span><span style=\"font-weight: 400;\">Minden polikarbon\u00e1t lencs\u00e9nk magas h\u0151m\u00e9rs\u00e9kleten polyxilosane bevonattal lett ell\u00e1tva, hogy megn\u00f6velt kop\u00e1s- \u00e9s karc\u00e1ll\u00f3s\u00e1ga legyen. A t\u00f6rhetetlen ImpactX-lencs\u00e9ink, f\u00e9l-molekul\u00e1ris, puha anyagszerkezet\u00fck \u00e9s portasz\u00edt\u00f3 tulajdons\u00e1guk r\u00e9v\u00e9n jobban ellen\u00e1llnak a karcol\u00f3d\u00e1snak.<br \/>\n<\/span><span style=\"font-weight: 400;\">\u00a0<\/span><\/p>\n<p><span style=\"font-weight: 400;\">V\u00cdZTASZ\u00cdT\u00c1S<\/span><span style=\"font-weight: 400;\"><br \/>\n<\/span><span style=\"font-weight: 400;\">Egyes sport\u00e1gak eset\u00e9ben k\u00fcl\u00f6n\u00f6sen fontos, hogy a lencse fel\u00fclet\u00e9r\u0151l k\u00f6nnyed\u00e9n, nyom n\u00e9lk\u00fcl leg\u00f6rd\u00fcljenek a v\u00edzcseppek, kik\u00fcsz\u00f6b\u00f6lv\u00e9n azt a tipikus torz\u00edt\u00e1st, amit a v\u00edz okozhat. Ez\u00e9rt <\/span><b>POLAR 3FX<\/b><span style=\"font-weight: 400;\"> lencset\u00edpusaink v\u00edztasz\u00edt\u00f3, HYDROTEK bevonatot is kaptak. Ezen lencs\u00e9ink ide\u00e1lisak sz\u00f6rf\u00f6z\u00e9shez, vitorl\u00e1z\u00e1shoz \u00e9s minden m\u00e1s v\u00edzi sporthoz.<\/span><\/p>\n<p>&nbsp;<\/p>\n<p><span style=\"font-weight: 400;\">P\u00c1RAMENTES\u00cdT\u0150 KEZEL\u00c9S<\/span><span style=\"font-weight: 400;\"><br \/>\n<\/span><span style=\"font-weight: 400;\">Ez a kezel\u00e9s a p\u00e1r\u00e1sod\u00e1st akad\u00e1lyozza meg viszonylag hossz\u00fa id\u0151re (ez EN168 teszt alapj\u00e1n kb. 5 perc), ez\u00e1ltal a l\u00e1t\u00e1s zavartalan marad kritikus k\u00f6r\u00fclm\u00e9nyek k\u00f6z\u00f6tt is.<\/span><\/p>\n<p>&nbsp;<\/p>\n<p><span style=\"font-weight: 400;\">MI AZ LASER (F\u00c9M-OXIDOS)-BEVONAT?<\/span><\/p>\n<p><span style=\"font-weight: 400;\">A ver\u0151f\u00e9nyes naps\u00fct\u00e9ses id\u0151j\u00e1r\u00e1sban extra szemv\u00e9delemre van sz\u00fcks\u00e9g\u00fcnk. Az ilyen helyzetekre lett tervezve a k\u00fcl\u00f6nleges f\u00e9m-oxidos (laser) k\u00fcls\u0151 lencsebevonat, melynek k\u00f6sz\u00f6nhet\u0151en ezek a lencs\u00e9k t\u00f6bb f\u00e9nyt sz\u0171rnek meg \u2013 nagyobb k\u00e9nyelmet biztos\u00edtva szem\u00fcnk sz\u00e1m\u00e1ra.<\/span><\/p>","protected":false},"excerpt":{"rendered":"<p><strong>Sz\u00e1ll\u00edt\u00e1s:<\/strong> <span data-sheets-root=\"1\">4-5 munkanap<\/span><\/p>\n<p><span style=\"font-weight: 400;\">Kombin\u00e1lva a sz\u00e9les, arcot k\u00f6rbe\u00f6lel\u0151, keret n\u00e9lk\u00fcli lencse kialak\u00edt\u00e1st, a j\u00f6v\u0151be mutat\u00f3 technol\u00f3gi\u00e1kkal k\u00e9sz\u00fcl\u0151 lencs\u00e9ket, \u00e9s a Rudy Project t\u00f6bb mint 30 \u00e9ve v\u00e1ltozatlan filoz\u00f3fi\u00e1j\u00e1t, a CUTLINE igazi m\u0171remek, mely az olasz gy\u00e1rt\u00f3 szem\u00fcveg evol\u00faci\u00f3j\u00e1nak k\u00f6vetkez\u0151 l\u00e9p\u00e9se. A CUTLINE fejlett technol\u00f3gi\u00e1kat \u00e9s mer\u00e9sz diz\u00e1jnt kombin\u00e1l, \u00edgy egy sokoldal\u00faan haszn\u00e1lhat\u00f3, j\u00f6v\u0151be mutat\u00f3 sportszem\u00fcveg lett, mely utol\u00e9rhetetlen komfortot \u00e9s szemv\u00e9delmet ny\u00fajt sz\u00e1modra.\u00a0<\/span><\/p>","protected":false},"featured_media":4947,"comment_status":"closed","ping_status":"closed","template":"","meta":[],"product_brand":[],"product_cat":[365,366],"product_tag":[],"class_list":{"0":"post-4935","1":"product","2":"type-product","3":"status-publish","4":"has-post-thumbnail","6":"product_cat-egyeb","7":"product_cat-kiegeszitok-egyeb","9":"first","10":"instock","11":"shipping-taxable","12":"purchasable","13":"product-type-variable"},"yoast_head":"<!-- This site is optimized with the Yoast SEO plugin v27.5 - https:\/\/yoast.com\/product\/yoast-seo-wordpress\/ -->\n<title>Cutline - kerekparbalaton.hu<\/title>\n<meta name=\"description\" content=\"A CUTLINE fejlett technol\u00f3gi\u00e1kat \u00e9s mer\u00e9sz diz\u00e1jnt kombin\u00e1l, \u00edgy egy sokoldal\u00faan haszn\u00e1lhat\u00f3, j\u00f6v\u0151be mutat\u00f3 sportszem\u00fcveg lett.\" \/>\n<meta name=\"robots\" content=\"index, follow, max-snippet:-1, max-image-preview:large, max-video-preview:-1\" \/>\n<link rel=\"canonical\" href=\"https:\/\/kerekparbalaton.hu\/ru\/product\/cutline\/\" \/>\n<meta property=\"og:locale\" content=\"ru_RU\" \/>\n<meta property=\"og:type\" content=\"article\" \/>\n<meta property=\"og:title\" content=\"Cutline - kerekparbalaton.hu\" \/>\n<meta property=\"og:description\" content=\"A CUTLINE fejlett technol\u00f3gi\u00e1kat \u00e9s mer\u00e9sz diz\u00e1jnt kombin\u00e1l, \u00edgy egy sokoldal\u00faan haszn\u00e1lhat\u00f3, j\u00f6v\u0151be mutat\u00f3 sportszem\u00fcveg lett.\" \/>\n<meta property=\"og:url\" content=\"https:\/\/kerekparbalaton.hu\/ru\/product\/cutline\/\" \/>\n<meta property=\"og:site_name\" content=\"kerekparbalaton.hu\" \/>\n<meta property=\"article:modified_time\" content=\"2025-12-13T10:37:56+00:00\" \/>\n<meta property=\"og:image\" content=\"https:\/\/kerekparbalaton.hu\/wp-content\/uploads\/2025\/12\/cutline_SP637306-0000-2.webp\" \/>\n\t<meta property=\"og:image:width\" content=\"1000\" \/>\n\t<meta property=\"og:image:height\" content=\"1000\" \/>\n\t<meta property=\"og:image:type\" content=\"image\/webp\" \/>\n<meta name=\"twitter:card\" content=\"summary_large_image\" \/>\n<meta name=\"twitter:label1\" content=\"\u041f\u0440\u0438\u043c\u0435\u0440\u043d\u043e\u0435 \u0432\u0440\u0435\u043c\u044f \u0434\u043b\u044f \u0447\u0442\u0435\u043d\u0438\u044f\" \/>\n\t<meta name=\"twitter:data1\" content=\"2 \u043c\u0438\u043d\u0443\u0442\u044b\" \/>\n<script type=\"application\/ld+json\" class=\"yoast-schema-graph\">{\"@context\":\"https:\\\/\\\/schema.org\",\"@graph\":[{\"@type\":\"WebPage\",\"@id\":\"https:\\\/\\\/kerekparbalaton.hu\\\/termek\\\/cutline\\\/\",\"url\":\"https:\\\/\\\/kerekparbalaton.hu\\\/termek\\\/cutline\\\/\",\"name\":\"Cutline - kerekparbalaton.hu\",\"isPartOf\":{\"@id\":\"https:\\\/\\\/kerekparbalaton.hu\\\/#website\"},\"primaryImageOfPage\":{\"@id\":\"https:\\\/\\\/kerekparbalaton.hu\\\/termek\\\/cutline\\\/#primaryimage\"},\"image\":{\"@id\":\"https:\\\/\\\/kerekparbalaton.hu\\\/termek\\\/cutline\\\/#primaryimage\"},\"thumbnailUrl\":\"https:\\\/\\\/kerekparbalaton.hu\\\/wp-content\\\/uploads\\\/2025\\\/12\\\/cutline_SP637306-0000-2.webp\",\"datePublished\":\"2025-12-13T10:22:05+00:00\",\"dateModified\":\"2025-12-13T10:37:56+00:00\",\"description\":\"A CUTLINE fejlett technol\u00f3gi\u00e1kat \u00e9s mer\u00e9sz diz\u00e1jnt kombin\u00e1l, \u00edgy egy sokoldal\u00faan haszn\u00e1lhat\u00f3, j\u00f6v\u0151be mutat\u00f3 sportszem\u00fcveg lett.\",\"breadcrumb\":{\"@id\":\"https:\\\/\\\/kerekparbalaton.hu\\\/termek\\\/cutline\\\/#breadcrumb\"},\"inLanguage\":\"ru-RU\",\"potentialAction\":[{\"@type\":\"ReadAction\",\"target\":[\"https:\\\/\\\/kerekparbalaton.hu\\\/termek\\\/cutline\\\/\"]}]},{\"@type\":\"ImageObject\",\"inLanguage\":\"ru-RU\",\"@id\":\"https:\\\/\\\/kerekparbalaton.hu\\\/termek\\\/cutline\\\/#primaryimage\",\"url\":\"https:\\\/\\\/kerekparbalaton.hu\\\/wp-content\\\/uploads\\\/2025\\\/12\\\/cutline_SP637306-0000-2.webp\",\"contentUrl\":\"https:\\\/\\\/kerekparbalaton.hu\\\/wp-content\\\/uploads\\\/2025\\\/12\\\/cutline_SP637306-0000-2.webp\",\"width\":1000,\"height\":1000},{\"@type\":\"BreadcrumbList\",\"@id\":\"https:\\\/\\\/kerekparbalaton.hu\\\/termek\\\/cutline\\\/#breadcrumb\",\"itemListElement\":[{\"@type\":\"ListItem\",\"position\":1,\"name\":\"Kezd\u0151lap\",\"item\":\"https:\\\/\\\/kerekparbalaton.hu\\\/\"},{\"@type\":\"ListItem\",\"position\":2,\"name\":\"Shop\",\"item\":\"https:\\\/\\\/kerekparbalaton.hu\\\/uzlet\\\/\"},{\"@type\":\"ListItem\",\"position\":3,\"name\":\"Cutline\"}]},{\"@type\":\"WebSite\",\"@id\":\"https:\\\/\\\/kerekparbalaton.hu\\\/#website\",\"url\":\"https:\\\/\\\/kerekparbalaton.hu\\\/\",\"name\":\"kerekparbalaton.hu\",\"description\":\"Ker\u00e9kp\u00e1rb\u00e9rl\u00e9s Balaton\",\"publisher\":{\"@id\":\"https:\\\/\\\/kerekparbalaton.hu\\\/#organization\"},\"potentialAction\":[{\"@type\":\"SearchAction\",\"target\":{\"@type\":\"EntryPoint\",\"urlTemplate\":\"https:\\\/\\\/kerekparbalaton.hu\\\/?s={search_term_string}\"},\"query-input\":{\"@type\":\"PropertyValueSpecification\",\"valueRequired\":true,\"valueName\":\"search_term_string\"}}],\"inLanguage\":\"ru-RU\"},{\"@type\":\"Organization\",\"@id\":\"https:\\\/\\\/kerekparbalaton.hu\\\/#organization\",\"name\":\"kerekparbalaton.hu\",\"url\":\"https:\\\/\\\/kerekparbalaton.hu\\\/\",\"logo\":{\"@type\":\"ImageObject\",\"inLanguage\":\"ru-RU\",\"@id\":\"https:\\\/\\\/kerekparbalaton.hu\\\/#\\\/schema\\\/logo\\\/image\\\/\",\"url\":\"https:\\\/\\\/kerekparbalaton.hu\\\/wp-content\\\/uploads\\\/2023\\\/12\\\/Csopi-kerekpar-redesign-e1718779950933.png\",\"contentUrl\":\"https:\\\/\\\/kerekparbalaton.hu\\\/wp-content\\\/uploads\\\/2023\\\/12\\\/Csopi-kerekpar-redesign-e1718779950933.png\",\"width\":1000,\"height\":436,\"caption\":\"kerekparbalaton.hu\"},\"image\":{\"@id\":\"https:\\\/\\\/kerekparbalaton.hu\\\/#\\\/schema\\\/logo\\\/image\\\/\"}}]}<\/script>\n<!-- \/ Yoast SEO plugin. -->","yoast_head_json":{"title":"Cutline - kerekparbalaton.hu","description":"A CUTLINE fejlett technol\u00f3gi\u00e1kat \u00e9s mer\u00e9sz diz\u00e1jnt kombin\u00e1l, \u00edgy egy sokoldal\u00faan haszn\u00e1lhat\u00f3, j\u00f6v\u0151be mutat\u00f3 sportszem\u00fcveg lett.","robots":{"index":"index","follow":"follow","max-snippet":"max-snippet:-1","max-image-preview":"max-image-preview:large","max-video-preview":"max-video-preview:-1"},"canonical":"https:\/\/kerekparbalaton.hu\/ru\/product\/cutline\/","og_locale":"ru_RU","og_type":"article","og_title":"Cutline - kerekparbalaton.hu","og_description":"A CUTLINE fejlett technol\u00f3gi\u00e1kat \u00e9s mer\u00e9sz diz\u00e1jnt kombin\u00e1l, \u00edgy egy sokoldal\u00faan haszn\u00e1lhat\u00f3, j\u00f6v\u0151be mutat\u00f3 sportszem\u00fcveg lett.","og_url":"https:\/\/kerekparbalaton.hu\/ru\/product\/cutline\/","og_site_name":"kerekparbalaton.hu","article_modified_time":"2025-12-13T10:37:56+00:00","og_image":[{"width":1000,"height":1000,"url":"https:\/\/kerekparbalaton.hu\/wp-content\/uploads\/2025\/12\/cutline_SP637306-0000-2.webp","type":"image\/webp"}],"twitter_card":"summary_large_image","twitter_misc":{"\u041f\u0440\u0438\u043c\u0435\u0440\u043d\u043e\u0435 \u0432\u0440\u0435\u043c\u044f \u0434\u043b\u044f \u0447\u0442\u0435\u043d\u0438\u044f":"2 \u043c\u0438\u043d\u0443\u0442\u044b"},"schema":{"@context":"https:\/\/schema.org","@graph":[{"@type":"WebPage","@id":"https:\/\/kerekparbalaton.hu\/termek\/cutline\/","url":"https:\/\/kerekparbalaton.hu\/termek\/cutline\/","name":"Cutline - kerekparbalaton.hu","isPartOf":{"@id":"https:\/\/kerekparbalaton.hu\/#website"},"primaryImageOfPage":{"@id":"https:\/\/kerekparbalaton.hu\/termek\/cutline\/#primaryimage"},"image":{"@id":"https:\/\/kerekparbalaton.hu\/termek\/cutline\/#primaryimage"},"thumbnailUrl":"https:\/\/kerekparbalaton.hu\/wp-content\/uploads\/2025\/12\/cutline_SP637306-0000-2.webp","datePublished":"2025-12-13T10:22:05+00:00","dateModified":"2025-12-13T10:37:56+00:00","description":"A CUTLINE fejlett technol\u00f3gi\u00e1kat \u00e9s mer\u00e9sz diz\u00e1jnt kombin\u00e1l, \u00edgy egy sokoldal\u00faan haszn\u00e1lhat\u00f3, j\u00f6v\u0151be mutat\u00f3 sportszem\u00fcveg lett.","breadcrumb":{"@id":"https:\/\/kerekparbalaton.hu\/termek\/cutline\/#breadcrumb"},"inLanguage":"ru-RU","potentialAction":[{"@type":"ReadAction","target":["https:\/\/kerekparbalaton.hu\/termek\/cutline\/"]}]},{"@type":"ImageObject","inLanguage":"ru-RU","@id":"https:\/\/kerekparbalaton.hu\/termek\/cutline\/#primaryimage","url":"https:\/\/kerekparbalaton.hu\/wp-content\/uploads\/2025\/12\/cutline_SP637306-0000-2.webp","contentUrl":"https:\/\/kerekparbalaton.hu\/wp-content\/uploads\/2025\/12\/cutline_SP637306-0000-2.webp","width":1000,"height":1000},{"@type":"BreadcrumbList","@id":"https:\/\/kerekparbalaton.hu\/termek\/cutline\/#breadcrumb","itemListElement":[{"@type":"ListItem","position":1,"name":"Kezd\u0151lap","item":"https:\/\/kerekparbalaton.hu\/"},{"@type":"ListItem","position":2,"name":"Shop","item":"https:\/\/kerekparbalaton.hu\/uzlet\/"},{"@type":"ListItem","position":3,"name":"Cutline"}]},{"@type":"WebSite","@id":"https:\/\/kerekparbalaton.hu\/#website","url":"https:\/\/kerekparbalaton.hu\/","name":"roundparbalaton.hu","description":"\u041f\u0440\u043e\u043a\u0430\u0442 \u0432\u0435\u043b\u043e\u0441\u0438\u043f\u0435\u0434\u043e\u0432 \u0411\u0430\u043b\u0430\u0442\u043e\u043d","publisher":{"@id":"https:\/\/kerekparbalaton.hu\/#organization"},"potentialAction":[{"@type":"SearchAction","target":{"@type":"EntryPoint","urlTemplate":"https:\/\/kerekparbalaton.hu\/?s={search_term_string}"},"query-input":{"@type":"PropertyValueSpecification","valueRequired":true,"valueName":"search_term_string"}}],"inLanguage":"ru-RU"},{"@type":"Organization","@id":"https:\/\/kerekparbalaton.hu\/#organization","name":"roundparbalaton.hu","url":"https:\/\/kerekparbalaton.hu\/","logo":{"@type":"ImageObject","inLanguage":"ru-RU","@id":"https:\/\/kerekparbalaton.hu\/#\/schema\/logo\/image\/","url":"https:\/\/kerekparbalaton.hu\/wp-content\/uploads\/2023\/12\/Csopi-kerekpar-redesign-e1718779950933.png","contentUrl":"https:\/\/kerekparbalaton.hu\/wp-content\/uploads\/2023\/12\/Csopi-kerekpar-redesign-e1718779950933.png","width":1000,"height":436,"caption":"kerekparbalaton.hu"},"image":{"@id":"https:\/\/kerekparbalaton.hu\/#\/schema\/logo\/image\/"}}]}},"_links":{"self":[{"href":"https:\/\/kerekparbalaton.hu\/ru\/wp-json\/wp\/v2\/product\/4935","targetHints":{"allow":["GET"]}}],"collection":[{"href":"https:\/\/kerekparbalaton.hu\/ru\/wp-json\/wp\/v2\/product"}],"about":[{"href":"https:\/\/kerekparbalaton.hu\/ru\/wp-json\/wp\/v2\/types\/product"}],"replies":[{"embeddable":true,"href":"https:\/\/kerekparbalaton.hu\/ru\/wp-json\/wp\/v2\/comments?post=4935"}],"wp:featuredmedia":[{"embeddable":true,"href":"https:\/\/kerekparbalaton.hu\/ru\/wp-json\/wp\/v2\/media\/4947"}],"wp:attachment":[{"href":"https:\/\/kerekparbalaton.hu\/ru\/wp-json\/wp\/v2\/media?parent=4935"}],"wp:term":[{"taxonomy":"product_brand","embeddable":true,"href":"https:\/\/kerekparbalaton.hu\/ru\/wp-json\/wp\/v2\/product_brand?post=4935"},{"taxonomy":"product_cat","embeddable":true,"href":"https:\/\/kerekparbalaton.hu\/ru\/wp-json\/wp\/v2\/product_cat?post=4935"},{"taxonomy":"product_tag","embeddable":true,"href":"https:\/\/kerekparbalaton.hu\/ru\/wp-json\/wp\/v2\/product_tag?post=4935"}],"curies":[{"name":"wp","href":"https:\/\/api.w.org\/{rel}","templated":true}]}}