{"id":4891,"date":"2025-12-13T09:16:57","date_gmt":"2025-12-13T09:16:57","guid":{"rendered":"https:\/\/kerekparbalaton.hu\/?post_type=product&#038;p=4891"},"modified":"2025-12-13T09:24:47","modified_gmt":"2025-12-13T09:24:47","slug":"lancos-karkoto-tobbfele-szinben","status":"publish","type":"product","link":"https:\/\/kerekparbalaton.hu\/ru\/product\/lancos-karkoto-tobbfele-szinben\/","title":{"rendered":"&#8222;L\u00e1ncos&#8221; kark\u00f6t\u0151 t\u00f6bbf\u00e9le sz\u00ednben"},"content":{"rendered":"","protected":false},"excerpt":{"rendered":"","protected":false},"featured_media":4895,"comment_status":"closed","ping_status":"closed","template":"","meta":[],"product_brand":[],"product_cat":[365,366],"product_tag":[],"class_list":{"0":"post-4891","1":"product","2":"type-product","3":"status-publish","4":"has-post-thumbnail","6":"product_cat-egyeb","7":"product_cat-kiegeszitok-egyeb","9":"first","10":"instock","11":"shipping-taxable","12":"purchasable","13":"product-type-variable"},"yoast_head":"<!-- This site is optimized with the Yoast SEO plugin v27.5 - https:\/\/yoast.com\/product\/yoast-seo-wordpress\/ -->\n<title>&quot;L\u00e1ncos&quot; kark\u00f6t\u0151 t\u00f6bbf\u00e9le sz\u00ednben - kerekparbalaton.hu<\/title>\n<meta name=\"robots\" content=\"index, follow, max-snippet:-1, max-image-preview:large, max-video-preview:-1\" \/>\n<link rel=\"canonical\" href=\"https:\/\/kerekparbalaton.hu\/ru\/product\/lancos-karkoto-tobbfele-szinben\/\" \/>\n<meta property=\"og:locale\" content=\"ru_RU\" \/>\n<meta property=\"og:type\" content=\"article\" \/>\n<meta property=\"og:title\" content=\"&quot;L\u00e1ncos&quot; kark\u00f6t\u0151 t\u00f6bbf\u00e9le sz\u00ednben - kerekparbalaton.hu\" \/>\n<meta property=\"og:url\" content=\"https:\/\/kerekparbalaton.hu\/ru\/product\/lancos-karkoto-tobbfele-szinben\/\" \/>\n<meta property=\"og:site_name\" content=\"kerekparbalaton.hu\" \/>\n<meta property=\"article:modified_time\" content=\"2025-12-13T09:24:47+00:00\" \/>\n<meta property=\"og:image\" content=\"https:\/\/kerekparbalaton.hu\/wp-content\/uploads\/2025\/12\/karkoto-1.webp\" \/>\n\t<meta property=\"og:image:width\" content=\"2000\" \/>\n\t<meta property=\"og:image:height\" content=\"2000\" \/>\n\t<meta property=\"og:image:type\" content=\"image\/webp\" \/>\n<meta name=\"twitter:card\" content=\"summary_large_image\" \/>\n<meta name=\"twitter:label1\" content=\"\u041f\u0440\u0438\u043c\u0435\u0440\u043d\u043e\u0435 \u0432\u0440\u0435\u043c\u044f \u0434\u043b\u044f \u0447\u0442\u0435\u043d\u0438\u044f\" \/>\n\t<meta name=\"twitter:data1\" content=\"1 \u043c\u0438\u043d\u0443\u0442\u0430\" \/>\n<script type=\"application\/ld+json\" class=\"yoast-schema-graph\">{\"@context\":\"https:\\\/\\\/schema.org\",\"@graph\":[{\"@type\":\"WebPage\",\"@id\":\"https:\\\/\\\/kerekparbalaton.hu\\\/termek\\\/lancos-karkoto-tobbfele-szinben\\\/\",\"url\":\"https:\\\/\\\/kerekparbalaton.hu\\\/termek\\\/lancos-karkoto-tobbfele-szinben\\\/\",\"name\":\"\\\"L\u00e1ncos\\\" kark\u00f6t\u0151 t\u00f6bbf\u00e9le sz\u00ednben - kerekparbalaton.hu\",\"isPartOf\":{\"@id\":\"https:\\\/\\\/kerekparbalaton.hu\\\/#website\"},\"primaryImageOfPage\":{\"@id\":\"https:\\\/\\\/kerekparbalaton.hu\\\/termek\\\/lancos-karkoto-tobbfele-szinben\\\/#primaryimage\"},\"image\":{\"@id\":\"https:\\\/\\\/kerekparbalaton.hu\\\/termek\\\/lancos-karkoto-tobbfele-szinben\\\/#primaryimage\"},\"thumbnailUrl\":\"https:\\\/\\\/kerekparbalaton.hu\\\/wp-content\\\/uploads\\\/2025\\\/12\\\/karkoto-1.webp\",\"datePublished\":\"2025-12-13T09:16:57+00:00\",\"dateModified\":\"2025-12-13T09:24:47+00:00\",\"breadcrumb\":{\"@id\":\"https:\\\/\\\/kerekparbalaton.hu\\\/termek\\\/lancos-karkoto-tobbfele-szinben\\\/#breadcrumb\"},\"inLanguage\":\"ru-RU\",\"potentialAction\":[{\"@type\":\"ReadAction\",\"target\":[\"https:\\\/\\\/kerekparbalaton.hu\\\/termek\\\/lancos-karkoto-tobbfele-szinben\\\/\"]}]},{\"@type\":\"ImageObject\",\"inLanguage\":\"ru-RU\",\"@id\":\"https:\\\/\\\/kerekparbalaton.hu\\\/termek\\\/lancos-karkoto-tobbfele-szinben\\\/#primaryimage\",\"url\":\"https:\\\/\\\/kerekparbalaton.hu\\\/wp-content\\\/uploads\\\/2025\\\/12\\\/karkoto-1.webp\",\"contentUrl\":\"https:\\\/\\\/kerekparbalaton.hu\\\/wp-content\\\/uploads\\\/2025\\\/12\\\/karkoto-1.webp\",\"width\":2000,\"height\":2000},{\"@type\":\"BreadcrumbList\",\"@id\":\"https:\\\/\\\/kerekparbalaton.hu\\\/termek\\\/lancos-karkoto-tobbfele-szinben\\\/#breadcrumb\",\"itemListElement\":[{\"@type\":\"ListItem\",\"position\":1,\"name\":\"Kezd\u0151lap\",\"item\":\"https:\\\/\\\/kerekparbalaton.hu\\\/\"},{\"@type\":\"ListItem\",\"position\":2,\"name\":\"Shop\",\"item\":\"https:\\\/\\\/kerekparbalaton.hu\\\/uzlet\\\/\"},{\"@type\":\"ListItem\",\"position\":3,\"name\":\"&#8222;L\u00e1ncos&#8221; kark\u00f6t\u0151 t\u00f6bbf\u00e9le sz\u00ednben\"}]},{\"@type\":\"WebSite\",\"@id\":\"https:\\\/\\\/kerekparbalaton.hu\\\/#website\",\"url\":\"https:\\\/\\\/kerekparbalaton.hu\\\/\",\"name\":\"kerekparbalaton.hu\",\"description\":\"Ker\u00e9kp\u00e1rb\u00e9rl\u00e9s Balaton\",\"publisher\":{\"@id\":\"https:\\\/\\\/kerekparbalaton.hu\\\/#organization\"},\"potentialAction\":[{\"@type\":\"SearchAction\",\"target\":{\"@type\":\"EntryPoint\",\"urlTemplate\":\"https:\\\/\\\/kerekparbalaton.hu\\\/?s={search_term_string}\"},\"query-input\":{\"@type\":\"PropertyValueSpecification\",\"valueRequired\":true,\"valueName\":\"search_term_string\"}}],\"inLanguage\":\"ru-RU\"},{\"@type\":\"Organization\",\"@id\":\"https:\\\/\\\/kerekparbalaton.hu\\\/#organization\",\"name\":\"kerekparbalaton.hu\",\"url\":\"https:\\\/\\\/kerekparbalaton.hu\\\/\",\"logo\":{\"@type\":\"ImageObject\",\"inLanguage\":\"ru-RU\",\"@id\":\"https:\\\/\\\/kerekparbalaton.hu\\\/#\\\/schema\\\/logo\\\/image\\\/\",\"url\":\"https:\\\/\\\/kerekparbalaton.hu\\\/wp-content\\\/uploads\\\/2023\\\/12\\\/Csopi-kerekpar-redesign-e1718779950933.png\",\"contentUrl\":\"https:\\\/\\\/kerekparbalaton.hu\\\/wp-content\\\/uploads\\\/2023\\\/12\\\/Csopi-kerekpar-redesign-e1718779950933.png\",\"width\":1000,\"height\":436,\"caption\":\"kerekparbalaton.hu\"},\"image\":{\"@id\":\"https:\\\/\\\/kerekparbalaton.hu\\\/#\\\/schema\\\/logo\\\/image\\\/\"}}]}<\/script>\n<!-- \/ Yoast SEO plugin. -->","yoast_head_json":{"title":"\"L\u00e1ncos\" kark\u00f6t\u0151 t\u00f6bbf\u00e9le sz\u00ednben - kerekparbalaton.hu","robots":{"index":"index","follow":"follow","max-snippet":"max-snippet:-1","max-image-preview":"max-image-preview:large","max-video-preview":"max-video-preview:-1"},"canonical":"https:\/\/kerekparbalaton.hu\/ru\/product\/lancos-karkoto-tobbfele-szinben\/","og_locale":"ru_RU","og_type":"article","og_title":"\"L\u00e1ncos\" kark\u00f6t\u0151 t\u00f6bbf\u00e9le sz\u00ednben - kerekparbalaton.hu","og_url":"https:\/\/kerekparbalaton.hu\/ru\/product\/lancos-karkoto-tobbfele-szinben\/","og_site_name":"kerekparbalaton.hu","article_modified_time":"2025-12-13T09:24:47+00:00","og_image":[{"width":2000,"height":2000,"url":"https:\/\/kerekparbalaton.hu\/wp-content\/uploads\/2025\/12\/karkoto-1.webp","type":"image\/webp"}],"twitter_card":"summary_large_image","twitter_misc":{"\u041f\u0440\u0438\u043c\u0435\u0440\u043d\u043e\u0435 \u0432\u0440\u0435\u043c\u044f \u0434\u043b\u044f \u0447\u0442\u0435\u043d\u0438\u044f":"1 \u043c\u0438\u043d\u0443\u0442\u0430"},"schema":{"@context":"https:\/\/schema.org","@graph":[{"@type":"WebPage","@id":"https:\/\/kerekparbalaton.hu\/termek\/lancos-karkoto-tobbfele-szinben\/","url":"https:\/\/kerekparbalaton.hu\/termek\/lancos-karkoto-tobbfele-szinben\/","name":"\"L\u00e1ncos\" kark\u00f6t\u0151 t\u00f6bbf\u00e9le sz\u00ednben - kerekparbalaton.hu","isPartOf":{"@id":"https:\/\/kerekparbalaton.hu\/#website"},"primaryImageOfPage":{"@id":"https:\/\/kerekparbalaton.hu\/termek\/lancos-karkoto-tobbfele-szinben\/#primaryimage"},"image":{"@id":"https:\/\/kerekparbalaton.hu\/termek\/lancos-karkoto-tobbfele-szinben\/#primaryimage"},"thumbnailUrl":"https:\/\/kerekparbalaton.hu\/wp-content\/uploads\/2025\/12\/karkoto-1.webp","datePublished":"2025-12-13T09:16:57+00:00","dateModified":"2025-12-13T09:24:47+00:00","breadcrumb":{"@id":"https:\/\/kerekparbalaton.hu\/termek\/lancos-karkoto-tobbfele-szinben\/#breadcrumb"},"inLanguage":"ru-RU","potentialAction":[{"@type":"ReadAction","target":["https:\/\/kerekparbalaton.hu\/termek\/lancos-karkoto-tobbfele-szinben\/"]}]},{"@type":"ImageObject","inLanguage":"ru-RU","@id":"https:\/\/kerekparbalaton.hu\/termek\/lancos-karkoto-tobbfele-szinben\/#primaryimage","url":"https:\/\/kerekparbalaton.hu\/wp-content\/uploads\/2025\/12\/karkoto-1.webp","contentUrl":"https:\/\/kerekparbalaton.hu\/wp-content\/uploads\/2025\/12\/karkoto-1.webp","width":2000,"height":2000},{"@type":"BreadcrumbList","@id":"https:\/\/kerekparbalaton.hu\/termek\/lancos-karkoto-tobbfele-szinben\/#breadcrumb","itemListElement":[{"@type":"ListItem","position":1,"name":"Kezd\u0151lap","item":"https:\/\/kerekparbalaton.hu\/"},{"@type":"ListItem","position":2,"name":"Shop","item":"https:\/\/kerekparbalaton.hu\/uzlet\/"},{"@type":"ListItem","position":3,"name":"&#8222;L\u00e1ncos&#8221; kark\u00f6t\u0151 t\u00f6bbf\u00e9le sz\u00ednben"}]},{"@type":"WebSite","@id":"https:\/\/kerekparbalaton.hu\/#website","url":"https:\/\/kerekparbalaton.hu\/","name":"roundparbalaton.hu","description":"\u041f\u0440\u043e\u043a\u0430\u0442 \u0432\u0435\u043b\u043e\u0441\u0438\u043f\u0435\u0434\u043e\u0432 \u0411\u0430\u043b\u0430\u0442\u043e\u043d","publisher":{"@id":"https:\/\/kerekparbalaton.hu\/#organization"},"potentialAction":[{"@type":"SearchAction","target":{"@type":"EntryPoint","urlTemplate":"https:\/\/kerekparbalaton.hu\/?s={search_term_string}"},"query-input":{"@type":"PropertyValueSpecification","valueRequired":true,"valueName":"search_term_string"}}],"inLanguage":"ru-RU"},{"@type":"Organization","@id":"https:\/\/kerekparbalaton.hu\/#organization","name":"roundparbalaton.hu","url":"https:\/\/kerekparbalaton.hu\/","logo":{"@type":"ImageObject","inLanguage":"ru-RU","@id":"https:\/\/kerekparbalaton.hu\/#\/schema\/logo\/image\/","url":"https:\/\/kerekparbalaton.hu\/wp-content\/uploads\/2023\/12\/Csopi-kerekpar-redesign-e1718779950933.png","contentUrl":"https:\/\/kerekparbalaton.hu\/wp-content\/uploads\/2023\/12\/Csopi-kerekpar-redesign-e1718779950933.png","width":1000,"height":436,"caption":"kerekparbalaton.hu"},"image":{"@id":"https:\/\/kerekparbalaton.hu\/#\/schema\/logo\/image\/"}}]}},"_links":{"self":[{"href":"https:\/\/kerekparbalaton.hu\/ru\/wp-json\/wp\/v2\/product\/4891","targetHints":{"allow":["GET"]}}],"collection":[{"href":"https:\/\/kerekparbalaton.hu\/ru\/wp-json\/wp\/v2\/product"}],"about":[{"href":"https:\/\/kerekparbalaton.hu\/ru\/wp-json\/wp\/v2\/types\/product"}],"replies":[{"embeddable":true,"href":"https:\/\/kerekparbalaton.hu\/ru\/wp-json\/wp\/v2\/comments?post=4891"}],"wp:featuredmedia":[{"embeddable":true,"href":"https:\/\/kerekparbalaton.hu\/ru\/wp-json\/wp\/v2\/media\/4895"}],"wp:attachment":[{"href":"https:\/\/kerekparbalaton.hu\/ru\/wp-json\/wp\/v2\/media?parent=4891"}],"wp:term":[{"taxonomy":"product_brand","embeddable":true,"href":"https:\/\/kerekparbalaton.hu\/ru\/wp-json\/wp\/v2\/product_brand?post=4891"},{"taxonomy":"product_cat","embeddable":true,"href":"https:\/\/kerekparbalaton.hu\/ru\/wp-json\/wp\/v2\/product_cat?post=4891"},{"taxonomy":"product_tag","embeddable":true,"href":"https:\/\/kerekparbalaton.hu\/ru\/wp-json\/wp\/v2\/product_tag?post=4891"}],"curies":[{"name":"wp","href":"https:\/\/api.w.org\/{rel}","templated":true}]}}