{"id":4859,"date":"2025-12-13T08:32:17","date_gmt":"2025-12-13T08:32:17","guid":{"rendered":"https:\/\/kerekparbalaton.hu\/?post_type=product&#038;p=4859"},"modified":"2025-12-13T08:37:56","modified_gmt":"2025-12-13T08:37:56","slug":"trailblazer-belt-4","status":"publish","type":"product","link":"https:\/\/kerekparbalaton.hu\/ru\/product\/trailblazer-belt-4\/","title":{"rendered":"Trailblazer belt 4"},"content":{"rendered":"<p><span style=\"font-weight: 400;\">Technikai jellemz\u0151k:<\/span><\/p>\n<ul>\n<li style=\"font-weight: 400;\" aria-level=\"1\"><span style=\"font-weight: 400;\">P\u00e1rn\u00e1zott h\u00e1tpanel<\/span><\/li>\n<li style=\"font-weight: 400;\" aria-level=\"1\"><span style=\"font-weight: 400;\">2 X maximum 1 literes kulaccsal kompatibilis (nem tartoz\u00e9k!)<\/span><\/li>\n<li style=\"font-weight: 400;\" aria-level=\"1\"><span style=\"font-weight: 400;\">\u00c1ll\u00edthat\u00f3 \u00f6v nagy m\u00e9ret\u0171 csattal<\/span><\/li>\n<li style=\"font-weight: 400;\" aria-level=\"1\"><span style=\"font-weight: 400;\">A teher stabilan \u00e9s t\u00f6m\u00f6ren tart\u00e1s\u00e1ra szolg\u00e1l\u00f3, gyorsan \u00e9s k\u00f6nnyed\u00e9n megh\u00fazhat\u00f3 kompresszi\u00f3s p\u00e1ntok<\/span><\/li>\n<li style=\"font-weight: 400;\" aria-level=\"1\"><span style=\"font-weight: 400;\">1 f\u0151 rekesz<\/span><\/li>\n<li style=\"font-weight: 400;\" aria-level=\"1\"><span style=\"font-weight: 400;\">2 oldals\u00f3 h\u00e1l\u00f3s zseb<\/span><\/li>\n<li style=\"font-weight: 400;\" aria-level=\"1\"><span style=\"font-weight: 400;\">1 bels\u0151 zseb kulcsakaszt\u00f3val<\/span><\/li>\n<li style=\"font-weight: 400;\" aria-level=\"1\"><span style=\"font-weight: 400;\">Extra reflekt\u00edv l\u00e1mpahurok<\/span><\/li>\n<li style=\"font-weight: 400;\" aria-level=\"1\"><span style=\"font-weight: 400;\">1 fels\u0151 hordoz\u00f3 foganty\u00fa\n<p><\/span><\/li>\n<\/ul>\n<p><span style=\"font-weight: 400;\">Param\u00e9terek:<\/span><\/p>\n<ul>\n<li style=\"font-weight: 400;\" aria-level=\"1\"><span style=\"font-weight: 400;\">M\u00e9ret: 230 X 180 X 10 mm<\/span><\/li>\n<li style=\"font-weight: 400;\" aria-level=\"1\"><span style=\"font-weight: 400;\">\u0170rtartalom: 4 liter<\/span><\/li>\n<li style=\"font-weight: 400;\" aria-level=\"1\"><span style=\"font-weight: 400;\">T\u00f6meg: 172 g\n<p><\/span><\/li>\n<\/ul>\n<p><span style=\"font-weight: 400;\">Anyag:<\/span><\/p>\n<ul>\n<li style=\"font-weight: 400;\" aria-level=\"1\"><span style=\"font-weight: 400;\">H\u00e1ts\u00f3 r\u00e9sz: 100% poli\u00e9szter<\/span><\/li>\n<li style=\"font-weight: 400;\" aria-level=\"1\"><span style=\"font-weight: 400;\">H\u00e1t bet\u00e9t: 100% poli\u00e9szter<\/span><\/li>\n<li style=\"font-weight: 400;\" aria-level=\"1\"><span style=\"font-weight: 400;\">B\u00e9l\u00e9s: 100% poli\u00e9szter<\/span><\/li>\n<li style=\"font-weight: 400;\" aria-level=\"1\"><span style=\"font-weight: 400;\">F\u0151 anyag: 100% poliamid<\/span><\/li>\n<li style=\"font-weight: 400;\" aria-level=\"1\"><span style=\"font-weight: 400;\">Zsebek: 88% poliamid, 12% elaszt\u00e1n<\/span><\/li>\n<li style=\"font-weight: 400;\" aria-level=\"1\"><span style=\"font-weight: 400;\">Fenntarthat\u00f3s\u00e1g: PFC mentes term\u00e9k\n<p><\/span><\/li>\n<\/ul>\n<p><span style=\"font-weight: 400;\">Kezel\u00e9si \u00fatmutat\u00f3:<\/span><\/p>\n<ul>\n<li style=\"font-weight: 400;\" aria-level=\"1\"><span style=\"font-weight: 400;\">30\u00b0C-on k\u00e9zzel moshat\u00f3<\/span><\/li>\n<li style=\"font-weight: 400;\" aria-level=\"1\"><span style=\"font-weight: 400;\">Tilos sz\u00e1r\u00edt\u00f3g\u00e9pben sz\u00e1r\u00edtani, vasalni, vegytiszt\u00edtani \u00e9s feh\u00e9r\u00edteni<\/span><\/li>\n<\/ul>","protected":false},"excerpt":{"rendered":"<p>Technikai jellemz\u0151k: P\u00e1rn\u00e1zott h\u00e1tpanel 2 X maximum 1 literes kulaccsal kompatibilis (nem tartoz\u00e9k!) \u00c1ll\u00edthat\u00f3 \u00f6v nagy m\u00e9ret\u0171 csattal A teher stabilan \u00e9s t\u00f6m\u00f6ren tart\u00e1s\u00e1ra szolg\u00e1l\u00f3, gyorsan \u00e9s k\u00f6nnyed\u00e9n megh\u00fazhat\u00f3 kompresszi\u00f3s p\u00e1ntok 1 f\u0151 rekesz 2 oldals\u00f3 h\u00e1l\u00f3s zseb 1 bels\u0151 zseb kulcsakaszt\u00f3val Extra reflekt\u00edv l\u00e1mpahurok 1 fels\u0151 hordoz\u00f3 foganty\u00fa Param\u00e9terek: M\u00e9ret: 230 X 180 X [&hellip;]<\/p>\n","protected":false},"featured_media":4863,"comment_status":"open","ping_status":"closed","template":"","meta":[],"product_brand":[],"product_cat":[351,66],"product_tag":[],"class_list":{"0":"post-4859","1":"product","2":"type-product","3":"status-publish","4":"has-post-thumbnail","6":"product_cat-kiegeszitok-rekreacio","7":"product_cat-rekreacio","9":"first","10":"instock","11":"sale","12":"shipping-taxable","13":"purchasable","14":"product-type-variable"},"yoast_head":"<!-- This site is optimized with the Yoast SEO plugin v27.5 - https:\/\/yoast.com\/product\/yoast-seo-wordpress\/ -->\n<title>Trailblazer belt 4 - kerekparbalaton.hu<\/title>\n<meta name=\"robots\" content=\"index, follow, max-snippet:-1, max-image-preview:large, max-video-preview:-1\" \/>\n<link rel=\"canonical\" href=\"https:\/\/kerekparbalaton.hu\/ru\/product\/trailblazer-belt-4\/\" \/>\n<meta property=\"og:locale\" content=\"ru_RU\" \/>\n<meta property=\"og:type\" content=\"article\" \/>\n<meta property=\"og:title\" content=\"Trailblazer belt 4 - kerekparbalaton.hu\" \/>\n<meta property=\"og:description\" content=\"Technikai jellemz\u0151k: P\u00e1rn\u00e1zott h\u00e1tpanel 2 X maximum 1 literes kulaccsal kompatibilis (nem tartoz\u00e9k!) \u00c1ll\u00edthat\u00f3 \u00f6v nagy m\u00e9ret\u0171 csattal A teher stabilan \u00e9s t\u00f6m\u00f6ren tart\u00e1s\u00e1ra szolg\u00e1l\u00f3, gyorsan \u00e9s k\u00f6nnyed\u00e9n megh\u00fazhat\u00f3 kompresszi\u00f3s p\u00e1ntok 1 f\u0151 rekesz 2 oldals\u00f3 h\u00e1l\u00f3s zseb 1 bels\u0151 zseb kulcsakaszt\u00f3val Extra reflekt\u00edv l\u00e1mpahurok 1 fels\u0151 hordoz\u00f3 foganty\u00fa Param\u00e9terek: M\u00e9ret: 230 X 180 X [&hellip;]\" \/>\n<meta property=\"og:url\" content=\"https:\/\/kerekparbalaton.hu\/ru\/product\/trailblazer-belt-4\/\" \/>\n<meta property=\"og:site_name\" content=\"kerekparbalaton.hu\" \/>\n<meta property=\"article:modified_time\" content=\"2025-12-13T08:37:56+00:00\" \/>\n<meta property=\"og:image\" content=\"https:\/\/kerekparbalaton.hu\/wp-content\/uploads\/2025\/12\/trailblazer-belt-black.webp\" \/>\n\t<meta property=\"og:image:width\" content=\"1000\" \/>\n\t<meta property=\"og:image:height\" content=\"1000\" \/>\n\t<meta property=\"og:image:type\" content=\"image\/webp\" \/>\n<meta name=\"twitter:card\" content=\"summary_large_image\" \/>\n<meta name=\"twitter:label1\" content=\"\u041f\u0440\u0438\u043c\u0435\u0440\u043d\u043e\u0435 \u0432\u0440\u0435\u043c\u044f \u0434\u043b\u044f \u0447\u0442\u0435\u043d\u0438\u044f\" \/>\n\t<meta name=\"twitter:data1\" content=\"1 \u043c\u0438\u043d\u0443\u0442\u0430\" \/>\n<script type=\"application\/ld+json\" class=\"yoast-schema-graph\">{\"@context\":\"https:\\\/\\\/schema.org\",\"@graph\":[{\"@type\":\"WebPage\",\"@id\":\"https:\\\/\\\/kerekparbalaton.hu\\\/termek\\\/trailblazer-belt-4\\\/\",\"url\":\"https:\\\/\\\/kerekparbalaton.hu\\\/termek\\\/trailblazer-belt-4\\\/\",\"name\":\"Trailblazer belt 4 - kerekparbalaton.hu\",\"isPartOf\":{\"@id\":\"https:\\\/\\\/kerekparbalaton.hu\\\/#website\"},\"primaryImageOfPage\":{\"@id\":\"https:\\\/\\\/kerekparbalaton.hu\\\/termek\\\/trailblazer-belt-4\\\/#primaryimage\"},\"image\":{\"@id\":\"https:\\\/\\\/kerekparbalaton.hu\\\/termek\\\/trailblazer-belt-4\\\/#primaryimage\"},\"thumbnailUrl\":\"https:\\\/\\\/kerekparbalaton.hu\\\/wp-content\\\/uploads\\\/2025\\\/12\\\/trailblazer-belt-black.webp\",\"datePublished\":\"2025-12-13T08:32:17+00:00\",\"dateModified\":\"2025-12-13T08:37:56+00:00\",\"breadcrumb\":{\"@id\":\"https:\\\/\\\/kerekparbalaton.hu\\\/termek\\\/trailblazer-belt-4\\\/#breadcrumb\"},\"inLanguage\":\"ru-RU\",\"potentialAction\":[{\"@type\":\"ReadAction\",\"target\":[\"https:\\\/\\\/kerekparbalaton.hu\\\/termek\\\/trailblazer-belt-4\\\/\"]}]},{\"@type\":\"ImageObject\",\"inLanguage\":\"ru-RU\",\"@id\":\"https:\\\/\\\/kerekparbalaton.hu\\\/termek\\\/trailblazer-belt-4\\\/#primaryimage\",\"url\":\"https:\\\/\\\/kerekparbalaton.hu\\\/wp-content\\\/uploads\\\/2025\\\/12\\\/trailblazer-belt-black.webp\",\"contentUrl\":\"https:\\\/\\\/kerekparbalaton.hu\\\/wp-content\\\/uploads\\\/2025\\\/12\\\/trailblazer-belt-black.webp\",\"width\":1000,\"height\":1000},{\"@type\":\"BreadcrumbList\",\"@id\":\"https:\\\/\\\/kerekparbalaton.hu\\\/termek\\\/trailblazer-belt-4\\\/#breadcrumb\",\"itemListElement\":[{\"@type\":\"ListItem\",\"position\":1,\"name\":\"Kezd\u0151lap\",\"item\":\"https:\\\/\\\/kerekparbalaton.hu\\\/\"},{\"@type\":\"ListItem\",\"position\":2,\"name\":\"Shop\",\"item\":\"https:\\\/\\\/kerekparbalaton.hu\\\/uzlet\\\/\"},{\"@type\":\"ListItem\",\"position\":3,\"name\":\"Trailblazer belt 4\"}]},{\"@type\":\"WebSite\",\"@id\":\"https:\\\/\\\/kerekparbalaton.hu\\\/#website\",\"url\":\"https:\\\/\\\/kerekparbalaton.hu\\\/\",\"name\":\"kerekparbalaton.hu\",\"description\":\"Ker\u00e9kp\u00e1rb\u00e9rl\u00e9s Balaton\",\"publisher\":{\"@id\":\"https:\\\/\\\/kerekparbalaton.hu\\\/#organization\"},\"potentialAction\":[{\"@type\":\"SearchAction\",\"target\":{\"@type\":\"EntryPoint\",\"urlTemplate\":\"https:\\\/\\\/kerekparbalaton.hu\\\/?s={search_term_string}\"},\"query-input\":{\"@type\":\"PropertyValueSpecification\",\"valueRequired\":true,\"valueName\":\"search_term_string\"}}],\"inLanguage\":\"ru-RU\"},{\"@type\":\"Organization\",\"@id\":\"https:\\\/\\\/kerekparbalaton.hu\\\/#organization\",\"name\":\"kerekparbalaton.hu\",\"url\":\"https:\\\/\\\/kerekparbalaton.hu\\\/\",\"logo\":{\"@type\":\"ImageObject\",\"inLanguage\":\"ru-RU\",\"@id\":\"https:\\\/\\\/kerekparbalaton.hu\\\/#\\\/schema\\\/logo\\\/image\\\/\",\"url\":\"https:\\\/\\\/kerekparbalaton.hu\\\/wp-content\\\/uploads\\\/2023\\\/12\\\/Csopi-kerekpar-redesign-e1718779950933.png\",\"contentUrl\":\"https:\\\/\\\/kerekparbalaton.hu\\\/wp-content\\\/uploads\\\/2023\\\/12\\\/Csopi-kerekpar-redesign-e1718779950933.png\",\"width\":1000,\"height\":436,\"caption\":\"kerekparbalaton.hu\"},\"image\":{\"@id\":\"https:\\\/\\\/kerekparbalaton.hu\\\/#\\\/schema\\\/logo\\\/image\\\/\"}}]}<\/script>\n<!-- \/ Yoast SEO plugin. -->","yoast_head_json":{"title":"Trailblazer belt 4 - kerekparbalaton.hu","robots":{"index":"index","follow":"follow","max-snippet":"max-snippet:-1","max-image-preview":"max-image-preview:large","max-video-preview":"max-video-preview:-1"},"canonical":"https:\/\/kerekparbalaton.hu\/ru\/product\/trailblazer-belt-4\/","og_locale":"ru_RU","og_type":"article","og_title":"Trailblazer belt 4 - kerekparbalaton.hu","og_description":"Technikai jellemz\u0151k: P\u00e1rn\u00e1zott h\u00e1tpanel 2 X maximum 1 literes kulaccsal kompatibilis (nem tartoz\u00e9k!) \u00c1ll\u00edthat\u00f3 \u00f6v nagy m\u00e9ret\u0171 csattal A teher stabilan \u00e9s t\u00f6m\u00f6ren tart\u00e1s\u00e1ra szolg\u00e1l\u00f3, gyorsan \u00e9s k\u00f6nnyed\u00e9n megh\u00fazhat\u00f3 kompresszi\u00f3s p\u00e1ntok 1 f\u0151 rekesz 2 oldals\u00f3 h\u00e1l\u00f3s zseb 1 bels\u0151 zseb kulcsakaszt\u00f3val Extra reflekt\u00edv l\u00e1mpahurok 1 fels\u0151 hordoz\u00f3 foganty\u00fa Param\u00e9terek: M\u00e9ret: 230 X 180 X [&hellip;]","og_url":"https:\/\/kerekparbalaton.hu\/ru\/product\/trailblazer-belt-4\/","og_site_name":"kerekparbalaton.hu","article_modified_time":"2025-12-13T08:37:56+00:00","og_image":[{"width":1000,"height":1000,"url":"https:\/\/kerekparbalaton.hu\/wp-content\/uploads\/2025\/12\/trailblazer-belt-black.webp","type":"image\/webp"}],"twitter_card":"summary_large_image","twitter_misc":{"\u041f\u0440\u0438\u043c\u0435\u0440\u043d\u043e\u0435 \u0432\u0440\u0435\u043c\u044f \u0434\u043b\u044f \u0447\u0442\u0435\u043d\u0438\u044f":"1 \u043c\u0438\u043d\u0443\u0442\u0430"},"schema":{"@context":"https:\/\/schema.org","@graph":[{"@type":"WebPage","@id":"https:\/\/kerekparbalaton.hu\/termek\/trailblazer-belt-4\/","url":"https:\/\/kerekparbalaton.hu\/termek\/trailblazer-belt-4\/","name":"Trailblazer belt 4 - kerekparbalaton.hu","isPartOf":{"@id":"https:\/\/kerekparbalaton.hu\/#website"},"primaryImageOfPage":{"@id":"https:\/\/kerekparbalaton.hu\/termek\/trailblazer-belt-4\/#primaryimage"},"image":{"@id":"https:\/\/kerekparbalaton.hu\/termek\/trailblazer-belt-4\/#primaryimage"},"thumbnailUrl":"https:\/\/kerekparbalaton.hu\/wp-content\/uploads\/2025\/12\/trailblazer-belt-black.webp","datePublished":"2025-12-13T08:32:17+00:00","dateModified":"2025-12-13T08:37:56+00:00","breadcrumb":{"@id":"https:\/\/kerekparbalaton.hu\/termek\/trailblazer-belt-4\/#breadcrumb"},"inLanguage":"ru-RU","potentialAction":[{"@type":"ReadAction","target":["https:\/\/kerekparbalaton.hu\/termek\/trailblazer-belt-4\/"]}]},{"@type":"ImageObject","inLanguage":"ru-RU","@id":"https:\/\/kerekparbalaton.hu\/termek\/trailblazer-belt-4\/#primaryimage","url":"https:\/\/kerekparbalaton.hu\/wp-content\/uploads\/2025\/12\/trailblazer-belt-black.webp","contentUrl":"https:\/\/kerekparbalaton.hu\/wp-content\/uploads\/2025\/12\/trailblazer-belt-black.webp","width":1000,"height":1000},{"@type":"BreadcrumbList","@id":"https:\/\/kerekparbalaton.hu\/termek\/trailblazer-belt-4\/#breadcrumb","itemListElement":[{"@type":"ListItem","position":1,"name":"Kezd\u0151lap","item":"https:\/\/kerekparbalaton.hu\/"},{"@type":"ListItem","position":2,"name":"Shop","item":"https:\/\/kerekparbalaton.hu\/uzlet\/"},{"@type":"ListItem","position":3,"name":"Trailblazer belt 4"}]},{"@type":"WebSite","@id":"https:\/\/kerekparbalaton.hu\/#website","url":"https:\/\/kerekparbalaton.hu\/","name":"roundparbalaton.hu","description":"\u041f\u0440\u043e\u043a\u0430\u0442 \u0432\u0435\u043b\u043e\u0441\u0438\u043f\u0435\u0434\u043e\u0432 \u0411\u0430\u043b\u0430\u0442\u043e\u043d","publisher":{"@id":"https:\/\/kerekparbalaton.hu\/#organization"},"potentialAction":[{"@type":"SearchAction","target":{"@type":"EntryPoint","urlTemplate":"https:\/\/kerekparbalaton.hu\/?s={search_term_string}"},"query-input":{"@type":"PropertyValueSpecification","valueRequired":true,"valueName":"search_term_string"}}],"inLanguage":"ru-RU"},{"@type":"Organization","@id":"https:\/\/kerekparbalaton.hu\/#organization","name":"roundparbalaton.hu","url":"https:\/\/kerekparbalaton.hu\/","logo":{"@type":"ImageObject","inLanguage":"ru-RU","@id":"https:\/\/kerekparbalaton.hu\/#\/schema\/logo\/image\/","url":"https:\/\/kerekparbalaton.hu\/wp-content\/uploads\/2023\/12\/Csopi-kerekpar-redesign-e1718779950933.png","contentUrl":"https:\/\/kerekparbalaton.hu\/wp-content\/uploads\/2023\/12\/Csopi-kerekpar-redesign-e1718779950933.png","width":1000,"height":436,"caption":"kerekparbalaton.hu"},"image":{"@id":"https:\/\/kerekparbalaton.hu\/#\/schema\/logo\/image\/"}}]}},"_links":{"self":[{"href":"https:\/\/kerekparbalaton.hu\/ru\/wp-json\/wp\/v2\/product\/4859","targetHints":{"allow":["GET"]}}],"collection":[{"href":"https:\/\/kerekparbalaton.hu\/ru\/wp-json\/wp\/v2\/product"}],"about":[{"href":"https:\/\/kerekparbalaton.hu\/ru\/wp-json\/wp\/v2\/types\/product"}],"replies":[{"embeddable":true,"href":"https:\/\/kerekparbalaton.hu\/ru\/wp-json\/wp\/v2\/comments?post=4859"}],"wp:featuredmedia":[{"embeddable":true,"href":"https:\/\/kerekparbalaton.hu\/ru\/wp-json\/wp\/v2\/media\/4863"}],"wp:attachment":[{"href":"https:\/\/kerekparbalaton.hu\/ru\/wp-json\/wp\/v2\/media?parent=4859"}],"wp:term":[{"taxonomy":"product_brand","embeddable":true,"href":"https:\/\/kerekparbalaton.hu\/ru\/wp-json\/wp\/v2\/product_brand?post=4859"},{"taxonomy":"product_cat","embeddable":true,"href":"https:\/\/kerekparbalaton.hu\/ru\/wp-json\/wp\/v2\/product_cat?post=4859"},{"taxonomy":"product_tag","embeddable":true,"href":"https:\/\/kerekparbalaton.hu\/ru\/wp-json\/wp\/v2\/product_tag?post=4859"}],"curies":[{"name":"wp","href":"https:\/\/api.w.org\/{rel}","templated":true}]}}