{"id":4852,"date":"2025-12-13T08:23:16","date_gmt":"2025-12-13T08:23:16","guid":{"rendered":"https:\/\/kerekparbalaton.hu\/?post_type=product&#038;p=4852"},"modified":"2025-12-13T08:27:25","modified_gmt":"2025-12-13T08:27:25","slug":"cross-8","status":"publish","type":"product","link":"https:\/\/kerekparbalaton.hu\/ru\/product\/cross-8\/","title":{"rendered":"Cross 8"},"content":{"rendered":"<p><span style=\"font-weight: 400;\">Technikai jellemz\u0151k:<\/span><\/p>\n<ul>\n<li style=\"font-weight: 400;\" aria-level=\"1\"><span style=\"font-weight: 400;\">P\u00e1rn\u00e1zott h\u00e1tpanel<\/span><\/li>\n<li style=\"font-weight: 400;\" aria-level=\"1\"><span style=\"font-weight: 400;\">500ml-es puha kulacsokkal \u00e9s 1,5 literes iv\u00f3tasakkal kompatibilis<\/span><\/li>\n<li style=\"font-weight: 400;\" aria-level=\"1\"><span style=\"font-weight: 400;\">Salomon kulacs kompatibilit\u00e1s<\/span><\/li>\n<li style=\"font-weight: 400;\" aria-level=\"1\"><span style=\"font-weight: 400;\">Dupl\u00e1n \u00e1ll\u00edthat\u00f3 szegycsontp\u00e1nt<\/span><\/li>\n<li style=\"font-weight: 400;\" aria-level=\"1\"><span style=\"font-weight: 400;\">Bels\u0151 iv\u00f3tasaktart\u00f3 rekesz, akaszt\u00f3val<\/span><\/li>\n<li style=\"font-weight: 400;\" aria-level=\"1\"><span style=\"font-weight: 400;\">Iv\u00f3cs\u0151 kivezet\u00e9s<\/span><\/li>\n<li style=\"font-weight: 400;\" aria-level=\"1\"><span style=\"font-weight: 400;\">2 els\u0151 kulacstart\u00f3 zseb \u2013 Salomon puha kulacsok t\u00e1rol\u00e1s\u00e1hoz optimaliz\u00e1lt, r\u00e1zk\u00f3d\u00e1st cs\u00f6kkent\u0151 kialak\u00edt\u00e1s, fels\u0151 elasztikus hurokkal, ami biztons\u00e1gosan tartja hely\u00e9n a kulacsot a lehet\u0151 legegyszer\u0171bb hidrat\u00e1ci\u00f3 \u00e9rdek\u00e9ben<\/span><\/li>\n<li style=\"font-weight: 400;\" aria-level=\"1\"><span style=\"font-weight: 400;\">Az \u00e1tl\u00e1that\u00f3s\u00e1got \u00e9s praktikus t\u00e1rol\u00e1st el\u0151seg\u00edt\u0151 nagyra nyithat\u00f3 kialak\u00edt\u00e1s<\/span><\/li>\n<li style=\"font-weight: 400;\" aria-level=\"1\"><span style=\"font-weight: 400;\">U-cipz\u00e1ras nyithat\u00f3s\u00e1g<\/span><\/li>\n<li style=\"font-weight: 400;\" aria-level=\"1\"><span style=\"font-weight: 400;\">Extra reflekt\u00edv l\u00e1mpahurok<\/span><\/li>\n<li style=\"font-weight: 400;\" aria-level=\"1\"><span style=\"font-weight: 400;\">Daisy chain rendszer<\/span><\/li>\n<li style=\"font-weight: 400;\" aria-level=\"1\"><span style=\"font-weight: 400;\"><span style=\"font-weight: 400;\">Fels\u0151 hordoz\u00f3 foganty\u00fa<\/span><\/span>&nbsp;<\/li>\n<\/ul>\n<p><span style=\"font-weight: 400;\">Param\u00e9terek:<\/span><\/p>\n<ul>\n<li style=\"font-weight: 400;\" aria-level=\"1\"><span style=\"font-weight: 400;\">M\u00e9ret: 210 X 440 X 10 mm<\/span><\/li>\n<li style=\"font-weight: 400;\" aria-level=\"1\"><span style=\"font-weight: 400;\">\u0170rtartalom: 8 liter<\/span><\/li>\n<li style=\"font-weight: 400;\" aria-level=\"1\"><span style=\"font-weight: 400;\"><span style=\"font-weight: 400;\">T\u00f6meg: 281 g<\/span><\/span>&nbsp;<\/li>\n<\/ul>\n<p><span style=\"font-weight: 400;\">Anyag:<\/span><\/p>\n<ul>\n<li style=\"font-weight: 400;\" aria-level=\"1\"><span style=\"font-weight: 400;\">Zsebek: 88% poliamid, 12% elaszt\u00e1n<\/span><\/li>\n<li style=\"font-weight: 400;\" aria-level=\"1\"><span style=\"font-weight: 400;\">F\u0151 r\u00e9sz: 100% poliamid<\/span><\/li>\n<li style=\"font-weight: 400;\" aria-level=\"1\"><span style=\"font-weight: 400;\">H\u00e1ts\u00f3 r\u00e9sz: 100% poli\u00e9szter<\/span><\/li>\n<li style=\"font-weight: 400;\" aria-level=\"1\"><span style=\"font-weight: 400;\">Bet\u00e9t: 100% poli\u00e9szter<\/span><\/li>\n<li style=\"font-weight: 400;\" aria-level=\"1\"><span style=\"font-weight: 400;\">B\u00e9l\u00e9s: 100% poli\u00e9szter<\/span><\/li>\n<li style=\"font-weight: 400;\" aria-level=\"1\"><span style=\"font-weight: 400;\"><span style=\"font-weight: 400;\">Fenntarthat\u00f3s\u00e1g: PFC mentes term\u00e9k<\/span><\/span>&nbsp;<\/li>\n<\/ul>\n<p><span style=\"font-weight: 400;\">Kezel\u00e9si \u00fatmutat\u00f3:<\/span><\/p>\n<ul>\n<li style=\"font-weight: 400;\" aria-level=\"1\"><span style=\"font-weight: 400;\">30\u00b0C-on k\u00e9zzel moshat\u00f3<\/span><\/li>\n<li style=\"font-weight: 400;\" aria-level=\"1\"><span style=\"font-weight: 400;\">Tilos sz\u00e1r\u00edt\u00f3g\u00e9pben sz\u00e1r\u00edtani, vasalni, vegytiszt\u00edtani \u00e9s feh\u00e9r\u00edteni<\/span><\/li>\n<\/ul>","protected":false},"excerpt":{"rendered":"<p><span style=\"font-weight: 400;\">Ultra-stabil: A Salomon terepfut\u00f3 term\u00e9kvonala \u00e1ltal inspir\u00e1lt CROSS h\u00e1tizs\u00e1k k\u00f6nny\u0171, l\u00e9g\u00e1tereszt\u0151 \u00e9s testhez\u00e1ll\u00f3 kialak\u00edt\u00e1s\u00e1nak k\u00f6sz\u00f6nhet\u0151en nagyon stabil. Ide\u00e1lis v\u00e1laszt\u00e1s azokhoz a fut\u00e1sokhoz \u00e9s m\u00e1s outdoor aktivit\u00e1sokhoz, amikre minden n\u00e9lk\u00fcl\u00f6zhetetlen holmidat szeretn\u00e9d magaddal vinni.<\/span><\/p>\n<p><span style=\"font-weight: 400;\">Egyszer\u0171 hidrat\u00e1l\u00e1s: Maradj hidrat\u00e1lt a k\u00e9t 500 ml-es soft flask befogad\u00e1s\u00e1ra alkalmas kulacstart\u00f3 zsebbel. A h\u00e1tizs\u00e1k term\u00e9szetesen 1,5 literes iv\u00f3tasakkal is kompatibilis. (A puha kulacsok \u00e9s az iv\u00f3tasak k\u00fcl\u00f6n megv\u00e1s\u00e1rolhat\u00f3ak, NEM tartoz\u00e9kai a h\u00e1tizs\u00e1knak!)<\/span><\/p>\n<p><span style=\"font-weight: 400;\">Optimaliz\u00e1lt t\u00e1rol\u00e1s: 8 literes t\u00e1rol\u00f3kapacit\u00e1s\u00e1val \u00e9s biztons\u00e1gos zsebeivel k\u00f6nnyen el\u00e9rhet\u0151 helyet biztos\u00edt mindennek, amire sz\u00fcks\u00e9ged van.<\/span><\/p>","protected":false},"featured_media":4853,"comment_status":"open","ping_status":"closed","template":"","meta":[],"product_brand":[],"product_cat":[351,66],"product_tag":[],"class_list":{"0":"post-4852","1":"product","2":"type-product","3":"status-publish","4":"has-post-thumbnail","6":"product_cat-kiegeszitok-rekreacio","7":"product_cat-rekreacio","9":"first","10":"instock","11":"sale","12":"shipping-taxable","13":"purchasable","14":"product-type-simple"},"yoast_head":"<!-- This site is optimized with the Yoast SEO plugin v27.5 - https:\/\/yoast.com\/product\/yoast-seo-wordpress\/ -->\n<title>Cross 8 - kerekparbalaton.hu<\/title>\n<meta name=\"description\" content=\"Optimaliz\u00e1lt t\u00e1rol\u00e1s: 8 literes t\u00e1rol\u00f3kapacit\u00e1s\u00e1val \u00e9s biztons\u00e1gos zsebeivel k\u00f6nnyen el\u00e9rhet\u0151 helyet biztos\u00edt mindennek, amire sz\u00fcks\u00e9ged van.\" \/>\n<meta name=\"robots\" content=\"index, follow, max-snippet:-1, max-image-preview:large, max-video-preview:-1\" \/>\n<link rel=\"canonical\" href=\"https:\/\/kerekparbalaton.hu\/ru\/product\/cross-8\/\" \/>\n<meta property=\"og:locale\" content=\"ru_RU\" \/>\n<meta property=\"og:type\" content=\"article\" \/>\n<meta property=\"og:title\" content=\"Cross 8 - kerekparbalaton.hu\" \/>\n<meta property=\"og:description\" content=\"Optimaliz\u00e1lt t\u00e1rol\u00e1s: 8 literes t\u00e1rol\u00f3kapacit\u00e1s\u00e1val \u00e9s biztons\u00e1gos zsebeivel k\u00f6nnyen el\u00e9rhet\u0151 helyet biztos\u00edt mindennek, amire sz\u00fcks\u00e9ged van.\" \/>\n<meta property=\"og:url\" content=\"https:\/\/kerekparbalaton.hu\/ru\/product\/cross-8\/\" \/>\n<meta property=\"og:site_name\" content=\"kerekparbalaton.hu\" \/>\n<meta property=\"article:modified_time\" content=\"2025-12-13T08:27:25+00:00\" \/>\n<meta property=\"og:image\" content=\"https:\/\/kerekparbalaton.hu\/wp-content\/uploads\/2025\/12\/Cross8-gray-violet.webp\" \/>\n\t<meta property=\"og:image:width\" content=\"1000\" \/>\n\t<meta property=\"og:image:height\" content=\"1000\" \/>\n\t<meta property=\"og:image:type\" content=\"image\/webp\" \/>\n<meta name=\"twitter:card\" content=\"summary_large_image\" \/>\n<meta name=\"twitter:label1\" content=\"\u041f\u0440\u0438\u043c\u0435\u0440\u043d\u043e\u0435 \u0432\u0440\u0435\u043c\u044f \u0434\u043b\u044f \u0447\u0442\u0435\u043d\u0438\u044f\" \/>\n\t<meta name=\"twitter:data1\" content=\"1 \u043c\u0438\u043d\u0443\u0442\u0430\" \/>\n<script type=\"application\/ld+json\" class=\"yoast-schema-graph\">{\"@context\":\"https:\\\/\\\/schema.org\",\"@graph\":[{\"@type\":\"WebPage\",\"@id\":\"https:\\\/\\\/kerekparbalaton.hu\\\/termek\\\/cross-8\\\/\",\"url\":\"https:\\\/\\\/kerekparbalaton.hu\\\/termek\\\/cross-8\\\/\",\"name\":\"Cross 8 - kerekparbalaton.hu\",\"isPartOf\":{\"@id\":\"https:\\\/\\\/kerekparbalaton.hu\\\/#website\"},\"primaryImageOfPage\":{\"@id\":\"https:\\\/\\\/kerekparbalaton.hu\\\/termek\\\/cross-8\\\/#primaryimage\"},\"image\":{\"@id\":\"https:\\\/\\\/kerekparbalaton.hu\\\/termek\\\/cross-8\\\/#primaryimage\"},\"thumbnailUrl\":\"https:\\\/\\\/kerekparbalaton.hu\\\/wp-content\\\/uploads\\\/2025\\\/12\\\/Cross8-gray-violet.webp\",\"datePublished\":\"2025-12-13T08:23:16+00:00\",\"dateModified\":\"2025-12-13T08:27:25+00:00\",\"description\":\"Optimaliz\u00e1lt t\u00e1rol\u00e1s: 8 literes t\u00e1rol\u00f3kapacit\u00e1s\u00e1val \u00e9s biztons\u00e1gos zsebeivel k\u00f6nnyen el\u00e9rhet\u0151 helyet biztos\u00edt mindennek, amire sz\u00fcks\u00e9ged van.\",\"breadcrumb\":{\"@id\":\"https:\\\/\\\/kerekparbalaton.hu\\\/termek\\\/cross-8\\\/#breadcrumb\"},\"inLanguage\":\"ru-RU\",\"potentialAction\":[{\"@type\":\"ReadAction\",\"target\":[\"https:\\\/\\\/kerekparbalaton.hu\\\/termek\\\/cross-8\\\/\"]}]},{\"@type\":\"ImageObject\",\"inLanguage\":\"ru-RU\",\"@id\":\"https:\\\/\\\/kerekparbalaton.hu\\\/termek\\\/cross-8\\\/#primaryimage\",\"url\":\"https:\\\/\\\/kerekparbalaton.hu\\\/wp-content\\\/uploads\\\/2025\\\/12\\\/Cross8-gray-violet.webp\",\"contentUrl\":\"https:\\\/\\\/kerekparbalaton.hu\\\/wp-content\\\/uploads\\\/2025\\\/12\\\/Cross8-gray-violet.webp\",\"width\":1000,\"height\":1000},{\"@type\":\"BreadcrumbList\",\"@id\":\"https:\\\/\\\/kerekparbalaton.hu\\\/termek\\\/cross-8\\\/#breadcrumb\",\"itemListElement\":[{\"@type\":\"ListItem\",\"position\":1,\"name\":\"Kezd\u0151lap\",\"item\":\"https:\\\/\\\/kerekparbalaton.hu\\\/\"},{\"@type\":\"ListItem\",\"position\":2,\"name\":\"Shop\",\"item\":\"https:\\\/\\\/kerekparbalaton.hu\\\/uzlet\\\/\"},{\"@type\":\"ListItem\",\"position\":3,\"name\":\"Cross 8\"}]},{\"@type\":\"WebSite\",\"@id\":\"https:\\\/\\\/kerekparbalaton.hu\\\/#website\",\"url\":\"https:\\\/\\\/kerekparbalaton.hu\\\/\",\"name\":\"kerekparbalaton.hu\",\"description\":\"Ker\u00e9kp\u00e1rb\u00e9rl\u00e9s Balaton\",\"publisher\":{\"@id\":\"https:\\\/\\\/kerekparbalaton.hu\\\/#organization\"},\"potentialAction\":[{\"@type\":\"SearchAction\",\"target\":{\"@type\":\"EntryPoint\",\"urlTemplate\":\"https:\\\/\\\/kerekparbalaton.hu\\\/?s={search_term_string}\"},\"query-input\":{\"@type\":\"PropertyValueSpecification\",\"valueRequired\":true,\"valueName\":\"search_term_string\"}}],\"inLanguage\":\"ru-RU\"},{\"@type\":\"Organization\",\"@id\":\"https:\\\/\\\/kerekparbalaton.hu\\\/#organization\",\"name\":\"kerekparbalaton.hu\",\"url\":\"https:\\\/\\\/kerekparbalaton.hu\\\/\",\"logo\":{\"@type\":\"ImageObject\",\"inLanguage\":\"ru-RU\",\"@id\":\"https:\\\/\\\/kerekparbalaton.hu\\\/#\\\/schema\\\/logo\\\/image\\\/\",\"url\":\"https:\\\/\\\/kerekparbalaton.hu\\\/wp-content\\\/uploads\\\/2023\\\/12\\\/Csopi-kerekpar-redesign-e1718779950933.png\",\"contentUrl\":\"https:\\\/\\\/kerekparbalaton.hu\\\/wp-content\\\/uploads\\\/2023\\\/12\\\/Csopi-kerekpar-redesign-e1718779950933.png\",\"width\":1000,\"height\":436,\"caption\":\"kerekparbalaton.hu\"},\"image\":{\"@id\":\"https:\\\/\\\/kerekparbalaton.hu\\\/#\\\/schema\\\/logo\\\/image\\\/\"}}]}<\/script>\n<!-- \/ Yoast SEO plugin. -->","yoast_head_json":{"title":"Cross 8 - kerekparbalaton.hu","description":"Optimaliz\u00e1lt t\u00e1rol\u00e1s: 8 literes t\u00e1rol\u00f3kapacit\u00e1s\u00e1val \u00e9s biztons\u00e1gos zsebeivel k\u00f6nnyen el\u00e9rhet\u0151 helyet biztos\u00edt mindennek, amire sz\u00fcks\u00e9ged van.","robots":{"index":"index","follow":"follow","max-snippet":"max-snippet:-1","max-image-preview":"max-image-preview:large","max-video-preview":"max-video-preview:-1"},"canonical":"https:\/\/kerekparbalaton.hu\/ru\/product\/cross-8\/","og_locale":"ru_RU","og_type":"article","og_title":"Cross 8 - kerekparbalaton.hu","og_description":"Optimaliz\u00e1lt t\u00e1rol\u00e1s: 8 literes t\u00e1rol\u00f3kapacit\u00e1s\u00e1val \u00e9s biztons\u00e1gos zsebeivel k\u00f6nnyen el\u00e9rhet\u0151 helyet biztos\u00edt mindennek, amire sz\u00fcks\u00e9ged van.","og_url":"https:\/\/kerekparbalaton.hu\/ru\/product\/cross-8\/","og_site_name":"kerekparbalaton.hu","article_modified_time":"2025-12-13T08:27:25+00:00","og_image":[{"width":1000,"height":1000,"url":"https:\/\/kerekparbalaton.hu\/wp-content\/uploads\/2025\/12\/Cross8-gray-violet.webp","type":"image\/webp"}],"twitter_card":"summary_large_image","twitter_misc":{"\u041f\u0440\u0438\u043c\u0435\u0440\u043d\u043e\u0435 \u0432\u0440\u0435\u043c\u044f \u0434\u043b\u044f \u0447\u0442\u0435\u043d\u0438\u044f":"1 \u043c\u0438\u043d\u0443\u0442\u0430"},"schema":{"@context":"https:\/\/schema.org","@graph":[{"@type":"WebPage","@id":"https:\/\/kerekparbalaton.hu\/termek\/cross-8\/","url":"https:\/\/kerekparbalaton.hu\/termek\/cross-8\/","name":"Cross 8 - kerekparbalaton.hu","isPartOf":{"@id":"https:\/\/kerekparbalaton.hu\/#website"},"primaryImageOfPage":{"@id":"https:\/\/kerekparbalaton.hu\/termek\/cross-8\/#primaryimage"},"image":{"@id":"https:\/\/kerekparbalaton.hu\/termek\/cross-8\/#primaryimage"},"thumbnailUrl":"https:\/\/kerekparbalaton.hu\/wp-content\/uploads\/2025\/12\/Cross8-gray-violet.webp","datePublished":"2025-12-13T08:23:16+00:00","dateModified":"2025-12-13T08:27:25+00:00","description":"Optimaliz\u00e1lt t\u00e1rol\u00e1s: 8 literes t\u00e1rol\u00f3kapacit\u00e1s\u00e1val \u00e9s biztons\u00e1gos zsebeivel k\u00f6nnyen el\u00e9rhet\u0151 helyet biztos\u00edt mindennek, amire sz\u00fcks\u00e9ged van.","breadcrumb":{"@id":"https:\/\/kerekparbalaton.hu\/termek\/cross-8\/#breadcrumb"},"inLanguage":"ru-RU","potentialAction":[{"@type":"ReadAction","target":["https:\/\/kerekparbalaton.hu\/termek\/cross-8\/"]}]},{"@type":"ImageObject","inLanguage":"ru-RU","@id":"https:\/\/kerekparbalaton.hu\/termek\/cross-8\/#primaryimage","url":"https:\/\/kerekparbalaton.hu\/wp-content\/uploads\/2025\/12\/Cross8-gray-violet.webp","contentUrl":"https:\/\/kerekparbalaton.hu\/wp-content\/uploads\/2025\/12\/Cross8-gray-violet.webp","width":1000,"height":1000},{"@type":"BreadcrumbList","@id":"https:\/\/kerekparbalaton.hu\/termek\/cross-8\/#breadcrumb","itemListElement":[{"@type":"ListItem","position":1,"name":"Kezd\u0151lap","item":"https:\/\/kerekparbalaton.hu\/"},{"@type":"ListItem","position":2,"name":"Shop","item":"https:\/\/kerekparbalaton.hu\/uzlet\/"},{"@type":"ListItem","position":3,"name":"Cross 8"}]},{"@type":"WebSite","@id":"https:\/\/kerekparbalaton.hu\/#website","url":"https:\/\/kerekparbalaton.hu\/","name":"roundparbalaton.hu","description":"\u041f\u0440\u043e\u043a\u0430\u0442 \u0432\u0435\u043b\u043e\u0441\u0438\u043f\u0435\u0434\u043e\u0432 \u0411\u0430\u043b\u0430\u0442\u043e\u043d","publisher":{"@id":"https:\/\/kerekparbalaton.hu\/#organization"},"potentialAction":[{"@type":"SearchAction","target":{"@type":"EntryPoint","urlTemplate":"https:\/\/kerekparbalaton.hu\/?s={search_term_string}"},"query-input":{"@type":"PropertyValueSpecification","valueRequired":true,"valueName":"search_term_string"}}],"inLanguage":"ru-RU"},{"@type":"Organization","@id":"https:\/\/kerekparbalaton.hu\/#organization","name":"roundparbalaton.hu","url":"https:\/\/kerekparbalaton.hu\/","logo":{"@type":"ImageObject","inLanguage":"ru-RU","@id":"https:\/\/kerekparbalaton.hu\/#\/schema\/logo\/image\/","url":"https:\/\/kerekparbalaton.hu\/wp-content\/uploads\/2023\/12\/Csopi-kerekpar-redesign-e1718779950933.png","contentUrl":"https:\/\/kerekparbalaton.hu\/wp-content\/uploads\/2023\/12\/Csopi-kerekpar-redesign-e1718779950933.png","width":1000,"height":436,"caption":"kerekparbalaton.hu"},"image":{"@id":"https:\/\/kerekparbalaton.hu\/#\/schema\/logo\/image\/"}}]}},"_links":{"self":[{"href":"https:\/\/kerekparbalaton.hu\/ru\/wp-json\/wp\/v2\/product\/4852","targetHints":{"allow":["GET"]}}],"collection":[{"href":"https:\/\/kerekparbalaton.hu\/ru\/wp-json\/wp\/v2\/product"}],"about":[{"href":"https:\/\/kerekparbalaton.hu\/ru\/wp-json\/wp\/v2\/types\/product"}],"replies":[{"embeddable":true,"href":"https:\/\/kerekparbalaton.hu\/ru\/wp-json\/wp\/v2\/comments?post=4852"}],"wp:featuredmedia":[{"embeddable":true,"href":"https:\/\/kerekparbalaton.hu\/ru\/wp-json\/wp\/v2\/media\/4853"}],"wp:attachment":[{"href":"https:\/\/kerekparbalaton.hu\/ru\/wp-json\/wp\/v2\/media?parent=4852"}],"wp:term":[{"taxonomy":"product_brand","embeddable":true,"href":"https:\/\/kerekparbalaton.hu\/ru\/wp-json\/wp\/v2\/product_brand?post=4852"},{"taxonomy":"product_cat","embeddable":true,"href":"https:\/\/kerekparbalaton.hu\/ru\/wp-json\/wp\/v2\/product_cat?post=4852"},{"taxonomy":"product_tag","embeddable":true,"href":"https:\/\/kerekparbalaton.hu\/ru\/wp-json\/wp\/v2\/product_tag?post=4852"}],"curies":[{"name":"wp","href":"https:\/\/api.w.org\/{rel}","templated":true}]}}