{"id":4836,"date":"2025-12-13T08:08:03","date_gmt":"2025-12-13T08:08:03","guid":{"rendered":"https:\/\/kerekparbalaton.hu\/?post_type=product&#038;p=4836"},"modified":"2025-12-13T08:15:45","modified_gmt":"2025-12-13T08:15:45","slug":"trailblazer-20","status":"publish","type":"product","link":"https:\/\/kerekparbalaton.hu\/ru\/product\/trailblazer-20\/","title":{"rendered":"Trailblazer 20"},"content":{"rendered":"<p><span style=\"font-weight: 400;\">A Salomon Trailblazer 20 h\u00e1tizs\u00e1kot letisztult \u00e9s sallangmentes kivitele ide\u00e1lis v\u00e1laszt\u00e1ss\u00e1 teszi b\u00e1rmely gyors, r\u00f6vid outdoor tev\u00e9kenys\u00e9gedhez legyen sz\u00f3 t\u00far\u00e1z\u00e1sr\u00f3l, nordic walkingr\u00f3l, gyalogl\u00e1sr\u00f3l vagy bring\u00e1z\u00e1sr\u00f3l. Magas \u00e1ll\u00e1s\u00fa, h\u00e1tra sz\u00e9pen felfekv\u0151 kialak\u00edt\u00e1sa nem zavar\u00f3 m\u00e9g akt\u00edvabb mozg\u00e1s k\u00f6zben sem, p\u00e1rn\u00e1zott, a strat\u00e9giai helyeken k\u00fcl\u00f6n szell\u0151z\u0151 \u00e9s nedvess\u00e9gelvezet\u0151 bet\u00e9tekkel ell\u00e1tott h\u00e1trendszere pedig m\u00e9g hosszabb t\u00e1v\u00fa visel\u00e9se eset\u00e9n is garant\u00e1lja k\u00e9nyelmed. Sz\u00e9les ny\u00edl\u00e1s\u00fa, j\u00f3l pakolhat\u00f3 f\u0151rekesz\u00e9ben a tartal\u00e9k ruh\u00e1zatt\u00f3l az energia ut\u00e1np\u00f3tl\u00e1sig b\u00e1rmely kisebb felszerel\u00e9sed j\u00f3l elf\u00e9r, k\u00fcl\u00f6n\u00e1ll\u00f3, iv\u00f3rendszernek kialak\u00edtott rekesze (amelyben a mindennapok sor\u00e1n ak\u00e1r laptopod is sz\u00e1ll\u00edthatod) r\u00e9v\u00e9n pedig menetk\u00f6zbeni folyad\u00e9k ut\u00e1np\u00f3tl\u00e1sod is k\u00f6nnyed\u00e9n megoldhatod.<\/span><span style=\"font-weight: 400;\"><br \/>\n<\/span><span style=\"font-weight: 400;\"><br \/>\nTechnikai jellemz\u0151k:<\/span><\/p>\n<ul>\n<li style=\"font-weight: 400;\" aria-level=\"1\"><span style=\"font-weight: 400;\">Nagy kop\u00e1s\u00e1ll\u00f3s\u00e1g\u00fa ripstop alapanyag<\/span><\/li>\n<li style=\"font-weight: 400;\" aria-level=\"1\"><span style=\"font-weight: 400;\">3D h\u00e1t \u00e9s hevederrendszer<\/span><\/li>\n<li style=\"font-weight: 400;\" aria-level=\"1\"><span style=\"font-weight: 400;\">P\u00e1rn\u00e1zott h\u00e1tpanel<\/span><\/li>\n<li style=\"font-weight: 400;\" aria-level=\"1\"><span style=\"font-weight: 400;\">\u00c1ll\u00edthat\u00f3 poz\u00edci\u00f3j\u00fa rugalmas mellkasi heveder<\/span><\/li>\n<li style=\"font-weight: 400;\" aria-level=\"1\"><span style=\"font-weight: 400;\">Form\u00e1zott der\u00e9kheveder cipz\u00e1ras, rugalmas\u00a0 \u00e9rt\u00e9ktart\u00f3 zsebbel<\/span><\/li>\n<li style=\"font-weight: 400;\" aria-level=\"1\"><span style=\"font-weight: 400;\">Sz\u00e9les sz\u00e1jny\u00edl\u00e1s\u00fa, j\u00f3l pakolhat\u00f3 f\u0151rekesz<\/span><\/li>\n<li style=\"font-weight: 400;\" aria-level=\"1\"><span style=\"font-weight: 400;\">K\u00fcl\u00f6n\u00e1ll\u00f3 bels\u0151 rekesz iv\u00f3rendszer sz\u00e1m\u00e1ra kivezet\u00e9ssel \u00e9s akaszt\u00f3f\u00fcllel<\/span><\/li>\n<li style=\"font-weight: 400;\" aria-level=\"1\"><span style=\"font-weight: 400;\">A k\u00fcl\u00f6n bels\u0151 rekesz kism\u00e9ret\u0171 laptop biztons\u00e1gos sz\u00e1ll\u00edt\u00e1s\u00e1ra is alkalmas<\/span><\/li>\n<li style=\"font-weight: 400;\" aria-level=\"1\"><span style=\"font-weight: 400;\">Sz\u00e9les f\u00fcgg\u0151leges sz\u00e1jny\u00edl\u00e1s\u00fa el\u00fcls\u0151 rekesz<\/span><\/li>\n<li style=\"font-weight: 400;\" aria-level=\"1\"><span style=\"font-weight: 400;\">Kism\u00e9ret\u0171 fels\u0151 \u00e9rt\u00e9kt\u00e1rol\u00f3 zseb<\/span><\/li>\n<li style=\"font-weight: 400;\" aria-level=\"1\"><span style=\"font-weight: 400;\">Oldals\u00f3 rugalmas kulacstart\u00f3 zsebek<\/span><\/li>\n<li style=\"font-weight: 400;\" aria-level=\"1\"><span style=\"font-weight: 400;\">K\u00fcls\u0151 gumiheveder t\u00farabot r\u00f6gz\u00edt\u00e9s\u00e9hez<\/span><\/li>\n<li style=\"font-weight: 400;\" aria-level=\"1\"><span style=\"font-weight: 400;\">F\u00e9nyvisszaver\u0151 bevonattal ell\u00e1tott l\u00e1mpar\u00f6gz\u00edt\u0151 f\u00fcl<\/span><\/li>\n<li style=\"font-weight: 400;\" aria-level=\"1\"><span style=\"font-weight: 400;\">YKK cipz\u00e1rak<\/span><\/li>\n<li style=\"font-weight: 400;\" aria-level=\"1\"><span style=\"font-weight: 400;\">\u0170rtartalom: 20 liter<\/span><\/li>\n<li style=\"font-weight: 400;\" aria-level=\"1\"><span style=\"font-weight: 400;\">M\u00e9ret: 48 x 24 x 18 cm<\/span><\/li>\n<li style=\"font-weight: 400;\" aria-level=\"1\"><span style=\"font-weight: 400;\">T\u00f6meg: 414 g<\/span><\/li>\n<li style=\"font-weight: 400;\" aria-level=\"1\"><span style=\"font-weight: 400;\">PFC mentes term\u00e9k<\/span><\/li>\n<\/ul>","protected":false},"excerpt":{"rendered":"<p><span style=\"font-weight: 400;\">A Salomon Trailblazer 20 h\u00e1tizs\u00e1kot letisztult \u00e9s sallangmentes kivitele ide\u00e1lis v\u00e1laszt\u00e1ss\u00e1 teszi b\u00e1rmely gyors, r\u00f6vid outdoor tev\u00e9kenys\u00e9gedhez legyen sz\u00f3 t\u00far\u00e1z\u00e1sr\u00f3l, nordic walkingr\u00f3l, gyalogl\u00e1sr\u00f3l vagy bring\u00e1z\u00e1sr\u00f3l.<\/span><\/p>","protected":false},"featured_media":4842,"comment_status":"open","ping_status":"closed","template":"","meta":[],"product_brand":[],"product_cat":[351,66],"product_tag":[],"class_list":{"0":"post-4836","1":"product","2":"type-product","3":"status-publish","4":"has-post-thumbnail","6":"product_cat-kiegeszitok-rekreacio","7":"product_cat-rekreacio","9":"first","10":"instock","11":"sale","12":"shipping-taxable","13":"purchasable","14":"product-type-variable"},"yoast_head":"<!-- This site is optimized with the Yoast SEO plugin v27.5 - https:\/\/yoast.com\/product\/yoast-seo-wordpress\/ -->\n<title>Trailblazer 20 - kerekparbalaton.hu<\/title>\n<meta name=\"description\" content=\"A Salomon Trailblazer 20 h\u00e1tizs\u00e1kot letisztult \u00e9s sallangmentes kivitele ide\u00e1lis v\u00e1laszt\u00e1ss\u00e1 teszi b\u00e1rmely gyors, r\u00f6vid outdoor tev\u00e9kenys\u00e9gedhez.\" \/>\n<meta name=\"robots\" content=\"index, follow, max-snippet:-1, max-image-preview:large, max-video-preview:-1\" \/>\n<link rel=\"canonical\" href=\"https:\/\/kerekparbalaton.hu\/ru\/product\/trailblazer-20\/\" \/>\n<meta property=\"og:locale\" content=\"ru_RU\" \/>\n<meta property=\"og:type\" content=\"article\" \/>\n<meta property=\"og:title\" content=\"Trailblazer 20 - kerekparbalaton.hu\" \/>\n<meta property=\"og:description\" content=\"A Salomon Trailblazer 20 h\u00e1tizs\u00e1kot letisztult \u00e9s sallangmentes kivitele ide\u00e1lis v\u00e1laszt\u00e1ss\u00e1 teszi b\u00e1rmely gyors, r\u00f6vid outdoor tev\u00e9kenys\u00e9gedhez.\" \/>\n<meta property=\"og:url\" content=\"https:\/\/kerekparbalaton.hu\/ru\/product\/trailblazer-20\/\" \/>\n<meta property=\"og:site_name\" content=\"kerekparbalaton.hu\" \/>\n<meta property=\"article:modified_time\" content=\"2025-12-13T08:15:45+00:00\" \/>\n<meta property=\"og:image\" content=\"https:\/\/kerekparbalaton.hu\/wp-content\/uploads\/2025\/12\/Trailblazer-30-20-10-vintage-khaki.webp\" \/>\n\t<meta property=\"og:image:width\" content=\"1000\" \/>\n\t<meta property=\"og:image:height\" content=\"1000\" \/>\n\t<meta property=\"og:image:type\" content=\"image\/webp\" \/>\n<meta name=\"twitter:card\" content=\"summary_large_image\" \/>\n<meta name=\"twitter:label1\" content=\"\u041f\u0440\u0438\u043c\u0435\u0440\u043d\u043e\u0435 \u0432\u0440\u0435\u043c\u044f \u0434\u043b\u044f \u0447\u0442\u0435\u043d\u0438\u044f\" \/>\n\t<meta name=\"twitter:data1\" content=\"2 \u043c\u0438\u043d\u0443\u0442\u044b\" \/>\n<script type=\"application\/ld+json\" class=\"yoast-schema-graph\">{\"@context\":\"https:\\\/\\\/schema.org\",\"@graph\":[{\"@type\":\"WebPage\",\"@id\":\"https:\\\/\\\/kerekparbalaton.hu\\\/termek\\\/trailblazer-20\\\/\",\"url\":\"https:\\\/\\\/kerekparbalaton.hu\\\/termek\\\/trailblazer-20\\\/\",\"name\":\"Trailblazer 20 - kerekparbalaton.hu\",\"isPartOf\":{\"@id\":\"https:\\\/\\\/kerekparbalaton.hu\\\/#website\"},\"primaryImageOfPage\":{\"@id\":\"https:\\\/\\\/kerekparbalaton.hu\\\/termek\\\/trailblazer-20\\\/#primaryimage\"},\"image\":{\"@id\":\"https:\\\/\\\/kerekparbalaton.hu\\\/termek\\\/trailblazer-20\\\/#primaryimage\"},\"thumbnailUrl\":\"https:\\\/\\\/kerekparbalaton.hu\\\/wp-content\\\/uploads\\\/2025\\\/12\\\/Trailblazer-30-20-10-vintage-khaki.webp\",\"datePublished\":\"2025-12-13T08:08:03+00:00\",\"dateModified\":\"2025-12-13T08:15:45+00:00\",\"description\":\"A Salomon Trailblazer 20 h\u00e1tizs\u00e1kot letisztult \u00e9s sallangmentes kivitele ide\u00e1lis v\u00e1laszt\u00e1ss\u00e1 teszi b\u00e1rmely gyors, r\u00f6vid outdoor tev\u00e9kenys\u00e9gedhez.\",\"breadcrumb\":{\"@id\":\"https:\\\/\\\/kerekparbalaton.hu\\\/termek\\\/trailblazer-20\\\/#breadcrumb\"},\"inLanguage\":\"ru-RU\",\"potentialAction\":[{\"@type\":\"ReadAction\",\"target\":[\"https:\\\/\\\/kerekparbalaton.hu\\\/termek\\\/trailblazer-20\\\/\"]}]},{\"@type\":\"ImageObject\",\"inLanguage\":\"ru-RU\",\"@id\":\"https:\\\/\\\/kerekparbalaton.hu\\\/termek\\\/trailblazer-20\\\/#primaryimage\",\"url\":\"https:\\\/\\\/kerekparbalaton.hu\\\/wp-content\\\/uploads\\\/2025\\\/12\\\/Trailblazer-30-20-10-vintage-khaki.webp\",\"contentUrl\":\"https:\\\/\\\/kerekparbalaton.hu\\\/wp-content\\\/uploads\\\/2025\\\/12\\\/Trailblazer-30-20-10-vintage-khaki.webp\",\"width\":1000,\"height\":1000},{\"@type\":\"BreadcrumbList\",\"@id\":\"https:\\\/\\\/kerekparbalaton.hu\\\/termek\\\/trailblazer-20\\\/#breadcrumb\",\"itemListElement\":[{\"@type\":\"ListItem\",\"position\":1,\"name\":\"Kezd\u0151lap\",\"item\":\"https:\\\/\\\/kerekparbalaton.hu\\\/\"},{\"@type\":\"ListItem\",\"position\":2,\"name\":\"Shop\",\"item\":\"https:\\\/\\\/kerekparbalaton.hu\\\/uzlet\\\/\"},{\"@type\":\"ListItem\",\"position\":3,\"name\":\"Trailblazer 20\"}]},{\"@type\":\"WebSite\",\"@id\":\"https:\\\/\\\/kerekparbalaton.hu\\\/#website\",\"url\":\"https:\\\/\\\/kerekparbalaton.hu\\\/\",\"name\":\"kerekparbalaton.hu\",\"description\":\"Ker\u00e9kp\u00e1rb\u00e9rl\u00e9s Balaton\",\"publisher\":{\"@id\":\"https:\\\/\\\/kerekparbalaton.hu\\\/#organization\"},\"potentialAction\":[{\"@type\":\"SearchAction\",\"target\":{\"@type\":\"EntryPoint\",\"urlTemplate\":\"https:\\\/\\\/kerekparbalaton.hu\\\/?s={search_term_string}\"},\"query-input\":{\"@type\":\"PropertyValueSpecification\",\"valueRequired\":true,\"valueName\":\"search_term_string\"}}],\"inLanguage\":\"ru-RU\"},{\"@type\":\"Organization\",\"@id\":\"https:\\\/\\\/kerekparbalaton.hu\\\/#organization\",\"name\":\"kerekparbalaton.hu\",\"url\":\"https:\\\/\\\/kerekparbalaton.hu\\\/\",\"logo\":{\"@type\":\"ImageObject\",\"inLanguage\":\"ru-RU\",\"@id\":\"https:\\\/\\\/kerekparbalaton.hu\\\/#\\\/schema\\\/logo\\\/image\\\/\",\"url\":\"https:\\\/\\\/kerekparbalaton.hu\\\/wp-content\\\/uploads\\\/2023\\\/12\\\/Csopi-kerekpar-redesign-e1718779950933.png\",\"contentUrl\":\"https:\\\/\\\/kerekparbalaton.hu\\\/wp-content\\\/uploads\\\/2023\\\/12\\\/Csopi-kerekpar-redesign-e1718779950933.png\",\"width\":1000,\"height\":436,\"caption\":\"kerekparbalaton.hu\"},\"image\":{\"@id\":\"https:\\\/\\\/kerekparbalaton.hu\\\/#\\\/schema\\\/logo\\\/image\\\/\"}}]}<\/script>\n<!-- \/ Yoast SEO plugin. -->","yoast_head_json":{"title":"Trailblazer 20 - kerekparbalaton.hu","description":"A Salomon Trailblazer 20 h\u00e1tizs\u00e1kot letisztult \u00e9s sallangmentes kivitele ide\u00e1lis v\u00e1laszt\u00e1ss\u00e1 teszi b\u00e1rmely gyors, r\u00f6vid outdoor tev\u00e9kenys\u00e9gedhez.","robots":{"index":"index","follow":"follow","max-snippet":"max-snippet:-1","max-image-preview":"max-image-preview:large","max-video-preview":"max-video-preview:-1"},"canonical":"https:\/\/kerekparbalaton.hu\/ru\/product\/trailblazer-20\/","og_locale":"ru_RU","og_type":"article","og_title":"Trailblazer 20 - kerekparbalaton.hu","og_description":"A Salomon Trailblazer 20 h\u00e1tizs\u00e1kot letisztult \u00e9s sallangmentes kivitele ide\u00e1lis v\u00e1laszt\u00e1ss\u00e1 teszi b\u00e1rmely gyors, r\u00f6vid outdoor tev\u00e9kenys\u00e9gedhez.","og_url":"https:\/\/kerekparbalaton.hu\/ru\/product\/trailblazer-20\/","og_site_name":"kerekparbalaton.hu","article_modified_time":"2025-12-13T08:15:45+00:00","og_image":[{"width":1000,"height":1000,"url":"https:\/\/kerekparbalaton.hu\/wp-content\/uploads\/2025\/12\/Trailblazer-30-20-10-vintage-khaki.webp","type":"image\/webp"}],"twitter_card":"summary_large_image","twitter_misc":{"\u041f\u0440\u0438\u043c\u0435\u0440\u043d\u043e\u0435 \u0432\u0440\u0435\u043c\u044f \u0434\u043b\u044f \u0447\u0442\u0435\u043d\u0438\u044f":"2 \u043c\u0438\u043d\u0443\u0442\u044b"},"schema":{"@context":"https:\/\/schema.org","@graph":[{"@type":"WebPage","@id":"https:\/\/kerekparbalaton.hu\/termek\/trailblazer-20\/","url":"https:\/\/kerekparbalaton.hu\/termek\/trailblazer-20\/","name":"Trailblazer 20 - kerekparbalaton.hu","isPartOf":{"@id":"https:\/\/kerekparbalaton.hu\/#website"},"primaryImageOfPage":{"@id":"https:\/\/kerekparbalaton.hu\/termek\/trailblazer-20\/#primaryimage"},"image":{"@id":"https:\/\/kerekparbalaton.hu\/termek\/trailblazer-20\/#primaryimage"},"thumbnailUrl":"https:\/\/kerekparbalaton.hu\/wp-content\/uploads\/2025\/12\/Trailblazer-30-20-10-vintage-khaki.webp","datePublished":"2025-12-13T08:08:03+00:00","dateModified":"2025-12-13T08:15:45+00:00","description":"A Salomon Trailblazer 20 h\u00e1tizs\u00e1kot letisztult \u00e9s sallangmentes kivitele ide\u00e1lis v\u00e1laszt\u00e1ss\u00e1 teszi b\u00e1rmely gyors, r\u00f6vid outdoor tev\u00e9kenys\u00e9gedhez.","breadcrumb":{"@id":"https:\/\/kerekparbalaton.hu\/termek\/trailblazer-20\/#breadcrumb"},"inLanguage":"ru-RU","potentialAction":[{"@type":"ReadAction","target":["https:\/\/kerekparbalaton.hu\/termek\/trailblazer-20\/"]}]},{"@type":"ImageObject","inLanguage":"ru-RU","@id":"https:\/\/kerekparbalaton.hu\/termek\/trailblazer-20\/#primaryimage","url":"https:\/\/kerekparbalaton.hu\/wp-content\/uploads\/2025\/12\/Trailblazer-30-20-10-vintage-khaki.webp","contentUrl":"https:\/\/kerekparbalaton.hu\/wp-content\/uploads\/2025\/12\/Trailblazer-30-20-10-vintage-khaki.webp","width":1000,"height":1000},{"@type":"BreadcrumbList","@id":"https:\/\/kerekparbalaton.hu\/termek\/trailblazer-20\/#breadcrumb","itemListElement":[{"@type":"ListItem","position":1,"name":"Kezd\u0151lap","item":"https:\/\/kerekparbalaton.hu\/"},{"@type":"ListItem","position":2,"name":"Shop","item":"https:\/\/kerekparbalaton.hu\/uzlet\/"},{"@type":"ListItem","position":3,"name":"Trailblazer 20"}]},{"@type":"WebSite","@id":"https:\/\/kerekparbalaton.hu\/#website","url":"https:\/\/kerekparbalaton.hu\/","name":"roundparbalaton.hu","description":"\u041f\u0440\u043e\u043a\u0430\u0442 \u0432\u0435\u043b\u043e\u0441\u0438\u043f\u0435\u0434\u043e\u0432 \u0411\u0430\u043b\u0430\u0442\u043e\u043d","publisher":{"@id":"https:\/\/kerekparbalaton.hu\/#organization"},"potentialAction":[{"@type":"SearchAction","target":{"@type":"EntryPoint","urlTemplate":"https:\/\/kerekparbalaton.hu\/?s={search_term_string}"},"query-input":{"@type":"PropertyValueSpecification","valueRequired":true,"valueName":"search_term_string"}}],"inLanguage":"ru-RU"},{"@type":"Organization","@id":"https:\/\/kerekparbalaton.hu\/#organization","name":"roundparbalaton.hu","url":"https:\/\/kerekparbalaton.hu\/","logo":{"@type":"ImageObject","inLanguage":"ru-RU","@id":"https:\/\/kerekparbalaton.hu\/#\/schema\/logo\/image\/","url":"https:\/\/kerekparbalaton.hu\/wp-content\/uploads\/2023\/12\/Csopi-kerekpar-redesign-e1718779950933.png","contentUrl":"https:\/\/kerekparbalaton.hu\/wp-content\/uploads\/2023\/12\/Csopi-kerekpar-redesign-e1718779950933.png","width":1000,"height":436,"caption":"kerekparbalaton.hu"},"image":{"@id":"https:\/\/kerekparbalaton.hu\/#\/schema\/logo\/image\/"}}]}},"_links":{"self":[{"href":"https:\/\/kerekparbalaton.hu\/ru\/wp-json\/wp\/v2\/product\/4836","targetHints":{"allow":["GET"]}}],"collection":[{"href":"https:\/\/kerekparbalaton.hu\/ru\/wp-json\/wp\/v2\/product"}],"about":[{"href":"https:\/\/kerekparbalaton.hu\/ru\/wp-json\/wp\/v2\/types\/product"}],"replies":[{"embeddable":true,"href":"https:\/\/kerekparbalaton.hu\/ru\/wp-json\/wp\/v2\/comments?post=4836"}],"wp:featuredmedia":[{"embeddable":true,"href":"https:\/\/kerekparbalaton.hu\/ru\/wp-json\/wp\/v2\/media\/4842"}],"wp:attachment":[{"href":"https:\/\/kerekparbalaton.hu\/ru\/wp-json\/wp\/v2\/media?parent=4836"}],"wp:term":[{"taxonomy":"product_brand","embeddable":true,"href":"https:\/\/kerekparbalaton.hu\/ru\/wp-json\/wp\/v2\/product_brand?post=4836"},{"taxonomy":"product_cat","embeddable":true,"href":"https:\/\/kerekparbalaton.hu\/ru\/wp-json\/wp\/v2\/product_cat?post=4836"},{"taxonomy":"product_tag","embeddable":true,"href":"https:\/\/kerekparbalaton.hu\/ru\/wp-json\/wp\/v2\/product_tag?post=4836"}],"curies":[{"name":"wp","href":"https:\/\/api.w.org\/{rel}","templated":true}]}}