{"id":4821,"date":"2025-12-13T07:47:41","date_gmt":"2025-12-13T07:47:41","guid":{"rendered":"https:\/\/kerekparbalaton.hu\/?post_type=product&#038;p=4821"},"modified":"2025-12-13T07:50:54","modified_gmt":"2025-12-13T07:50:54","slug":"sense-pro-6","status":"publish","type":"product","link":"https:\/\/kerekparbalaton.hu\/ru\/product\/sense-pro-6\/","title":{"rendered":"Sense Pro 6"},"content":{"rendered":"<p><span style=\"font-weight: 400;\">Technikai jellemz\u0151k:<\/span><\/p>\n<ul>\n<li style=\"font-weight: 400;\" aria-level=\"1\"><span style=\"font-weight: 400;\">Sensifit\u2122: Rugalmas, remek\u00fcl l\u00e9legz\u0151 anyagokat \u00e9s k\u00f6nny\u0171 \u00e1ll\u00edt\u00e1si rendszert haszn\u00e1l\u00f3 konstrukci\u00f3, ami optimaliz\u00e1lja az illeszked\u00e9st \u00e9s a stabilit\u00e1st<\/span><\/li>\n<li style=\"font-weight: 400;\" aria-level=\"1\"><span style=\"font-weight: 400;\">Quick link: Gyors, pontos, ak\u00e1r menet k\u00f6zbeni be\u00e1ll\u00edt\u00e1st is lehet\u0151v\u00e9 tev\u0151 r\u00f6gz\u00edt\u0151rendszer, melynek rugalmas kialak\u00edt\u00e1sa megk\u00f6nny\u00edti a l\u00e9gz\u00e9st, amikor n\u00f6veled a temp\u00f3t<\/span><\/li>\n<li style=\"font-weight: 400;\" aria-level=\"1\"><span style=\"font-weight: 400;\">Darlington mesh<\/span><\/li>\n<li style=\"font-weight: 400;\" aria-level=\"1\"><span style=\"font-weight: 400;\">K\u00f6nny\u0171, er\u0151s h\u00e1l\u00f3<\/span><\/li>\n<li style=\"font-weight: 400;\" aria-level=\"1\"><span style=\"font-weight: 400;\">4-ir\u00e1nyban rugalmas anyag<\/span><\/li>\n<li style=\"font-weight: 400;\" aria-level=\"1\"><span style=\"font-weight: 400;\">Puha tapint\u00e1s\u00fa, a mell\u00e9ny k\u00f6rvonalait k\u00f6vet\u0151, rugalmas szeg\u00e9lyek a pr\u00e9mium kidolgozotts\u00e1g \u00e9s k\u00e9nyelem \u00e9rdek\u00e9ben<\/span><\/li>\n<li style=\"font-weight: 400;\" aria-level=\"1\"><span style=\"font-weight: 400;\">2X500 ml-es soft flask<\/span><\/li>\n<li style=\"font-weight: 400;\" aria-level=\"1\"><span style=\"font-weight: 400;\">1 h\u00e1ts\u00f3 rekesz<\/span><\/li>\n<li style=\"font-weight: 400;\" aria-level=\"1\"><span style=\"font-weight: 400;\">2 el\u00fcls\u0151 cipz\u00e1ras zseb<\/span><\/li>\n<li style=\"font-weight: 400;\" aria-level=\"1\"><span style=\"font-weight: 400;\">Salomon soft flask ugr\u00e1l\u00e1smentes illeszked\u00e9s\u00e9hez tervezett el\u00fcls\u0151 zsebek, a kulacsokat hely\u00fck\u00f6n tart\u00f3 elasztikus hurkokkal<\/span><\/li>\n<li style=\"font-weight: 400;\" aria-level=\"1\"><span style=\"font-weight: 400;\">1 h\u00e1ts\u00f3 \u2013 mindk\u00e9t oldalr\u00f3l hozz\u00e1f\u00e9rhet\u0151 \u2013 zseb<\/span><\/li>\n<li style=\"font-weight: 400;\" aria-level=\"1\"><span style=\"font-weight: 400;\">Top min\u0151s\u00e9g\u0171, tart\u00f3s \u00e9s megb\u00edzhat\u00f3 YKK cipz\u00e1r<\/span><\/li>\n<li style=\"font-weight: 400;\" aria-level=\"1\"><span style=\"font-weight: 400;\">Elasztikus bottart\u00f3 hurkok<\/span><\/li>\n<li style=\"font-weight: 400;\" aria-level=\"1\"><span style=\"font-weight: 400;\">Custom quiver bottart\u00f3 (k\u00fcl\u00f6n megv\u00e1s\u00e1rolhat\u00f3, NEM tartoz\u00e9k) kompatibilit\u00e1s<\/span><\/li>\n<li style=\"font-weight: 400;\" aria-level=\"1\"><span style=\"font-weight: 400;\">Jelz\u0151s\u00edp<\/span><\/li>\n<li style=\"font-weight: 400;\" aria-level=\"1\"><span style=\"font-weight: 400;\">PFC mentes term\u00e9k\n<p><\/span><\/li>\n<\/ul>\n<p><span style=\"font-weight: 400;\">Param\u00e9terek:<\/span><\/p>\n<ul>\n<li style=\"font-weight: 400;\" aria-level=\"1\"><span style=\"font-weight: 400;\">M\u00e9ret: 340 X 360 mm (sz\u00e9less\u00e9g X magass\u00e1g)<\/span><\/li>\n<li style=\"font-weight: 400;\" aria-level=\"1\"><span style=\"font-weight: 400;\">T\u00f6meg: 141 g (kulacsokkal: 217 g)<\/span><\/li>\n<li style=\"font-weight: 400;\" aria-level=\"1\"><span style=\"font-weight: 400;\">\u0170rtartalom: 6 liter\n<p><\/span><\/li>\n<\/ul>\n<p><span style=\"font-weight: 400;\">Anyag:<\/span><\/p>\n<ul>\n<li style=\"font-weight: 400;\" aria-level=\"1\"><span style=\"font-weight: 400;\">F\u0151 anyag: 84% poli\u00e9szter, 16% elaszt\u00e1n<\/span><\/li>\n<li style=\"font-weight: 400;\" aria-level=\"1\"><span style=\"font-weight: 400;\">Oldals\u00f3 bet\u00e9t: 85% poliamid, 15% elaszt\u00e1n<\/span><\/li>\n<li style=\"font-weight: 400;\" aria-level=\"1\"><span style=\"font-weight: 400;\">Zsebek: 88% poliamid, 12% elaszt\u00e1n<\/span><\/li>\n<li style=\"font-weight: 400;\" aria-level=\"1\"><span style=\"font-weight: 400;\">Bet\u00e9t: 100% poli\u00e9szter\n<p><\/span><\/li>\n<\/ul>\n<p><span style=\"font-weight: 400;\">Kezel\u00e9si \u00fatmutat\u00f3:<\/span><\/p>\n<ul>\n<li style=\"font-weight: 400;\" aria-level=\"1\"><span style=\"font-weight: 400;\">30\u00b0C-on k\u00e9zzel moshat\u00f3<\/span><\/li>\n<li style=\"font-weight: 400;\" aria-level=\"1\"><span style=\"font-weight: 400;\">tilos sz\u00e1r\u00edt\u00f3g\u00e9pben sz\u00e1r\u00edtani, vasalni, vegytiszt\u00edtani \u00e9s feh\u00e9r\u00edteni<\/span><\/li>\n<\/ul>","protected":false},"excerpt":{"rendered":"<p><span style=\"font-weight: 400;\">Ultragyors hozz\u00e1f\u00e9r\u00e9s: Az olyan kifinomult t\u00e1rol\u00e1si megold\u00e1sok, mint pl. a k\u00e9t el\u00fcls\u0151 \u2013 2db 500ml-es soft flasket tartalmaz\u00f3 \u2013 zseb \u00e9s a praktikus \u201ealag\u00fatzseb\u201d gyors hozz\u00e1f\u00e9r\u00e9st biztos\u00edtanak a hidrat\u00e1ci\u00f3hoz \u00e9s az egy\u00e9b alapvet\u0151en sz\u00fcks\u00e9ges felszerel\u00e9sekhez.<\/span><\/p>\n<p><span style=\"font-weight: 400;\">T\u00f6k\u00e9letes k\u00e9nyelem: Rugalmas anyag, puha minim\u00e1l varr\u00e1sok \u00e9s l\u00e9g\u00e1tereszt\u0151 h\u00e1l\u00f3 a megfelel\u0151 helyeken, hogy maxim\u00e1lis komfortot tapasztalhass m\u00e9g a legnagyobb kih\u00edv\u00e1sok k\u00f6zben is.<\/span><\/p>\n<p><span style=\"font-weight: 400;\">Extra stabilit\u00e1s: T\u00e1mogat\u00f3, t\u00f6k\u00e9letesen illeszked\u0151 kialak\u00edt\u00e1sa \u00e9s SensiFit\u2122 rendszere egyens\u00falyban tartja a t\u00f6meget \u00e9s prec\u00edzen \u00f6leli k\u00f6rbe a testet, maxim\u00e1lis stabilit\u00e1st biztos\u00edtva ez\u00e1ltal.<\/span><\/p>","protected":false},"featured_media":4822,"comment_status":"open","ping_status":"closed","template":"","meta":[],"product_brand":[],"product_cat":[65,68],"product_tag":[],"class_list":{"0":"post-4821","1":"product","2":"type-product","3":"status-publish","4":"has-post-thumbnail","6":"product_cat-futas","7":"product_cat-kiegeszitok","9":"first","10":"instock","11":"sale","12":"shipping-taxable","13":"purchasable","14":"product-type-simple"},"yoast_head":"<!-- This site is optimized with the Yoast SEO plugin v27.5 - https:\/\/yoast.com\/product\/yoast-seo-wordpress\/ -->\n<title>Sense Pro 6 - kerekparbalaton.hu<\/title>\n<meta name=\"robots\" content=\"index, follow, max-snippet:-1, max-image-preview:large, max-video-preview:-1\" \/>\n<link rel=\"canonical\" href=\"https:\/\/kerekparbalaton.hu\/ru\/product\/sense-pro-6\/\" \/>\n<meta property=\"og:locale\" content=\"ru_RU\" \/>\n<meta property=\"og:type\" content=\"article\" \/>\n<meta property=\"og:title\" content=\"Sense Pro 6 - kerekparbalaton.hu\" \/>\n<meta property=\"og:description\" content=\"Ultragyors hozz\u00e1f\u00e9r\u00e9s: Az olyan kifinomult t\u00e1rol\u00e1si megold\u00e1sok, mint pl. a k\u00e9t el\u00fcls\u0151 \u2013 2db 500ml-es soft flasket tartalmaz\u00f3 \u2013 zseb \u00e9s a praktikus \u201ealag\u00fatzseb\u201d gyors hozz\u00e1f\u00e9r\u00e9st biztos\u00edtanak a hidrat\u00e1ci\u00f3hoz \u00e9s az egy\u00e9b alapvet\u0151en sz\u00fcks\u00e9ges felszerel\u00e9sekhez.  T\u00f6k\u00e9letes k\u00e9nyelem: Rugalmas anyag, puha minim\u00e1l varr\u00e1sok \u00e9s l\u00e9g\u00e1tereszt\u0151 h\u00e1l\u00f3 a megfelel\u0151 helyeken, hogy maxim\u00e1lis komfortot tapasztalhass m\u00e9g a legnagyobb kih\u00edv\u00e1sok k\u00f6zben is.  Extra stabilit\u00e1s: T\u00e1mogat\u00f3, t\u00f6k\u00e9letesen illeszked\u0151 kialak\u00edt\u00e1sa \u00e9s SensiFit\u2122 rendszere egyens\u00falyban tartja a t\u00f6meget \u00e9s prec\u00edzen \u00f6leli k\u00f6rbe a testet, maxim\u00e1lis stabilit\u00e1st biztos\u00edtva ez\u00e1ltal.\" \/>\n<meta property=\"og:url\" content=\"https:\/\/kerekparbalaton.hu\/ru\/product\/sense-pro-6\/\" \/>\n<meta property=\"og:site_name\" content=\"kerekparbalaton.hu\" \/>\n<meta property=\"article:modified_time\" content=\"2025-12-13T07:50:54+00:00\" \/>\n<meta property=\"og:image\" content=\"https:\/\/kerekparbalaton.hu\/wp-content\/uploads\/2025\/12\/sense-pro-6-fekete.webp\" \/>\n\t<meta property=\"og:image:width\" content=\"1000\" \/>\n\t<meta property=\"og:image:height\" content=\"1000\" \/>\n\t<meta property=\"og:image:type\" content=\"image\/webp\" \/>\n<meta name=\"twitter:card\" content=\"summary_large_image\" \/>\n<meta name=\"twitter:label1\" content=\"\u041f\u0440\u0438\u043c\u0435\u0440\u043d\u043e\u0435 \u0432\u0440\u0435\u043c\u044f \u0434\u043b\u044f \u0447\u0442\u0435\u043d\u0438\u044f\" \/>\n\t<meta name=\"twitter:data1\" content=\"2 \u043c\u0438\u043d\u0443\u0442\u044b\" \/>\n<script type=\"application\/ld+json\" class=\"yoast-schema-graph\">{\"@context\":\"https:\\\/\\\/schema.org\",\"@graph\":[{\"@type\":\"WebPage\",\"@id\":\"https:\\\/\\\/kerekparbalaton.hu\\\/termek\\\/sense-pro-6\\\/\",\"url\":\"https:\\\/\\\/kerekparbalaton.hu\\\/termek\\\/sense-pro-6\\\/\",\"name\":\"Sense Pro 6 - kerekparbalaton.hu\",\"isPartOf\":{\"@id\":\"https:\\\/\\\/kerekparbalaton.hu\\\/#website\"},\"primaryImageOfPage\":{\"@id\":\"https:\\\/\\\/kerekparbalaton.hu\\\/termek\\\/sense-pro-6\\\/#primaryimage\"},\"image\":{\"@id\":\"https:\\\/\\\/kerekparbalaton.hu\\\/termek\\\/sense-pro-6\\\/#primaryimage\"},\"thumbnailUrl\":\"https:\\\/\\\/kerekparbalaton.hu\\\/wp-content\\\/uploads\\\/2025\\\/12\\\/sense-pro-6-fekete.webp\",\"datePublished\":\"2025-12-13T07:47:41+00:00\",\"dateModified\":\"2025-12-13T07:50:54+00:00\",\"breadcrumb\":{\"@id\":\"https:\\\/\\\/kerekparbalaton.hu\\\/termek\\\/sense-pro-6\\\/#breadcrumb\"},\"inLanguage\":\"ru-RU\",\"potentialAction\":[{\"@type\":\"ReadAction\",\"target\":[\"https:\\\/\\\/kerekparbalaton.hu\\\/termek\\\/sense-pro-6\\\/\"]}]},{\"@type\":\"ImageObject\",\"inLanguage\":\"ru-RU\",\"@id\":\"https:\\\/\\\/kerekparbalaton.hu\\\/termek\\\/sense-pro-6\\\/#primaryimage\",\"url\":\"https:\\\/\\\/kerekparbalaton.hu\\\/wp-content\\\/uploads\\\/2025\\\/12\\\/sense-pro-6-fekete.webp\",\"contentUrl\":\"https:\\\/\\\/kerekparbalaton.hu\\\/wp-content\\\/uploads\\\/2025\\\/12\\\/sense-pro-6-fekete.webp\",\"width\":1000,\"height\":1000},{\"@type\":\"BreadcrumbList\",\"@id\":\"https:\\\/\\\/kerekparbalaton.hu\\\/termek\\\/sense-pro-6\\\/#breadcrumb\",\"itemListElement\":[{\"@type\":\"ListItem\",\"position\":1,\"name\":\"Kezd\u0151lap\",\"item\":\"https:\\\/\\\/kerekparbalaton.hu\\\/\"},{\"@type\":\"ListItem\",\"position\":2,\"name\":\"Shop\",\"item\":\"https:\\\/\\\/kerekparbalaton.hu\\\/uzlet\\\/\"},{\"@type\":\"ListItem\",\"position\":3,\"name\":\"Sense Pro 6\"}]},{\"@type\":\"WebSite\",\"@id\":\"https:\\\/\\\/kerekparbalaton.hu\\\/#website\",\"url\":\"https:\\\/\\\/kerekparbalaton.hu\\\/\",\"name\":\"kerekparbalaton.hu\",\"description\":\"Ker\u00e9kp\u00e1rb\u00e9rl\u00e9s Balaton\",\"publisher\":{\"@id\":\"https:\\\/\\\/kerekparbalaton.hu\\\/#organization\"},\"potentialAction\":[{\"@type\":\"SearchAction\",\"target\":{\"@type\":\"EntryPoint\",\"urlTemplate\":\"https:\\\/\\\/kerekparbalaton.hu\\\/?s={search_term_string}\"},\"query-input\":{\"@type\":\"PropertyValueSpecification\",\"valueRequired\":true,\"valueName\":\"search_term_string\"}}],\"inLanguage\":\"ru-RU\"},{\"@type\":\"Organization\",\"@id\":\"https:\\\/\\\/kerekparbalaton.hu\\\/#organization\",\"name\":\"kerekparbalaton.hu\",\"url\":\"https:\\\/\\\/kerekparbalaton.hu\\\/\",\"logo\":{\"@type\":\"ImageObject\",\"inLanguage\":\"ru-RU\",\"@id\":\"https:\\\/\\\/kerekparbalaton.hu\\\/#\\\/schema\\\/logo\\\/image\\\/\",\"url\":\"https:\\\/\\\/kerekparbalaton.hu\\\/wp-content\\\/uploads\\\/2023\\\/12\\\/Csopi-kerekpar-redesign-e1718779950933.png\",\"contentUrl\":\"https:\\\/\\\/kerekparbalaton.hu\\\/wp-content\\\/uploads\\\/2023\\\/12\\\/Csopi-kerekpar-redesign-e1718779950933.png\",\"width\":1000,\"height\":436,\"caption\":\"kerekparbalaton.hu\"},\"image\":{\"@id\":\"https:\\\/\\\/kerekparbalaton.hu\\\/#\\\/schema\\\/logo\\\/image\\\/\"}}]}<\/script>\n<!-- \/ Yoast SEO plugin. -->","yoast_head_json":{"title":"Sense Pro 6 - kerekparbalaton.hu","robots":{"index":"index","follow":"follow","max-snippet":"max-snippet:-1","max-image-preview":"max-image-preview:large","max-video-preview":"max-video-preview:-1"},"canonical":"https:\/\/kerekparbalaton.hu\/ru\/product\/sense-pro-6\/","og_locale":"ru_RU","og_type":"article","og_title":"Sense Pro 6 - kerekparbalaton.hu","og_description":"Ultragyors hozz\u00e1f\u00e9r\u00e9s: Az olyan kifinomult t\u00e1rol\u00e1si megold\u00e1sok, mint pl. a k\u00e9t el\u00fcls\u0151 \u2013 2db 500ml-es soft flasket tartalmaz\u00f3 \u2013 zseb \u00e9s a praktikus \u201ealag\u00fatzseb\u201d gyors hozz\u00e1f\u00e9r\u00e9st biztos\u00edtanak a hidrat\u00e1ci\u00f3hoz \u00e9s az egy\u00e9b alapvet\u0151en sz\u00fcks\u00e9ges felszerel\u00e9sekhez.  T\u00f6k\u00e9letes k\u00e9nyelem: Rugalmas anyag, puha minim\u00e1l varr\u00e1sok \u00e9s l\u00e9g\u00e1tereszt\u0151 h\u00e1l\u00f3 a megfelel\u0151 helyeken, hogy maxim\u00e1lis komfortot tapasztalhass m\u00e9g a legnagyobb kih\u00edv\u00e1sok k\u00f6zben is.  Extra stabilit\u00e1s: T\u00e1mogat\u00f3, t\u00f6k\u00e9letesen illeszked\u0151 kialak\u00edt\u00e1sa \u00e9s SensiFit\u2122 rendszere egyens\u00falyban tartja a t\u00f6meget \u00e9s prec\u00edzen \u00f6leli k\u00f6rbe a testet, maxim\u00e1lis stabilit\u00e1st biztos\u00edtva ez\u00e1ltal.","og_url":"https:\/\/kerekparbalaton.hu\/ru\/product\/sense-pro-6\/","og_site_name":"kerekparbalaton.hu","article_modified_time":"2025-12-13T07:50:54+00:00","og_image":[{"width":1000,"height":1000,"url":"https:\/\/kerekparbalaton.hu\/wp-content\/uploads\/2025\/12\/sense-pro-6-fekete.webp","type":"image\/webp"}],"twitter_card":"summary_large_image","twitter_misc":{"\u041f\u0440\u0438\u043c\u0435\u0440\u043d\u043e\u0435 \u0432\u0440\u0435\u043c\u044f \u0434\u043b\u044f \u0447\u0442\u0435\u043d\u0438\u044f":"2 \u043c\u0438\u043d\u0443\u0442\u044b"},"schema":{"@context":"https:\/\/schema.org","@graph":[{"@type":"WebPage","@id":"https:\/\/kerekparbalaton.hu\/termek\/sense-pro-6\/","url":"https:\/\/kerekparbalaton.hu\/termek\/sense-pro-6\/","name":"Sense Pro 6 - kerekparbalaton.hu","isPartOf":{"@id":"https:\/\/kerekparbalaton.hu\/#website"},"primaryImageOfPage":{"@id":"https:\/\/kerekparbalaton.hu\/termek\/sense-pro-6\/#primaryimage"},"image":{"@id":"https:\/\/kerekparbalaton.hu\/termek\/sense-pro-6\/#primaryimage"},"thumbnailUrl":"https:\/\/kerekparbalaton.hu\/wp-content\/uploads\/2025\/12\/sense-pro-6-fekete.webp","datePublished":"2025-12-13T07:47:41+00:00","dateModified":"2025-12-13T07:50:54+00:00","breadcrumb":{"@id":"https:\/\/kerekparbalaton.hu\/termek\/sense-pro-6\/#breadcrumb"},"inLanguage":"ru-RU","potentialAction":[{"@type":"ReadAction","target":["https:\/\/kerekparbalaton.hu\/termek\/sense-pro-6\/"]}]},{"@type":"ImageObject","inLanguage":"ru-RU","@id":"https:\/\/kerekparbalaton.hu\/termek\/sense-pro-6\/#primaryimage","url":"https:\/\/kerekparbalaton.hu\/wp-content\/uploads\/2025\/12\/sense-pro-6-fekete.webp","contentUrl":"https:\/\/kerekparbalaton.hu\/wp-content\/uploads\/2025\/12\/sense-pro-6-fekete.webp","width":1000,"height":1000},{"@type":"BreadcrumbList","@id":"https:\/\/kerekparbalaton.hu\/termek\/sense-pro-6\/#breadcrumb","itemListElement":[{"@type":"ListItem","position":1,"name":"Kezd\u0151lap","item":"https:\/\/kerekparbalaton.hu\/"},{"@type":"ListItem","position":2,"name":"Shop","item":"https:\/\/kerekparbalaton.hu\/uzlet\/"},{"@type":"ListItem","position":3,"name":"Sense Pro 6"}]},{"@type":"WebSite","@id":"https:\/\/kerekparbalaton.hu\/#website","url":"https:\/\/kerekparbalaton.hu\/","name":"roundparbalaton.hu","description":"\u041f\u0440\u043e\u043a\u0430\u0442 \u0432\u0435\u043b\u043e\u0441\u0438\u043f\u0435\u0434\u043e\u0432 \u0411\u0430\u043b\u0430\u0442\u043e\u043d","publisher":{"@id":"https:\/\/kerekparbalaton.hu\/#organization"},"potentialAction":[{"@type":"SearchAction","target":{"@type":"EntryPoint","urlTemplate":"https:\/\/kerekparbalaton.hu\/?s={search_term_string}"},"query-input":{"@type":"PropertyValueSpecification","valueRequired":true,"valueName":"search_term_string"}}],"inLanguage":"ru-RU"},{"@type":"Organization","@id":"https:\/\/kerekparbalaton.hu\/#organization","name":"roundparbalaton.hu","url":"https:\/\/kerekparbalaton.hu\/","logo":{"@type":"ImageObject","inLanguage":"ru-RU","@id":"https:\/\/kerekparbalaton.hu\/#\/schema\/logo\/image\/","url":"https:\/\/kerekparbalaton.hu\/wp-content\/uploads\/2023\/12\/Csopi-kerekpar-redesign-e1718779950933.png","contentUrl":"https:\/\/kerekparbalaton.hu\/wp-content\/uploads\/2023\/12\/Csopi-kerekpar-redesign-e1718779950933.png","width":1000,"height":436,"caption":"kerekparbalaton.hu"},"image":{"@id":"https:\/\/kerekparbalaton.hu\/#\/schema\/logo\/image\/"}}]}},"_links":{"self":[{"href":"https:\/\/kerekparbalaton.hu\/ru\/wp-json\/wp\/v2\/product\/4821","targetHints":{"allow":["GET"]}}],"collection":[{"href":"https:\/\/kerekparbalaton.hu\/ru\/wp-json\/wp\/v2\/product"}],"about":[{"href":"https:\/\/kerekparbalaton.hu\/ru\/wp-json\/wp\/v2\/types\/product"}],"replies":[{"embeddable":true,"href":"https:\/\/kerekparbalaton.hu\/ru\/wp-json\/wp\/v2\/comments?post=4821"}],"wp:featuredmedia":[{"embeddable":true,"href":"https:\/\/kerekparbalaton.hu\/ru\/wp-json\/wp\/v2\/media\/4822"}],"wp:attachment":[{"href":"https:\/\/kerekparbalaton.hu\/ru\/wp-json\/wp\/v2\/media?parent=4821"}],"wp:term":[{"taxonomy":"product_brand","embeddable":true,"href":"https:\/\/kerekparbalaton.hu\/ru\/wp-json\/wp\/v2\/product_brand?post=4821"},{"taxonomy":"product_cat","embeddable":true,"href":"https:\/\/kerekparbalaton.hu\/ru\/wp-json\/wp\/v2\/product_cat?post=4821"},{"taxonomy":"product_tag","embeddable":true,"href":"https:\/\/kerekparbalaton.hu\/ru\/wp-json\/wp\/v2\/product_tag?post=4821"}],"curies":[{"name":"wp","href":"https:\/\/api.w.org\/{rel}","templated":true}]}}