{"id":3991,"date":"2025-10-29T13:09:06","date_gmt":"2025-10-29T13:09:06","guid":{"rendered":"https:\/\/kerekparbalaton.hu\/?post_type=product&#038;p=3991"},"modified":"2025-12-18T08:50:31","modified_gmt":"2025-12-18T08:50:31","slug":"aeroglide-2","status":"publish","type":"product","link":"https:\/\/kerekparbalaton.hu\/ru\/product\/aeroglide-2\/","title":{"rendered":"Aeroglide 2"},"content":{"rendered":"<p><span style=\"font-weight: 400;\">A Salomon Aero Glide 3 \u00fajradefini\u00e1lja a fut\u00e1sodat az energi\u00e1val teli p\u00e1rn\u00e1zotts\u00e1ggal \u00e9s a kiv\u00e9teles k\u00e9nyelemmel. Ez a h\u00e9tk\u00f6znapi fut\u00e1sokra tervezett cip\u0151 magas habr\u00e9tegre \u00e9p\u00fcl, amely dinamikus, p\u00e1rn\u00e1zott l\u00e9p\u00e9seket biztos\u00edt az els\u0151 l\u00e9p\u00e9st\u0151l az utols\u00f3ig. Innovat\u00edv, varr\u00e1smentes fels\u0151r\u00e9sz-konstrukci\u00f3val rendelkezik, amely kiv\u00e1l\u00f3 illeszked\u00e9st tesz lehet\u0151v\u00e9.<\/span><\/p>\n<p><span style=\"font-weight: 400;\">Road Contagrip\u00ae &#8211; lapos, sz\u00e9les bar\u00e1zd\u00e1kat egyes\u00edt a s\u00edk, kem\u00e9ny fel\u00fcleteken val\u00f3 tapad\u00e1s \u00e9rdek\u00e9ben, olyan kever\u00e9kkel, amely kiegyens\u00falyozottan biztos\u00edtja a tart\u00f3ss\u00e1got \u00e9s a tapad\u00e1st. Reverse Camber &#8211; ez az \u00edvelt k\u00f6z\u00e9ptalp geometria seg\u00edt abban, hogy \u00fagy \u00e9rezd, mintha lebegn\u00e9l a talaj felett. EnergyFOAM evo &#8211; k\u00f6nny\u0171 hab, kiv\u00e1l\u00f3 energia-visszanyer\u00e9ssel a lend\u00fcletes fut\u00e1s \u00e9rdek\u00e9ben. Varr\u00e1s n\u00e9lk\u00fcli, 3D Mesh fels\u0151r\u00e9sz &#8211; maxim\u00e1lis l\u00e9g\u00e1tereszt\u0151 k\u00e9pess\u00e9get biztos\u00edt. Form\u00e1zott OrthoLite\u00ae talpbet\u00e9t &#8211; kiv\u00e1l\u00f3 p\u00e1rn\u00e1zotts\u00e1got, l\u00e9g\u00e1tereszt\u0151 k\u00e9pess\u00e9get \u00e9s tart\u00f3ss\u00e1got biztos\u00edt, \u00edgy jav\u00edtja a cip\u0151 k\u00e9nyelm\u00e9t \u00e9s teljes\u00edtm\u00e9ny\u00e9t.<\/span><\/p>\n<p><span style=\"font-weight: 400;\">\u00dajrahasznos\u00edtott anyagok felhaszn\u00e1l\u00e1s\u00e1val k\u00e9sz\u00fclt. Aszfaltra tervezve.<\/span><\/p>","protected":false},"excerpt":{"rendered":"<p>A Salomon Aero Glide 3 \u00fajradefini\u00e1lja a fut\u00e1sodat az energi\u00e1val teli p\u00e1rn\u00e1zotts\u00e1ggal \u00e9s a kiv\u00e9teles k\u00e9nyelemmel. Ez a h\u00e9tk\u00f6znapi fut\u00e1sokra tervezett cip\u0151 magas habr\u00e9tegre \u00e9p\u00fcl, amely dinamikus, p\u00e1rn\u00e1zott l\u00e9p\u00e9seket biztos\u00edt az els\u0151 l\u00e9p\u00e9st\u0151l az utols\u00f3ig. Innovat\u00edv, varr\u00e1smentes fels\u0151r\u00e9sz-konstrukci\u00f3val rendelkezik, amely kiv\u00e1l\u00f3 illeszked\u00e9st tesz lehet\u0151v\u00e9. Road Contagrip\u00ae &#8211; lapos, sz\u00e9les bar\u00e1zd\u00e1kat egyes\u00edt a s\u00edk, kem\u00e9ny fel\u00fcleteken [&hellip;]<\/p>\n","protected":false},"featured_media":4555,"comment_status":"open","ping_status":"closed","template":"","meta":[],"product_brand":[],"product_cat":[69,65],"product_tag":[],"class_list":{"0":"post-3991","1":"product","2":"type-product","3":"status-publish","4":"has-post-thumbnail","6":"product_cat-cipo","7":"product_cat-futas","9":"first","10":"instock","11":"sale","12":"shipping-taxable","13":"purchasable","14":"product-type-variable"},"yoast_head":"<!-- This site is optimized with the Yoast SEO plugin v27.5 - https:\/\/yoast.com\/product\/yoast-seo-wordpress\/ -->\n<title>Aeroglide 2 - kerekparbalaton.hu<\/title>\n<meta name=\"robots\" content=\"index, follow, max-snippet:-1, max-image-preview:large, max-video-preview:-1\" \/>\n<link rel=\"canonical\" href=\"https:\/\/kerekparbalaton.hu\/ru\/product\/aeroglide-2\/\" \/>\n<meta property=\"og:locale\" content=\"ru_RU\" \/>\n<meta property=\"og:type\" content=\"article\" \/>\n<meta property=\"og:title\" content=\"Aeroglide 2 - kerekparbalaton.hu\" \/>\n<meta property=\"og:description\" content=\"A Salomon Aero Glide 3 \u00fajradefini\u00e1lja a fut\u00e1sodat az energi\u00e1val teli p\u00e1rn\u00e1zotts\u00e1ggal \u00e9s a kiv\u00e9teles k\u00e9nyelemmel. Ez a h\u00e9tk\u00f6znapi fut\u00e1sokra tervezett cip\u0151 magas habr\u00e9tegre \u00e9p\u00fcl, amely dinamikus, p\u00e1rn\u00e1zott l\u00e9p\u00e9seket biztos\u00edt az els\u0151 l\u00e9p\u00e9st\u0151l az utols\u00f3ig. Innovat\u00edv, varr\u00e1smentes fels\u0151r\u00e9sz-konstrukci\u00f3val rendelkezik, amely kiv\u00e1l\u00f3 illeszked\u00e9st tesz lehet\u0151v\u00e9. Road Contagrip\u00ae &#8211; lapos, sz\u00e9les bar\u00e1zd\u00e1kat egyes\u00edt a s\u00edk, kem\u00e9ny fel\u00fcleteken [&hellip;]\" \/>\n<meta property=\"og:url\" content=\"https:\/\/kerekparbalaton.hu\/ru\/product\/aeroglide-2\/\" \/>\n<meta property=\"og:site_name\" content=\"kerekparbalaton.hu\" \/>\n<meta property=\"article:modified_time\" content=\"2025-12-18T08:50:31+00:00\" \/>\n<meta property=\"og:image\" content=\"https:\/\/kerekparbalaton.hu\/wp-content\/uploads\/2025\/10\/Aeroglide-2-sarga1.webp\" \/>\n\t<meta property=\"og:image:width\" content=\"1000\" \/>\n\t<meta property=\"og:image:height\" content=\"1000\" \/>\n\t<meta property=\"og:image:type\" content=\"image\/webp\" \/>\n<meta name=\"twitter:card\" content=\"summary_large_image\" \/>\n<meta name=\"twitter:label1\" content=\"\u041f\u0440\u0438\u043c\u0435\u0440\u043d\u043e\u0435 \u0432\u0440\u0435\u043c\u044f \u0434\u043b\u044f \u0447\u0442\u0435\u043d\u0438\u044f\" \/>\n\t<meta name=\"twitter:data1\" content=\"1 \u043c\u0438\u043d\u0443\u0442\u0430\" \/>\n<script type=\"application\/ld+json\" class=\"yoast-schema-graph\">{\"@context\":\"https:\\\/\\\/schema.org\",\"@graph\":[{\"@type\":\"WebPage\",\"@id\":\"https:\\\/\\\/kerekparbalaton.hu\\\/termek\\\/aeroglide-2\\\/\",\"url\":\"https:\\\/\\\/kerekparbalaton.hu\\\/termek\\\/aeroglide-2\\\/\",\"name\":\"Aeroglide 2 - kerekparbalaton.hu\",\"isPartOf\":{\"@id\":\"https:\\\/\\\/kerekparbalaton.hu\\\/#website\"},\"primaryImageOfPage\":{\"@id\":\"https:\\\/\\\/kerekparbalaton.hu\\\/termek\\\/aeroglide-2\\\/#primaryimage\"},\"image\":{\"@id\":\"https:\\\/\\\/kerekparbalaton.hu\\\/termek\\\/aeroglide-2\\\/#primaryimage\"},\"thumbnailUrl\":\"https:\\\/\\\/kerekparbalaton.hu\\\/wp-content\\\/uploads\\\/2025\\\/10\\\/Aeroglide-2-sarga1.webp\",\"datePublished\":\"2025-10-29T13:09:06+00:00\",\"dateModified\":\"2025-12-18T08:50:31+00:00\",\"breadcrumb\":{\"@id\":\"https:\\\/\\\/kerekparbalaton.hu\\\/termek\\\/aeroglide-2\\\/#breadcrumb\"},\"inLanguage\":\"ru-RU\",\"potentialAction\":[{\"@type\":\"ReadAction\",\"target\":[\"https:\\\/\\\/kerekparbalaton.hu\\\/termek\\\/aeroglide-2\\\/\"]}]},{\"@type\":\"ImageObject\",\"inLanguage\":\"ru-RU\",\"@id\":\"https:\\\/\\\/kerekparbalaton.hu\\\/termek\\\/aeroglide-2\\\/#primaryimage\",\"url\":\"https:\\\/\\\/kerekparbalaton.hu\\\/wp-content\\\/uploads\\\/2025\\\/10\\\/Aeroglide-2-sarga1.webp\",\"contentUrl\":\"https:\\\/\\\/kerekparbalaton.hu\\\/wp-content\\\/uploads\\\/2025\\\/10\\\/Aeroglide-2-sarga1.webp\",\"width\":1000,\"height\":1000},{\"@type\":\"BreadcrumbList\",\"@id\":\"https:\\\/\\\/kerekparbalaton.hu\\\/termek\\\/aeroglide-2\\\/#breadcrumb\",\"itemListElement\":[{\"@type\":\"ListItem\",\"position\":1,\"name\":\"Kezd\u0151lap\",\"item\":\"https:\\\/\\\/kerekparbalaton.hu\\\/\"},{\"@type\":\"ListItem\",\"position\":2,\"name\":\"Shop\",\"item\":\"https:\\\/\\\/kerekparbalaton.hu\\\/uzlet\\\/\"},{\"@type\":\"ListItem\",\"position\":3,\"name\":\"Aeroglide 2\"}]},{\"@type\":\"WebSite\",\"@id\":\"https:\\\/\\\/kerekparbalaton.hu\\\/#website\",\"url\":\"https:\\\/\\\/kerekparbalaton.hu\\\/\",\"name\":\"kerekparbalaton.hu\",\"description\":\"Ker\u00e9kp\u00e1rb\u00e9rl\u00e9s Balaton\",\"publisher\":{\"@id\":\"https:\\\/\\\/kerekparbalaton.hu\\\/#organization\"},\"potentialAction\":[{\"@type\":\"SearchAction\",\"target\":{\"@type\":\"EntryPoint\",\"urlTemplate\":\"https:\\\/\\\/kerekparbalaton.hu\\\/?s={search_term_string}\"},\"query-input\":{\"@type\":\"PropertyValueSpecification\",\"valueRequired\":true,\"valueName\":\"search_term_string\"}}],\"inLanguage\":\"ru-RU\"},{\"@type\":\"Organization\",\"@id\":\"https:\\\/\\\/kerekparbalaton.hu\\\/#organization\",\"name\":\"kerekparbalaton.hu\",\"url\":\"https:\\\/\\\/kerekparbalaton.hu\\\/\",\"logo\":{\"@type\":\"ImageObject\",\"inLanguage\":\"ru-RU\",\"@id\":\"https:\\\/\\\/kerekparbalaton.hu\\\/#\\\/schema\\\/logo\\\/image\\\/\",\"url\":\"https:\\\/\\\/kerekparbalaton.hu\\\/wp-content\\\/uploads\\\/2023\\\/12\\\/Csopi-kerekpar-redesign-e1718779950933.png\",\"contentUrl\":\"https:\\\/\\\/kerekparbalaton.hu\\\/wp-content\\\/uploads\\\/2023\\\/12\\\/Csopi-kerekpar-redesign-e1718779950933.png\",\"width\":1000,\"height\":436,\"caption\":\"kerekparbalaton.hu\"},\"image\":{\"@id\":\"https:\\\/\\\/kerekparbalaton.hu\\\/#\\\/schema\\\/logo\\\/image\\\/\"}}]}<\/script>\n<!-- \/ Yoast SEO plugin. -->","yoast_head_json":{"title":"Aeroglide 2 - kerekparbalaton.hu","robots":{"index":"index","follow":"follow","max-snippet":"max-snippet:-1","max-image-preview":"max-image-preview:large","max-video-preview":"max-video-preview:-1"},"canonical":"https:\/\/kerekparbalaton.hu\/ru\/product\/aeroglide-2\/","og_locale":"ru_RU","og_type":"article","og_title":"Aeroglide 2 - kerekparbalaton.hu","og_description":"A Salomon Aero Glide 3 \u00fajradefini\u00e1lja a fut\u00e1sodat az energi\u00e1val teli p\u00e1rn\u00e1zotts\u00e1ggal \u00e9s a kiv\u00e9teles k\u00e9nyelemmel. Ez a h\u00e9tk\u00f6znapi fut\u00e1sokra tervezett cip\u0151 magas habr\u00e9tegre \u00e9p\u00fcl, amely dinamikus, p\u00e1rn\u00e1zott l\u00e9p\u00e9seket biztos\u00edt az els\u0151 l\u00e9p\u00e9st\u0151l az utols\u00f3ig. Innovat\u00edv, varr\u00e1smentes fels\u0151r\u00e9sz-konstrukci\u00f3val rendelkezik, amely kiv\u00e1l\u00f3 illeszked\u00e9st tesz lehet\u0151v\u00e9. Road Contagrip\u00ae &#8211; lapos, sz\u00e9les bar\u00e1zd\u00e1kat egyes\u00edt a s\u00edk, kem\u00e9ny fel\u00fcleteken [&hellip;]","og_url":"https:\/\/kerekparbalaton.hu\/ru\/product\/aeroglide-2\/","og_site_name":"kerekparbalaton.hu","article_modified_time":"2025-12-18T08:50:31+00:00","og_image":[{"width":1000,"height":1000,"url":"https:\/\/kerekparbalaton.hu\/wp-content\/uploads\/2025\/10\/Aeroglide-2-sarga1.webp","type":"image\/webp"}],"twitter_card":"summary_large_image","twitter_misc":{"\u041f\u0440\u0438\u043c\u0435\u0440\u043d\u043e\u0435 \u0432\u0440\u0435\u043c\u044f \u0434\u043b\u044f \u0447\u0442\u0435\u043d\u0438\u044f":"1 \u043c\u0438\u043d\u0443\u0442\u0430"},"schema":{"@context":"https:\/\/schema.org","@graph":[{"@type":"WebPage","@id":"https:\/\/kerekparbalaton.hu\/termek\/aeroglide-2\/","url":"https:\/\/kerekparbalaton.hu\/termek\/aeroglide-2\/","name":"Aeroglide 2 - kerekparbalaton.hu","isPartOf":{"@id":"https:\/\/kerekparbalaton.hu\/#website"},"primaryImageOfPage":{"@id":"https:\/\/kerekparbalaton.hu\/termek\/aeroglide-2\/#primaryimage"},"image":{"@id":"https:\/\/kerekparbalaton.hu\/termek\/aeroglide-2\/#primaryimage"},"thumbnailUrl":"https:\/\/kerekparbalaton.hu\/wp-content\/uploads\/2025\/10\/Aeroglide-2-sarga1.webp","datePublished":"2025-10-29T13:09:06+00:00","dateModified":"2025-12-18T08:50:31+00:00","breadcrumb":{"@id":"https:\/\/kerekparbalaton.hu\/termek\/aeroglide-2\/#breadcrumb"},"inLanguage":"ru-RU","potentialAction":[{"@type":"ReadAction","target":["https:\/\/kerekparbalaton.hu\/termek\/aeroglide-2\/"]}]},{"@type":"ImageObject","inLanguage":"ru-RU","@id":"https:\/\/kerekparbalaton.hu\/termek\/aeroglide-2\/#primaryimage","url":"https:\/\/kerekparbalaton.hu\/wp-content\/uploads\/2025\/10\/Aeroglide-2-sarga1.webp","contentUrl":"https:\/\/kerekparbalaton.hu\/wp-content\/uploads\/2025\/10\/Aeroglide-2-sarga1.webp","width":1000,"height":1000},{"@type":"BreadcrumbList","@id":"https:\/\/kerekparbalaton.hu\/termek\/aeroglide-2\/#breadcrumb","itemListElement":[{"@type":"ListItem","position":1,"name":"Kezd\u0151lap","item":"https:\/\/kerekparbalaton.hu\/"},{"@type":"ListItem","position":2,"name":"Shop","item":"https:\/\/kerekparbalaton.hu\/uzlet\/"},{"@type":"ListItem","position":3,"name":"Aeroglide 2"}]},{"@type":"WebSite","@id":"https:\/\/kerekparbalaton.hu\/#website","url":"https:\/\/kerekparbalaton.hu\/","name":"roundparbalaton.hu","description":"\u041f\u0440\u043e\u043a\u0430\u0442 \u0432\u0435\u043b\u043e\u0441\u0438\u043f\u0435\u0434\u043e\u0432 \u0411\u0430\u043b\u0430\u0442\u043e\u043d","publisher":{"@id":"https:\/\/kerekparbalaton.hu\/#organization"},"potentialAction":[{"@type":"SearchAction","target":{"@type":"EntryPoint","urlTemplate":"https:\/\/kerekparbalaton.hu\/?s={search_term_string}"},"query-input":{"@type":"PropertyValueSpecification","valueRequired":true,"valueName":"search_term_string"}}],"inLanguage":"ru-RU"},{"@type":"Organization","@id":"https:\/\/kerekparbalaton.hu\/#organization","name":"roundparbalaton.hu","url":"https:\/\/kerekparbalaton.hu\/","logo":{"@type":"ImageObject","inLanguage":"ru-RU","@id":"https:\/\/kerekparbalaton.hu\/#\/schema\/logo\/image\/","url":"https:\/\/kerekparbalaton.hu\/wp-content\/uploads\/2023\/12\/Csopi-kerekpar-redesign-e1718779950933.png","contentUrl":"https:\/\/kerekparbalaton.hu\/wp-content\/uploads\/2023\/12\/Csopi-kerekpar-redesign-e1718779950933.png","width":1000,"height":436,"caption":"kerekparbalaton.hu"},"image":{"@id":"https:\/\/kerekparbalaton.hu\/#\/schema\/logo\/image\/"}}]}},"_links":{"self":[{"href":"https:\/\/kerekparbalaton.hu\/ru\/wp-json\/wp\/v2\/product\/3991","targetHints":{"allow":["GET"]}}],"collection":[{"href":"https:\/\/kerekparbalaton.hu\/ru\/wp-json\/wp\/v2\/product"}],"about":[{"href":"https:\/\/kerekparbalaton.hu\/ru\/wp-json\/wp\/v2\/types\/product"}],"replies":[{"embeddable":true,"href":"https:\/\/kerekparbalaton.hu\/ru\/wp-json\/wp\/v2\/comments?post=3991"}],"wp:featuredmedia":[{"embeddable":true,"href":"https:\/\/kerekparbalaton.hu\/ru\/wp-json\/wp\/v2\/media\/4555"}],"wp:attachment":[{"href":"https:\/\/kerekparbalaton.hu\/ru\/wp-json\/wp\/v2\/media?parent=3991"}],"wp:term":[{"taxonomy":"product_brand","embeddable":true,"href":"https:\/\/kerekparbalaton.hu\/ru\/wp-json\/wp\/v2\/product_brand?post=3991"},{"taxonomy":"product_cat","embeddable":true,"href":"https:\/\/kerekparbalaton.hu\/ru\/wp-json\/wp\/v2\/product_cat?post=3991"},{"taxonomy":"product_tag","embeddable":true,"href":"https:\/\/kerekparbalaton.hu\/ru\/wp-json\/wp\/v2\/product_tag?post=3991"}],"curies":[{"name":"wp","href":"https:\/\/api.w.org\/{rel}","templated":true}]}}