{"id":3961,"date":"2025-10-29T13:09:01","date_gmt":"2025-10-29T13:09:01","guid":{"rendered":"https:\/\/kerekparbalaton.hu\/?post_type=product&#038;p=3961"},"modified":"2025-11-13T17:08:02","modified_gmt":"2025-11-13T17:08:02","slug":"aero-blaze-3-grv-w","status":"publish","type":"product","link":"https:\/\/kerekparbalaton.hu\/ru\/product\/aero-blaze-3-grv-w\/","title":{"rendered":"Aero Blaze 3 GRV W"},"content":{"rendered":"<p><span style=\"font-weight: 400;\">Az AERO BLAZE 3 t\u00f6k\u00e9letes egy\u00fcttes\u00e9t hozza a p\u00e1rn\u00e1zotts\u00e1gnak \u00e9s a dinamik\u00e1nak fut\u00e1sad sor\u00e1n \u00e9s elk\u00eds\u00e9r az aszfalton t\u00fal a k\u00f6nnyebb terepekre is. Nem t\u00fals\u00e1gosan puha, de nem is kem\u00e9ny k\u00f6z\u00e9ptalppal k\u00e9sz\u00fclt, az enrgyFOAM evo hab megfelel\u0151 p\u00e1rn\u00e1zotts\u00e1got biztos\u00edt a talajra\u00e9rkez\u00e9skor \u00e9s kiv\u00e1l\u00f3 energiavisszaad\u00e1si mutat\u00f3kkal rendelkezik. A sima, mag\u00e1t\u00f3l \u00e9rtet\u0151d\u0151 \u00e1tg\u00f6rd\u00fcl\u00e9st a t\u00e1maszf\u00e1zisban az \u00edvelt rocker talpgeometria biztos\u00edtja, \u00edgy gyorsan az elrugaszkod\u00e1si f\u00e1zisba ker\u00fclsz a fut\u00f3l\u00e9p\u00e9s alatt. sensiFIT fels\u0151r\u00e9sszel k\u00e9sz\u00fcl, mely remek\u00fcl tart, de k\u00e9nyelmes \u00e9rz\u00e9st ny\u00fajt, a h\u00e1l\u00f3s anyag k\u00e9nyelmes \u00e9s j\u00f3l szell\u0151zik. A k\u00fcls\u0151 talp tapad\u00e1s\u00e1t a v\u00e1ltoz\u00f3 k\u00f6r\u00fclm\u00e9nyek k\u00f6z\u00f6tt a Chevron lugs mint\u00e1zat biztos\u00edtja. A SALOMON legt\u00f6bb terepfut\u00f3cip\u0151j\u00e9vel ellent\u00e9tben norm\u00e1l f\u0171z\u0151rendszerrel k\u00e9sz\u00fcl. A cip\u0151 rendk\u00edv\u00fcl k\u00f6nny\u0171, kiv\u00e1l\u00f3 edz\u00e9sekre, temp\u00f3sabb fut\u00e1sokra \u00e9s versenyekre is.<\/span><\/p>","protected":false},"excerpt":{"rendered":"<p>Az AERO BLAZE 3 t\u00f6k\u00e9letes egy\u00fcttes\u00e9t hozza a p\u00e1rn\u00e1zotts\u00e1gnak \u00e9s a dinamik\u00e1nak fut\u00e1sad sor\u00e1n \u00e9s elk\u00eds\u00e9r az aszfalton t\u00fal a k\u00f6nnyebb terepekre is. Nem t\u00fals\u00e1gosan puha, de nem is kem\u00e9ny k\u00f6z\u00e9ptalppal k\u00e9sz\u00fclt, az enrgyFOAM evo hab megfelel\u0151 p\u00e1rn\u00e1zotts\u00e1got biztos\u00edt a talajra\u00e9rkez\u00e9skor \u00e9s kiv\u00e1l\u00f3 energiavisszaad\u00e1si mutat\u00f3kkal rendelkezik. A sima, mag\u00e1t\u00f3l \u00e9rtet\u0151d\u0151 \u00e1tg\u00f6rd\u00fcl\u00e9st a t\u00e1maszf\u00e1zisban az \u00edvelt [&hellip;]<\/p>\n","protected":false},"featured_media":4554,"comment_status":"open","ping_status":"closed","template":"","meta":[],"product_brand":[],"product_cat":[69,65],"product_tag":[],"class_list":{"0":"post-3961","1":"product","2":"type-product","3":"status-publish","4":"has-post-thumbnail","6":"product_cat-cipo","7":"product_cat-futas","9":"first","10":"instock","11":"sale","12":"shipping-taxable","13":"purchasable","14":"product-type-variable"},"yoast_head":"<!-- This site is optimized with the Yoast SEO plugin v27.5 - https:\/\/yoast.com\/product\/yoast-seo-wordpress\/ -->\n<title>Aero Blaze 3 GRV W - kerekparbalaton.hu<\/title>\n<meta name=\"robots\" content=\"index, follow, max-snippet:-1, max-image-preview:large, max-video-preview:-1\" \/>\n<link rel=\"canonical\" href=\"https:\/\/kerekparbalaton.hu\/ru\/product\/aero-blaze-3-grv-w\/\" \/>\n<meta property=\"og:locale\" content=\"ru_RU\" \/>\n<meta property=\"og:type\" content=\"article\" \/>\n<meta property=\"og:title\" content=\"Aero Blaze 3 GRV W - kerekparbalaton.hu\" \/>\n<meta property=\"og:description\" content=\"Az AERO BLAZE 3 t\u00f6k\u00e9letes egy\u00fcttes\u00e9t hozza a p\u00e1rn\u00e1zotts\u00e1gnak \u00e9s a dinamik\u00e1nak fut\u00e1sad sor\u00e1n \u00e9s elk\u00eds\u00e9r az aszfalton t\u00fal a k\u00f6nnyebb terepekre is. Nem t\u00fals\u00e1gosan puha, de nem is kem\u00e9ny k\u00f6z\u00e9ptalppal k\u00e9sz\u00fclt, az enrgyFOAM evo hab megfelel\u0151 p\u00e1rn\u00e1zotts\u00e1got biztos\u00edt a talajra\u00e9rkez\u00e9skor \u00e9s kiv\u00e1l\u00f3 energiavisszaad\u00e1si mutat\u00f3kkal rendelkezik. A sima, mag\u00e1t\u00f3l \u00e9rtet\u0151d\u0151 \u00e1tg\u00f6rd\u00fcl\u00e9st a t\u00e1maszf\u00e1zisban az \u00edvelt [&hellip;]\" \/>\n<meta property=\"og:url\" content=\"https:\/\/kerekparbalaton.hu\/ru\/product\/aero-blaze-3-grv-w\/\" \/>\n<meta property=\"og:site_name\" content=\"kerekparbalaton.hu\" \/>\n<meta property=\"article:modified_time\" content=\"2025-11-13T17:08:02+00:00\" \/>\n<meta property=\"og:image\" content=\"https:\/\/kerekparbalaton.hu\/wp-content\/uploads\/2025\/10\/Aero-Blaze-3-GRVL-vajszin.webp\" \/>\n\t<meta property=\"og:image:width\" content=\"1000\" \/>\n\t<meta property=\"og:image:height\" content=\"1000\" \/>\n\t<meta property=\"og:image:type\" content=\"image\/webp\" \/>\n<meta name=\"twitter:card\" content=\"summary_large_image\" \/>\n<meta name=\"twitter:label1\" content=\"\u041f\u0440\u0438\u043c\u0435\u0440\u043d\u043e\u0435 \u0432\u0440\u0435\u043c\u044f \u0434\u043b\u044f \u0447\u0442\u0435\u043d\u0438\u044f\" \/>\n\t<meta name=\"twitter:data1\" content=\"1 \u043c\u0438\u043d\u0443\u0442\u0430\" \/>\n<script type=\"application\/ld+json\" class=\"yoast-schema-graph\">{\"@context\":\"https:\\\/\\\/schema.org\",\"@graph\":[{\"@type\":\"WebPage\",\"@id\":\"https:\\\/\\\/kerekparbalaton.hu\\\/termek\\\/aero-blaze-3-grv-w\\\/\",\"url\":\"https:\\\/\\\/kerekparbalaton.hu\\\/termek\\\/aero-blaze-3-grv-w\\\/\",\"name\":\"Aero Blaze 3 GRV W - kerekparbalaton.hu\",\"isPartOf\":{\"@id\":\"https:\\\/\\\/kerekparbalaton.hu\\\/#website\"},\"primaryImageOfPage\":{\"@id\":\"https:\\\/\\\/kerekparbalaton.hu\\\/termek\\\/aero-blaze-3-grv-w\\\/#primaryimage\"},\"image\":{\"@id\":\"https:\\\/\\\/kerekparbalaton.hu\\\/termek\\\/aero-blaze-3-grv-w\\\/#primaryimage\"},\"thumbnailUrl\":\"https:\\\/\\\/kerekparbalaton.hu\\\/wp-content\\\/uploads\\\/2025\\\/10\\\/Aero-Blaze-3-GRVL-vajszin.webp\",\"datePublished\":\"2025-10-29T13:09:01+00:00\",\"dateModified\":\"2025-11-13T17:08:02+00:00\",\"breadcrumb\":{\"@id\":\"https:\\\/\\\/kerekparbalaton.hu\\\/termek\\\/aero-blaze-3-grv-w\\\/#breadcrumb\"},\"inLanguage\":\"ru-RU\",\"potentialAction\":[{\"@type\":\"ReadAction\",\"target\":[\"https:\\\/\\\/kerekparbalaton.hu\\\/termek\\\/aero-blaze-3-grv-w\\\/\"]}]},{\"@type\":\"ImageObject\",\"inLanguage\":\"ru-RU\",\"@id\":\"https:\\\/\\\/kerekparbalaton.hu\\\/termek\\\/aero-blaze-3-grv-w\\\/#primaryimage\",\"url\":\"https:\\\/\\\/kerekparbalaton.hu\\\/wp-content\\\/uploads\\\/2025\\\/10\\\/Aero-Blaze-3-GRVL-vajszin.webp\",\"contentUrl\":\"https:\\\/\\\/kerekparbalaton.hu\\\/wp-content\\\/uploads\\\/2025\\\/10\\\/Aero-Blaze-3-GRVL-vajszin.webp\",\"width\":1000,\"height\":1000},{\"@type\":\"BreadcrumbList\",\"@id\":\"https:\\\/\\\/kerekparbalaton.hu\\\/termek\\\/aero-blaze-3-grv-w\\\/#breadcrumb\",\"itemListElement\":[{\"@type\":\"ListItem\",\"position\":1,\"name\":\"Kezd\u0151lap\",\"item\":\"https:\\\/\\\/kerekparbalaton.hu\\\/\"},{\"@type\":\"ListItem\",\"position\":2,\"name\":\"Shop\",\"item\":\"https:\\\/\\\/kerekparbalaton.hu\\\/uzlet\\\/\"},{\"@type\":\"ListItem\",\"position\":3,\"name\":\"Aero Blaze 3 GRV W\"}]},{\"@type\":\"WebSite\",\"@id\":\"https:\\\/\\\/kerekparbalaton.hu\\\/#website\",\"url\":\"https:\\\/\\\/kerekparbalaton.hu\\\/\",\"name\":\"kerekparbalaton.hu\",\"description\":\"Ker\u00e9kp\u00e1rb\u00e9rl\u00e9s Balaton\",\"publisher\":{\"@id\":\"https:\\\/\\\/kerekparbalaton.hu\\\/#organization\"},\"potentialAction\":[{\"@type\":\"SearchAction\",\"target\":{\"@type\":\"EntryPoint\",\"urlTemplate\":\"https:\\\/\\\/kerekparbalaton.hu\\\/?s={search_term_string}\"},\"query-input\":{\"@type\":\"PropertyValueSpecification\",\"valueRequired\":true,\"valueName\":\"search_term_string\"}}],\"inLanguage\":\"ru-RU\"},{\"@type\":\"Organization\",\"@id\":\"https:\\\/\\\/kerekparbalaton.hu\\\/#organization\",\"name\":\"kerekparbalaton.hu\",\"url\":\"https:\\\/\\\/kerekparbalaton.hu\\\/\",\"logo\":{\"@type\":\"ImageObject\",\"inLanguage\":\"ru-RU\",\"@id\":\"https:\\\/\\\/kerekparbalaton.hu\\\/#\\\/schema\\\/logo\\\/image\\\/\",\"url\":\"https:\\\/\\\/kerekparbalaton.hu\\\/wp-content\\\/uploads\\\/2023\\\/12\\\/Csopi-kerekpar-redesign-e1718779950933.png\",\"contentUrl\":\"https:\\\/\\\/kerekparbalaton.hu\\\/wp-content\\\/uploads\\\/2023\\\/12\\\/Csopi-kerekpar-redesign-e1718779950933.png\",\"width\":1000,\"height\":436,\"caption\":\"kerekparbalaton.hu\"},\"image\":{\"@id\":\"https:\\\/\\\/kerekparbalaton.hu\\\/#\\\/schema\\\/logo\\\/image\\\/\"}}]}<\/script>\n<!-- \/ Yoast SEO plugin. -->","yoast_head_json":{"title":"Aero Blaze 3 GRV W - kerekparbalaton.hu","robots":{"index":"index","follow":"follow","max-snippet":"max-snippet:-1","max-image-preview":"max-image-preview:large","max-video-preview":"max-video-preview:-1"},"canonical":"https:\/\/kerekparbalaton.hu\/ru\/product\/aero-blaze-3-grv-w\/","og_locale":"ru_RU","og_type":"article","og_title":"Aero Blaze 3 GRV W - kerekparbalaton.hu","og_description":"Az AERO BLAZE 3 t\u00f6k\u00e9letes egy\u00fcttes\u00e9t hozza a p\u00e1rn\u00e1zotts\u00e1gnak \u00e9s a dinamik\u00e1nak fut\u00e1sad sor\u00e1n \u00e9s elk\u00eds\u00e9r az aszfalton t\u00fal a k\u00f6nnyebb terepekre is. Nem t\u00fals\u00e1gosan puha, de nem is kem\u00e9ny k\u00f6z\u00e9ptalppal k\u00e9sz\u00fclt, az enrgyFOAM evo hab megfelel\u0151 p\u00e1rn\u00e1zotts\u00e1got biztos\u00edt a talajra\u00e9rkez\u00e9skor \u00e9s kiv\u00e1l\u00f3 energiavisszaad\u00e1si mutat\u00f3kkal rendelkezik. A sima, mag\u00e1t\u00f3l \u00e9rtet\u0151d\u0151 \u00e1tg\u00f6rd\u00fcl\u00e9st a t\u00e1maszf\u00e1zisban az \u00edvelt [&hellip;]","og_url":"https:\/\/kerekparbalaton.hu\/ru\/product\/aero-blaze-3-grv-w\/","og_site_name":"kerekparbalaton.hu","article_modified_time":"2025-11-13T17:08:02+00:00","og_image":[{"width":1000,"height":1000,"url":"https:\/\/kerekparbalaton.hu\/wp-content\/uploads\/2025\/10\/Aero-Blaze-3-GRVL-vajszin.webp","type":"image\/webp"}],"twitter_card":"summary_large_image","twitter_misc":{"\u041f\u0440\u0438\u043c\u0435\u0440\u043d\u043e\u0435 \u0432\u0440\u0435\u043c\u044f \u0434\u043b\u044f \u0447\u0442\u0435\u043d\u0438\u044f":"1 \u043c\u0438\u043d\u0443\u0442\u0430"},"schema":{"@context":"https:\/\/schema.org","@graph":[{"@type":"WebPage","@id":"https:\/\/kerekparbalaton.hu\/termek\/aero-blaze-3-grv-w\/","url":"https:\/\/kerekparbalaton.hu\/termek\/aero-blaze-3-grv-w\/","name":"Aero Blaze 3 GRV W - kerekparbalaton.hu","isPartOf":{"@id":"https:\/\/kerekparbalaton.hu\/#website"},"primaryImageOfPage":{"@id":"https:\/\/kerekparbalaton.hu\/termek\/aero-blaze-3-grv-w\/#primaryimage"},"image":{"@id":"https:\/\/kerekparbalaton.hu\/termek\/aero-blaze-3-grv-w\/#primaryimage"},"thumbnailUrl":"https:\/\/kerekparbalaton.hu\/wp-content\/uploads\/2025\/10\/Aero-Blaze-3-GRVL-vajszin.webp","datePublished":"2025-10-29T13:09:01+00:00","dateModified":"2025-11-13T17:08:02+00:00","breadcrumb":{"@id":"https:\/\/kerekparbalaton.hu\/termek\/aero-blaze-3-grv-w\/#breadcrumb"},"inLanguage":"ru-RU","potentialAction":[{"@type":"ReadAction","target":["https:\/\/kerekparbalaton.hu\/termek\/aero-blaze-3-grv-w\/"]}]},{"@type":"ImageObject","inLanguage":"ru-RU","@id":"https:\/\/kerekparbalaton.hu\/termek\/aero-blaze-3-grv-w\/#primaryimage","url":"https:\/\/kerekparbalaton.hu\/wp-content\/uploads\/2025\/10\/Aero-Blaze-3-GRVL-vajszin.webp","contentUrl":"https:\/\/kerekparbalaton.hu\/wp-content\/uploads\/2025\/10\/Aero-Blaze-3-GRVL-vajszin.webp","width":1000,"height":1000},{"@type":"BreadcrumbList","@id":"https:\/\/kerekparbalaton.hu\/termek\/aero-blaze-3-grv-w\/#breadcrumb","itemListElement":[{"@type":"ListItem","position":1,"name":"Kezd\u0151lap","item":"https:\/\/kerekparbalaton.hu\/"},{"@type":"ListItem","position":2,"name":"Shop","item":"https:\/\/kerekparbalaton.hu\/uzlet\/"},{"@type":"ListItem","position":3,"name":"Aero Blaze 3 GRV W"}]},{"@type":"WebSite","@id":"https:\/\/kerekparbalaton.hu\/#website","url":"https:\/\/kerekparbalaton.hu\/","name":"roundparbalaton.hu","description":"\u041f\u0440\u043e\u043a\u0430\u0442 \u0432\u0435\u043b\u043e\u0441\u0438\u043f\u0435\u0434\u043e\u0432 \u0411\u0430\u043b\u0430\u0442\u043e\u043d","publisher":{"@id":"https:\/\/kerekparbalaton.hu\/#organization"},"potentialAction":[{"@type":"SearchAction","target":{"@type":"EntryPoint","urlTemplate":"https:\/\/kerekparbalaton.hu\/?s={search_term_string}"},"query-input":{"@type":"PropertyValueSpecification","valueRequired":true,"valueName":"search_term_string"}}],"inLanguage":"ru-RU"},{"@type":"Organization","@id":"https:\/\/kerekparbalaton.hu\/#organization","name":"roundparbalaton.hu","url":"https:\/\/kerekparbalaton.hu\/","logo":{"@type":"ImageObject","inLanguage":"ru-RU","@id":"https:\/\/kerekparbalaton.hu\/#\/schema\/logo\/image\/","url":"https:\/\/kerekparbalaton.hu\/wp-content\/uploads\/2023\/12\/Csopi-kerekpar-redesign-e1718779950933.png","contentUrl":"https:\/\/kerekparbalaton.hu\/wp-content\/uploads\/2023\/12\/Csopi-kerekpar-redesign-e1718779950933.png","width":1000,"height":436,"caption":"kerekparbalaton.hu"},"image":{"@id":"https:\/\/kerekparbalaton.hu\/#\/schema\/logo\/image\/"}}]}},"_links":{"self":[{"href":"https:\/\/kerekparbalaton.hu\/ru\/wp-json\/wp\/v2\/product\/3961","targetHints":{"allow":["GET"]}}],"collection":[{"href":"https:\/\/kerekparbalaton.hu\/ru\/wp-json\/wp\/v2\/product"}],"about":[{"href":"https:\/\/kerekparbalaton.hu\/ru\/wp-json\/wp\/v2\/types\/product"}],"replies":[{"embeddable":true,"href":"https:\/\/kerekparbalaton.hu\/ru\/wp-json\/wp\/v2\/comments?post=3961"}],"wp:featuredmedia":[{"embeddable":true,"href":"https:\/\/kerekparbalaton.hu\/ru\/wp-json\/wp\/v2\/media\/4554"}],"wp:attachment":[{"href":"https:\/\/kerekparbalaton.hu\/ru\/wp-json\/wp\/v2\/media?parent=3961"}],"wp:term":[{"taxonomy":"product_brand","embeddable":true,"href":"https:\/\/kerekparbalaton.hu\/ru\/wp-json\/wp\/v2\/product_brand?post=3961"},{"taxonomy":"product_cat","embeddable":true,"href":"https:\/\/kerekparbalaton.hu\/ru\/wp-json\/wp\/v2\/product_cat?post=3961"},{"taxonomy":"product_tag","embeddable":true,"href":"https:\/\/kerekparbalaton.hu\/ru\/wp-json\/wp\/v2\/product_tag?post=3961"}],"curies":[{"name":"wp","href":"https:\/\/api.w.org\/{rel}","templated":true}]}}