{"id":3930,"date":"2025-10-29T13:08:55","date_gmt":"2025-10-29T13:08:55","guid":{"rendered":"https:\/\/kerekparbalaton.hu\/?post_type=product&#038;p=3930"},"modified":"2025-11-13T16:54:55","modified_gmt":"2025-11-13T16:54:55","slug":"chiru","status":"publish","type":"product","link":"https:\/\/kerekparbalaton.hu\/ru\/product\/chiru\/","title":{"rendered":"Chiru"},"content":{"rendered":"<p><span style=\"font-weight: 400;\">Magas min\u0151s\u00e9g\u0171 Lazer sisak MTB-ra \u00e9s v\u00e1rosi felhaszn\u00e1l\u00e1sra is. In-Mold technol\u00f3gi\u00e1j\u00fa h\u00e9jszerkezet biztos\u00edtja a magas biztons\u00e1gi szintet.<\/span><span style=\"font-weight: 400;\"><br \/>\n<\/span><span style=\"font-weight: 400;\">Turn Fit Plus r\u00f6gz\u00edt\u0151 rendszerrel, mely szor\u00edt\u00e1s \u00e9s nyom\u00e1spont-mentes r\u00f6gz\u00edt\u00e9st biztos\u00edt \u00e9s a fej teljes ker\u00fclet\u00e9t k\u00f6rbe \u00edveli. A h\u00e1ts\u00f3 r\u00f6gz\u00edt\u0151 r\u00e9sz magass\u00e1ga \u00e1ll\u00edthat\u00f3 a k\u00e9nyelem \u00e9rdek\u00e9ben. A f\u00fcl m\u00f6g\u00f6tti ejtett forma kialak\u00edt\u00e1s extra v\u00e9delmet ad a fej h\u00e1ts\u00f3 r\u00e9sz\u00e9n.\u00a0 A megfelel\u0151 szell\u0151z\u00e9sr\u0151l 15 nagym\u00e9ret\u0171 szell\u0151z\u0151ny\u00edl\u00e1s gondoskodik.<\/span><span style=\"font-weight: 400;\"><br \/>\n<\/span><span style=\"font-weight: 400;\">Unisex kialak\u00edt\u00e1s. Nagy m\u00e9ret\u0171 napellenz\u0151vel. S\u00faly: 305g<\/span><\/p>\n<p>&nbsp;<\/p>\n<p><span style=\"font-weight: 400;\">M\u00e9retek: S, M, L<\/span><\/p>","protected":false},"excerpt":{"rendered":"<p>Magas min\u0151s\u00e9g\u0171 Lazer sisak MTB-ra \u00e9s v\u00e1rosi felhaszn\u00e1l\u00e1sra is. In-Mold technol\u00f3gi\u00e1j\u00fa h\u00e9jszerkezet biztos\u00edtja a magas biztons\u00e1gi szintet. Turn Fit Plus r\u00f6gz\u00edt\u0151 rendszerrel, mely szor\u00edt\u00e1s \u00e9s nyom\u00e1spont-mentes r\u00f6gz\u00edt\u00e9st biztos\u00edt \u00e9s a fej teljes ker\u00fclet\u00e9t k\u00f6rbe \u00edveli. A h\u00e1ts\u00f3 r\u00f6gz\u00edt\u0151 r\u00e9sz magass\u00e1ga \u00e1ll\u00edthat\u00f3 a k\u00e9nyelem \u00e9rdek\u00e9ben. A f\u00fcl m\u00f6g\u00f6tti ejtett forma kialak\u00edt\u00e1s extra v\u00e9delmet ad a fej [&hellip;]<\/p>\n","protected":false},"featured_media":4529,"comment_status":"open","ping_status":"closed","template":"","meta":[],"product_brand":[],"product_cat":[198,202],"product_tag":[],"class_list":{"0":"post-3930","1":"product","2":"type-product","3":"status-publish","4":"has-post-thumbnail","6":"product_cat-kerekparozas","7":"product_cat-kiegeszitok-kerekparozas","9":"first","10":"instock","11":"shipping-taxable","12":"purchasable","13":"product-type-variable"},"yoast_head":"<!-- This site is optimized with the Yoast SEO plugin v27.5 - https:\/\/yoast.com\/product\/yoast-seo-wordpress\/ -->\n<title>Chiru - kerekparbalaton.hu<\/title>\n<meta name=\"robots\" content=\"index, follow, max-snippet:-1, max-image-preview:large, max-video-preview:-1\" \/>\n<link rel=\"canonical\" href=\"https:\/\/kerekparbalaton.hu\/ru\/product\/chiru\/\" \/>\n<meta property=\"og:locale\" content=\"ru_RU\" \/>\n<meta property=\"og:type\" content=\"article\" \/>\n<meta property=\"og:title\" content=\"Chiru - kerekparbalaton.hu\" \/>\n<meta property=\"og:description\" content=\"Magas min\u0151s\u00e9g\u0171 Lazer sisak MTB-ra \u00e9s v\u00e1rosi felhaszn\u00e1l\u00e1sra is. In-Mold technol\u00f3gi\u00e1j\u00fa h\u00e9jszerkezet biztos\u00edtja a magas biztons\u00e1gi szintet. Turn Fit Plus r\u00f6gz\u00edt\u0151 rendszerrel, mely szor\u00edt\u00e1s \u00e9s nyom\u00e1spont-mentes r\u00f6gz\u00edt\u00e9st biztos\u00edt \u00e9s a fej teljes ker\u00fclet\u00e9t k\u00f6rbe \u00edveli. A h\u00e1ts\u00f3 r\u00f6gz\u00edt\u0151 r\u00e9sz magass\u00e1ga \u00e1ll\u00edthat\u00f3 a k\u00e9nyelem \u00e9rdek\u00e9ben. A f\u00fcl m\u00f6g\u00f6tti ejtett forma kialak\u00edt\u00e1s extra v\u00e9delmet ad a fej [&hellip;]\" \/>\n<meta property=\"og:url\" content=\"https:\/\/kerekparbalaton.hu\/ru\/product\/chiru\/\" \/>\n<meta property=\"og:site_name\" content=\"kerekparbalaton.hu\" \/>\n<meta property=\"article:modified_time\" content=\"2025-11-13T16:54:55+00:00\" \/>\n<meta property=\"og:image\" content=\"https:\/\/kerekparbalaton.hu\/wp-content\/uploads\/2025\/10\/Chiru-fekete.webp\" \/>\n\t<meta property=\"og:image:width\" content=\"1000\" \/>\n\t<meta property=\"og:image:height\" content=\"1000\" \/>\n\t<meta property=\"og:image:type\" content=\"image\/webp\" \/>\n<meta name=\"twitter:card\" content=\"summary_large_image\" \/>\n<meta name=\"twitter:label1\" content=\"\u041f\u0440\u0438\u043c\u0435\u0440\u043d\u043e\u0435 \u0432\u0440\u0435\u043c\u044f \u0434\u043b\u044f \u0447\u0442\u0435\u043d\u0438\u044f\" \/>\n\t<meta name=\"twitter:data1\" content=\"1 \u043c\u0438\u043d\u0443\u0442\u0430\" \/>\n<script type=\"application\/ld+json\" class=\"yoast-schema-graph\">{\"@context\":\"https:\\\/\\\/schema.org\",\"@graph\":[{\"@type\":\"WebPage\",\"@id\":\"https:\\\/\\\/kerekparbalaton.hu\\\/termek\\\/chiru\\\/\",\"url\":\"https:\\\/\\\/kerekparbalaton.hu\\\/termek\\\/chiru\\\/\",\"name\":\"Chiru - kerekparbalaton.hu\",\"isPartOf\":{\"@id\":\"https:\\\/\\\/kerekparbalaton.hu\\\/#website\"},\"primaryImageOfPage\":{\"@id\":\"https:\\\/\\\/kerekparbalaton.hu\\\/termek\\\/chiru\\\/#primaryimage\"},\"image\":{\"@id\":\"https:\\\/\\\/kerekparbalaton.hu\\\/termek\\\/chiru\\\/#primaryimage\"},\"thumbnailUrl\":\"https:\\\/\\\/kerekparbalaton.hu\\\/wp-content\\\/uploads\\\/2025\\\/10\\\/Chiru-fekete.webp\",\"datePublished\":\"2025-10-29T13:08:55+00:00\",\"dateModified\":\"2025-11-13T16:54:55+00:00\",\"breadcrumb\":{\"@id\":\"https:\\\/\\\/kerekparbalaton.hu\\\/termek\\\/chiru\\\/#breadcrumb\"},\"inLanguage\":\"ru-RU\",\"potentialAction\":[{\"@type\":\"ReadAction\",\"target\":[\"https:\\\/\\\/kerekparbalaton.hu\\\/termek\\\/chiru\\\/\"]}]},{\"@type\":\"ImageObject\",\"inLanguage\":\"ru-RU\",\"@id\":\"https:\\\/\\\/kerekparbalaton.hu\\\/termek\\\/chiru\\\/#primaryimage\",\"url\":\"https:\\\/\\\/kerekparbalaton.hu\\\/wp-content\\\/uploads\\\/2025\\\/10\\\/Chiru-fekete.webp\",\"contentUrl\":\"https:\\\/\\\/kerekparbalaton.hu\\\/wp-content\\\/uploads\\\/2025\\\/10\\\/Chiru-fekete.webp\",\"width\":1000,\"height\":1000},{\"@type\":\"BreadcrumbList\",\"@id\":\"https:\\\/\\\/kerekparbalaton.hu\\\/termek\\\/chiru\\\/#breadcrumb\",\"itemListElement\":[{\"@type\":\"ListItem\",\"position\":1,\"name\":\"Kezd\u0151lap\",\"item\":\"https:\\\/\\\/kerekparbalaton.hu\\\/\"},{\"@type\":\"ListItem\",\"position\":2,\"name\":\"Shop\",\"item\":\"https:\\\/\\\/kerekparbalaton.hu\\\/uzlet\\\/\"},{\"@type\":\"ListItem\",\"position\":3,\"name\":\"Chiru\"}]},{\"@type\":\"WebSite\",\"@id\":\"https:\\\/\\\/kerekparbalaton.hu\\\/#website\",\"url\":\"https:\\\/\\\/kerekparbalaton.hu\\\/\",\"name\":\"kerekparbalaton.hu\",\"description\":\"Ker\u00e9kp\u00e1rb\u00e9rl\u00e9s Balaton\",\"publisher\":{\"@id\":\"https:\\\/\\\/kerekparbalaton.hu\\\/#organization\"},\"potentialAction\":[{\"@type\":\"SearchAction\",\"target\":{\"@type\":\"EntryPoint\",\"urlTemplate\":\"https:\\\/\\\/kerekparbalaton.hu\\\/?s={search_term_string}\"},\"query-input\":{\"@type\":\"PropertyValueSpecification\",\"valueRequired\":true,\"valueName\":\"search_term_string\"}}],\"inLanguage\":\"ru-RU\"},{\"@type\":\"Organization\",\"@id\":\"https:\\\/\\\/kerekparbalaton.hu\\\/#organization\",\"name\":\"kerekparbalaton.hu\",\"url\":\"https:\\\/\\\/kerekparbalaton.hu\\\/\",\"logo\":{\"@type\":\"ImageObject\",\"inLanguage\":\"ru-RU\",\"@id\":\"https:\\\/\\\/kerekparbalaton.hu\\\/#\\\/schema\\\/logo\\\/image\\\/\",\"url\":\"https:\\\/\\\/kerekparbalaton.hu\\\/wp-content\\\/uploads\\\/2023\\\/12\\\/Csopi-kerekpar-redesign-e1718779950933.png\",\"contentUrl\":\"https:\\\/\\\/kerekparbalaton.hu\\\/wp-content\\\/uploads\\\/2023\\\/12\\\/Csopi-kerekpar-redesign-e1718779950933.png\",\"width\":1000,\"height\":436,\"caption\":\"kerekparbalaton.hu\"},\"image\":{\"@id\":\"https:\\\/\\\/kerekparbalaton.hu\\\/#\\\/schema\\\/logo\\\/image\\\/\"}}]}<\/script>\n<!-- \/ Yoast SEO plugin. -->","yoast_head_json":{"title":"Chiru - kerekparbalaton.hu","robots":{"index":"index","follow":"follow","max-snippet":"max-snippet:-1","max-image-preview":"max-image-preview:large","max-video-preview":"max-video-preview:-1"},"canonical":"https:\/\/kerekparbalaton.hu\/ru\/product\/chiru\/","og_locale":"ru_RU","og_type":"article","og_title":"Chiru - kerekparbalaton.hu","og_description":"Magas min\u0151s\u00e9g\u0171 Lazer sisak MTB-ra \u00e9s v\u00e1rosi felhaszn\u00e1l\u00e1sra is. In-Mold technol\u00f3gi\u00e1j\u00fa h\u00e9jszerkezet biztos\u00edtja a magas biztons\u00e1gi szintet. Turn Fit Plus r\u00f6gz\u00edt\u0151 rendszerrel, mely szor\u00edt\u00e1s \u00e9s nyom\u00e1spont-mentes r\u00f6gz\u00edt\u00e9st biztos\u00edt \u00e9s a fej teljes ker\u00fclet\u00e9t k\u00f6rbe \u00edveli. A h\u00e1ts\u00f3 r\u00f6gz\u00edt\u0151 r\u00e9sz magass\u00e1ga \u00e1ll\u00edthat\u00f3 a k\u00e9nyelem \u00e9rdek\u00e9ben. A f\u00fcl m\u00f6g\u00f6tti ejtett forma kialak\u00edt\u00e1s extra v\u00e9delmet ad a fej [&hellip;]","og_url":"https:\/\/kerekparbalaton.hu\/ru\/product\/chiru\/","og_site_name":"kerekparbalaton.hu","article_modified_time":"2025-11-13T16:54:55+00:00","og_image":[{"width":1000,"height":1000,"url":"https:\/\/kerekparbalaton.hu\/wp-content\/uploads\/2025\/10\/Chiru-fekete.webp","type":"image\/webp"}],"twitter_card":"summary_large_image","twitter_misc":{"\u041f\u0440\u0438\u043c\u0435\u0440\u043d\u043e\u0435 \u0432\u0440\u0435\u043c\u044f \u0434\u043b\u044f \u0447\u0442\u0435\u043d\u0438\u044f":"1 \u043c\u0438\u043d\u0443\u0442\u0430"},"schema":{"@context":"https:\/\/schema.org","@graph":[{"@type":"WebPage","@id":"https:\/\/kerekparbalaton.hu\/termek\/chiru\/","url":"https:\/\/kerekparbalaton.hu\/termek\/chiru\/","name":"Chiru - kerekparbalaton.hu","isPartOf":{"@id":"https:\/\/kerekparbalaton.hu\/#website"},"primaryImageOfPage":{"@id":"https:\/\/kerekparbalaton.hu\/termek\/chiru\/#primaryimage"},"image":{"@id":"https:\/\/kerekparbalaton.hu\/termek\/chiru\/#primaryimage"},"thumbnailUrl":"https:\/\/kerekparbalaton.hu\/wp-content\/uploads\/2025\/10\/Chiru-fekete.webp","datePublished":"2025-10-29T13:08:55+00:00","dateModified":"2025-11-13T16:54:55+00:00","breadcrumb":{"@id":"https:\/\/kerekparbalaton.hu\/termek\/chiru\/#breadcrumb"},"inLanguage":"ru-RU","potentialAction":[{"@type":"ReadAction","target":["https:\/\/kerekparbalaton.hu\/termek\/chiru\/"]}]},{"@type":"ImageObject","inLanguage":"ru-RU","@id":"https:\/\/kerekparbalaton.hu\/termek\/chiru\/#primaryimage","url":"https:\/\/kerekparbalaton.hu\/wp-content\/uploads\/2025\/10\/Chiru-fekete.webp","contentUrl":"https:\/\/kerekparbalaton.hu\/wp-content\/uploads\/2025\/10\/Chiru-fekete.webp","width":1000,"height":1000},{"@type":"BreadcrumbList","@id":"https:\/\/kerekparbalaton.hu\/termek\/chiru\/#breadcrumb","itemListElement":[{"@type":"ListItem","position":1,"name":"Kezd\u0151lap","item":"https:\/\/kerekparbalaton.hu\/"},{"@type":"ListItem","position":2,"name":"Shop","item":"https:\/\/kerekparbalaton.hu\/uzlet\/"},{"@type":"ListItem","position":3,"name":"Chiru"}]},{"@type":"WebSite","@id":"https:\/\/kerekparbalaton.hu\/#website","url":"https:\/\/kerekparbalaton.hu\/","name":"roundparbalaton.hu","description":"\u041f\u0440\u043e\u043a\u0430\u0442 \u0432\u0435\u043b\u043e\u0441\u0438\u043f\u0435\u0434\u043e\u0432 \u0411\u0430\u043b\u0430\u0442\u043e\u043d","publisher":{"@id":"https:\/\/kerekparbalaton.hu\/#organization"},"potentialAction":[{"@type":"SearchAction","target":{"@type":"EntryPoint","urlTemplate":"https:\/\/kerekparbalaton.hu\/?s={search_term_string}"},"query-input":{"@type":"PropertyValueSpecification","valueRequired":true,"valueName":"search_term_string"}}],"inLanguage":"ru-RU"},{"@type":"Organization","@id":"https:\/\/kerekparbalaton.hu\/#organization","name":"roundparbalaton.hu","url":"https:\/\/kerekparbalaton.hu\/","logo":{"@type":"ImageObject","inLanguage":"ru-RU","@id":"https:\/\/kerekparbalaton.hu\/#\/schema\/logo\/image\/","url":"https:\/\/kerekparbalaton.hu\/wp-content\/uploads\/2023\/12\/Csopi-kerekpar-redesign-e1718779950933.png","contentUrl":"https:\/\/kerekparbalaton.hu\/wp-content\/uploads\/2023\/12\/Csopi-kerekpar-redesign-e1718779950933.png","width":1000,"height":436,"caption":"kerekparbalaton.hu"},"image":{"@id":"https:\/\/kerekparbalaton.hu\/#\/schema\/logo\/image\/"}}]}},"_links":{"self":[{"href":"https:\/\/kerekparbalaton.hu\/ru\/wp-json\/wp\/v2\/product\/3930","targetHints":{"allow":["GET"]}}],"collection":[{"href":"https:\/\/kerekparbalaton.hu\/ru\/wp-json\/wp\/v2\/product"}],"about":[{"href":"https:\/\/kerekparbalaton.hu\/ru\/wp-json\/wp\/v2\/types\/product"}],"replies":[{"embeddable":true,"href":"https:\/\/kerekparbalaton.hu\/ru\/wp-json\/wp\/v2\/comments?post=3930"}],"wp:featuredmedia":[{"embeddable":true,"href":"https:\/\/kerekparbalaton.hu\/ru\/wp-json\/wp\/v2\/media\/4529"}],"wp:attachment":[{"href":"https:\/\/kerekparbalaton.hu\/ru\/wp-json\/wp\/v2\/media?parent=3930"}],"wp:term":[{"taxonomy":"product_brand","embeddable":true,"href":"https:\/\/kerekparbalaton.hu\/ru\/wp-json\/wp\/v2\/product_brand?post=3930"},{"taxonomy":"product_cat","embeddable":true,"href":"https:\/\/kerekparbalaton.hu\/ru\/wp-json\/wp\/v2\/product_cat?post=3930"},{"taxonomy":"product_tag","embeddable":true,"href":"https:\/\/kerekparbalaton.hu\/ru\/wp-json\/wp\/v2\/product_tag?post=3930"}],"curies":[{"name":"wp","href":"https:\/\/api.w.org\/{rel}","templated":true}]}}