{"id":3894,"date":"2025-10-29T13:08:48","date_gmt":"2025-10-29T13:08:48","guid":{"rendered":"https:\/\/kerekparbalaton.hu\/termek\/bio-degraser-zsirtalanito\/"},"modified":"2025-11-10T13:15:56","modified_gmt":"2025-11-10T13:15:56","slug":"bio-degraser-zsirtalanito","status":"publish","type":"product","link":"https:\/\/kerekparbalaton.hu\/ru\/product\/bio-degraser-zsirtalanito\/","title":{"rendered":"Bio Degraser zs\u00edrtalan\u00edt\u00f3"},"content":{"rendered":"<p>A Muc-Off bio Degreaser zs\u00edrtalan\u00edt\u00f3 egy biol\u00f3giailag leboml\u00f3 rendk\u00edv\u00fcl hat\u00e9kony zs\u00edrold\u00f3.<\/p>\n<p>M\u00e9g a v\u00edz\u00e1ll\u00f3 zs\u00edrt is k\u00f6nnyed\u00e9n elt\u00e1vol\u00edtja. Nincs olyan zs\u00edr \u00e9s olaj, legyen az durva, ragad\u00f3s egy pillanat alatt elt\u00e1vol\u00edtja.<\/p>\n<p>B\u0151 v\u00edzzel lemoshat\u00f3! Biztons\u00e1gos a haszn\u00e1lata, nem b\u00e1ntja a t\u00f6m\u00edt\u00e9seket, f\u00e9m fel\u00fcleteket, f\u00e9nyez\u00e9st. Rendk\u00edv\u00fcl k\u00f6nny\u0171 \u00e9s gyors haszn\u00e1lat.<\/p>\n<p>Biol\u00f3giailag lebomlik! Sokoldal\u00fa felhaszn\u00e1l\u00e1s: L\u00e1ncok, fogaskerekek, csap\u00e1gyak.<\/p>\n<p>V\u00edzben old\u00f3d\u00f3 formula a k\u00f6nny\u0171 tiszt\u00edt\u00e1shoz.<\/p>\n<p>A legdurv\u00e1bb zs\u00edrral is elb\u00e1nik!<\/p>","protected":false},"excerpt":{"rendered":"<p>A Muc-Off bio Degreaser zs\u00edrtalan\u00edt\u00f3 egy biol\u00f3giailag leboml\u00f3 rendk\u00edv\u00fcl hat\u00e9kony zs\u00edrold\u00f3.<\/p>\n<p>M\u00e9g a v\u00edz\u00e1ll\u00f3 zs\u00edrt is k\u00f6nnyed\u00e9n elt\u00e1vol\u00edtja. Nincs olyan zs\u00edr \u00e9s olaj, legyen az durva, ragad\u00f3s egy pillanat alatt elt\u00e1vol\u00edtja.<\/p>","protected":false},"featured_media":4488,"comment_status":"open","ping_status":"closed","template":"","meta":[],"product_brand":[],"product_cat":[198,202],"product_tag":[],"class_list":{"0":"post-3894","1":"product","2":"type-product","3":"status-publish","4":"has-post-thumbnail","6":"product_cat-kerekparozas","7":"product_cat-kiegeszitok-kerekparozas","9":"first","10":"instock","11":"shipping-taxable","12":"purchasable","13":"product-type-simple"},"yoast_head":"<!-- This site is optimized with the Yoast SEO plugin v27.5 - https:\/\/yoast.com\/product\/yoast-seo-wordpress\/ -->\n<title>Bio Degraser zs\u00edrtalan\u00edt\u00f3 - kerekparbalaton.hu<\/title>\n<meta name=\"robots\" content=\"index, follow, max-snippet:-1, max-image-preview:large, max-video-preview:-1\" \/>\n<link rel=\"canonical\" href=\"https:\/\/kerekparbalaton.hu\/ru\/product\/bio-degraser-zsirtalanito\/\" \/>\n<meta property=\"og:locale\" content=\"ru_RU\" \/>\n<meta property=\"og:type\" content=\"article\" \/>\n<meta property=\"og:title\" content=\"Bio Degraser zs\u00edrtalan\u00edt\u00f3 - kerekparbalaton.hu\" \/>\n<meta property=\"og:description\" content=\"A Muc-Off bio Degreaser zs\u00edrtalan\u00edt\u00f3 egy biol\u00f3giailag leboml\u00f3 rendk\u00edv\u00fcl hat\u00e9kony zs\u00edrold\u00f3.  M\u00e9g a v\u00edz\u00e1ll\u00f3 zs\u00edrt is k\u00f6nnyed\u00e9n elt\u00e1vol\u00edtja. Nincs olyan zs\u00edr \u00e9s olaj, legyen az durva, ragad\u00f3s egy pillanat alatt elt\u00e1vol\u00edtja.\" \/>\n<meta property=\"og:url\" content=\"https:\/\/kerekparbalaton.hu\/ru\/product\/bio-degraser-zsirtalanito\/\" \/>\n<meta property=\"og:site_name\" content=\"kerekparbalaton.hu\" \/>\n<meta property=\"article:modified_time\" content=\"2025-11-10T13:15:56+00:00\" \/>\n<meta property=\"og:image\" content=\"https:\/\/kerekparbalaton.hu\/wp-content\/uploads\/2025\/10\/MucOff-Bio-Degreaser.webp\" \/>\n\t<meta property=\"og:image:width\" content=\"1000\" \/>\n\t<meta property=\"og:image:height\" content=\"1000\" \/>\n\t<meta property=\"og:image:type\" content=\"image\/webp\" \/>\n<meta name=\"twitter:card\" content=\"summary_large_image\" \/>\n<meta name=\"twitter:label1\" content=\"\u041f\u0440\u0438\u043c\u0435\u0440\u043d\u043e\u0435 \u0432\u0440\u0435\u043c\u044f \u0434\u043b\u044f \u0447\u0442\u0435\u043d\u0438\u044f\" \/>\n\t<meta name=\"twitter:data1\" content=\"1 \u043c\u0438\u043d\u0443\u0442\u0430\" \/>\n<script type=\"application\/ld+json\" class=\"yoast-schema-graph\">{\"@context\":\"https:\\\/\\\/schema.org\",\"@graph\":[{\"@type\":\"WebPage\",\"@id\":\"https:\\\/\\\/kerekparbalaton.hu\\\/termek\\\/bio-degraser-zsirtalanito\\\/\",\"url\":\"https:\\\/\\\/kerekparbalaton.hu\\\/termek\\\/bio-degraser-zsirtalanito\\\/\",\"name\":\"Bio Degraser zs\u00edrtalan\u00edt\u00f3 - kerekparbalaton.hu\",\"isPartOf\":{\"@id\":\"https:\\\/\\\/kerekparbalaton.hu\\\/#website\"},\"primaryImageOfPage\":{\"@id\":\"https:\\\/\\\/kerekparbalaton.hu\\\/termek\\\/bio-degraser-zsirtalanito\\\/#primaryimage\"},\"image\":{\"@id\":\"https:\\\/\\\/kerekparbalaton.hu\\\/termek\\\/bio-degraser-zsirtalanito\\\/#primaryimage\"},\"thumbnailUrl\":\"https:\\\/\\\/kerekparbalaton.hu\\\/wp-content\\\/uploads\\\/2025\\\/10\\\/MucOff-Bio-Degreaser.webp\",\"datePublished\":\"2025-10-29T13:08:48+00:00\",\"dateModified\":\"2025-11-10T13:15:56+00:00\",\"breadcrumb\":{\"@id\":\"https:\\\/\\\/kerekparbalaton.hu\\\/termek\\\/bio-degraser-zsirtalanito\\\/#breadcrumb\"},\"inLanguage\":\"ru-RU\",\"potentialAction\":[{\"@type\":\"ReadAction\",\"target\":[\"https:\\\/\\\/kerekparbalaton.hu\\\/termek\\\/bio-degraser-zsirtalanito\\\/\"]}]},{\"@type\":\"ImageObject\",\"inLanguage\":\"ru-RU\",\"@id\":\"https:\\\/\\\/kerekparbalaton.hu\\\/termek\\\/bio-degraser-zsirtalanito\\\/#primaryimage\",\"url\":\"https:\\\/\\\/kerekparbalaton.hu\\\/wp-content\\\/uploads\\\/2025\\\/10\\\/MucOff-Bio-Degreaser.webp\",\"contentUrl\":\"https:\\\/\\\/kerekparbalaton.hu\\\/wp-content\\\/uploads\\\/2025\\\/10\\\/MucOff-Bio-Degreaser.webp\",\"width\":1000,\"height\":1000},{\"@type\":\"BreadcrumbList\",\"@id\":\"https:\\\/\\\/kerekparbalaton.hu\\\/termek\\\/bio-degraser-zsirtalanito\\\/#breadcrumb\",\"itemListElement\":[{\"@type\":\"ListItem\",\"position\":1,\"name\":\"Kezd\u0151lap\",\"item\":\"https:\\\/\\\/kerekparbalaton.hu\\\/\"},{\"@type\":\"ListItem\",\"position\":2,\"name\":\"Shop\",\"item\":\"https:\\\/\\\/kerekparbalaton.hu\\\/uzlet\\\/\"},{\"@type\":\"ListItem\",\"position\":3,\"name\":\"Bio Degraser zs\u00edrtalan\u00edt\u00f3\"}]},{\"@type\":\"WebSite\",\"@id\":\"https:\\\/\\\/kerekparbalaton.hu\\\/#website\",\"url\":\"https:\\\/\\\/kerekparbalaton.hu\\\/\",\"name\":\"kerekparbalaton.hu\",\"description\":\"Ker\u00e9kp\u00e1rb\u00e9rl\u00e9s Balaton\",\"publisher\":{\"@id\":\"https:\\\/\\\/kerekparbalaton.hu\\\/#organization\"},\"potentialAction\":[{\"@type\":\"SearchAction\",\"target\":{\"@type\":\"EntryPoint\",\"urlTemplate\":\"https:\\\/\\\/kerekparbalaton.hu\\\/?s={search_term_string}\"},\"query-input\":{\"@type\":\"PropertyValueSpecification\",\"valueRequired\":true,\"valueName\":\"search_term_string\"}}],\"inLanguage\":\"ru-RU\"},{\"@type\":\"Organization\",\"@id\":\"https:\\\/\\\/kerekparbalaton.hu\\\/#organization\",\"name\":\"kerekparbalaton.hu\",\"url\":\"https:\\\/\\\/kerekparbalaton.hu\\\/\",\"logo\":{\"@type\":\"ImageObject\",\"inLanguage\":\"ru-RU\",\"@id\":\"https:\\\/\\\/kerekparbalaton.hu\\\/#\\\/schema\\\/logo\\\/image\\\/\",\"url\":\"https:\\\/\\\/kerekparbalaton.hu\\\/wp-content\\\/uploads\\\/2023\\\/12\\\/Csopi-kerekpar-redesign-e1718779950933.png\",\"contentUrl\":\"https:\\\/\\\/kerekparbalaton.hu\\\/wp-content\\\/uploads\\\/2023\\\/12\\\/Csopi-kerekpar-redesign-e1718779950933.png\",\"width\":1000,\"height\":436,\"caption\":\"kerekparbalaton.hu\"},\"image\":{\"@id\":\"https:\\\/\\\/kerekparbalaton.hu\\\/#\\\/schema\\\/logo\\\/image\\\/\"}}]}<\/script>\n<!-- \/ Yoast SEO plugin. -->","yoast_head_json":{"title":"Bio Degraser zs\u00edrtalan\u00edt\u00f3 - kerekparbalaton.hu","robots":{"index":"index","follow":"follow","max-snippet":"max-snippet:-1","max-image-preview":"max-image-preview:large","max-video-preview":"max-video-preview:-1"},"canonical":"https:\/\/kerekparbalaton.hu\/ru\/product\/bio-degraser-zsirtalanito\/","og_locale":"ru_RU","og_type":"article","og_title":"Bio Degraser zs\u00edrtalan\u00edt\u00f3 - kerekparbalaton.hu","og_description":"A Muc-Off bio Degreaser zs\u00edrtalan\u00edt\u00f3 egy biol\u00f3giailag leboml\u00f3 rendk\u00edv\u00fcl hat\u00e9kony zs\u00edrold\u00f3.  M\u00e9g a v\u00edz\u00e1ll\u00f3 zs\u00edrt is k\u00f6nnyed\u00e9n elt\u00e1vol\u00edtja. Nincs olyan zs\u00edr \u00e9s olaj, legyen az durva, ragad\u00f3s egy pillanat alatt elt\u00e1vol\u00edtja.","og_url":"https:\/\/kerekparbalaton.hu\/ru\/product\/bio-degraser-zsirtalanito\/","og_site_name":"kerekparbalaton.hu","article_modified_time":"2025-11-10T13:15:56+00:00","og_image":[{"width":1000,"height":1000,"url":"https:\/\/kerekparbalaton.hu\/wp-content\/uploads\/2025\/10\/MucOff-Bio-Degreaser.webp","type":"image\/webp"}],"twitter_card":"summary_large_image","twitter_misc":{"\u041f\u0440\u0438\u043c\u0435\u0440\u043d\u043e\u0435 \u0432\u0440\u0435\u043c\u044f \u0434\u043b\u044f \u0447\u0442\u0435\u043d\u0438\u044f":"1 \u043c\u0438\u043d\u0443\u0442\u0430"},"schema":{"@context":"https:\/\/schema.org","@graph":[{"@type":"WebPage","@id":"https:\/\/kerekparbalaton.hu\/termek\/bio-degraser-zsirtalanito\/","url":"https:\/\/kerekparbalaton.hu\/termek\/bio-degraser-zsirtalanito\/","name":"Bio Degraser zs\u00edrtalan\u00edt\u00f3 - kerekparbalaton.hu","isPartOf":{"@id":"https:\/\/kerekparbalaton.hu\/#website"},"primaryImageOfPage":{"@id":"https:\/\/kerekparbalaton.hu\/termek\/bio-degraser-zsirtalanito\/#primaryimage"},"image":{"@id":"https:\/\/kerekparbalaton.hu\/termek\/bio-degraser-zsirtalanito\/#primaryimage"},"thumbnailUrl":"https:\/\/kerekparbalaton.hu\/wp-content\/uploads\/2025\/10\/MucOff-Bio-Degreaser.webp","datePublished":"2025-10-29T13:08:48+00:00","dateModified":"2025-11-10T13:15:56+00:00","breadcrumb":{"@id":"https:\/\/kerekparbalaton.hu\/termek\/bio-degraser-zsirtalanito\/#breadcrumb"},"inLanguage":"ru-RU","potentialAction":[{"@type":"ReadAction","target":["https:\/\/kerekparbalaton.hu\/termek\/bio-degraser-zsirtalanito\/"]}]},{"@type":"ImageObject","inLanguage":"ru-RU","@id":"https:\/\/kerekparbalaton.hu\/termek\/bio-degraser-zsirtalanito\/#primaryimage","url":"https:\/\/kerekparbalaton.hu\/wp-content\/uploads\/2025\/10\/MucOff-Bio-Degreaser.webp","contentUrl":"https:\/\/kerekparbalaton.hu\/wp-content\/uploads\/2025\/10\/MucOff-Bio-Degreaser.webp","width":1000,"height":1000},{"@type":"BreadcrumbList","@id":"https:\/\/kerekparbalaton.hu\/termek\/bio-degraser-zsirtalanito\/#breadcrumb","itemListElement":[{"@type":"ListItem","position":1,"name":"Kezd\u0151lap","item":"https:\/\/kerekparbalaton.hu\/"},{"@type":"ListItem","position":2,"name":"Shop","item":"https:\/\/kerekparbalaton.hu\/uzlet\/"},{"@type":"ListItem","position":3,"name":"Bio Degraser zs\u00edrtalan\u00edt\u00f3"}]},{"@type":"WebSite","@id":"https:\/\/kerekparbalaton.hu\/#website","url":"https:\/\/kerekparbalaton.hu\/","name":"roundparbalaton.hu","description":"\u041f\u0440\u043e\u043a\u0430\u0442 \u0432\u0435\u043b\u043e\u0441\u0438\u043f\u0435\u0434\u043e\u0432 \u0411\u0430\u043b\u0430\u0442\u043e\u043d","publisher":{"@id":"https:\/\/kerekparbalaton.hu\/#organization"},"potentialAction":[{"@type":"SearchAction","target":{"@type":"EntryPoint","urlTemplate":"https:\/\/kerekparbalaton.hu\/?s={search_term_string}"},"query-input":{"@type":"PropertyValueSpecification","valueRequired":true,"valueName":"search_term_string"}}],"inLanguage":"ru-RU"},{"@type":"Organization","@id":"https:\/\/kerekparbalaton.hu\/#organization","name":"roundparbalaton.hu","url":"https:\/\/kerekparbalaton.hu\/","logo":{"@type":"ImageObject","inLanguage":"ru-RU","@id":"https:\/\/kerekparbalaton.hu\/#\/schema\/logo\/image\/","url":"https:\/\/kerekparbalaton.hu\/wp-content\/uploads\/2023\/12\/Csopi-kerekpar-redesign-e1718779950933.png","contentUrl":"https:\/\/kerekparbalaton.hu\/wp-content\/uploads\/2023\/12\/Csopi-kerekpar-redesign-e1718779950933.png","width":1000,"height":436,"caption":"kerekparbalaton.hu"},"image":{"@id":"https:\/\/kerekparbalaton.hu\/#\/schema\/logo\/image\/"}}]}},"_links":{"self":[{"href":"https:\/\/kerekparbalaton.hu\/ru\/wp-json\/wp\/v2\/product\/3894","targetHints":{"allow":["GET"]}}],"collection":[{"href":"https:\/\/kerekparbalaton.hu\/ru\/wp-json\/wp\/v2\/product"}],"about":[{"href":"https:\/\/kerekparbalaton.hu\/ru\/wp-json\/wp\/v2\/types\/product"}],"replies":[{"embeddable":true,"href":"https:\/\/kerekparbalaton.hu\/ru\/wp-json\/wp\/v2\/comments?post=3894"}],"wp:featuredmedia":[{"embeddable":true,"href":"https:\/\/kerekparbalaton.hu\/ru\/wp-json\/wp\/v2\/media\/4488"}],"wp:attachment":[{"href":"https:\/\/kerekparbalaton.hu\/ru\/wp-json\/wp\/v2\/media?parent=3894"}],"wp:term":[{"taxonomy":"product_brand","embeddable":true,"href":"https:\/\/kerekparbalaton.hu\/ru\/wp-json\/wp\/v2\/product_brand?post=3894"},{"taxonomy":"product_cat","embeddable":true,"href":"https:\/\/kerekparbalaton.hu\/ru\/wp-json\/wp\/v2\/product_cat?post=3894"},{"taxonomy":"product_tag","embeddable":true,"href":"https:\/\/kerekparbalaton.hu\/ru\/wp-json\/wp\/v2\/product_tag?post=3894"}],"curies":[{"name":"wp","href":"https:\/\/api.w.org\/{rel}","templated":true}]}}