{"id":3890,"date":"2025-10-29T13:08:47","date_gmt":"2025-10-29T13:08:47","guid":{"rendered":"https:\/\/kerekparbalaton.hu\/termek\/vaztaska-harom-reszes-telefontartos\/"},"modified":"2025-11-13T17:02:50","modified_gmt":"2025-11-13T17:02:50","slug":"vaztaska-harom-reszes-telefontartos","status":"publish","type":"product","link":"https:\/\/kerekparbalaton.hu\/ru\/product\/vaztaska-harom-reszes-telefontartos\/","title":{"rendered":"V\u00e1zt\u00e1ska h\u00e1rom r\u00e9szes telefontart\u00f3s"},"content":{"rendered":"<p><span style=\"font-weight: 400;\">Anyaga: 600D v\u00edzleperget\u0151 polyester<\/span><\/p>\n<p><span style=\"font-weight: 400;\">Sz\u00edn: S\u00f6t\u00e9t sz\u00fcrke M\u00e9ret: 18 x 11 x 13 cm<\/span><\/p>\n<p><span style=\"font-weight: 400;\">\u00c1tl\u00e1tsz\u00f3 PVC fels\u0151r\u00e9sz a telefon haszn\u00e1lat\u00e1hoz.<\/span><\/p>\n<p><span style=\"font-weight: 400;\">T\u00e9p\u0151z\u00e1ras kivitelez\u00e9s a gyors le \u00e9s felszerel\u00e9shez. A legt\u00f6bb fajta ker\u00e9kp\u00e1rhoz megfelel\u0151. F\u00e9nyvisszaver\u0151 cs\u00edk k\u00f6rben a sz\u00e9leken.<\/span><\/p>","protected":false},"excerpt":{"rendered":"<p>Anyaga: 600D v\u00edzleperget\u0151 polyester Sz\u00edn: S\u00f6t\u00e9t sz\u00fcrke M\u00e9ret: 18 x 11 x 13 cm \u00c1tl\u00e1tsz\u00f3 PVC fels\u0151r\u00e9sz a telefon haszn\u00e1lat\u00e1hoz. T\u00e9p\u0151z\u00e1ras kivitelez\u00e9s a gyors le \u00e9s felszerel\u00e9shez. A legt\u00f6bb fajta ker\u00e9kp\u00e1rhoz megfelel\u0151. F\u00e9nyvisszaver\u0151 cs\u00edk k\u00f6rben a sz\u00e9leken.<\/p>","protected":false},"featured_media":4493,"comment_status":"open","ping_status":"closed","template":"","meta":[],"product_brand":[],"product_cat":[198,202],"product_tag":[],"class_list":{"0":"post-3890","1":"product","2":"type-product","3":"status-publish","4":"has-post-thumbnail","6":"product_cat-kerekparozas","7":"product_cat-kiegeszitok-kerekparozas","9":"first","10":"instock","11":"shipping-taxable","12":"purchasable","13":"product-type-simple"},"yoast_head":"<!-- This site is optimized with the Yoast SEO plugin v27.5 - https:\/\/yoast.com\/product\/yoast-seo-wordpress\/ -->\n<title>V\u00e1zt\u00e1ska h\u00e1rom r\u00e9szes telefontart\u00f3s - kerekparbalaton.hu<\/title>\n<meta name=\"robots\" content=\"index, follow, max-snippet:-1, max-image-preview:large, max-video-preview:-1\" \/>\n<link rel=\"canonical\" href=\"https:\/\/kerekparbalaton.hu\/ru\/product\/vaztaska-harom-reszes-telefontartos\/\" \/>\n<meta property=\"og:locale\" content=\"ru_RU\" \/>\n<meta property=\"og:type\" content=\"article\" \/>\n<meta property=\"og:title\" content=\"V\u00e1zt\u00e1ska h\u00e1rom r\u00e9szes telefontart\u00f3s - kerekparbalaton.hu\" \/>\n<meta property=\"og:description\" content=\"Anyaga: 600D v\u00edzleperget\u0151 polyester Sz\u00edn: S\u00f6t\u00e9t sz\u00fcrke M\u00e9ret: 18 x 11 x 13 cm \u00c1tl\u00e1tsz\u00f3 PVC fels\u0151r\u00e9sz a telefon haszn\u00e1lat\u00e1hoz. T\u00e9p\u0151z\u00e1ras kivitelez\u00e9s a gyors le \u00e9s felszerel\u00e9shez. A legt\u00f6bb fajta ker\u00e9kp\u00e1rhoz megfelel\u0151. F\u00e9nyvisszaver\u0151 cs\u00edk k\u00f6rben a sz\u00e9leken.\" \/>\n<meta property=\"og:url\" content=\"https:\/\/kerekparbalaton.hu\/ru\/product\/vaztaska-harom-reszes-telefontartos\/\" \/>\n<meta property=\"og:site_name\" content=\"kerekparbalaton.hu\" \/>\n<meta property=\"article:modified_time\" content=\"2025-11-13T17:02:50+00:00\" \/>\n<meta property=\"og:image\" content=\"https:\/\/kerekparbalaton.hu\/wp-content\/uploads\/2025\/10\/taska-3-reszes-Velotech-1.webp\" \/>\n\t<meta property=\"og:image:width\" content=\"1000\" \/>\n\t<meta property=\"og:image:height\" content=\"1000\" \/>\n\t<meta property=\"og:image:type\" content=\"image\/webp\" \/>\n<meta name=\"twitter:card\" content=\"summary_large_image\" \/>\n<meta name=\"twitter:label1\" content=\"\u041f\u0440\u0438\u043c\u0435\u0440\u043d\u043e\u0435 \u0432\u0440\u0435\u043c\u044f \u0434\u043b\u044f \u0447\u0442\u0435\u043d\u0438\u044f\" \/>\n\t<meta name=\"twitter:data1\" content=\"1 \u043c\u0438\u043d\u0443\u0442\u0430\" \/>\n<script type=\"application\/ld+json\" class=\"yoast-schema-graph\">{\"@context\":\"https:\\\/\\\/schema.org\",\"@graph\":[{\"@type\":\"WebPage\",\"@id\":\"https:\\\/\\\/kerekparbalaton.hu\\\/termek\\\/vaztaska-harom-reszes-telefontartos\\\/\",\"url\":\"https:\\\/\\\/kerekparbalaton.hu\\\/termek\\\/vaztaska-harom-reszes-telefontartos\\\/\",\"name\":\"V\u00e1zt\u00e1ska h\u00e1rom r\u00e9szes telefontart\u00f3s - kerekparbalaton.hu\",\"isPartOf\":{\"@id\":\"https:\\\/\\\/kerekparbalaton.hu\\\/#website\"},\"primaryImageOfPage\":{\"@id\":\"https:\\\/\\\/kerekparbalaton.hu\\\/termek\\\/vaztaska-harom-reszes-telefontartos\\\/#primaryimage\"},\"image\":{\"@id\":\"https:\\\/\\\/kerekparbalaton.hu\\\/termek\\\/vaztaska-harom-reszes-telefontartos\\\/#primaryimage\"},\"thumbnailUrl\":\"https:\\\/\\\/kerekparbalaton.hu\\\/wp-content\\\/uploads\\\/2025\\\/10\\\/taska-3-reszes-Velotech-1.webp\",\"datePublished\":\"2025-10-29T13:08:47+00:00\",\"dateModified\":\"2025-11-13T17:02:50+00:00\",\"breadcrumb\":{\"@id\":\"https:\\\/\\\/kerekparbalaton.hu\\\/termek\\\/vaztaska-harom-reszes-telefontartos\\\/#breadcrumb\"},\"inLanguage\":\"ru-RU\",\"potentialAction\":[{\"@type\":\"ReadAction\",\"target\":[\"https:\\\/\\\/kerekparbalaton.hu\\\/termek\\\/vaztaska-harom-reszes-telefontartos\\\/\"]}]},{\"@type\":\"ImageObject\",\"inLanguage\":\"ru-RU\",\"@id\":\"https:\\\/\\\/kerekparbalaton.hu\\\/termek\\\/vaztaska-harom-reszes-telefontartos\\\/#primaryimage\",\"url\":\"https:\\\/\\\/kerekparbalaton.hu\\\/wp-content\\\/uploads\\\/2025\\\/10\\\/taska-3-reszes-Velotech-1.webp\",\"contentUrl\":\"https:\\\/\\\/kerekparbalaton.hu\\\/wp-content\\\/uploads\\\/2025\\\/10\\\/taska-3-reszes-Velotech-1.webp\",\"width\":1000,\"height\":1000},{\"@type\":\"BreadcrumbList\",\"@id\":\"https:\\\/\\\/kerekparbalaton.hu\\\/termek\\\/vaztaska-harom-reszes-telefontartos\\\/#breadcrumb\",\"itemListElement\":[{\"@type\":\"ListItem\",\"position\":1,\"name\":\"Kezd\u0151lap\",\"item\":\"https:\\\/\\\/kerekparbalaton.hu\\\/\"},{\"@type\":\"ListItem\",\"position\":2,\"name\":\"Shop\",\"item\":\"https:\\\/\\\/kerekparbalaton.hu\\\/uzlet\\\/\"},{\"@type\":\"ListItem\",\"position\":3,\"name\":\"V\u00e1zt\u00e1ska h\u00e1rom r\u00e9szes telefontart\u00f3s\"}]},{\"@type\":\"WebSite\",\"@id\":\"https:\\\/\\\/kerekparbalaton.hu\\\/#website\",\"url\":\"https:\\\/\\\/kerekparbalaton.hu\\\/\",\"name\":\"kerekparbalaton.hu\",\"description\":\"Ker\u00e9kp\u00e1rb\u00e9rl\u00e9s Balaton\",\"publisher\":{\"@id\":\"https:\\\/\\\/kerekparbalaton.hu\\\/#organization\"},\"potentialAction\":[{\"@type\":\"SearchAction\",\"target\":{\"@type\":\"EntryPoint\",\"urlTemplate\":\"https:\\\/\\\/kerekparbalaton.hu\\\/?s={search_term_string}\"},\"query-input\":{\"@type\":\"PropertyValueSpecification\",\"valueRequired\":true,\"valueName\":\"search_term_string\"}}],\"inLanguage\":\"ru-RU\"},{\"@type\":\"Organization\",\"@id\":\"https:\\\/\\\/kerekparbalaton.hu\\\/#organization\",\"name\":\"kerekparbalaton.hu\",\"url\":\"https:\\\/\\\/kerekparbalaton.hu\\\/\",\"logo\":{\"@type\":\"ImageObject\",\"inLanguage\":\"ru-RU\",\"@id\":\"https:\\\/\\\/kerekparbalaton.hu\\\/#\\\/schema\\\/logo\\\/image\\\/\",\"url\":\"https:\\\/\\\/kerekparbalaton.hu\\\/wp-content\\\/uploads\\\/2023\\\/12\\\/Csopi-kerekpar-redesign-e1718779950933.png\",\"contentUrl\":\"https:\\\/\\\/kerekparbalaton.hu\\\/wp-content\\\/uploads\\\/2023\\\/12\\\/Csopi-kerekpar-redesign-e1718779950933.png\",\"width\":1000,\"height\":436,\"caption\":\"kerekparbalaton.hu\"},\"image\":{\"@id\":\"https:\\\/\\\/kerekparbalaton.hu\\\/#\\\/schema\\\/logo\\\/image\\\/\"}}]}<\/script>\n<!-- \/ Yoast SEO plugin. -->","yoast_head_json":{"title":"V\u00e1zt\u00e1ska h\u00e1rom r\u00e9szes telefontart\u00f3s - kerekparbalaton.hu","robots":{"index":"index","follow":"follow","max-snippet":"max-snippet:-1","max-image-preview":"max-image-preview:large","max-video-preview":"max-video-preview:-1"},"canonical":"https:\/\/kerekparbalaton.hu\/ru\/product\/vaztaska-harom-reszes-telefontartos\/","og_locale":"ru_RU","og_type":"article","og_title":"V\u00e1zt\u00e1ska h\u00e1rom r\u00e9szes telefontart\u00f3s - kerekparbalaton.hu","og_description":"Anyaga: 600D v\u00edzleperget\u0151 polyester Sz\u00edn: S\u00f6t\u00e9t sz\u00fcrke M\u00e9ret: 18 x 11 x 13 cm \u00c1tl\u00e1tsz\u00f3 PVC fels\u0151r\u00e9sz a telefon haszn\u00e1lat\u00e1hoz. T\u00e9p\u0151z\u00e1ras kivitelez\u00e9s a gyors le \u00e9s felszerel\u00e9shez. A legt\u00f6bb fajta ker\u00e9kp\u00e1rhoz megfelel\u0151. F\u00e9nyvisszaver\u0151 cs\u00edk k\u00f6rben a sz\u00e9leken.","og_url":"https:\/\/kerekparbalaton.hu\/ru\/product\/vaztaska-harom-reszes-telefontartos\/","og_site_name":"kerekparbalaton.hu","article_modified_time":"2025-11-13T17:02:50+00:00","og_image":[{"width":1000,"height":1000,"url":"https:\/\/kerekparbalaton.hu\/wp-content\/uploads\/2025\/10\/taska-3-reszes-Velotech-1.webp","type":"image\/webp"}],"twitter_card":"summary_large_image","twitter_misc":{"\u041f\u0440\u0438\u043c\u0435\u0440\u043d\u043e\u0435 \u0432\u0440\u0435\u043c\u044f \u0434\u043b\u044f \u0447\u0442\u0435\u043d\u0438\u044f":"1 \u043c\u0438\u043d\u0443\u0442\u0430"},"schema":{"@context":"https:\/\/schema.org","@graph":[{"@type":"WebPage","@id":"https:\/\/kerekparbalaton.hu\/termek\/vaztaska-harom-reszes-telefontartos\/","url":"https:\/\/kerekparbalaton.hu\/termek\/vaztaska-harom-reszes-telefontartos\/","name":"V\u00e1zt\u00e1ska h\u00e1rom r\u00e9szes telefontart\u00f3s - kerekparbalaton.hu","isPartOf":{"@id":"https:\/\/kerekparbalaton.hu\/#website"},"primaryImageOfPage":{"@id":"https:\/\/kerekparbalaton.hu\/termek\/vaztaska-harom-reszes-telefontartos\/#primaryimage"},"image":{"@id":"https:\/\/kerekparbalaton.hu\/termek\/vaztaska-harom-reszes-telefontartos\/#primaryimage"},"thumbnailUrl":"https:\/\/kerekparbalaton.hu\/wp-content\/uploads\/2025\/10\/taska-3-reszes-Velotech-1.webp","datePublished":"2025-10-29T13:08:47+00:00","dateModified":"2025-11-13T17:02:50+00:00","breadcrumb":{"@id":"https:\/\/kerekparbalaton.hu\/termek\/vaztaska-harom-reszes-telefontartos\/#breadcrumb"},"inLanguage":"ru-RU","potentialAction":[{"@type":"ReadAction","target":["https:\/\/kerekparbalaton.hu\/termek\/vaztaska-harom-reszes-telefontartos\/"]}]},{"@type":"ImageObject","inLanguage":"ru-RU","@id":"https:\/\/kerekparbalaton.hu\/termek\/vaztaska-harom-reszes-telefontartos\/#primaryimage","url":"https:\/\/kerekparbalaton.hu\/wp-content\/uploads\/2025\/10\/taska-3-reszes-Velotech-1.webp","contentUrl":"https:\/\/kerekparbalaton.hu\/wp-content\/uploads\/2025\/10\/taska-3-reszes-Velotech-1.webp","width":1000,"height":1000},{"@type":"BreadcrumbList","@id":"https:\/\/kerekparbalaton.hu\/termek\/vaztaska-harom-reszes-telefontartos\/#breadcrumb","itemListElement":[{"@type":"ListItem","position":1,"name":"Kezd\u0151lap","item":"https:\/\/kerekparbalaton.hu\/"},{"@type":"ListItem","position":2,"name":"Shop","item":"https:\/\/kerekparbalaton.hu\/uzlet\/"},{"@type":"ListItem","position":3,"name":"V\u00e1zt\u00e1ska h\u00e1rom r\u00e9szes telefontart\u00f3s"}]},{"@type":"WebSite","@id":"https:\/\/kerekparbalaton.hu\/#website","url":"https:\/\/kerekparbalaton.hu\/","name":"roundparbalaton.hu","description":"\u041f\u0440\u043e\u043a\u0430\u0442 \u0432\u0435\u043b\u043e\u0441\u0438\u043f\u0435\u0434\u043e\u0432 \u0411\u0430\u043b\u0430\u0442\u043e\u043d","publisher":{"@id":"https:\/\/kerekparbalaton.hu\/#organization"},"potentialAction":[{"@type":"SearchAction","target":{"@type":"EntryPoint","urlTemplate":"https:\/\/kerekparbalaton.hu\/?s={search_term_string}"},"query-input":{"@type":"PropertyValueSpecification","valueRequired":true,"valueName":"search_term_string"}}],"inLanguage":"ru-RU"},{"@type":"Organization","@id":"https:\/\/kerekparbalaton.hu\/#organization","name":"roundparbalaton.hu","url":"https:\/\/kerekparbalaton.hu\/","logo":{"@type":"ImageObject","inLanguage":"ru-RU","@id":"https:\/\/kerekparbalaton.hu\/#\/schema\/logo\/image\/","url":"https:\/\/kerekparbalaton.hu\/wp-content\/uploads\/2023\/12\/Csopi-kerekpar-redesign-e1718779950933.png","contentUrl":"https:\/\/kerekparbalaton.hu\/wp-content\/uploads\/2023\/12\/Csopi-kerekpar-redesign-e1718779950933.png","width":1000,"height":436,"caption":"kerekparbalaton.hu"},"image":{"@id":"https:\/\/kerekparbalaton.hu\/#\/schema\/logo\/image\/"}}]}},"_links":{"self":[{"href":"https:\/\/kerekparbalaton.hu\/ru\/wp-json\/wp\/v2\/product\/3890","targetHints":{"allow":["GET"]}}],"collection":[{"href":"https:\/\/kerekparbalaton.hu\/ru\/wp-json\/wp\/v2\/product"}],"about":[{"href":"https:\/\/kerekparbalaton.hu\/ru\/wp-json\/wp\/v2\/types\/product"}],"replies":[{"embeddable":true,"href":"https:\/\/kerekparbalaton.hu\/ru\/wp-json\/wp\/v2\/comments?post=3890"}],"wp:featuredmedia":[{"embeddable":true,"href":"https:\/\/kerekparbalaton.hu\/ru\/wp-json\/wp\/v2\/media\/4493"}],"wp:attachment":[{"href":"https:\/\/kerekparbalaton.hu\/ru\/wp-json\/wp\/v2\/media?parent=3890"}],"wp:term":[{"taxonomy":"product_brand","embeddable":true,"href":"https:\/\/kerekparbalaton.hu\/ru\/wp-json\/wp\/v2\/product_brand?post=3890"},{"taxonomy":"product_cat","embeddable":true,"href":"https:\/\/kerekparbalaton.hu\/ru\/wp-json\/wp\/v2\/product_cat?post=3890"},{"taxonomy":"product_tag","embeddable":true,"href":"https:\/\/kerekparbalaton.hu\/ru\/wp-json\/wp\/v2\/product_tag?post=3890"}],"curies":[{"name":"wp","href":"https:\/\/api.w.org\/{rel}","templated":true}]}}