{"id":3875,"date":"2025-10-29T13:08:45","date_gmt":"2025-10-29T13:08:45","guid":{"rendered":"https:\/\/kerekparbalaton.hu\/termek\/stroller\/"},"modified":"2025-12-10T08:16:32","modified_gmt":"2025-12-10T08:16:32","slug":"stroller","status":"publish","type":"product","link":"https:\/\/kerekparbalaton.hu\/ru\/product\/stroller\/","title":{"rendered":"\u041a\u043e\u043b\u044f\u0441\u043a\u0430"},"content":{"rendered":"<p><b>M\u0171szaki adatok:<\/b><\/p>\n<ul>\n<li style=\"font-weight: 400;\" aria-level=\"1\"><span style=\"font-weight: 400;\">V\u00e1z: Kenzel alum\u00ednium<\/span><\/li>\n<li style=\"font-weight: 400;\" aria-level=\"1\"><span style=\"font-weight: 400;\">Villa: SR Suntour M3010 700C<\/span><\/li>\n<li style=\"font-weight: 400;\" aria-level=\"1\"><span style=\"font-weight: 400;\">Els\u0151 v\u00e1lt\u00f3: Shimano Altus ST-EF500 3&#215;7 sebess\u00e9g<\/span><\/li>\n<li style=\"font-weight: 400;\" aria-level=\"1\"><span style=\"font-weight: 400;\">H\u00e1ts\u00f3 v\u00e1lt\u00f3: Shimano Tourney RD-TX300<\/span><\/li>\n<li style=\"font-weight: 400;\" aria-level=\"1\"><span style=\"font-weight: 400;\">Hajt\u00f3m\u0171: Prowheel TY-CM99 48\/38\/28T<\/span><\/li>\n<li style=\"font-weight: 400;\" aria-level=\"1\"><span style=\"font-weight: 400;\">Agyak: Joy-tech alum\u00ednium<\/span><\/li>\n<li style=\"font-weight: 400;\" aria-level=\"1\"><span style=\"font-weight: 400;\">F\u00e9kek: Saccon V-Brake<\/span><\/li>\n<li style=\"font-weight: 400;\" aria-level=\"1\"><span style=\"font-weight: 400;\">V\u00e1zm\u00e9ret: 44 cm (16&#8243;) \/ 48 cm (18&#8243;) (n\u0151i)<\/span><\/li>\n<li style=\"font-weight: 400;\" aria-level=\"1\"><span style=\"font-weight: 400;\">S\u00faly: 14,8 kg<\/span><\/li>\n<li style=\"font-weight: 400;\" aria-level=\"1\"><span style=\"font-weight: 400;\">Ker\u00e9km\u00e9ret: 28&#8243;<\/span><\/li>\n<\/ul>\n<p><span style=\"font-weight: 400;\">Aj\u00e1nlott magass\u00e1g (f\u00e9rfi)<\/span><\/p>\n<p><span style=\"font-weight: 400;\">48 cm v\u00e1zm\u00e9ret \u2013 165 cm &#8211; 180 cm<\/span><span style=\"font-weight: 400;\"><br \/>\n<\/span><span style=\"font-weight: 400;\">51 cm v\u00e1zm\u00e9ret \u2013 175 cm &#8211; 188 cm<\/span><span style=\"font-weight: 400;\"><br \/>\n<\/span><span style=\"font-weight: 400;\">56 cm v\u00e1zm\u00e9ret \u2013 180 cm &#8211; 200 cm<\/span><\/p>\n<p><span style=\"font-weight: 400;\">Aj\u00e1nlott magass\u00e1g (n\u0151i)<\/span><\/p>\n<p><span style=\"font-weight: 400;\">44 cm v\u00e1zm\u00e9ret \u2013 155 cm &#8211; 175 cm<\/span><span style=\"font-weight: 400;\"><br \/>\n<\/span><span style=\"font-weight: 400;\">48 cm v\u00e1zm\u00e9ret \u2013 165 cm &#8211; 185 cm<\/span><\/p>\n<p><strong>\u00d6sszegz\u00e9s:<\/strong><\/p>\n<p><span style=\"font-weight: 400;\">A Kenzel Stroller Lady egy sokoldal\u00fa \u00e9s k\u00e9nyelmes n\u0151i ker\u00e9kp\u00e1r, amely minden ig\u00e9nyt kiel\u00e9g\u00edt, legyen sz\u00f3 v\u00e1rosi k\u00f6zleked\u00e9sr\u0151l vagy k\u00f6nnyebb t\u00far\u00e1kr\u00f3l. A Shimano Altus v\u00e1lt\u00f3rendszer \u00e9s a Saccon V-f\u00e9kek biztos\u00edtj\u00e1k a sima v\u00e1lt\u00e1sokat \u00e9s a megb\u00edzhat\u00f3 f\u00e9kez\u00e9st, m\u00edg az SR Suntour M3010 700C teleszk\u00f3pos villa k\u00e9nyelmes \u00e9s sima vezet\u00e9st biztos\u00edt. A k\u00f6nny\u0171 alum\u00ednium v\u00e1z \u00e9s a st\u00edlusos diz\u00e1jn t\u00f6k\u00e9letes kombin\u00e1ci\u00f3ja teszi a Kenzel Stroller Lady-t ide\u00e1lis v\u00e1laszt\u00e1ss\u00e1 a v\u00e1rosi \u00e9s terepker\u00e9kp\u00e1roz\u00e1s szerelmeseinek.<\/span><\/p>\n<p><span style=\"font-weight: 400;\"><strong>Ker\u00e9kp\u00e1r v\u00e1s\u00e1rl\u00e1sa eset\u00e9n + 30.000,- garanci\u00e1lis \u00fczembe helyez\u00e9s,<\/strong> mely tartalmazza f\u00e9l \u00e9ven bel\u00fcl esed\u00e9kes els\u0151 kis szerviz \u00e1r\u00e1t is (\u00e1llapotfelm\u00e9r\u00e9s, f\u00e9kek, v\u00e1lt\u00f3k be\u00e1ll\u00edt\u00e1sa, csap\u00e1gyak ellen\u0151rz\u00e9se)<\/span><\/p>\n<p><span style=\"font-weight: 400;\">A garancia felt\u00e9tele ennek megv\u00e1s\u00e1rl\u00e1sa.<\/span><\/p>","protected":false},"excerpt":{"rendered":"<p>M\u0171szaki adatok: V\u00e1z: Kenzel alum\u00ednium Villa: SR Suntour M3010 700C Els\u0151 v\u00e1lt\u00f3: Shimano Altus ST-EF500 3&#215;7 sebess\u00e9g H\u00e1ts\u00f3 v\u00e1lt\u00f3: Shimano Tourney RD-TX300 Hajt\u00f3m\u0171: Prowheel TY-CM99 48\/38\/28T Agyak: Joy-tech alum\u00ednium F\u00e9kek: Saccon V-Brake V\u00e1zm\u00e9ret: 44 cm (16&#8243;) \/ 48 cm (18&#8243;) (n\u0151i) S\u00faly: 14,8 kg Ker\u00e9km\u00e9ret: 28&#8243; Aj\u00e1nlott magass\u00e1g (f\u00e9rfi) 48 cm v\u00e1zm\u00e9ret \u2013 165 cm [&hellip;]<\/p>\n","protected":false},"featured_media":4507,"comment_status":"open","ping_status":"closed","template":"","meta":[],"product_brand":[],"product_cat":[199,198],"product_tag":[],"class_list":{"0":"post-3875","1":"product","2":"type-product","3":"status-publish","4":"has-post-thumbnail","6":"product_cat-analog-kerekparok","7":"product_cat-kerekparozas","8":"product_shipping_class-nagy-meretu-csomag-kerekpar-szallitas","10":"first","11":"instock","12":"shipping-taxable","13":"purchasable","14":"product-type-variable"},"yoast_head":"<!-- This site is optimized with the Yoast SEO plugin v27.5 - https:\/\/yoast.com\/product\/yoast-seo-wordpress\/ -->\n<title>Stroller - kerekparbalaton.hu<\/title>\n<meta name=\"robots\" content=\"index, follow, max-snippet:-1, max-image-preview:large, max-video-preview:-1\" \/>\n<link rel=\"canonical\" href=\"https:\/\/kerekparbalaton.hu\/ru\/product\/stroller\/\" \/>\n<meta property=\"og:locale\" content=\"ru_RU\" \/>\n<meta property=\"og:type\" content=\"article\" \/>\n<meta property=\"og:title\" content=\"Stroller - kerekparbalaton.hu\" \/>\n<meta property=\"og:description\" content=\"M\u0171szaki adatok: V\u00e1z: Kenzel alum\u00ednium Villa: SR Suntour M3010 700C Els\u0151 v\u00e1lt\u00f3: Shimano Altus ST-EF500 3&#215;7 sebess\u00e9g H\u00e1ts\u00f3 v\u00e1lt\u00f3: Shimano Tourney RD-TX300 Hajt\u00f3m\u0171: Prowheel TY-CM99 48\/38\/28T Agyak: Joy-tech alum\u00ednium F\u00e9kek: Saccon V-Brake V\u00e1zm\u00e9ret: 44 cm (16&#8243;) \/ 48 cm (18&#8243;) (n\u0151i) S\u00faly: 14,8 kg Ker\u00e9km\u00e9ret: 28&#8243; Aj\u00e1nlott magass\u00e1g (f\u00e9rfi) 48 cm v\u00e1zm\u00e9ret \u2013 165 cm [&hellip;]\" \/>\n<meta property=\"og:url\" content=\"https:\/\/kerekparbalaton.hu\/ru\/product\/stroller\/\" \/>\n<meta property=\"og:site_name\" content=\"kerekparbalaton.hu\" \/>\n<meta property=\"article:modified_time\" content=\"2025-12-10T08:16:32+00:00\" \/>\n<meta property=\"og:image\" content=\"https:\/\/kerekparbalaton.hu\/wp-content\/uploads\/2025\/10\/STROLLER-C-ferfi-black.webp\" \/>\n\t<meta property=\"og:image:width\" content=\"1000\" \/>\n\t<meta property=\"og:image:height\" content=\"1000\" \/>\n\t<meta property=\"og:image:type\" content=\"image\/webp\" \/>\n<meta name=\"twitter:card\" content=\"summary_large_image\" \/>\n<meta name=\"twitter:label1\" content=\"\u041f\u0440\u0438\u043c\u0435\u0440\u043d\u043e\u0435 \u0432\u0440\u0435\u043c\u044f \u0434\u043b\u044f \u0447\u0442\u0435\u043d\u0438\u044f\" \/>\n\t<meta name=\"twitter:data1\" content=\"2 \u043c\u0438\u043d\u0443\u0442\u044b\" \/>\n<script type=\"application\/ld+json\" class=\"yoast-schema-graph\">{\"@context\":\"https:\\\/\\\/schema.org\",\"@graph\":[{\"@type\":\"WebPage\",\"@id\":\"https:\\\/\\\/kerekparbalaton.hu\\\/termek\\\/stroller\\\/\",\"url\":\"https:\\\/\\\/kerekparbalaton.hu\\\/termek\\\/stroller\\\/\",\"name\":\"Stroller - kerekparbalaton.hu\",\"isPartOf\":{\"@id\":\"https:\\\/\\\/kerekparbalaton.hu\\\/#website\"},\"primaryImageOfPage\":{\"@id\":\"https:\\\/\\\/kerekparbalaton.hu\\\/termek\\\/stroller\\\/#primaryimage\"},\"image\":{\"@id\":\"https:\\\/\\\/kerekparbalaton.hu\\\/termek\\\/stroller\\\/#primaryimage\"},\"thumbnailUrl\":\"https:\\\/\\\/kerekparbalaton.hu\\\/wp-content\\\/uploads\\\/2025\\\/10\\\/STROLLER-C-ferfi-black.webp\",\"datePublished\":\"2025-10-29T13:08:45+00:00\",\"dateModified\":\"2025-12-10T08:16:32+00:00\",\"breadcrumb\":{\"@id\":\"https:\\\/\\\/kerekparbalaton.hu\\\/termek\\\/stroller\\\/#breadcrumb\"},\"inLanguage\":\"ru-RU\",\"potentialAction\":[{\"@type\":\"ReadAction\",\"target\":[\"https:\\\/\\\/kerekparbalaton.hu\\\/termek\\\/stroller\\\/\"]}]},{\"@type\":\"ImageObject\",\"inLanguage\":\"ru-RU\",\"@id\":\"https:\\\/\\\/kerekparbalaton.hu\\\/termek\\\/stroller\\\/#primaryimage\",\"url\":\"https:\\\/\\\/kerekparbalaton.hu\\\/wp-content\\\/uploads\\\/2025\\\/10\\\/STROLLER-C-ferfi-black.webp\",\"contentUrl\":\"https:\\\/\\\/kerekparbalaton.hu\\\/wp-content\\\/uploads\\\/2025\\\/10\\\/STROLLER-C-ferfi-black.webp\",\"width\":1000,\"height\":1000},{\"@type\":\"BreadcrumbList\",\"@id\":\"https:\\\/\\\/kerekparbalaton.hu\\\/termek\\\/stroller\\\/#breadcrumb\",\"itemListElement\":[{\"@type\":\"ListItem\",\"position\":1,\"name\":\"Kezd\u0151lap\",\"item\":\"https:\\\/\\\/kerekparbalaton.hu\\\/\"},{\"@type\":\"ListItem\",\"position\":2,\"name\":\"Shop\",\"item\":\"https:\\\/\\\/kerekparbalaton.hu\\\/uzlet\\\/\"},{\"@type\":\"ListItem\",\"position\":3,\"name\":\"Stroller\"}]},{\"@type\":\"WebSite\",\"@id\":\"https:\\\/\\\/kerekparbalaton.hu\\\/#website\",\"url\":\"https:\\\/\\\/kerekparbalaton.hu\\\/\",\"name\":\"kerekparbalaton.hu\",\"description\":\"Ker\u00e9kp\u00e1rb\u00e9rl\u00e9s Balaton\",\"publisher\":{\"@id\":\"https:\\\/\\\/kerekparbalaton.hu\\\/#organization\"},\"potentialAction\":[{\"@type\":\"SearchAction\",\"target\":{\"@type\":\"EntryPoint\",\"urlTemplate\":\"https:\\\/\\\/kerekparbalaton.hu\\\/?s={search_term_string}\"},\"query-input\":{\"@type\":\"PropertyValueSpecification\",\"valueRequired\":true,\"valueName\":\"search_term_string\"}}],\"inLanguage\":\"ru-RU\"},{\"@type\":\"Organization\",\"@id\":\"https:\\\/\\\/kerekparbalaton.hu\\\/#organization\",\"name\":\"kerekparbalaton.hu\",\"url\":\"https:\\\/\\\/kerekparbalaton.hu\\\/\",\"logo\":{\"@type\":\"ImageObject\",\"inLanguage\":\"ru-RU\",\"@id\":\"https:\\\/\\\/kerekparbalaton.hu\\\/#\\\/schema\\\/logo\\\/image\\\/\",\"url\":\"https:\\\/\\\/kerekparbalaton.hu\\\/wp-content\\\/uploads\\\/2023\\\/12\\\/Csopi-kerekpar-redesign-e1718779950933.png\",\"contentUrl\":\"https:\\\/\\\/kerekparbalaton.hu\\\/wp-content\\\/uploads\\\/2023\\\/12\\\/Csopi-kerekpar-redesign-e1718779950933.png\",\"width\":1000,\"height\":436,\"caption\":\"kerekparbalaton.hu\"},\"image\":{\"@id\":\"https:\\\/\\\/kerekparbalaton.hu\\\/#\\\/schema\\\/logo\\\/image\\\/\"}}]}<\/script>\n<!-- \/ Yoast SEO plugin. -->","yoast_head_json":{"title":"Stroller - kerekparbalaton.hu","robots":{"index":"index","follow":"follow","max-snippet":"max-snippet:-1","max-image-preview":"max-image-preview:large","max-video-preview":"max-video-preview:-1"},"canonical":"https:\/\/kerekparbalaton.hu\/ru\/product\/stroller\/","og_locale":"ru_RU","og_type":"article","og_title":"Stroller - kerekparbalaton.hu","og_description":"M\u0171szaki adatok: V\u00e1z: Kenzel alum\u00ednium Villa: SR Suntour M3010 700C Els\u0151 v\u00e1lt\u00f3: Shimano Altus ST-EF500 3&#215;7 sebess\u00e9g H\u00e1ts\u00f3 v\u00e1lt\u00f3: Shimano Tourney RD-TX300 Hajt\u00f3m\u0171: Prowheel TY-CM99 48\/38\/28T Agyak: Joy-tech alum\u00ednium F\u00e9kek: Saccon V-Brake V\u00e1zm\u00e9ret: 44 cm (16&#8243;) \/ 48 cm (18&#8243;) (n\u0151i) S\u00faly: 14,8 kg Ker\u00e9km\u00e9ret: 28&#8243; Aj\u00e1nlott magass\u00e1g (f\u00e9rfi) 48 cm v\u00e1zm\u00e9ret \u2013 165 cm [&hellip;]","og_url":"https:\/\/kerekparbalaton.hu\/ru\/product\/stroller\/","og_site_name":"kerekparbalaton.hu","article_modified_time":"2025-12-10T08:16:32+00:00","og_image":[{"width":1000,"height":1000,"url":"https:\/\/kerekparbalaton.hu\/wp-content\/uploads\/2025\/10\/STROLLER-C-ferfi-black.webp","type":"image\/webp"}],"twitter_card":"summary_large_image","twitter_misc":{"\u041f\u0440\u0438\u043c\u0435\u0440\u043d\u043e\u0435 \u0432\u0440\u0435\u043c\u044f \u0434\u043b\u044f \u0447\u0442\u0435\u043d\u0438\u044f":"2 \u043c\u0438\u043d\u0443\u0442\u044b"},"schema":{"@context":"https:\/\/schema.org","@graph":[{"@type":"WebPage","@id":"https:\/\/kerekparbalaton.hu\/termek\/stroller\/","url":"https:\/\/kerekparbalaton.hu\/termek\/stroller\/","name":"Stroller - kerekparbalaton.hu","isPartOf":{"@id":"https:\/\/kerekparbalaton.hu\/#website"},"primaryImageOfPage":{"@id":"https:\/\/kerekparbalaton.hu\/termek\/stroller\/#primaryimage"},"image":{"@id":"https:\/\/kerekparbalaton.hu\/termek\/stroller\/#primaryimage"},"thumbnailUrl":"https:\/\/kerekparbalaton.hu\/wp-content\/uploads\/2025\/10\/STROLLER-C-ferfi-black.webp","datePublished":"2025-10-29T13:08:45+00:00","dateModified":"2025-12-10T08:16:32+00:00","breadcrumb":{"@id":"https:\/\/kerekparbalaton.hu\/termek\/stroller\/#breadcrumb"},"inLanguage":"ru-RU","potentialAction":[{"@type":"ReadAction","target":["https:\/\/kerekparbalaton.hu\/termek\/stroller\/"]}]},{"@type":"ImageObject","inLanguage":"ru-RU","@id":"https:\/\/kerekparbalaton.hu\/termek\/stroller\/#primaryimage","url":"https:\/\/kerekparbalaton.hu\/wp-content\/uploads\/2025\/10\/STROLLER-C-ferfi-black.webp","contentUrl":"https:\/\/kerekparbalaton.hu\/wp-content\/uploads\/2025\/10\/STROLLER-C-ferfi-black.webp","width":1000,"height":1000},{"@type":"BreadcrumbList","@id":"https:\/\/kerekparbalaton.hu\/termek\/stroller\/#breadcrumb","itemListElement":[{"@type":"ListItem","position":1,"name":"Kezd\u0151lap","item":"https:\/\/kerekparbalaton.hu\/"},{"@type":"ListItem","position":2,"name":"Shop","item":"https:\/\/kerekparbalaton.hu\/uzlet\/"},{"@type":"ListItem","position":3,"name":"Stroller"}]},{"@type":"WebSite","@id":"https:\/\/kerekparbalaton.hu\/#website","url":"https:\/\/kerekparbalaton.hu\/","name":"roundparbalaton.hu","description":"\u041f\u0440\u043e\u043a\u0430\u0442 \u0432\u0435\u043b\u043e\u0441\u0438\u043f\u0435\u0434\u043e\u0432 \u0411\u0430\u043b\u0430\u0442\u043e\u043d","publisher":{"@id":"https:\/\/kerekparbalaton.hu\/#organization"},"potentialAction":[{"@type":"SearchAction","target":{"@type":"EntryPoint","urlTemplate":"https:\/\/kerekparbalaton.hu\/?s={search_term_string}"},"query-input":{"@type":"PropertyValueSpecification","valueRequired":true,"valueName":"search_term_string"}}],"inLanguage":"ru-RU"},{"@type":"Organization","@id":"https:\/\/kerekparbalaton.hu\/#organization","name":"roundparbalaton.hu","url":"https:\/\/kerekparbalaton.hu\/","logo":{"@type":"ImageObject","inLanguage":"ru-RU","@id":"https:\/\/kerekparbalaton.hu\/#\/schema\/logo\/image\/","url":"https:\/\/kerekparbalaton.hu\/wp-content\/uploads\/2023\/12\/Csopi-kerekpar-redesign-e1718779950933.png","contentUrl":"https:\/\/kerekparbalaton.hu\/wp-content\/uploads\/2023\/12\/Csopi-kerekpar-redesign-e1718779950933.png","width":1000,"height":436,"caption":"kerekparbalaton.hu"},"image":{"@id":"https:\/\/kerekparbalaton.hu\/#\/schema\/logo\/image\/"}}]}},"_links":{"self":[{"href":"https:\/\/kerekparbalaton.hu\/ru\/wp-json\/wp\/v2\/product\/3875","targetHints":{"allow":["GET"]}}],"collection":[{"href":"https:\/\/kerekparbalaton.hu\/ru\/wp-json\/wp\/v2\/product"}],"about":[{"href":"https:\/\/kerekparbalaton.hu\/ru\/wp-json\/wp\/v2\/types\/product"}],"replies":[{"embeddable":true,"href":"https:\/\/kerekparbalaton.hu\/ru\/wp-json\/wp\/v2\/comments?post=3875"}],"wp:featuredmedia":[{"embeddable":true,"href":"https:\/\/kerekparbalaton.hu\/ru\/wp-json\/wp\/v2\/media\/4507"}],"wp:attachment":[{"href":"https:\/\/kerekparbalaton.hu\/ru\/wp-json\/wp\/v2\/media?parent=3875"}],"wp:term":[{"taxonomy":"product_brand","embeddable":true,"href":"https:\/\/kerekparbalaton.hu\/ru\/wp-json\/wp\/v2\/product_brand?post=3875"},{"taxonomy":"product_cat","embeddable":true,"href":"https:\/\/kerekparbalaton.hu\/ru\/wp-json\/wp\/v2\/product_cat?post=3875"},{"taxonomy":"product_tag","embeddable":true,"href":"https:\/\/kerekparbalaton.hu\/ru\/wp-json\/wp\/v2\/product_tag?post=3875"}],"curies":[{"name":"wp","href":"https:\/\/api.w.org\/{rel}","templated":true}]}}