{"id":4886,"date":"2025-12-13T09:03:49","date_gmt":"2025-12-13T09:03:49","guid":{"rendered":"https:\/\/kerekparbalaton.hu\/?post_type=product&#038;p=4886"},"modified":"2025-12-13T09:10:02","modified_gmt":"2025-12-13T09:10:02","slug":"tour-dog","status":"publish","type":"product","link":"https:\/\/kerekparbalaton.hu\/en\/product\/tour-dog\/","title":{"rendered":"Tour Dog"},"content":{"rendered":"<p><b>Hagyja, hogy kuty\u00e1ja h\u00fazza \u2013 a sz\u00f3rakoz\u00e1s garant\u00e1lt.<\/b><\/p>\n<p><span style=\"font-weight: 400;\">Az el\u00f6l \u00e9s h\u00e1tul egyar\u00e1nt 65 mm sz\u00e9les agy, valamint a karcs\u00fabb kialak\u00edt\u00e1s cs\u00f6kkenti a bokas\u00e9r\u00fcl\u00e9s vesz\u00e9ly\u00e9t. A geometria \u00e9s a meghosszabb\u00edtott v\u00e1z nagy sebess\u00e9gn\u00e9l n\u00f6veli a stabilit\u00e1st \u00e9s a biztons\u00e1g\u00e9rzetet. A roller alapfelszerelts\u00e9gk\u00e9nt el\u00f6l 26\u201d, h\u00e1tul 20\u201d ker\u00e9kkel rendelkezik. Els\u0151 pillant\u00e1sra felt\u0171nnek az \u00faj, ipari csap\u00e1gyas REMERX agyak.<\/span><\/p>\n<p><span style=\"font-weight: 400;\">A nagyobb l\u00e1nct\u00e1ny\u00e9r \u00e9s a dupl\u00e1n keresztelt k\u00fcll\u0151z\u00e9s nagyobb stabilit\u00e1st \u00e9s jobb oldalir\u00e1ny\u00fa terhelhet\u0151s\u00e9get biztos\u00edt. Az agyak minden alkatr\u00e9sze speci\u00e1lis alum\u00ednium \u00f6tv\u00f6zetb\u0151l k\u00e9sz\u00fcl, amely nemcsak kiv\u00e1l\u00f3 mechanikai tulajdons\u00e1gokkal, hanem alacsony t\u00f6meggel is rendelkezik.<\/span><\/p>\n<p><span style=\"font-weight: 400;\">Az \u00faj kerekek szint\u00e9n \u00faj, k\u00e9tkamr\u00e1s REMERX felnikre \u00e9p\u00fclnek. Ezek tulajdons\u00e1gai megfelelnek a rollerez\u00e9s speci\u00e1lis ig\u00e9nyeinek (az oldalir\u00e1ny\u00fa dinamikus er\u0151k miatt). A Shimano f\u00e9kek t\u00f6k\u00e9letes f\u00e9khat\u00e1st ny\u00fajtanak.<\/span><\/p>\n<p><b>Alapvet\u0151 specifik\u00e1ci\u00f3k:<\/b><\/p>\n<ul>\n<li style=\"font-weight: 400;\" aria-level=\"1\"><b>Length:<\/b><span style=\"font-weight: 400;\"> 1735 mm<\/span><span style=\"font-weight: 400;\"><br \/>\n<\/span><\/li>\n<li style=\"font-weight: 400;\" aria-level=\"1\"><b>Magass\u00e1g:<\/b><span style=\"font-weight: 400;\"> 1015 mm<\/span><span style=\"font-weight: 400;\"><br \/>\n<\/span><\/li>\n<li style=\"font-weight: 400;\" aria-level=\"1\"><b>Tapos\u00f3fel\u00fclet hossza:<\/b><span style=\"font-weight: 400;\"> 435 mm<\/span><span style=\"font-weight: 400;\"><br \/>\n<\/span><\/li>\n<li style=\"font-weight: 400;\" aria-level=\"1\"><b>Tapos\u00f3fel\u00fclet hasmagass\u00e1ga:<\/b><span style=\"font-weight: 400;\"> 60 mm<\/span><span style=\"font-weight: 400;\"><br \/>\n<\/span><\/li>\n<li style=\"font-weight: 400;\" aria-level=\"1\"><b>Els\u0151 ker\u00e9k m\u00e9rete:<\/b><span style=\"font-weight: 400;\"> 26&#8243;<\/span><span style=\"font-weight: 400;\"><br \/>\n<\/span><\/li>\n<li style=\"font-weight: 400;\" aria-level=\"1\"><b>H\u00e1ts\u00f3 ker\u00e9k m\u00e9rete:<\/b><span style=\"font-weight: 400;\"> 20&#8243;<\/span><span style=\"font-weight: 400;\"><br \/>\n<\/span><\/li>\n<li style=\"font-weight: 400;\" aria-level=\"1\"><b>T\u00f6meg:<\/b><span style=\"font-weight: 400;\"> 9,3 kg<\/span><span style=\"font-weight: 400;\"><br \/>\n<\/span><\/li>\n<li style=\"font-weight: 400;\" aria-level=\"1\"><b>Teherb\u00edr\u00e1s:<\/b><span style=\"font-weight: 400;\"> 150 kg<br \/>\n<\/span>&nbsp;<\/li>\n<\/ul>\n<p><b>F\u00e9kek:<\/b><\/p>\n<ul>\n<li style=\"font-weight: 400;\" aria-level=\"1\"><span style=\"font-weight: 400;\">Shimano Alivio<br \/>\n<\/span><span style=\"font-weight: 400;\"><br \/>\n<\/span><\/li>\n<\/ul>\n<p><b>Csomagol\u00e1s:<\/b><\/p>\n<p><span style=\"font-weight: 400;\">A rollereket dobozban sz\u00e1ll\u00edtjuk. Kiv\u00e9tel ut\u00e1n csup\u00e1n a kerekeket kell felszerelni \u00e9s a korm\u00e1nyt be\u00e1ll\u00edtani. Az \u00fczletben a rollert mindig \u00f6sszeszerelve, be\u00e1ll\u00edtva kapja meg, azonnal haszn\u00e1latra k\u00e9szen. V\u00e1s\u00e1rl\u00e1s el\u0151tt a rollert ki is pr\u00f3b\u00e1lhatja.<\/span><\/p>","protected":false},"excerpt":{"rendered":"<p><b>A KOSTKA TOUR DOG 3 roller nemcsak \u00f6nnek, hanem kuty\u00e1j\u00e1nak is \u00f6r\u00f6met szerez.<\/b><b><br \/>\n<\/b><span style=\"font-weight: 400;\"> A hagyom\u00e1nyos Tour modell kieg\u00e9sz\u00fclt egy rugalmas ManMat p\u00f3r\u00e1zzal, valamint egy mushing adapterrel, amely megakad\u00e1lyozza, hogy a p\u00f3r\u00e1z az els\u0151 ker\u00e9kbe akadjon. A jobb f\u00e9khat\u00e1s \u00e9s a nagyobb hasmagass\u00e1g \u00e9rdek\u00e9ben Schwalbe Black Jack k\u00fcls\u0151kkel szerelik, amelyek a nehezebb terepen is n\u00f6velik a menetkomfortot.<\/span><\/p>","protected":false},"featured_media":4887,"comment_status":"open","ping_status":"closed","template":"","meta":[],"product_brand":[],"product_cat":[66,360],"product_tag":[],"class_list":{"0":"post-4886","1":"product","2":"type-product","3":"status-publish","4":"has-post-thumbnail","6":"product_cat-rekreacio","7":"product_cat-roller","9":"first","10":"instock","11":"sale","12":"shipping-taxable","13":"purchasable","14":"product-type-simple"},"yoast_head":"<!-- This site is optimized with the Yoast SEO plugin v27.5 - https:\/\/yoast.com\/product\/yoast-seo-wordpress\/ -->\n<title>Tour Dog - kerekparbalaton.hu<\/title>\n<meta name=\"description\" content=\"A hagyom\u00e1nyos Tour modell kieg\u00e9sz\u00fclt egy rugalmas ManMat p\u00f3r\u00e1zzal, valamint egy mushing adapterrel, hogy a p\u00f3r\u00e1z nehogy az els\u0151 ker\u00e9kbe akadjon.\" \/>\n<meta name=\"robots\" content=\"index, follow, max-snippet:-1, max-image-preview:large, max-video-preview:-1\" \/>\n<link rel=\"canonical\" href=\"https:\/\/kerekparbalaton.hu\/en\/product\/tour-dog\/\" \/>\n<meta property=\"og:locale\" content=\"en_GB\" \/>\n<meta property=\"og:type\" content=\"article\" \/>\n<meta property=\"og:title\" content=\"Tour Dog - kerekparbalaton.hu\" \/>\n<meta property=\"og:description\" content=\"A hagyom\u00e1nyos Tour modell kieg\u00e9sz\u00fclt egy rugalmas ManMat p\u00f3r\u00e1zzal, valamint egy mushing adapterrel, hogy a p\u00f3r\u00e1z nehogy az els\u0151 ker\u00e9kbe akadjon.\" \/>\n<meta property=\"og:url\" content=\"https:\/\/kerekparbalaton.hu\/en\/product\/tour-dog\/\" \/>\n<meta property=\"og:site_name\" content=\"kerekparbalaton.hu\" \/>\n<meta property=\"article:modified_time\" content=\"2025-12-13T09:10:02+00:00\" \/>\n<meta property=\"og:image\" content=\"https:\/\/kerekparbalaton.hu\/wp-content\/uploads\/2025\/12\/tour-dog-khaki-1.webp\" \/>\n\t<meta property=\"og:image:width\" content=\"2000\" \/>\n\t<meta property=\"og:image:height\" content=\"2000\" \/>\n\t<meta property=\"og:image:type\" content=\"image\/webp\" \/>\n<meta name=\"twitter:card\" content=\"summary_large_image\" \/>\n<meta name=\"twitter:label1\" content=\"Estimated reading time\" \/>\n\t<meta name=\"twitter:data1\" content=\"2 minutes\" \/>\n<script type=\"application\/ld+json\" class=\"yoast-schema-graph\">{\"@context\":\"https:\\\/\\\/schema.org\",\"@graph\":[{\"@type\":\"WebPage\",\"@id\":\"https:\\\/\\\/kerekparbalaton.hu\\\/termek\\\/tour-dog\\\/\",\"url\":\"https:\\\/\\\/kerekparbalaton.hu\\\/termek\\\/tour-dog\\\/\",\"name\":\"Tour Dog - kerekparbalaton.hu\",\"isPartOf\":{\"@id\":\"https:\\\/\\\/kerekparbalaton.hu\\\/#website\"},\"primaryImageOfPage\":{\"@id\":\"https:\\\/\\\/kerekparbalaton.hu\\\/termek\\\/tour-dog\\\/#primaryimage\"},\"image\":{\"@id\":\"https:\\\/\\\/kerekparbalaton.hu\\\/termek\\\/tour-dog\\\/#primaryimage\"},\"thumbnailUrl\":\"https:\\\/\\\/kerekparbalaton.hu\\\/wp-content\\\/uploads\\\/2025\\\/12\\\/tour-dog-khaki-1.webp\",\"datePublished\":\"2025-12-13T09:03:49+00:00\",\"dateModified\":\"2025-12-13T09:10:02+00:00\",\"description\":\"A hagyom\u00e1nyos Tour modell kieg\u00e9sz\u00fclt egy rugalmas ManMat p\u00f3r\u00e1zzal, valamint egy mushing adapterrel, hogy a p\u00f3r\u00e1z nehogy az els\u0151 ker\u00e9kbe akadjon.\",\"breadcrumb\":{\"@id\":\"https:\\\/\\\/kerekparbalaton.hu\\\/termek\\\/tour-dog\\\/#breadcrumb\"},\"inLanguage\":\"en-GB\",\"potentialAction\":[{\"@type\":\"ReadAction\",\"target\":[\"https:\\\/\\\/kerekparbalaton.hu\\\/termek\\\/tour-dog\\\/\"]}]},{\"@type\":\"ImageObject\",\"inLanguage\":\"en-GB\",\"@id\":\"https:\\\/\\\/kerekparbalaton.hu\\\/termek\\\/tour-dog\\\/#primaryimage\",\"url\":\"https:\\\/\\\/kerekparbalaton.hu\\\/wp-content\\\/uploads\\\/2025\\\/12\\\/tour-dog-khaki-1.webp\",\"contentUrl\":\"https:\\\/\\\/kerekparbalaton.hu\\\/wp-content\\\/uploads\\\/2025\\\/12\\\/tour-dog-khaki-1.webp\",\"width\":2000,\"height\":2000},{\"@type\":\"BreadcrumbList\",\"@id\":\"https:\\\/\\\/kerekparbalaton.hu\\\/termek\\\/tour-dog\\\/#breadcrumb\",\"itemListElement\":[{\"@type\":\"ListItem\",\"position\":1,\"name\":\"Kezd\u0151lap\",\"item\":\"https:\\\/\\\/kerekparbalaton.hu\\\/\"},{\"@type\":\"ListItem\",\"position\":2,\"name\":\"Shop\",\"item\":\"https:\\\/\\\/kerekparbalaton.hu\\\/uzlet\\\/\"},{\"@type\":\"ListItem\",\"position\":3,\"name\":\"Tour Dog\"}]},{\"@type\":\"WebSite\",\"@id\":\"https:\\\/\\\/kerekparbalaton.hu\\\/#website\",\"url\":\"https:\\\/\\\/kerekparbalaton.hu\\\/\",\"name\":\"kerekparbalaton.hu\",\"description\":\"Ker\u00e9kp\u00e1rb\u00e9rl\u00e9s Balaton\",\"publisher\":{\"@id\":\"https:\\\/\\\/kerekparbalaton.hu\\\/#organization\"},\"potentialAction\":[{\"@type\":\"SearchAction\",\"target\":{\"@type\":\"EntryPoint\",\"urlTemplate\":\"https:\\\/\\\/kerekparbalaton.hu\\\/?s={search_term_string}\"},\"query-input\":{\"@type\":\"PropertyValueSpecification\",\"valueRequired\":true,\"valueName\":\"search_term_string\"}}],\"inLanguage\":\"en-GB\"},{\"@type\":\"Organization\",\"@id\":\"https:\\\/\\\/kerekparbalaton.hu\\\/#organization\",\"name\":\"kerekparbalaton.hu\",\"url\":\"https:\\\/\\\/kerekparbalaton.hu\\\/\",\"logo\":{\"@type\":\"ImageObject\",\"inLanguage\":\"en-GB\",\"@id\":\"https:\\\/\\\/kerekparbalaton.hu\\\/#\\\/schema\\\/logo\\\/image\\\/\",\"url\":\"https:\\\/\\\/kerekparbalaton.hu\\\/wp-content\\\/uploads\\\/2023\\\/12\\\/Csopi-kerekpar-redesign-e1718779950933.png\",\"contentUrl\":\"https:\\\/\\\/kerekparbalaton.hu\\\/wp-content\\\/uploads\\\/2023\\\/12\\\/Csopi-kerekpar-redesign-e1718779950933.png\",\"width\":1000,\"height\":436,\"caption\":\"kerekparbalaton.hu\"},\"image\":{\"@id\":\"https:\\\/\\\/kerekparbalaton.hu\\\/#\\\/schema\\\/logo\\\/image\\\/\"}}]}<\/script>\n<!-- \/ Yoast SEO plugin. -->","yoast_head_json":{"title":"Tour Dog - kerekparbalaton.hu","description":"A hagyom\u00e1nyos Tour modell kieg\u00e9sz\u00fclt egy rugalmas ManMat p\u00f3r\u00e1zzal, valamint egy mushing adapterrel, hogy a p\u00f3r\u00e1z nehogy az els\u0151 ker\u00e9kbe akadjon.","robots":{"index":"index","follow":"follow","max-snippet":"max-snippet:-1","max-image-preview":"max-image-preview:large","max-video-preview":"max-video-preview:-1"},"canonical":"https:\/\/kerekparbalaton.hu\/en\/product\/tour-dog\/","og_locale":"en_GB","og_type":"article","og_title":"Tour Dog - kerekparbalaton.hu","og_description":"A hagyom\u00e1nyos Tour modell kieg\u00e9sz\u00fclt egy rugalmas ManMat p\u00f3r\u00e1zzal, valamint egy mushing adapterrel, hogy a p\u00f3r\u00e1z nehogy az els\u0151 ker\u00e9kbe akadjon.","og_url":"https:\/\/kerekparbalaton.hu\/en\/product\/tour-dog\/","og_site_name":"kerekparbalaton.hu","article_modified_time":"2025-12-13T09:10:02+00:00","og_image":[{"width":2000,"height":2000,"url":"https:\/\/kerekparbalaton.hu\/wp-content\/uploads\/2025\/12\/tour-dog-khaki-1.webp","type":"image\/webp"}],"twitter_card":"summary_large_image","twitter_misc":{"Estimated reading time":"2 minutes"},"schema":{"@context":"https:\/\/schema.org","@graph":[{"@type":"WebPage","@id":"https:\/\/kerekparbalaton.hu\/termek\/tour-dog\/","url":"https:\/\/kerekparbalaton.hu\/termek\/tour-dog\/","name":"Tour Dog - kerekparbalaton.hu","isPartOf":{"@id":"https:\/\/kerekparbalaton.hu\/#website"},"primaryImageOfPage":{"@id":"https:\/\/kerekparbalaton.hu\/termek\/tour-dog\/#primaryimage"},"image":{"@id":"https:\/\/kerekparbalaton.hu\/termek\/tour-dog\/#primaryimage"},"thumbnailUrl":"https:\/\/kerekparbalaton.hu\/wp-content\/uploads\/2025\/12\/tour-dog-khaki-1.webp","datePublished":"2025-12-13T09:03:49+00:00","dateModified":"2025-12-13T09:10:02+00:00","description":"A hagyom\u00e1nyos Tour modell kieg\u00e9sz\u00fclt egy rugalmas ManMat p\u00f3r\u00e1zzal, valamint egy mushing adapterrel, hogy a p\u00f3r\u00e1z nehogy az els\u0151 ker\u00e9kbe akadjon.","breadcrumb":{"@id":"https:\/\/kerekparbalaton.hu\/termek\/tour-dog\/#breadcrumb"},"inLanguage":"en-GB","potentialAction":[{"@type":"ReadAction","target":["https:\/\/kerekparbalaton.hu\/termek\/tour-dog\/"]}]},{"@type":"ImageObject","inLanguage":"en-GB","@id":"https:\/\/kerekparbalaton.hu\/termek\/tour-dog\/#primaryimage","url":"https:\/\/kerekparbalaton.hu\/wp-content\/uploads\/2025\/12\/tour-dog-khaki-1.webp","contentUrl":"https:\/\/kerekparbalaton.hu\/wp-content\/uploads\/2025\/12\/tour-dog-khaki-1.webp","width":2000,"height":2000},{"@type":"BreadcrumbList","@id":"https:\/\/kerekparbalaton.hu\/termek\/tour-dog\/#breadcrumb","itemListElement":[{"@type":"ListItem","position":1,"name":"Kezd\u0151lap","item":"https:\/\/kerekparbalaton.hu\/"},{"@type":"ListItem","position":2,"name":"Shop","item":"https:\/\/kerekparbalaton.hu\/uzlet\/"},{"@type":"ListItem","position":3,"name":"Tour Dog"}]},{"@type":"WebSite","@id":"https:\/\/kerekparbalaton.hu\/#website","url":"https:\/\/kerekparbalaton.hu\/","name":"roundparbalaton.hu","description":"Bicycle rental Balaton","publisher":{"@id":"https:\/\/kerekparbalaton.hu\/#organization"},"potentialAction":[{"@type":"SearchAction","target":{"@type":"EntryPoint","urlTemplate":"https:\/\/kerekparbalaton.hu\/?s={search_term_string}"},"query-input":{"@type":"PropertyValueSpecification","valueRequired":true,"valueName":"search_term_string"}}],"inLanguage":"en-GB"},{"@type":"Organization","@id":"https:\/\/kerekparbalaton.hu\/#organization","name":"roundparbalaton.hu","url":"https:\/\/kerekparbalaton.hu\/","logo":{"@type":"ImageObject","inLanguage":"en-GB","@id":"https:\/\/kerekparbalaton.hu\/#\/schema\/logo\/image\/","url":"https:\/\/kerekparbalaton.hu\/wp-content\/uploads\/2023\/12\/Csopi-kerekpar-redesign-e1718779950933.png","contentUrl":"https:\/\/kerekparbalaton.hu\/wp-content\/uploads\/2023\/12\/Csopi-kerekpar-redesign-e1718779950933.png","width":1000,"height":436,"caption":"kerekparbalaton.hu"},"image":{"@id":"https:\/\/kerekparbalaton.hu\/#\/schema\/logo\/image\/"}}]}},"_links":{"self":[{"href":"https:\/\/kerekparbalaton.hu\/en\/wp-json\/wp\/v2\/product\/4886","targetHints":{"allow":["GET"]}}],"collection":[{"href":"https:\/\/kerekparbalaton.hu\/en\/wp-json\/wp\/v2\/product"}],"about":[{"href":"https:\/\/kerekparbalaton.hu\/en\/wp-json\/wp\/v2\/types\/product"}],"replies":[{"embeddable":true,"href":"https:\/\/kerekparbalaton.hu\/en\/wp-json\/wp\/v2\/comments?post=4886"}],"wp:featuredmedia":[{"embeddable":true,"href":"https:\/\/kerekparbalaton.hu\/en\/wp-json\/wp\/v2\/media\/4887"}],"wp:attachment":[{"href":"https:\/\/kerekparbalaton.hu\/en\/wp-json\/wp\/v2\/media?parent=4886"}],"wp:term":[{"taxonomy":"product_brand","embeddable":true,"href":"https:\/\/kerekparbalaton.hu\/en\/wp-json\/wp\/v2\/product_brand?post=4886"},{"taxonomy":"product_cat","embeddable":true,"href":"https:\/\/kerekparbalaton.hu\/en\/wp-json\/wp\/v2\/product_cat?post=4886"},{"taxonomy":"product_tag","embeddable":true,"href":"https:\/\/kerekparbalaton.hu\/en\/wp-json\/wp\/v2\/product_tag?post=4886"}],"curies":[{"name":"wp","href":"https:\/\/api.w.org\/{rel}","templated":true}]}}