{"id":4878,"date":"2025-12-13T08:53:30","date_gmt":"2025-12-13T08:53:30","guid":{"rendered":"https:\/\/kerekparbalaton.hu\/?post_type=product&#038;p=4878"},"modified":"2025-12-13T08:55:37","modified_gmt":"2025-12-13T08:55:37","slug":"twenty","status":"publish","type":"product","link":"https:\/\/kerekparbalaton.hu\/en\/product\/twenty\/","title":{"rendered":"Twenty"},"content":{"rendered":"<p><b>Alapvet\u0151 param\u00e9terek<\/b><b><br \/>\n<\/b><span style=\"font-weight: 400;\"> Teherb\u00edr\u00e1s: 150 kg<\/span><span style=\"font-weight: 400;\"><br \/>\n<\/span><span style=\"font-weight: 400;\"> Els\u0151 ker\u00e9k m\u00e9rete: 20&#8243;<\/span><span style=\"font-weight: 400;\"><br \/>\n<\/span><span style=\"font-weight: 400;\"> H\u00e1ts\u00f3 ker\u00e9k m\u00e9rete: 20&#8243;<\/span><span style=\"font-weight: 400;\"><br \/>\n<\/span><span style=\"font-weight: 400;\"> Hossz: 1575 mm<\/span><span style=\"font-weight: 400;\"><br \/>\n<\/span><span style=\"font-weight: 400;\"> Magass\u00e1g: 960 mm<\/span><span style=\"font-weight: 400;\"><br \/>\n<\/span><span style=\"font-weight: 400;\"> T\u00f6meg: 8,8 kg<\/span><span style=\"font-weight: 400;\"><br \/>\n<\/span><span style=\"font-weight: 400;\"> A fell\u00e9p\u0151 hossza: 420 mm<\/span><span style=\"font-weight: 400;\"><br \/>\n<\/span><span style=\"font-weight: 400;\"> Szelep t\u00edpusa: AV<\/span><\/p>\n<p><span style=\"font-weight: 400;\">\u00a0A roller gyors, \u00e9s t\u00f6k\u00e9letesen fordul a kanyarokban.<\/span><b><br \/>\n<\/b><span style=\"font-weight: 400;\"> A kerekeket keskeny, 65 mm-es Remerx agyakra f\u0171zt\u00e9k. Ezek ipari csap\u00e1gyakkal k\u00e9sz\u00fclnek, kifejezetten sport rollerekhez. Magasabb peremmel rendelkeznek, \u00edgy jobban ellen\u00e1llnak az oldalir\u00e1ny\u00fa dinamikus er\u0151knek. A kiv\u00e1l\u00f3 Shimano XT V-f\u00e9kek szinte m\u00e9g az id\u0151t is k\u00e9pesek meg\u00e1ll\u00edtani.<\/span><b><br \/>\n<\/b><span style=\"font-weight: 400;\"> A fell\u00e9p\u0151 als\u00f3 r\u00e9sz\u00e9t speci\u00e1lis hegeszt\u00e9sek er\u0151s\u00edtik. Ezek n\u00f6velik a v\u00e1z als\u00f3 r\u00e9sz\u00e9nek merevs\u00e9g\u00e9t \u00e9s ellen\u00e1ll\u00e1s\u00e1t, \u00edgy megv\u00e9dik a rollert \u00fctk\u00f6z\u00e9ses helyzetekben.<\/span><\/p>\n<p><b>Felszerelts\u00e9g<\/b><b><br \/>\n<\/b><span style=\"font-weight: 400;\">Shimano XT f\u00e9kek, 65 mm-es Remerx agyak, Schwalbe Marathon Racer gumik, duplafal\u00fa felnik, Kostka stucni \u00e9s BMX korm\u00e1ny keresztmerev\u00edt\u0151vel \u2013 ez az ide\u00e1lis felszerel\u00e9s b\u00e1rmilyen \u00fatra.<\/span><span style=\"font-weight: 400;\"><br \/>\n<\/span><span style=\"font-weight: 400;\">A korm\u00e1ny magass\u00e1ga fix. A 195 cm feletti szem\u00e9lyeknek \u00e9rdemes \u00e1ll\u00edthat\u00f3 stucnit beszerezni, hogy megemelj\u00e9k a korm\u00e1nyt. Felszerelhet\u0151 saj\u00e1t kit\u00e1maszt\u00f3 \u2013 \u00e9s soha t\u00f6bb\u00e9 nem d\u0151l el<\/span><\/p>","protected":false},"excerpt":{"rendered":"<p><span style=\"font-weight: 400;\">Valami k\u00fcl\u00f6nleges, ami nem j\u00f6n veled szembe minden sarkon!<\/span><\/p>\n<p><span style=\"font-weight: 400;\">Kis m\u00e9retei ugyan nem f\u00e9rnek be a k\u00e9zit\u00e1sk\u00e1ba, de a t\u00f6megk\u00f6zleked\u00e9sre gond n\u00e9lk\u00fcl felviheted. Ha pedig megunod a v\u00e1rost, indulj vele a mez\u0151k vagy az erd\u0151k fel\u00e9 \u2013 b\u00e1rmilyen utat k\u00e9pes lek\u00fczdeni.<\/span><\/p>","protected":false},"featured_media":4879,"comment_status":"open","ping_status":"closed","template":"","meta":[],"product_brand":[],"product_cat":[66,360],"product_tag":[],"class_list":{"0":"post-4878","1":"product","2":"type-product","3":"status-publish","4":"has-post-thumbnail","6":"product_cat-rekreacio","7":"product_cat-roller","9":"first","10":"instock","11":"sale","12":"shipping-taxable","13":"purchasable","14":"product-type-simple"},"yoast_head":"<!-- This site is optimized with the Yoast SEO plugin v27.5 - https:\/\/yoast.com\/product\/yoast-seo-wordpress\/ -->\n<title>Twenty - kerekparbalaton.hu<\/title>\n<meta name=\"description\" content=\"Valami k\u00fcl\u00f6nleges, ami nem j\u00f6n veled szembe minden sarkon! Kis m\u00e9retei ugyan nem f\u00e9rnek be a k\u00e9zit\u00e1sk\u00e1ba, de a t\u00f6megk\u00f6zleked\u00e9sre gond n\u00e9lk\u00fcl felviheted.\" \/>\n<meta name=\"robots\" content=\"index, follow, max-snippet:-1, max-image-preview:large, max-video-preview:-1\" \/>\n<link rel=\"canonical\" href=\"https:\/\/kerekparbalaton.hu\/en\/product\/twenty\/\" \/>\n<meta property=\"og:locale\" content=\"en_GB\" \/>\n<meta property=\"og:type\" content=\"article\" \/>\n<meta property=\"og:title\" content=\"Twenty - kerekparbalaton.hu\" \/>\n<meta property=\"og:description\" content=\"Valami k\u00fcl\u00f6nleges, ami nem j\u00f6n veled szembe minden sarkon! Kis m\u00e9retei ugyan nem f\u00e9rnek be a k\u00e9zit\u00e1sk\u00e1ba, de a t\u00f6megk\u00f6zleked\u00e9sre gond n\u00e9lk\u00fcl felviheted.\" \/>\n<meta property=\"og:url\" content=\"https:\/\/kerekparbalaton.hu\/en\/product\/twenty\/\" \/>\n<meta property=\"og:site_name\" content=\"kerekparbalaton.hu\" \/>\n<meta property=\"article:modified_time\" content=\"2025-12-13T08:55:37+00:00\" \/>\n<meta property=\"og:image\" content=\"https:\/\/kerekparbalaton.hu\/wp-content\/uploads\/2025\/12\/twenty-mystic-gray.webp\" \/>\n\t<meta property=\"og:image:width\" content=\"1000\" \/>\n\t<meta property=\"og:image:height\" content=\"1000\" \/>\n\t<meta property=\"og:image:type\" content=\"image\/webp\" \/>\n<meta name=\"twitter:card\" content=\"summary_large_image\" \/>\n<meta name=\"twitter:label1\" content=\"Estimated reading time\" \/>\n\t<meta name=\"twitter:data1\" content=\"2 minutes\" \/>\n<script type=\"application\/ld+json\" class=\"yoast-schema-graph\">{\"@context\":\"https:\\\/\\\/schema.org\",\"@graph\":[{\"@type\":\"WebPage\",\"@id\":\"https:\\\/\\\/kerekparbalaton.hu\\\/termek\\\/twenty\\\/\",\"url\":\"https:\\\/\\\/kerekparbalaton.hu\\\/termek\\\/twenty\\\/\",\"name\":\"Twenty - kerekparbalaton.hu\",\"isPartOf\":{\"@id\":\"https:\\\/\\\/kerekparbalaton.hu\\\/#website\"},\"primaryImageOfPage\":{\"@id\":\"https:\\\/\\\/kerekparbalaton.hu\\\/termek\\\/twenty\\\/#primaryimage\"},\"image\":{\"@id\":\"https:\\\/\\\/kerekparbalaton.hu\\\/termek\\\/twenty\\\/#primaryimage\"},\"thumbnailUrl\":\"https:\\\/\\\/kerekparbalaton.hu\\\/wp-content\\\/uploads\\\/2025\\\/12\\\/twenty-mystic-gray.webp\",\"datePublished\":\"2025-12-13T08:53:30+00:00\",\"dateModified\":\"2025-12-13T08:55:37+00:00\",\"description\":\"Valami k\u00fcl\u00f6nleges, ami nem j\u00f6n veled szembe minden sarkon! Kis m\u00e9retei ugyan nem f\u00e9rnek be a k\u00e9zit\u00e1sk\u00e1ba, de a t\u00f6megk\u00f6zleked\u00e9sre gond n\u00e9lk\u00fcl felviheted.\",\"breadcrumb\":{\"@id\":\"https:\\\/\\\/kerekparbalaton.hu\\\/termek\\\/twenty\\\/#breadcrumb\"},\"inLanguage\":\"en-GB\",\"potentialAction\":[{\"@type\":\"ReadAction\",\"target\":[\"https:\\\/\\\/kerekparbalaton.hu\\\/termek\\\/twenty\\\/\"]}]},{\"@type\":\"ImageObject\",\"inLanguage\":\"en-GB\",\"@id\":\"https:\\\/\\\/kerekparbalaton.hu\\\/termek\\\/twenty\\\/#primaryimage\",\"url\":\"https:\\\/\\\/kerekparbalaton.hu\\\/wp-content\\\/uploads\\\/2025\\\/12\\\/twenty-mystic-gray.webp\",\"contentUrl\":\"https:\\\/\\\/kerekparbalaton.hu\\\/wp-content\\\/uploads\\\/2025\\\/12\\\/twenty-mystic-gray.webp\",\"width\":1000,\"height\":1000},{\"@type\":\"BreadcrumbList\",\"@id\":\"https:\\\/\\\/kerekparbalaton.hu\\\/termek\\\/twenty\\\/#breadcrumb\",\"itemListElement\":[{\"@type\":\"ListItem\",\"position\":1,\"name\":\"Kezd\u0151lap\",\"item\":\"https:\\\/\\\/kerekparbalaton.hu\\\/\"},{\"@type\":\"ListItem\",\"position\":2,\"name\":\"Shop\",\"item\":\"https:\\\/\\\/kerekparbalaton.hu\\\/uzlet\\\/\"},{\"@type\":\"ListItem\",\"position\":3,\"name\":\"Twenty\"}]},{\"@type\":\"WebSite\",\"@id\":\"https:\\\/\\\/kerekparbalaton.hu\\\/#website\",\"url\":\"https:\\\/\\\/kerekparbalaton.hu\\\/\",\"name\":\"kerekparbalaton.hu\",\"description\":\"Ker\u00e9kp\u00e1rb\u00e9rl\u00e9s Balaton\",\"publisher\":{\"@id\":\"https:\\\/\\\/kerekparbalaton.hu\\\/#organization\"},\"potentialAction\":[{\"@type\":\"SearchAction\",\"target\":{\"@type\":\"EntryPoint\",\"urlTemplate\":\"https:\\\/\\\/kerekparbalaton.hu\\\/?s={search_term_string}\"},\"query-input\":{\"@type\":\"PropertyValueSpecification\",\"valueRequired\":true,\"valueName\":\"search_term_string\"}}],\"inLanguage\":\"en-GB\"},{\"@type\":\"Organization\",\"@id\":\"https:\\\/\\\/kerekparbalaton.hu\\\/#organization\",\"name\":\"kerekparbalaton.hu\",\"url\":\"https:\\\/\\\/kerekparbalaton.hu\\\/\",\"logo\":{\"@type\":\"ImageObject\",\"inLanguage\":\"en-GB\",\"@id\":\"https:\\\/\\\/kerekparbalaton.hu\\\/#\\\/schema\\\/logo\\\/image\\\/\",\"url\":\"https:\\\/\\\/kerekparbalaton.hu\\\/wp-content\\\/uploads\\\/2023\\\/12\\\/Csopi-kerekpar-redesign-e1718779950933.png\",\"contentUrl\":\"https:\\\/\\\/kerekparbalaton.hu\\\/wp-content\\\/uploads\\\/2023\\\/12\\\/Csopi-kerekpar-redesign-e1718779950933.png\",\"width\":1000,\"height\":436,\"caption\":\"kerekparbalaton.hu\"},\"image\":{\"@id\":\"https:\\\/\\\/kerekparbalaton.hu\\\/#\\\/schema\\\/logo\\\/image\\\/\"}}]}<\/script>\n<!-- \/ Yoast SEO plugin. -->","yoast_head_json":{"title":"Twenty - kerekparbalaton.hu","description":"Valami k\u00fcl\u00f6nleges, ami nem j\u00f6n veled szembe minden sarkon! Kis m\u00e9retei ugyan nem f\u00e9rnek be a k\u00e9zit\u00e1sk\u00e1ba, de a t\u00f6megk\u00f6zleked\u00e9sre gond n\u00e9lk\u00fcl felviheted.","robots":{"index":"index","follow":"follow","max-snippet":"max-snippet:-1","max-image-preview":"max-image-preview:large","max-video-preview":"max-video-preview:-1"},"canonical":"https:\/\/kerekparbalaton.hu\/en\/product\/twenty\/","og_locale":"en_GB","og_type":"article","og_title":"Twenty - kerekparbalaton.hu","og_description":"Valami k\u00fcl\u00f6nleges, ami nem j\u00f6n veled szembe minden sarkon! Kis m\u00e9retei ugyan nem f\u00e9rnek be a k\u00e9zit\u00e1sk\u00e1ba, de a t\u00f6megk\u00f6zleked\u00e9sre gond n\u00e9lk\u00fcl felviheted.","og_url":"https:\/\/kerekparbalaton.hu\/en\/product\/twenty\/","og_site_name":"kerekparbalaton.hu","article_modified_time":"2025-12-13T08:55:37+00:00","og_image":[{"width":1000,"height":1000,"url":"https:\/\/kerekparbalaton.hu\/wp-content\/uploads\/2025\/12\/twenty-mystic-gray.webp","type":"image\/webp"}],"twitter_card":"summary_large_image","twitter_misc":{"Estimated reading time":"2 minutes"},"schema":{"@context":"https:\/\/schema.org","@graph":[{"@type":"WebPage","@id":"https:\/\/kerekparbalaton.hu\/termek\/twenty\/","url":"https:\/\/kerekparbalaton.hu\/termek\/twenty\/","name":"Twenty - kerekparbalaton.hu","isPartOf":{"@id":"https:\/\/kerekparbalaton.hu\/#website"},"primaryImageOfPage":{"@id":"https:\/\/kerekparbalaton.hu\/termek\/twenty\/#primaryimage"},"image":{"@id":"https:\/\/kerekparbalaton.hu\/termek\/twenty\/#primaryimage"},"thumbnailUrl":"https:\/\/kerekparbalaton.hu\/wp-content\/uploads\/2025\/12\/twenty-mystic-gray.webp","datePublished":"2025-12-13T08:53:30+00:00","dateModified":"2025-12-13T08:55:37+00:00","description":"Valami k\u00fcl\u00f6nleges, ami nem j\u00f6n veled szembe minden sarkon! Kis m\u00e9retei ugyan nem f\u00e9rnek be a k\u00e9zit\u00e1sk\u00e1ba, de a t\u00f6megk\u00f6zleked\u00e9sre gond n\u00e9lk\u00fcl felviheted.","breadcrumb":{"@id":"https:\/\/kerekparbalaton.hu\/termek\/twenty\/#breadcrumb"},"inLanguage":"en-GB","potentialAction":[{"@type":"ReadAction","target":["https:\/\/kerekparbalaton.hu\/termek\/twenty\/"]}]},{"@type":"ImageObject","inLanguage":"en-GB","@id":"https:\/\/kerekparbalaton.hu\/termek\/twenty\/#primaryimage","url":"https:\/\/kerekparbalaton.hu\/wp-content\/uploads\/2025\/12\/twenty-mystic-gray.webp","contentUrl":"https:\/\/kerekparbalaton.hu\/wp-content\/uploads\/2025\/12\/twenty-mystic-gray.webp","width":1000,"height":1000},{"@type":"BreadcrumbList","@id":"https:\/\/kerekparbalaton.hu\/termek\/twenty\/#breadcrumb","itemListElement":[{"@type":"ListItem","position":1,"name":"Kezd\u0151lap","item":"https:\/\/kerekparbalaton.hu\/"},{"@type":"ListItem","position":2,"name":"Shop","item":"https:\/\/kerekparbalaton.hu\/uzlet\/"},{"@type":"ListItem","position":3,"name":"Twenty"}]},{"@type":"WebSite","@id":"https:\/\/kerekparbalaton.hu\/#website","url":"https:\/\/kerekparbalaton.hu\/","name":"roundparbalaton.hu","description":"Bicycle rental Balaton","publisher":{"@id":"https:\/\/kerekparbalaton.hu\/#organization"},"potentialAction":[{"@type":"SearchAction","target":{"@type":"EntryPoint","urlTemplate":"https:\/\/kerekparbalaton.hu\/?s={search_term_string}"},"query-input":{"@type":"PropertyValueSpecification","valueRequired":true,"valueName":"search_term_string"}}],"inLanguage":"en-GB"},{"@type":"Organization","@id":"https:\/\/kerekparbalaton.hu\/#organization","name":"roundparbalaton.hu","url":"https:\/\/kerekparbalaton.hu\/","logo":{"@type":"ImageObject","inLanguage":"en-GB","@id":"https:\/\/kerekparbalaton.hu\/#\/schema\/logo\/image\/","url":"https:\/\/kerekparbalaton.hu\/wp-content\/uploads\/2023\/12\/Csopi-kerekpar-redesign-e1718779950933.png","contentUrl":"https:\/\/kerekparbalaton.hu\/wp-content\/uploads\/2023\/12\/Csopi-kerekpar-redesign-e1718779950933.png","width":1000,"height":436,"caption":"kerekparbalaton.hu"},"image":{"@id":"https:\/\/kerekparbalaton.hu\/#\/schema\/logo\/image\/"}}]}},"_links":{"self":[{"href":"https:\/\/kerekparbalaton.hu\/en\/wp-json\/wp\/v2\/product\/4878","targetHints":{"allow":["GET"]}}],"collection":[{"href":"https:\/\/kerekparbalaton.hu\/en\/wp-json\/wp\/v2\/product"}],"about":[{"href":"https:\/\/kerekparbalaton.hu\/en\/wp-json\/wp\/v2\/types\/product"}],"replies":[{"embeddable":true,"href":"https:\/\/kerekparbalaton.hu\/en\/wp-json\/wp\/v2\/comments?post=4878"}],"wp:featuredmedia":[{"embeddable":true,"href":"https:\/\/kerekparbalaton.hu\/en\/wp-json\/wp\/v2\/media\/4879"}],"wp:attachment":[{"href":"https:\/\/kerekparbalaton.hu\/en\/wp-json\/wp\/v2\/media?parent=4878"}],"wp:term":[{"taxonomy":"product_brand","embeddable":true,"href":"https:\/\/kerekparbalaton.hu\/en\/wp-json\/wp\/v2\/product_brand?post=4878"},{"taxonomy":"product_cat","embeddable":true,"href":"https:\/\/kerekparbalaton.hu\/en\/wp-json\/wp\/v2\/product_cat?post=4878"},{"taxonomy":"product_tag","embeddable":true,"href":"https:\/\/kerekparbalaton.hu\/en\/wp-json\/wp\/v2\/product_tag?post=4878"}],"curies":[{"name":"wp","href":"https:\/\/api.w.org\/{rel}","templated":true}]}}