{"id":4813,"date":"2025-12-13T07:36:39","date_gmt":"2025-12-13T07:36:39","guid":{"rendered":"https:\/\/kerekparbalaton.hu\/?post_type=product&#038;p=4813"},"modified":"2025-12-13T07:46:46","modified_gmt":"2025-12-13T07:46:46","slug":"active-skin-8-set","status":"publish","type":"product","link":"https:\/\/kerekparbalaton.hu\/en\/product\/active-skin-8-set\/","title":{"rendered":"Active skin 8 set"},"content":{"rendered":"<p><span style=\"font-weight: 400;\">Felhaszn\u00e1lt technol\u00f3gi\u00e1k:<\/span><\/p>\n<ul>\n<li style=\"font-weight: 400;\" aria-level=\"1\"><span style=\"font-weight: 400;\">Sensifit\u2122: Az optim\u00e1lis illeszked\u00e9s \u00e9s stabilit\u00e1s \u00e9rdek\u00e9ben rugalmas, kiv\u00e1l\u00f3 l\u00e9g\u00e1tereszt\u0151 k\u00e9pess\u00e9g\u0171 anyagokat \u00e9s k\u00f6nny\u0171 be\u00e1ll\u00edt\u00e1si rendszert haszn\u00e1l\u00f3 konstrukci\u00f3.<\/span><\/li>\n<li style=\"font-weight: 400;\" aria-level=\"1\"><span style=\"font-weight: 400;\">Quick link: Gyors, pontos, ak\u00e1r menet k\u00f6zbeni be\u00e1ll\u00edt\u00e1st is lehet\u0151v\u00e9 tev\u0151 els\u0151 p\u00e1ntrendszer, melynek elaszticit\u00e1sa m\u00e9g a legnagyobb temp\u00f3 mellett is megk\u00f6nny\u00edti a l\u00e9gz\u00e9st.<\/span><\/li>\n<li style=\"font-weight: 400;\" aria-level=\"1\"><span style=\"font-weight: 400;\">3D comfort h\u00e1t rendszer.<\/span><\/li>\n<li style=\"font-weight: 400;\" aria-level=\"1\"><span style=\"font-weight: 400;\">3D Airmesh v\u00e1llp\u00e1ntok: A kis \u00fcregeket tartalmaz\u00f3 szerkezet\u00e9vel a 3D Airmesh panel fokozott leveg\u0151\u00e1raml\u00e1st tesz lehet\u0151v\u00e9.<\/span><\/li>\n<li style=\"font-weight: 400;\" aria-level=\"1\"><span style=\"font-weight: 400;\">A b\u0151r \u00e9s a ruha kid\u00f6rzs\u00f6l\u00e9s\u00e9nek elker\u00fcl\u00e9se \u00e9rdek\u00e9ben a testhez mozg\u00e1s k\u00f6zben is alkalmazkod\u00f3 3D Airmesh.\n<p><\/span><\/li>\n<\/ul>\n<p><span style=\"font-weight: 400;\">Technikai jellemz\u0151k:<\/span><\/p>\n<ul>\n<li style=\"font-weight: 400;\" aria-level=\"1\"><span style=\"font-weight: 400;\">2 db 500 ml-es (28 mm-es sz\u00e1jny\u00edl\u00e1s\u00fa) soft flas-et tartalmaz<\/span><\/li>\n<li style=\"font-weight: 400;\" aria-level=\"1\"><span style=\"font-weight: 400;\">Bungee elasztikus zsin\u00f3rrendszer<\/span><\/li>\n<li style=\"font-weight: 400;\" aria-level=\"1\"><span style=\"font-weight: 400;\">Iv\u00f3tasak kompatibilit\u00e1s (1,5 liter)<\/span><\/li>\n<li style=\"font-weight: 400;\" aria-level=\"1\"><span style=\"font-weight: 400;\">Iv\u00f3cs\u0151 kimenet<\/span><\/li>\n<li style=\"font-weight: 400;\" aria-level=\"1\"><span style=\"font-weight: 400;\">1 h\u00e1ts\u00f3 rekesz<\/span><\/li>\n<li style=\"font-weight: 400;\" aria-level=\"1\"><span style=\"font-weight: 400;\">1 el\u00fcls\u0151 cipz\u00e1ras zseb<\/span><\/li>\n<li style=\"font-weight: 400;\" aria-level=\"1\"><span style=\"font-weight: 400;\">1 bels\u0151 zseb<\/span><\/li>\n<li style=\"font-weight: 400;\" aria-level=\"1\"><span style=\"font-weight: 400;\">2 rugalmas el\u00fcls\u0151 zseb menet k\u00f6zbeni hozz\u00e1f\u00e9r\u00e9st ig\u00e9nyl\u0151 felszerel\u00e9sek t\u00e1rol\u00e1s\u00e1ra<\/span><\/li>\n<li style=\"font-weight: 400;\" aria-level=\"1\"><span style=\"font-weight: 400;\">Az \u00e1tl\u00e1that\u00f3s\u00e1got \u00e9s praktikus t\u00e1rol\u00e1st el\u0151seg\u00edt\u0151 nagyra nyithat\u00f3 kialak\u00edt\u00e1s<\/span><\/li>\n<li style=\"font-weight: 400;\" aria-level=\"1\"><span style=\"font-weight: 400;\">Salomon Custom quiver (k\u00fcl\u00f6n megv\u00e1s\u00e1rolhat\u00f3 term\u00e9k) \u2013 bottart\u00f3 kompatibilit\u00e1s<\/span><\/li>\n<li style=\"font-weight: 400;\" aria-level=\"1\"><span style=\"font-weight: 400;\">Salomon Custom quiver csatlakoztat\u00f3 rendszer<\/span><\/li>\n<li style=\"font-weight: 400;\" aria-level=\"1\"><span style=\"font-weight: 400;\">Kulcsakaszt\u00f3<\/span><\/li>\n<li style=\"font-weight: 400;\" aria-level=\"1\"><span style=\"font-weight: 400;\">Rugalmas, er\u0151s \u00e9s l\u00e9g\u00e1tereszt\u0151 h\u00e1l\u00f3s anyag<\/span><\/li>\n<li style=\"font-weight: 400;\" aria-level=\"1\"><span style=\"font-weight: 400;\">Cs\u00facs teljes\u00edtm\u00e9nyt, k\u00e9nyelmet, \u00e9s szagsemlegess\u00e9get biztos\u00edt\u00f3, gyorsan sz\u00e1rad\u00f3 \u00e9s remek nedvess\u00e9gkezel\u0151 tulajdons\u00e1ggal rendelkez\u0151, k\u00f6nny\u0171 anyagok\n<p><\/span><\/li>\n<\/ul>\n<p><span style=\"font-weight: 400;\">Param\u00e9terek:<\/span><\/p>\n<ul>\n<li style=\"font-weight: 400;\" aria-level=\"1\"><span style=\"font-weight: 400;\">M\u00e9ret: 180 X 380 X 10 mm<\/span><\/li>\n<li style=\"font-weight: 400;\" aria-level=\"1\"><span style=\"font-weight: 400;\">\u0170rtartalom: 8 liter<\/span><\/li>\n<li style=\"font-weight: 400;\" aria-level=\"1\"><span style=\"font-weight: 400;\">T\u00f6meg: 213 g (273 g kulacsokkal)\n<p><\/span><\/li>\n<\/ul>\n<p><span style=\"font-weight: 400;\">Anyag:<\/span><\/p>\n<ul>\n<li style=\"font-weight: 400;\" aria-level=\"1\"><span style=\"font-weight: 400;\">H\u00e1ts\u00f3 bet\u00e9t: 89% poliamid, 11% elaszt\u00e1n<\/span><\/li>\n<li style=\"font-weight: 400;\" aria-level=\"1\"><span style=\"font-weight: 400;\">F\u0151 anyag: 100% poliamid<\/span><\/li>\n<li style=\"font-weight: 400;\" aria-level=\"1\"><span style=\"font-weight: 400;\">B\u00e9l\u00e9s: 100% poliamid<\/span><\/li>\n<li style=\"font-weight: 400;\" aria-level=\"1\"><span style=\"font-weight: 400;\">Test bet\u00e9t: 88% poliamid, 12% elaszt\u00e1n<\/span><\/li>\n<li style=\"font-weight: 400;\" aria-level=\"1\"><span style=\"font-weight: 400;\">Test h\u00e1ts\u00f3 r\u00e9sze: 100% poli\u00e9szter\n<p><\/span><\/li>\n<\/ul>\n<p><span style=\"font-weight: 400;\">Kezel\u00e9si \u00fatmutat\u00f3:<\/span><\/p>\n<ul>\n<li style=\"font-weight: 400;\" aria-level=\"1\"><span style=\"font-weight: 400;\">30\u00b0C-on k\u00e9zzel moshat\u00f3<\/span><\/li>\n<li style=\"font-weight: 400;\" aria-level=\"1\"><span style=\"font-weight: 400;\">Tilos sz\u00e1r\u00edt\u00f3g\u00e9pben sz\u00e1r\u00edtani, vasalni, vegytiszt\u00edtani \u00e9s feh\u00e9r\u00edteni<\/span><\/li>\n<\/ul>","protected":false},"excerpt":{"rendered":"<p><span style=\"font-weight: 400;\">Egyszer\u0171 hidrat\u00e1ci\u00f3: A k\u00e9t \u00faj mellzsebnek k\u00f6sz\u00f6nhet\u0151en m\u00e9g gyorsabban f\u00e9rhetsz hozz\u00e1 a kulacsokhoz ak\u00e1r menet k\u00f6zben is. A set 2db 500 ml-es soft flask-et tartalmaz \u00e9s term\u00e9szetesen kompatibilis (k\u00fcl\u00f6n megv\u00e1s\u00e1rolhat\u00f3) 1,5 literes iv\u00f3tasakkal is.<\/span><\/p>\n<p><span style=\"font-weight: 400;\">Prec\u00edz illeszked\u00e9s: Friss\u00edtett SensiFit\u2122 diz\u00e1jn puha anyagokkal, m\u00e9g nagyobb mozg\u00e1sszabads\u00e1ggal, maxim\u00e1lis komfortot biztos\u00edt\u00f3 bels\u0151 h\u00e1l\u00f3val \u00e9s k\u00f6nny\u0171 \u00e1ll\u00edthat\u00f3s\u00e1ggal, hogy a mell\u00e9ny mindig pontosan ott maradjon, ahol Te szeretn\u00e9d.<\/span><\/p>\n<p><span style=\"font-weight: 400;\">Optimaliz\u00e1lt t\u00e1rol\u00e1s: Minden, amire sz\u00fcks\u00e9ged van a maratoni terep kalandjaidhoz, k\u00f6nnyen el\u00e9rhet\u0151 kialak\u00edt\u00e1ssal, b\u0151s\u00e9ges hellyel, biztons\u00e1gos zsebekkel \u00e9s Salomon Custom Quiver \u2013 bottart\u00f3 kompatibilit\u00e1ssal.<\/span><\/p>","protected":false},"featured_media":4818,"comment_status":"open","ping_status":"closed","template":"","meta":[],"product_brand":[],"product_cat":[65,68],"product_tag":[],"class_list":{"0":"post-4813","1":"product","2":"type-product","3":"status-publish","4":"has-post-thumbnail","6":"product_cat-futas","7":"product_cat-kiegeszitok","9":"first","10":"instock","11":"sale","12":"shipping-taxable","13":"purchasable","14":"product-type-simple"},"yoast_head":"<!-- This site is optimized with the Yoast SEO plugin v27.5 - https:\/\/yoast.com\/product\/yoast-seo-wordpress\/ -->\n<title>Active skin 8 set - kerekparbalaton.hu<\/title>\n<meta name=\"robots\" content=\"index, follow, max-snippet:-1, max-image-preview:large, max-video-preview:-1\" \/>\n<link rel=\"canonical\" href=\"https:\/\/kerekparbalaton.hu\/en\/product\/active-skin-8-set\/\" \/>\n<meta property=\"og:locale\" content=\"en_GB\" \/>\n<meta property=\"og:type\" content=\"article\" \/>\n<meta property=\"og:title\" content=\"Active skin 8 set - kerekparbalaton.hu\" \/>\n<meta property=\"og:description\" content=\"Egyszer\u0171 hidrat\u00e1ci\u00f3: A k\u00e9t \u00faj mellzsebnek k\u00f6sz\u00f6nhet\u0151en m\u00e9g gyorsabban f\u00e9rhetsz hozz\u00e1 a kulacsokhoz ak\u00e1r menet k\u00f6zben is. A set 2db 500 ml-es soft flask-et tartalmaz \u00e9s term\u00e9szetesen kompatibilis (k\u00fcl\u00f6n megv\u00e1s\u00e1rolhat\u00f3) 1,5 literes iv\u00f3tasakkal is.  Prec\u00edz illeszked\u00e9s: Friss\u00edtett SensiFit\u2122 diz\u00e1jn puha anyagokkal, m\u00e9g nagyobb mozg\u00e1sszabads\u00e1ggal, maxim\u00e1lis komfortot biztos\u00edt\u00f3 bels\u0151 h\u00e1l\u00f3val \u00e9s k\u00f6nny\u0171 \u00e1ll\u00edthat\u00f3s\u00e1ggal, hogy a mell\u00e9ny mindig pontosan ott maradjon, ahol Te szeretn\u00e9d.  Optimaliz\u00e1lt t\u00e1rol\u00e1s: Minden, amire sz\u00fcks\u00e9ged van a maratoni terep kalandjaidhoz, k\u00f6nnyen el\u00e9rhet\u0151 kialak\u00edt\u00e1ssal, b\u0151s\u00e9ges hellyel, biztons\u00e1gos zsebekkel \u00e9s Salomon Custom Quiver \u2013 bottart\u00f3 kompatibilit\u00e1ssal.\" \/>\n<meta property=\"og:url\" content=\"https:\/\/kerekparbalaton.hu\/en\/product\/active-skin-8-set\/\" \/>\n<meta property=\"og:site_name\" content=\"kerekparbalaton.hu\" \/>\n<meta property=\"article:modified_time\" content=\"2025-12-13T07:46:46+00:00\" \/>\n<meta property=\"og:image\" content=\"https:\/\/kerekparbalaton.hu\/wp-content\/uploads\/2025\/12\/active-skin-8-khaki.webp\" \/>\n\t<meta property=\"og:image:width\" content=\"1000\" \/>\n\t<meta property=\"og:image:height\" content=\"1000\" \/>\n\t<meta property=\"og:image:type\" content=\"image\/webp\" \/>\n<meta name=\"twitter:card\" content=\"summary_large_image\" \/>\n<meta name=\"twitter:label1\" content=\"Estimated reading time\" \/>\n\t<meta name=\"twitter:data1\" content=\"2 minutes\" \/>\n<script type=\"application\/ld+json\" class=\"yoast-schema-graph\">{\"@context\":\"https:\\\/\\\/schema.org\",\"@graph\":[{\"@type\":\"WebPage\",\"@id\":\"https:\\\/\\\/kerekparbalaton.hu\\\/termek\\\/active-skin-8-set\\\/\",\"url\":\"https:\\\/\\\/kerekparbalaton.hu\\\/termek\\\/active-skin-8-set\\\/\",\"name\":\"Active skin 8 set - kerekparbalaton.hu\",\"isPartOf\":{\"@id\":\"https:\\\/\\\/kerekparbalaton.hu\\\/#website\"},\"primaryImageOfPage\":{\"@id\":\"https:\\\/\\\/kerekparbalaton.hu\\\/termek\\\/active-skin-8-set\\\/#primaryimage\"},\"image\":{\"@id\":\"https:\\\/\\\/kerekparbalaton.hu\\\/termek\\\/active-skin-8-set\\\/#primaryimage\"},\"thumbnailUrl\":\"https:\\\/\\\/kerekparbalaton.hu\\\/wp-content\\\/uploads\\\/2025\\\/12\\\/active-skin-8-khaki.webp\",\"datePublished\":\"2025-12-13T07:36:39+00:00\",\"dateModified\":\"2025-12-13T07:46:46+00:00\",\"breadcrumb\":{\"@id\":\"https:\\\/\\\/kerekparbalaton.hu\\\/termek\\\/active-skin-8-set\\\/#breadcrumb\"},\"inLanguage\":\"en-GB\",\"potentialAction\":[{\"@type\":\"ReadAction\",\"target\":[\"https:\\\/\\\/kerekparbalaton.hu\\\/termek\\\/active-skin-8-set\\\/\"]}]},{\"@type\":\"ImageObject\",\"inLanguage\":\"en-GB\",\"@id\":\"https:\\\/\\\/kerekparbalaton.hu\\\/termek\\\/active-skin-8-set\\\/#primaryimage\",\"url\":\"https:\\\/\\\/kerekparbalaton.hu\\\/wp-content\\\/uploads\\\/2025\\\/12\\\/active-skin-8-khaki.webp\",\"contentUrl\":\"https:\\\/\\\/kerekparbalaton.hu\\\/wp-content\\\/uploads\\\/2025\\\/12\\\/active-skin-8-khaki.webp\",\"width\":1000,\"height\":1000},{\"@type\":\"BreadcrumbList\",\"@id\":\"https:\\\/\\\/kerekparbalaton.hu\\\/termek\\\/active-skin-8-set\\\/#breadcrumb\",\"itemListElement\":[{\"@type\":\"ListItem\",\"position\":1,\"name\":\"Kezd\u0151lap\",\"item\":\"https:\\\/\\\/kerekparbalaton.hu\\\/\"},{\"@type\":\"ListItem\",\"position\":2,\"name\":\"Shop\",\"item\":\"https:\\\/\\\/kerekparbalaton.hu\\\/uzlet\\\/\"},{\"@type\":\"ListItem\",\"position\":3,\"name\":\"Active skin 8 set\"}]},{\"@type\":\"WebSite\",\"@id\":\"https:\\\/\\\/kerekparbalaton.hu\\\/#website\",\"url\":\"https:\\\/\\\/kerekparbalaton.hu\\\/\",\"name\":\"kerekparbalaton.hu\",\"description\":\"Ker\u00e9kp\u00e1rb\u00e9rl\u00e9s Balaton\",\"publisher\":{\"@id\":\"https:\\\/\\\/kerekparbalaton.hu\\\/#organization\"},\"potentialAction\":[{\"@type\":\"SearchAction\",\"target\":{\"@type\":\"EntryPoint\",\"urlTemplate\":\"https:\\\/\\\/kerekparbalaton.hu\\\/?s={search_term_string}\"},\"query-input\":{\"@type\":\"PropertyValueSpecification\",\"valueRequired\":true,\"valueName\":\"search_term_string\"}}],\"inLanguage\":\"en-GB\"},{\"@type\":\"Organization\",\"@id\":\"https:\\\/\\\/kerekparbalaton.hu\\\/#organization\",\"name\":\"kerekparbalaton.hu\",\"url\":\"https:\\\/\\\/kerekparbalaton.hu\\\/\",\"logo\":{\"@type\":\"ImageObject\",\"inLanguage\":\"en-GB\",\"@id\":\"https:\\\/\\\/kerekparbalaton.hu\\\/#\\\/schema\\\/logo\\\/image\\\/\",\"url\":\"https:\\\/\\\/kerekparbalaton.hu\\\/wp-content\\\/uploads\\\/2023\\\/12\\\/Csopi-kerekpar-redesign-e1718779950933.png\",\"contentUrl\":\"https:\\\/\\\/kerekparbalaton.hu\\\/wp-content\\\/uploads\\\/2023\\\/12\\\/Csopi-kerekpar-redesign-e1718779950933.png\",\"width\":1000,\"height\":436,\"caption\":\"kerekparbalaton.hu\"},\"image\":{\"@id\":\"https:\\\/\\\/kerekparbalaton.hu\\\/#\\\/schema\\\/logo\\\/image\\\/\"}}]}<\/script>\n<!-- \/ Yoast SEO plugin. -->","yoast_head_json":{"title":"Active skin 8 set - kerekparbalaton.hu","robots":{"index":"index","follow":"follow","max-snippet":"max-snippet:-1","max-image-preview":"max-image-preview:large","max-video-preview":"max-video-preview:-1"},"canonical":"https:\/\/kerekparbalaton.hu\/en\/product\/active-skin-8-set\/","og_locale":"en_GB","og_type":"article","og_title":"Active skin 8 set - kerekparbalaton.hu","og_description":"Egyszer\u0171 hidrat\u00e1ci\u00f3: A k\u00e9t \u00faj mellzsebnek k\u00f6sz\u00f6nhet\u0151en m\u00e9g gyorsabban f\u00e9rhetsz hozz\u00e1 a kulacsokhoz ak\u00e1r menet k\u00f6zben is. A set 2db 500 ml-es soft flask-et tartalmaz \u00e9s term\u00e9szetesen kompatibilis (k\u00fcl\u00f6n megv\u00e1s\u00e1rolhat\u00f3) 1,5 literes iv\u00f3tasakkal is.  Prec\u00edz illeszked\u00e9s: Friss\u00edtett SensiFit\u2122 diz\u00e1jn puha anyagokkal, m\u00e9g nagyobb mozg\u00e1sszabads\u00e1ggal, maxim\u00e1lis komfortot biztos\u00edt\u00f3 bels\u0151 h\u00e1l\u00f3val \u00e9s k\u00f6nny\u0171 \u00e1ll\u00edthat\u00f3s\u00e1ggal, hogy a mell\u00e9ny mindig pontosan ott maradjon, ahol Te szeretn\u00e9d.  Optimaliz\u00e1lt t\u00e1rol\u00e1s: Minden, amire sz\u00fcks\u00e9ged van a maratoni terep kalandjaidhoz, k\u00f6nnyen el\u00e9rhet\u0151 kialak\u00edt\u00e1ssal, b\u0151s\u00e9ges hellyel, biztons\u00e1gos zsebekkel \u00e9s Salomon Custom Quiver \u2013 bottart\u00f3 kompatibilit\u00e1ssal.","og_url":"https:\/\/kerekparbalaton.hu\/en\/product\/active-skin-8-set\/","og_site_name":"kerekparbalaton.hu","article_modified_time":"2025-12-13T07:46:46+00:00","og_image":[{"width":1000,"height":1000,"url":"https:\/\/kerekparbalaton.hu\/wp-content\/uploads\/2025\/12\/active-skin-8-khaki.webp","type":"image\/webp"}],"twitter_card":"summary_large_image","twitter_misc":{"Estimated reading time":"2 minutes"},"schema":{"@context":"https:\/\/schema.org","@graph":[{"@type":"WebPage","@id":"https:\/\/kerekparbalaton.hu\/termek\/active-skin-8-set\/","url":"https:\/\/kerekparbalaton.hu\/termek\/active-skin-8-set\/","name":"Active skin 8 set - kerekparbalaton.hu","isPartOf":{"@id":"https:\/\/kerekparbalaton.hu\/#website"},"primaryImageOfPage":{"@id":"https:\/\/kerekparbalaton.hu\/termek\/active-skin-8-set\/#primaryimage"},"image":{"@id":"https:\/\/kerekparbalaton.hu\/termek\/active-skin-8-set\/#primaryimage"},"thumbnailUrl":"https:\/\/kerekparbalaton.hu\/wp-content\/uploads\/2025\/12\/active-skin-8-khaki.webp","datePublished":"2025-12-13T07:36:39+00:00","dateModified":"2025-12-13T07:46:46+00:00","breadcrumb":{"@id":"https:\/\/kerekparbalaton.hu\/termek\/active-skin-8-set\/#breadcrumb"},"inLanguage":"en-GB","potentialAction":[{"@type":"ReadAction","target":["https:\/\/kerekparbalaton.hu\/termek\/active-skin-8-set\/"]}]},{"@type":"ImageObject","inLanguage":"en-GB","@id":"https:\/\/kerekparbalaton.hu\/termek\/active-skin-8-set\/#primaryimage","url":"https:\/\/kerekparbalaton.hu\/wp-content\/uploads\/2025\/12\/active-skin-8-khaki.webp","contentUrl":"https:\/\/kerekparbalaton.hu\/wp-content\/uploads\/2025\/12\/active-skin-8-khaki.webp","width":1000,"height":1000},{"@type":"BreadcrumbList","@id":"https:\/\/kerekparbalaton.hu\/termek\/active-skin-8-set\/#breadcrumb","itemListElement":[{"@type":"ListItem","position":1,"name":"Kezd\u0151lap","item":"https:\/\/kerekparbalaton.hu\/"},{"@type":"ListItem","position":2,"name":"Shop","item":"https:\/\/kerekparbalaton.hu\/uzlet\/"},{"@type":"ListItem","position":3,"name":"Active skin 8 set"}]},{"@type":"WebSite","@id":"https:\/\/kerekparbalaton.hu\/#website","url":"https:\/\/kerekparbalaton.hu\/","name":"roundparbalaton.hu","description":"Bicycle rental Balaton","publisher":{"@id":"https:\/\/kerekparbalaton.hu\/#organization"},"potentialAction":[{"@type":"SearchAction","target":{"@type":"EntryPoint","urlTemplate":"https:\/\/kerekparbalaton.hu\/?s={search_term_string}"},"query-input":{"@type":"PropertyValueSpecification","valueRequired":true,"valueName":"search_term_string"}}],"inLanguage":"en-GB"},{"@type":"Organization","@id":"https:\/\/kerekparbalaton.hu\/#organization","name":"roundparbalaton.hu","url":"https:\/\/kerekparbalaton.hu\/","logo":{"@type":"ImageObject","inLanguage":"en-GB","@id":"https:\/\/kerekparbalaton.hu\/#\/schema\/logo\/image\/","url":"https:\/\/kerekparbalaton.hu\/wp-content\/uploads\/2023\/12\/Csopi-kerekpar-redesign-e1718779950933.png","contentUrl":"https:\/\/kerekparbalaton.hu\/wp-content\/uploads\/2023\/12\/Csopi-kerekpar-redesign-e1718779950933.png","width":1000,"height":436,"caption":"kerekparbalaton.hu"},"image":{"@id":"https:\/\/kerekparbalaton.hu\/#\/schema\/logo\/image\/"}}]}},"_links":{"self":[{"href":"https:\/\/kerekparbalaton.hu\/en\/wp-json\/wp\/v2\/product\/4813","targetHints":{"allow":["GET"]}}],"collection":[{"href":"https:\/\/kerekparbalaton.hu\/en\/wp-json\/wp\/v2\/product"}],"about":[{"href":"https:\/\/kerekparbalaton.hu\/en\/wp-json\/wp\/v2\/types\/product"}],"replies":[{"embeddable":true,"href":"https:\/\/kerekparbalaton.hu\/en\/wp-json\/wp\/v2\/comments?post=4813"}],"wp:featuredmedia":[{"embeddable":true,"href":"https:\/\/kerekparbalaton.hu\/en\/wp-json\/wp\/v2\/media\/4818"}],"wp:attachment":[{"href":"https:\/\/kerekparbalaton.hu\/en\/wp-json\/wp\/v2\/media?parent=4813"}],"wp:term":[{"taxonomy":"product_brand","embeddable":true,"href":"https:\/\/kerekparbalaton.hu\/en\/wp-json\/wp\/v2\/product_brand?post=4813"},{"taxonomy":"product_cat","embeddable":true,"href":"https:\/\/kerekparbalaton.hu\/en\/wp-json\/wp\/v2\/product_cat?post=4813"},{"taxonomy":"product_tag","embeddable":true,"href":"https:\/\/kerekparbalaton.hu\/en\/wp-json\/wp\/v2\/product_tag?post=4813"}],"curies":[{"name":"wp","href":"https:\/\/api.w.org\/{rel}","templated":true}]}}