{"id":4802,"date":"2025-12-13T07:23:41","date_gmt":"2025-12-13T07:23:41","guid":{"rendered":"https:\/\/kerekparbalaton.hu\/?post_type=product&#038;p=4802"},"modified":"2025-12-13T07:47:05","modified_gmt":"2025-12-13T07:47:05","slug":"adv-skin-5-set","status":"publish","type":"product","link":"https:\/\/kerekparbalaton.hu\/en\/product\/adv-skin-5-set\/","title":{"rendered":"Adv skin 5 set"},"content":{"rendered":"<p><span style=\"font-weight: 400;\">Technikai jellemz\u0151k:<\/span><\/p>\n<ul>\n<li style=\"font-weight: 400;\" aria-level=\"1\"><span style=\"font-weight: 400;\">Sensifit\u2122 t\u00f6k\u00e9letes illeszked\u00e9st \u00e9s stabilit\u00e1st biztos\u00edt\u00f3 rendszer<\/span><\/li>\n<li style=\"font-weight: 400;\" aria-level=\"1\"><span style=\"font-weight: 400;\">Quick link: Gyors , pontos, ak\u00e1r menet k\u00f6zbeni be\u00e1ll\u00edt\u00e1st is lehet\u0151v\u00e9 tev\u0151 els\u0151 p\u00e1ntrendszer<\/span><\/li>\n<li style=\"font-weight: 400;\" aria-level=\"1\"><span style=\"font-weight: 400;\">2db 500 ml-es, 42 mm-es soft flask<\/span><\/li>\n<li style=\"font-weight: 400;\" aria-level=\"1\"><span style=\"font-weight: 400;\">Iv\u00f3tasak tart\u00f3 rekesz (1,5 literes iv\u00f3tasakkal kompatibilis)<\/span><\/li>\n<li style=\"font-weight: 400;\" aria-level=\"1\"><span style=\"font-weight: 400;\">1 h\u00e1ts\u00f3 rekesz<\/span><\/li>\n<li style=\"font-weight: 400;\" aria-level=\"1\"><span style=\"font-weight: 400;\">1 szem\u00e9tt\u00e1rol\u00f3 zseb<\/span><\/li>\n<li style=\"font-weight: 400;\" aria-level=\"1\"><span style=\"font-weight: 400;\">2 els\u0151, rugalmas zseb<\/span><\/li>\n<li style=\"font-weight: 400;\" aria-level=\"1\"><span style=\"font-weight: 400;\">1 els\u0151 rugalmas, cipz\u00e1ras zseb<\/span><\/li>\n<li style=\"font-weight: 400;\" aria-level=\"1\"><span style=\"font-weight: 400;\">2 els\u0151 elasztikus r\u00f6gz\u00edt\u0151vel ell\u00e1tott Salomon Soft Flask-re optimaliz\u00e1lt kulacs tart\u00f3 zseb<\/span><\/li>\n<li style=\"font-weight: 400;\" aria-level=\"1\"><span style=\"font-weight: 400;\">Mindk\u00e9t oldalr\u00f3l hozz\u00e1f\u00e9rhet\u0151 h\u00e1ts\u00f3 t\u00e1rol\u00f3r\u00e9sz<\/span><\/li>\n<li style=\"font-weight: 400;\" aria-level=\"1\"><span style=\"font-weight: 400;\">2 rugalmas v\u00e1llzseb<\/span><\/li>\n<li style=\"font-weight: 400;\" aria-level=\"1\"><span style=\"font-weight: 400;\">YKK cs\u00facs min\u0151s\u00e9g\u0171, tart\u00f3s \u00e9s megb\u00edzhat\u00f3 cipz\u00e1rak<\/span><\/li>\n<li style=\"font-weight: 400;\" aria-level=\"1\"><span style=\"font-weight: 400;\">Salomon Custom quiver bottart\u00f3val kompatibilis<\/span><\/li>\n<li style=\"font-weight: 400;\" aria-level=\"1\"><span style=\"font-weight: 400;\">t\u00f6bbf\u00e9le lehet\u0151s\u00e9g bot t\u00e1rol\u00e1s\u00e1ra a legmegfelel\u0151bb megold\u00e1s el\u00e9r\u00e9s\u00e9\u00e9rt<\/span><\/li>\n<li style=\"font-weight: 400;\" aria-level=\"1\"><span style=\"font-weight: 400;\">Jelz\u0151s\u00edp<\/span><\/li>\n<li style=\"font-weight: 400;\" aria-level=\"1\"><span style=\"font-weight: 400;\">Reflekt\u00edv jelz\u0151f\u00e9ny r\u00f6gz\u00edt\u0151 hurok\n<p><\/span><\/li>\n<\/ul>\n<p><span style=\"font-weight: 400;\">Adatok:<\/span><\/p>\n<ul>\n<li style=\"font-weight: 400;\" aria-level=\"1\"><span style=\"font-weight: 400;\">H\u00e1thossz: 38cm<\/span><\/li>\n<li style=\"font-weight: 400;\" aria-level=\"1\"><span style=\"font-weight: 400;\">M\u00e9ret: 38 X 19 X 1 cm<\/span><\/li>\n<li style=\"font-weight: 400;\" aria-level=\"1\"><span style=\"font-weight: 400;\">\u00dcrtartalom: 5 liter<\/span><\/li>\n<li style=\"font-weight: 400;\" aria-level=\"1\"><span style=\"font-weight: 400;\">T\u00f6meg: 249g<\/span><\/li>\n<li style=\"font-weight: 400;\" aria-level=\"1\"><span style=\"font-weight: 400;\">Kieg\u00e9sz\u00edt\u0151ket tartalmaz\u00f3 t\u00f6meg: 323g<\/span><\/li>\n<li style=\"font-weight: 400;\" aria-level=\"1\"><span style=\"font-weight: 400;\">Hidrat\u00e1ci\u00f3: 2db 500ml-es (42) puha kulacsot tartalmazza\n<p><\/span><\/li>\n<\/ul>\n<p><span style=\"font-weight: 400;\">Anyaga:<\/span><\/p>\n<ul>\n<li style=\"font-weight: 400;\" aria-level=\"1\"><span style=\"font-weight: 400;\">B\u00e9l\u00e9s 1: 100% poliamid<\/span><\/li>\n<li style=\"font-weight: 400;\" aria-level=\"1\"><span style=\"font-weight: 400;\">B\u00e9l\u00e9s 2: 100% poli\u00e9szter<\/span><\/li>\n<li style=\"font-weight: 400;\" aria-level=\"1\"><span style=\"font-weight: 400;\">F\u0151 r\u00e9sz: 84% poliamid, 16% elaszt\u00e1n<\/span><\/li>\n<li style=\"font-weight: 400;\" aria-level=\"1\"><span style=\"font-weight: 400;\">F\u0151 r\u00e9sz bet\u00e9t: 88% poliamid, 12% elaszt\u00e1n<\/span><\/li>\n<li style=\"font-weight: 400;\" aria-level=\"1\"><span style=\"font-weight: 400;\">H\u00e1t bet\u00e9t: 89% poliamid, 11% elaszt\u00e1n<\/span><\/li>\n<li style=\"font-weight: 400;\" aria-level=\"1\"><span style=\"font-weight: 400;\">H\u00e1t: 100% poli\u00e9szter<\/span><\/li>\n<li style=\"font-weight: 400;\" aria-level=\"1\"><span style=\"font-weight: 400;\">PFC mentes term\u00e9k\n<p><\/span><\/li>\n<\/ul>\n<p><span style=\"font-weight: 400;\">Kezel\u00e9si \u00fatmutat\u00f3:<\/span><\/p>\n<ul>\n<li style=\"font-weight: 400;\" aria-level=\"1\"><span style=\"font-weight: 400;\">30\u00b0C-on k\u00e9zzel moshat\u00f3<\/span><\/li>\n<li style=\"font-weight: 400;\" aria-level=\"1\"><span style=\"font-weight: 400;\">tilos sz\u00e1r\u00edt\u00f3g\u00e9pben sz\u00e1r\u00edtani, vasalni, vegytiszt\u00edtani \u00e9s feh\u00e9r\u00edteni\n<p><\/span><\/li>\n<\/ul>\n<p><span style=\"font-weight: 400;\">M\u00e9retez\u00e9s (mellkas):<\/span><\/p>\n<p><span style=\"font-weight: 400;\">XXS: 80-85 cm<\/span><\/p>\n<p><span style=\"font-weight: 400;\">XS: 85-91 cm<\/span><\/p>\n<p><span style=\"font-weight: 400;\">S: 91-97 cm<\/span><\/p>\n<p><span style=\"font-weight: 400;\">M: 97-103 cm<\/span><\/p>\n<p><span style=\"font-weight: 400;\">L: 103-109 cm<\/span><\/p>\n<p><span style=\"font-weight: 400;\">XL: 109-118 cm<\/span><\/p>","protected":false},"excerpt":{"rendered":"<p><span style=\"font-weight: 400;\">K\u00f6nny\u0171 hidrat\u00e1ci\u00f3: Az integr\u00e1lt kulacsok nem mozdulnak el fut\u00e1s k\u00f6zben, \u00edgy b\u00e1rmikor k\u00f6nnyen el\u00e9rhet\u0151ek amikor megszomjazol.<\/span><\/p>\n<p><span style=\"font-weight: 400;\">Mozg\u00e1sszabads\u00e1g: A SensiFit\u2122 konstrukci\u00f3 megn\u00f6velt k\u00e9nyelem \u00e9s stabilit\u00e1s mellett biztos\u00edt prec\u00edz illeszked\u00e9st, hogy haszn\u00e1l\u00f3ja m\u00e9g szabadabban, gyorsabban \u00e9s kid\u00f6rzs\u00f6l\u00e9sekt\u0151l mentesen mozoghasson.<\/span><\/p>\n<p><span style=\"font-weight: 400;\">Sokoldal\u00fa haszn\u00e1lhat\u00f3s\u00e1g: \u00c1ll\u00edtsd be az illeszked\u00e9st \u00e9s tal\u00e1lj biztos helyet a felszerel\u00e9seidnek a t\u00e1rol\u00f3zsebek megfelel\u0151 haszn\u00e1lat\u00e1val.<\/span><\/p>","protected":false},"featured_media":4812,"comment_status":"open","ping_status":"closed","template":"","meta":[],"product_brand":[],"product_cat":[65,68],"product_tag":[],"class_list":{"0":"post-4802","1":"product","2":"type-product","3":"status-publish","4":"has-post-thumbnail","6":"product_cat-futas","7":"product_cat-kiegeszitok","9":"first","10":"instock","11":"sale","12":"shipping-taxable","13":"purchasable","14":"product-type-variable"},"yoast_head":"<!-- This site is optimized with the Yoast SEO plugin v27.5 - https:\/\/yoast.com\/product\/yoast-seo-wordpress\/ -->\n<title>Adv skin 5 set - kerekparbalaton.hu<\/title>\n<meta name=\"robots\" content=\"index, follow, max-snippet:-1, max-image-preview:large, max-video-preview:-1\" \/>\n<link rel=\"canonical\" href=\"https:\/\/kerekparbalaton.hu\/en\/product\/adv-skin-5-set\/\" \/>\n<meta property=\"og:locale\" content=\"en_GB\" \/>\n<meta property=\"og:type\" content=\"article\" \/>\n<meta property=\"og:title\" content=\"Adv skin 5 set - kerekparbalaton.hu\" \/>\n<meta property=\"og:description\" content=\"K\u00f6nny\u0171 hidrat\u00e1ci\u00f3: Az integr\u00e1lt kulacsok nem mozdulnak el fut\u00e1s k\u00f6zben, \u00edgy b\u00e1rmikor k\u00f6nnyen el\u00e9rhet\u0151ek amikor megszomjazol.  Mozg\u00e1sszabads\u00e1g: A SensiFit\u2122 konstrukci\u00f3 megn\u00f6velt k\u00e9nyelem \u00e9s stabilit\u00e1s mellett biztos\u00edt prec\u00edz illeszked\u00e9st, hogy haszn\u00e1l\u00f3ja m\u00e9g szabadabban, gyorsabban \u00e9s kid\u00f6rzs\u00f6l\u00e9sekt\u0151l mentesen mozoghasson.  Sokoldal\u00fa haszn\u00e1lhat\u00f3s\u00e1g: \u00c1ll\u00edtsd be az illeszked\u00e9st \u00e9s tal\u00e1lj biztos helyet a felszerel\u00e9seidnek a t\u00e1rol\u00f3zsebek megfelel\u0151 haszn\u00e1lat\u00e1val.\" \/>\n<meta property=\"og:url\" content=\"https:\/\/kerekparbalaton.hu\/en\/product\/adv-skin-5-set\/\" \/>\n<meta property=\"og:site_name\" content=\"kerekparbalaton.hu\" \/>\n<meta property=\"article:modified_time\" content=\"2025-12-13T07:47:05+00:00\" \/>\n<meta property=\"og:image\" content=\"https:\/\/kerekparbalaton.hu\/wp-content\/uploads\/2025\/12\/adv-skin-5-barack.webp\" \/>\n\t<meta property=\"og:image:width\" content=\"1000\" \/>\n\t<meta property=\"og:image:height\" content=\"1000\" \/>\n\t<meta property=\"og:image:type\" content=\"image\/webp\" \/>\n<meta name=\"twitter:card\" content=\"summary_large_image\" \/>\n<meta name=\"twitter:label1\" content=\"Estimated reading time\" \/>\n\t<meta name=\"twitter:data1\" content=\"2 minutes\" \/>\n<script type=\"application\/ld+json\" class=\"yoast-schema-graph\">{\"@context\":\"https:\\\/\\\/schema.org\",\"@graph\":[{\"@type\":\"WebPage\",\"@id\":\"https:\\\/\\\/kerekparbalaton.hu\\\/termek\\\/adv-skin-5-set\\\/\",\"url\":\"https:\\\/\\\/kerekparbalaton.hu\\\/termek\\\/adv-skin-5-set\\\/\",\"name\":\"Adv skin 5 set - kerekparbalaton.hu\",\"isPartOf\":{\"@id\":\"https:\\\/\\\/kerekparbalaton.hu\\\/#website\"},\"primaryImageOfPage\":{\"@id\":\"https:\\\/\\\/kerekparbalaton.hu\\\/termek\\\/adv-skin-5-set\\\/#primaryimage\"},\"image\":{\"@id\":\"https:\\\/\\\/kerekparbalaton.hu\\\/termek\\\/adv-skin-5-set\\\/#primaryimage\"},\"thumbnailUrl\":\"https:\\\/\\\/kerekparbalaton.hu\\\/wp-content\\\/uploads\\\/2025\\\/12\\\/adv-skin-5-barack.webp\",\"datePublished\":\"2025-12-13T07:23:41+00:00\",\"dateModified\":\"2025-12-13T07:47:05+00:00\",\"breadcrumb\":{\"@id\":\"https:\\\/\\\/kerekparbalaton.hu\\\/termek\\\/adv-skin-5-set\\\/#breadcrumb\"},\"inLanguage\":\"en-GB\",\"potentialAction\":[{\"@type\":\"ReadAction\",\"target\":[\"https:\\\/\\\/kerekparbalaton.hu\\\/termek\\\/adv-skin-5-set\\\/\"]}]},{\"@type\":\"ImageObject\",\"inLanguage\":\"en-GB\",\"@id\":\"https:\\\/\\\/kerekparbalaton.hu\\\/termek\\\/adv-skin-5-set\\\/#primaryimage\",\"url\":\"https:\\\/\\\/kerekparbalaton.hu\\\/wp-content\\\/uploads\\\/2025\\\/12\\\/adv-skin-5-barack.webp\",\"contentUrl\":\"https:\\\/\\\/kerekparbalaton.hu\\\/wp-content\\\/uploads\\\/2025\\\/12\\\/adv-skin-5-barack.webp\",\"width\":1000,\"height\":1000},{\"@type\":\"BreadcrumbList\",\"@id\":\"https:\\\/\\\/kerekparbalaton.hu\\\/termek\\\/adv-skin-5-set\\\/#breadcrumb\",\"itemListElement\":[{\"@type\":\"ListItem\",\"position\":1,\"name\":\"Kezd\u0151lap\",\"item\":\"https:\\\/\\\/kerekparbalaton.hu\\\/\"},{\"@type\":\"ListItem\",\"position\":2,\"name\":\"Shop\",\"item\":\"https:\\\/\\\/kerekparbalaton.hu\\\/uzlet\\\/\"},{\"@type\":\"ListItem\",\"position\":3,\"name\":\"Adv skin 5 set\"}]},{\"@type\":\"WebSite\",\"@id\":\"https:\\\/\\\/kerekparbalaton.hu\\\/#website\",\"url\":\"https:\\\/\\\/kerekparbalaton.hu\\\/\",\"name\":\"kerekparbalaton.hu\",\"description\":\"Ker\u00e9kp\u00e1rb\u00e9rl\u00e9s Balaton\",\"publisher\":{\"@id\":\"https:\\\/\\\/kerekparbalaton.hu\\\/#organization\"},\"potentialAction\":[{\"@type\":\"SearchAction\",\"target\":{\"@type\":\"EntryPoint\",\"urlTemplate\":\"https:\\\/\\\/kerekparbalaton.hu\\\/?s={search_term_string}\"},\"query-input\":{\"@type\":\"PropertyValueSpecification\",\"valueRequired\":true,\"valueName\":\"search_term_string\"}}],\"inLanguage\":\"en-GB\"},{\"@type\":\"Organization\",\"@id\":\"https:\\\/\\\/kerekparbalaton.hu\\\/#organization\",\"name\":\"kerekparbalaton.hu\",\"url\":\"https:\\\/\\\/kerekparbalaton.hu\\\/\",\"logo\":{\"@type\":\"ImageObject\",\"inLanguage\":\"en-GB\",\"@id\":\"https:\\\/\\\/kerekparbalaton.hu\\\/#\\\/schema\\\/logo\\\/image\\\/\",\"url\":\"https:\\\/\\\/kerekparbalaton.hu\\\/wp-content\\\/uploads\\\/2023\\\/12\\\/Csopi-kerekpar-redesign-e1718779950933.png\",\"contentUrl\":\"https:\\\/\\\/kerekparbalaton.hu\\\/wp-content\\\/uploads\\\/2023\\\/12\\\/Csopi-kerekpar-redesign-e1718779950933.png\",\"width\":1000,\"height\":436,\"caption\":\"kerekparbalaton.hu\"},\"image\":{\"@id\":\"https:\\\/\\\/kerekparbalaton.hu\\\/#\\\/schema\\\/logo\\\/image\\\/\"}}]}<\/script>\n<!-- \/ Yoast SEO plugin. -->","yoast_head_json":{"title":"Adv skin 5 set - kerekparbalaton.hu","robots":{"index":"index","follow":"follow","max-snippet":"max-snippet:-1","max-image-preview":"max-image-preview:large","max-video-preview":"max-video-preview:-1"},"canonical":"https:\/\/kerekparbalaton.hu\/en\/product\/adv-skin-5-set\/","og_locale":"en_GB","og_type":"article","og_title":"Adv skin 5 set - kerekparbalaton.hu","og_description":"K\u00f6nny\u0171 hidrat\u00e1ci\u00f3: Az integr\u00e1lt kulacsok nem mozdulnak el fut\u00e1s k\u00f6zben, \u00edgy b\u00e1rmikor k\u00f6nnyen el\u00e9rhet\u0151ek amikor megszomjazol.  Mozg\u00e1sszabads\u00e1g: A SensiFit\u2122 konstrukci\u00f3 megn\u00f6velt k\u00e9nyelem \u00e9s stabilit\u00e1s mellett biztos\u00edt prec\u00edz illeszked\u00e9st, hogy haszn\u00e1l\u00f3ja m\u00e9g szabadabban, gyorsabban \u00e9s kid\u00f6rzs\u00f6l\u00e9sekt\u0151l mentesen mozoghasson.  Sokoldal\u00fa haszn\u00e1lhat\u00f3s\u00e1g: \u00c1ll\u00edtsd be az illeszked\u00e9st \u00e9s tal\u00e1lj biztos helyet a felszerel\u00e9seidnek a t\u00e1rol\u00f3zsebek megfelel\u0151 haszn\u00e1lat\u00e1val.","og_url":"https:\/\/kerekparbalaton.hu\/en\/product\/adv-skin-5-set\/","og_site_name":"kerekparbalaton.hu","article_modified_time":"2025-12-13T07:47:05+00:00","og_image":[{"width":1000,"height":1000,"url":"https:\/\/kerekparbalaton.hu\/wp-content\/uploads\/2025\/12\/adv-skin-5-barack.webp","type":"image\/webp"}],"twitter_card":"summary_large_image","twitter_misc":{"Estimated reading time":"2 minutes"},"schema":{"@context":"https:\/\/schema.org","@graph":[{"@type":"WebPage","@id":"https:\/\/kerekparbalaton.hu\/termek\/adv-skin-5-set\/","url":"https:\/\/kerekparbalaton.hu\/termek\/adv-skin-5-set\/","name":"Adv skin 5 set - kerekparbalaton.hu","isPartOf":{"@id":"https:\/\/kerekparbalaton.hu\/#website"},"primaryImageOfPage":{"@id":"https:\/\/kerekparbalaton.hu\/termek\/adv-skin-5-set\/#primaryimage"},"image":{"@id":"https:\/\/kerekparbalaton.hu\/termek\/adv-skin-5-set\/#primaryimage"},"thumbnailUrl":"https:\/\/kerekparbalaton.hu\/wp-content\/uploads\/2025\/12\/adv-skin-5-barack.webp","datePublished":"2025-12-13T07:23:41+00:00","dateModified":"2025-12-13T07:47:05+00:00","breadcrumb":{"@id":"https:\/\/kerekparbalaton.hu\/termek\/adv-skin-5-set\/#breadcrumb"},"inLanguage":"en-GB","potentialAction":[{"@type":"ReadAction","target":["https:\/\/kerekparbalaton.hu\/termek\/adv-skin-5-set\/"]}]},{"@type":"ImageObject","inLanguage":"en-GB","@id":"https:\/\/kerekparbalaton.hu\/termek\/adv-skin-5-set\/#primaryimage","url":"https:\/\/kerekparbalaton.hu\/wp-content\/uploads\/2025\/12\/adv-skin-5-barack.webp","contentUrl":"https:\/\/kerekparbalaton.hu\/wp-content\/uploads\/2025\/12\/adv-skin-5-barack.webp","width":1000,"height":1000},{"@type":"BreadcrumbList","@id":"https:\/\/kerekparbalaton.hu\/termek\/adv-skin-5-set\/#breadcrumb","itemListElement":[{"@type":"ListItem","position":1,"name":"Kezd\u0151lap","item":"https:\/\/kerekparbalaton.hu\/"},{"@type":"ListItem","position":2,"name":"Shop","item":"https:\/\/kerekparbalaton.hu\/uzlet\/"},{"@type":"ListItem","position":3,"name":"Adv skin 5 set"}]},{"@type":"WebSite","@id":"https:\/\/kerekparbalaton.hu\/#website","url":"https:\/\/kerekparbalaton.hu\/","name":"roundparbalaton.hu","description":"Bicycle rental Balaton","publisher":{"@id":"https:\/\/kerekparbalaton.hu\/#organization"},"potentialAction":[{"@type":"SearchAction","target":{"@type":"EntryPoint","urlTemplate":"https:\/\/kerekparbalaton.hu\/?s={search_term_string}"},"query-input":{"@type":"PropertyValueSpecification","valueRequired":true,"valueName":"search_term_string"}}],"inLanguage":"en-GB"},{"@type":"Organization","@id":"https:\/\/kerekparbalaton.hu\/#organization","name":"roundparbalaton.hu","url":"https:\/\/kerekparbalaton.hu\/","logo":{"@type":"ImageObject","inLanguage":"en-GB","@id":"https:\/\/kerekparbalaton.hu\/#\/schema\/logo\/image\/","url":"https:\/\/kerekparbalaton.hu\/wp-content\/uploads\/2023\/12\/Csopi-kerekpar-redesign-e1718779950933.png","contentUrl":"https:\/\/kerekparbalaton.hu\/wp-content\/uploads\/2023\/12\/Csopi-kerekpar-redesign-e1718779950933.png","width":1000,"height":436,"caption":"kerekparbalaton.hu"},"image":{"@id":"https:\/\/kerekparbalaton.hu\/#\/schema\/logo\/image\/"}}]}},"_links":{"self":[{"href":"https:\/\/kerekparbalaton.hu\/en\/wp-json\/wp\/v2\/product\/4802","targetHints":{"allow":["GET"]}}],"collection":[{"href":"https:\/\/kerekparbalaton.hu\/en\/wp-json\/wp\/v2\/product"}],"about":[{"href":"https:\/\/kerekparbalaton.hu\/en\/wp-json\/wp\/v2\/types\/product"}],"replies":[{"embeddable":true,"href":"https:\/\/kerekparbalaton.hu\/en\/wp-json\/wp\/v2\/comments?post=4802"}],"wp:featuredmedia":[{"embeddable":true,"href":"https:\/\/kerekparbalaton.hu\/en\/wp-json\/wp\/v2\/media\/4812"}],"wp:attachment":[{"href":"https:\/\/kerekparbalaton.hu\/en\/wp-json\/wp\/v2\/media?parent=4802"}],"wp:term":[{"taxonomy":"product_brand","embeddable":true,"href":"https:\/\/kerekparbalaton.hu\/en\/wp-json\/wp\/v2\/product_brand?post=4802"},{"taxonomy":"product_cat","embeddable":true,"href":"https:\/\/kerekparbalaton.hu\/en\/wp-json\/wp\/v2\/product_cat?post=4802"},{"taxonomy":"product_tag","embeddable":true,"href":"https:\/\/kerekparbalaton.hu\/en\/wp-json\/wp\/v2\/product_tag?post=4802"}],"curies":[{"name":"wp","href":"https:\/\/api.w.org\/{rel}","templated":true}]}}