{"id":4687,"date":"2025-11-19T14:16:01","date_gmt":"2025-11-19T14:16:01","guid":{"rendered":"https:\/\/kerekparbalaton.hu\/?post_type=product&#038;p=4687"},"modified":"2025-11-20T19:00:28","modified_gmt":"2025-11-20T19:00:28","slug":"xa-meta-gtx-mif","status":"publish","type":"product","link":"https:\/\/kerekparbalaton.hu\/en\/product\/xa-meta-gtx-mif\/","title":{"rendered":"XA Meta GTX MIF"},"content":{"rendered":"<ul>\n<li style=\"font-weight: 400;\" aria-level=\"1\"><span style=\"font-weight: 400;\">tart\u00f3s \u00e9s l\u00e9g\u00e1tereszt\u0151 Matryx\u00ae fonal<\/span><\/li>\n<li style=\"font-weight: 400;\" aria-level=\"1\"><span style=\"font-weight: 400;\">v\u00edz\u00e1ll\u00f3 a Gore-Tex Invisible Fit membr\u00e1nbet\u00e9tnek k\u00f6sz\u00f6nhet\u0151en<\/span><\/li>\n<li style=\"font-weight: 400;\" aria-level=\"1\"><span style=\"font-weight: 400;\">az All Terrain Contagrip\u00ae talp stabil \u00e9s tapad\u00f3s b\u00e1rmilyen fel\u00fcleten<\/span><\/li>\n<li style=\"font-weight: 400;\" aria-level=\"1\"><span style=\"font-weight: 400;\">az Advanced Chassis\u2122 kialak\u00edt\u00e1s oldalir\u00e1ny\u00fa stabilit\u00e1st \u00e9s l\u00e1bt\u00e1maszt biztos\u00edt<\/span><\/li>\n<li style=\"font-weight: 400;\" aria-level=\"1\"><span style=\"font-weight: 400;\">robusztus hegy<\/span><\/li>\n<li style=\"font-weight: 400;\" aria-level=\"1\"><span style=\"font-weight: 400;\">testhez simul\u00f3 szab\u00e1s<\/span><\/li>\n<li style=\"font-weight: 400;\" aria-level=\"1\"><span style=\"font-weight: 400;\">made in France<\/span><\/li>\n<\/ul>\n<p><span style=\"font-weight: 400;\">A cip\u0151 <\/span><b>Franciaorsz\u00e1gban k\u00e9sz\u00fclt<\/b><span style=\"font-weight: 400;\">. A Salomon \u00e9s az ASF 4.0 m\u00e1rk\u00e1k kombin\u00e1l\u00e1s\u00e1val a gy\u00e1rt\u00f3 azt a c\u00e9lt t\u0171zte ki maga el\u00e9, hogy <\/span><b>cs\u00f6kkentse a CO2-l\u00e1bnyomot<\/b><span style=\"font-weight: 400;\"> , \u00e9s hozz\u00e1j\u00e1ruljon a munkahelyek \u00e9s a know-how Eur\u00f3p\u00e1ba t\u00f6rt\u00e9n\u0151 \u00e1tad\u00e1s\u00e1hoz.<\/span><\/p>","protected":false},"excerpt":{"rendered":"<p>tart\u00f3s \u00e9s l\u00e9g\u00e1tereszt\u0151 Matryx\u00ae fonal v\u00edz\u00e1ll\u00f3 a Gore-Tex Invisible Fit membr\u00e1nbet\u00e9tnek k\u00f6sz\u00f6nhet\u0151en az All Terrain Contagrip\u00ae talp stabil \u00e9s tapad\u00f3s b\u00e1rmilyen fel\u00fcleten az Advanced Chassis\u2122 kialak\u00edt\u00e1s oldalir\u00e1ny\u00fa stabilit\u00e1st \u00e9s l\u00e1bt\u00e1maszt biztos\u00edt robusztus hegy testhez simul\u00f3 szab\u00e1s made in France A cip\u0151 Franciaorsz\u00e1gban k\u00e9sz\u00fclt. A Salomon \u00e9s az ASF 4.0 m\u00e1rk\u00e1k kombin\u00e1l\u00e1s\u00e1val a gy\u00e1rt\u00f3 azt a [&hellip;]<\/p>\n","protected":false},"featured_media":4704,"comment_status":"closed","ping_status":"closed","template":"","meta":[],"product_brand":[],"product_cat":[69,65],"product_tag":[],"class_list":{"0":"post-4687","1":"product","2":"type-product","3":"status-publish","4":"has-post-thumbnail","6":"product_cat-cipo","7":"product_cat-futas","9":"first","10":"instock","11":"sale","12":"shipping-taxable","13":"purchasable","14":"product-type-variable"},"yoast_head":"<!-- This site is optimized with the Yoast SEO plugin v27.5 - https:\/\/yoast.com\/product\/yoast-seo-wordpress\/ -->\n<title>XA Meta GTX MIF - kerekparbalaton.hu<\/title>\n<meta name=\"robots\" content=\"index, follow, max-snippet:-1, max-image-preview:large, max-video-preview:-1\" \/>\n<link rel=\"canonical\" href=\"https:\/\/kerekparbalaton.hu\/en\/product\/xa-meta-gtx-mif\/\" \/>\n<meta property=\"og:locale\" content=\"en_GB\" \/>\n<meta property=\"og:type\" content=\"article\" \/>\n<meta property=\"og:title\" content=\"XA Meta GTX MIF - kerekparbalaton.hu\" \/>\n<meta property=\"og:description\" content=\"tart\u00f3s \u00e9s l\u00e9g\u00e1tereszt\u0151 Matryx\u00ae fonal v\u00edz\u00e1ll\u00f3 a Gore-Tex Invisible Fit membr\u00e1nbet\u00e9tnek k\u00f6sz\u00f6nhet\u0151en az All Terrain Contagrip\u00ae talp stabil \u00e9s tapad\u00f3s b\u00e1rmilyen fel\u00fcleten az Advanced Chassis\u2122 kialak\u00edt\u00e1s oldalir\u00e1ny\u00fa stabilit\u00e1st \u00e9s l\u00e1bt\u00e1maszt biztos\u00edt robusztus hegy testhez simul\u00f3 szab\u00e1s made in France A cip\u0151 Franciaorsz\u00e1gban k\u00e9sz\u00fclt. A Salomon \u00e9s az ASF 4.0 m\u00e1rk\u00e1k kombin\u00e1l\u00e1s\u00e1val a gy\u00e1rt\u00f3 azt a [&hellip;]\" \/>\n<meta property=\"og:url\" content=\"https:\/\/kerekparbalaton.hu\/en\/product\/xa-meta-gtx-mif\/\" \/>\n<meta property=\"og:site_name\" content=\"kerekparbalaton.hu\" \/>\n<meta property=\"article:modified_time\" content=\"2025-11-20T19:00:28+00:00\" \/>\n<meta property=\"og:image\" content=\"https:\/\/kerekparbalaton.hu\/wp-content\/uploads\/2025\/11\/XA-meta-fekete.webp\" \/>\n\t<meta property=\"og:image:width\" content=\"1000\" \/>\n\t<meta property=\"og:image:height\" content=\"1000\" \/>\n\t<meta property=\"og:image:type\" content=\"image\/webp\" \/>\n<meta name=\"twitter:card\" content=\"summary_large_image\" \/>\n<meta name=\"twitter:label1\" content=\"Estimated reading time\" \/>\n\t<meta name=\"twitter:data1\" content=\"1 minute\" \/>\n<script type=\"application\/ld+json\" class=\"yoast-schema-graph\">{\"@context\":\"https:\\\/\\\/schema.org\",\"@graph\":[{\"@type\":\"WebPage\",\"@id\":\"https:\\\/\\\/kerekparbalaton.hu\\\/termek\\\/xa-meta-gtx-mif\\\/\",\"url\":\"https:\\\/\\\/kerekparbalaton.hu\\\/termek\\\/xa-meta-gtx-mif\\\/\",\"name\":\"XA Meta GTX MIF - kerekparbalaton.hu\",\"isPartOf\":{\"@id\":\"https:\\\/\\\/kerekparbalaton.hu\\\/#website\"},\"primaryImageOfPage\":{\"@id\":\"https:\\\/\\\/kerekparbalaton.hu\\\/termek\\\/xa-meta-gtx-mif\\\/#primaryimage\"},\"image\":{\"@id\":\"https:\\\/\\\/kerekparbalaton.hu\\\/termek\\\/xa-meta-gtx-mif\\\/#primaryimage\"},\"thumbnailUrl\":\"https:\\\/\\\/kerekparbalaton.hu\\\/wp-content\\\/uploads\\\/2025\\\/11\\\/XA-meta-fekete.webp\",\"datePublished\":\"2025-11-19T14:16:01+00:00\",\"dateModified\":\"2025-11-20T19:00:28+00:00\",\"breadcrumb\":{\"@id\":\"https:\\\/\\\/kerekparbalaton.hu\\\/termek\\\/xa-meta-gtx-mif\\\/#breadcrumb\"},\"inLanguage\":\"en-GB\",\"potentialAction\":[{\"@type\":\"ReadAction\",\"target\":[\"https:\\\/\\\/kerekparbalaton.hu\\\/termek\\\/xa-meta-gtx-mif\\\/\"]}]},{\"@type\":\"ImageObject\",\"inLanguage\":\"en-GB\",\"@id\":\"https:\\\/\\\/kerekparbalaton.hu\\\/termek\\\/xa-meta-gtx-mif\\\/#primaryimage\",\"url\":\"https:\\\/\\\/kerekparbalaton.hu\\\/wp-content\\\/uploads\\\/2025\\\/11\\\/XA-meta-fekete.webp\",\"contentUrl\":\"https:\\\/\\\/kerekparbalaton.hu\\\/wp-content\\\/uploads\\\/2025\\\/11\\\/XA-meta-fekete.webp\",\"width\":1000,\"height\":1000},{\"@type\":\"BreadcrumbList\",\"@id\":\"https:\\\/\\\/kerekparbalaton.hu\\\/termek\\\/xa-meta-gtx-mif\\\/#breadcrumb\",\"itemListElement\":[{\"@type\":\"ListItem\",\"position\":1,\"name\":\"Kezd\u0151lap\",\"item\":\"https:\\\/\\\/kerekparbalaton.hu\\\/\"},{\"@type\":\"ListItem\",\"position\":2,\"name\":\"Shop\",\"item\":\"https:\\\/\\\/kerekparbalaton.hu\\\/uzlet\\\/\"},{\"@type\":\"ListItem\",\"position\":3,\"name\":\"XA Meta GTX MIF\"}]},{\"@type\":\"WebSite\",\"@id\":\"https:\\\/\\\/kerekparbalaton.hu\\\/#website\",\"url\":\"https:\\\/\\\/kerekparbalaton.hu\\\/\",\"name\":\"kerekparbalaton.hu\",\"description\":\"Ker\u00e9kp\u00e1rb\u00e9rl\u00e9s Balaton\",\"publisher\":{\"@id\":\"https:\\\/\\\/kerekparbalaton.hu\\\/#organization\"},\"potentialAction\":[{\"@type\":\"SearchAction\",\"target\":{\"@type\":\"EntryPoint\",\"urlTemplate\":\"https:\\\/\\\/kerekparbalaton.hu\\\/?s={search_term_string}\"},\"query-input\":{\"@type\":\"PropertyValueSpecification\",\"valueRequired\":true,\"valueName\":\"search_term_string\"}}],\"inLanguage\":\"en-GB\"},{\"@type\":\"Organization\",\"@id\":\"https:\\\/\\\/kerekparbalaton.hu\\\/#organization\",\"name\":\"kerekparbalaton.hu\",\"url\":\"https:\\\/\\\/kerekparbalaton.hu\\\/\",\"logo\":{\"@type\":\"ImageObject\",\"inLanguage\":\"en-GB\",\"@id\":\"https:\\\/\\\/kerekparbalaton.hu\\\/#\\\/schema\\\/logo\\\/image\\\/\",\"url\":\"https:\\\/\\\/kerekparbalaton.hu\\\/wp-content\\\/uploads\\\/2023\\\/12\\\/Csopi-kerekpar-redesign-e1718779950933.png\",\"contentUrl\":\"https:\\\/\\\/kerekparbalaton.hu\\\/wp-content\\\/uploads\\\/2023\\\/12\\\/Csopi-kerekpar-redesign-e1718779950933.png\",\"width\":1000,\"height\":436,\"caption\":\"kerekparbalaton.hu\"},\"image\":{\"@id\":\"https:\\\/\\\/kerekparbalaton.hu\\\/#\\\/schema\\\/logo\\\/image\\\/\"}}]}<\/script>\n<!-- \/ Yoast SEO plugin. -->","yoast_head_json":{"title":"XA Meta GTX MIF - kerekparbalaton.hu","robots":{"index":"index","follow":"follow","max-snippet":"max-snippet:-1","max-image-preview":"max-image-preview:large","max-video-preview":"max-video-preview:-1"},"canonical":"https:\/\/kerekparbalaton.hu\/en\/product\/xa-meta-gtx-mif\/","og_locale":"en_GB","og_type":"article","og_title":"XA Meta GTX MIF - kerekparbalaton.hu","og_description":"tart\u00f3s \u00e9s l\u00e9g\u00e1tereszt\u0151 Matryx\u00ae fonal v\u00edz\u00e1ll\u00f3 a Gore-Tex Invisible Fit membr\u00e1nbet\u00e9tnek k\u00f6sz\u00f6nhet\u0151en az All Terrain Contagrip\u00ae talp stabil \u00e9s tapad\u00f3s b\u00e1rmilyen fel\u00fcleten az Advanced Chassis\u2122 kialak\u00edt\u00e1s oldalir\u00e1ny\u00fa stabilit\u00e1st \u00e9s l\u00e1bt\u00e1maszt biztos\u00edt robusztus hegy testhez simul\u00f3 szab\u00e1s made in France A cip\u0151 Franciaorsz\u00e1gban k\u00e9sz\u00fclt. A Salomon \u00e9s az ASF 4.0 m\u00e1rk\u00e1k kombin\u00e1l\u00e1s\u00e1val a gy\u00e1rt\u00f3 azt a [&hellip;]","og_url":"https:\/\/kerekparbalaton.hu\/en\/product\/xa-meta-gtx-mif\/","og_site_name":"kerekparbalaton.hu","article_modified_time":"2025-11-20T19:00:28+00:00","og_image":[{"width":1000,"height":1000,"url":"https:\/\/kerekparbalaton.hu\/wp-content\/uploads\/2025\/11\/XA-meta-fekete.webp","type":"image\/webp"}],"twitter_card":"summary_large_image","twitter_misc":{"Estimated reading time":"1 minute"},"schema":{"@context":"https:\/\/schema.org","@graph":[{"@type":"WebPage","@id":"https:\/\/kerekparbalaton.hu\/termek\/xa-meta-gtx-mif\/","url":"https:\/\/kerekparbalaton.hu\/termek\/xa-meta-gtx-mif\/","name":"XA Meta GTX MIF - kerekparbalaton.hu","isPartOf":{"@id":"https:\/\/kerekparbalaton.hu\/#website"},"primaryImageOfPage":{"@id":"https:\/\/kerekparbalaton.hu\/termek\/xa-meta-gtx-mif\/#primaryimage"},"image":{"@id":"https:\/\/kerekparbalaton.hu\/termek\/xa-meta-gtx-mif\/#primaryimage"},"thumbnailUrl":"https:\/\/kerekparbalaton.hu\/wp-content\/uploads\/2025\/11\/XA-meta-fekete.webp","datePublished":"2025-11-19T14:16:01+00:00","dateModified":"2025-11-20T19:00:28+00:00","breadcrumb":{"@id":"https:\/\/kerekparbalaton.hu\/termek\/xa-meta-gtx-mif\/#breadcrumb"},"inLanguage":"en-GB","potentialAction":[{"@type":"ReadAction","target":["https:\/\/kerekparbalaton.hu\/termek\/xa-meta-gtx-mif\/"]}]},{"@type":"ImageObject","inLanguage":"en-GB","@id":"https:\/\/kerekparbalaton.hu\/termek\/xa-meta-gtx-mif\/#primaryimage","url":"https:\/\/kerekparbalaton.hu\/wp-content\/uploads\/2025\/11\/XA-meta-fekete.webp","contentUrl":"https:\/\/kerekparbalaton.hu\/wp-content\/uploads\/2025\/11\/XA-meta-fekete.webp","width":1000,"height":1000},{"@type":"BreadcrumbList","@id":"https:\/\/kerekparbalaton.hu\/termek\/xa-meta-gtx-mif\/#breadcrumb","itemListElement":[{"@type":"ListItem","position":1,"name":"Kezd\u0151lap","item":"https:\/\/kerekparbalaton.hu\/"},{"@type":"ListItem","position":2,"name":"Shop","item":"https:\/\/kerekparbalaton.hu\/uzlet\/"},{"@type":"ListItem","position":3,"name":"XA Meta GTX MIF"}]},{"@type":"WebSite","@id":"https:\/\/kerekparbalaton.hu\/#website","url":"https:\/\/kerekparbalaton.hu\/","name":"roundparbalaton.hu","description":"Bicycle rental Balaton","publisher":{"@id":"https:\/\/kerekparbalaton.hu\/#organization"},"potentialAction":[{"@type":"SearchAction","target":{"@type":"EntryPoint","urlTemplate":"https:\/\/kerekparbalaton.hu\/?s={search_term_string}"},"query-input":{"@type":"PropertyValueSpecification","valueRequired":true,"valueName":"search_term_string"}}],"inLanguage":"en-GB"},{"@type":"Organization","@id":"https:\/\/kerekparbalaton.hu\/#organization","name":"roundparbalaton.hu","url":"https:\/\/kerekparbalaton.hu\/","logo":{"@type":"ImageObject","inLanguage":"en-GB","@id":"https:\/\/kerekparbalaton.hu\/#\/schema\/logo\/image\/","url":"https:\/\/kerekparbalaton.hu\/wp-content\/uploads\/2023\/12\/Csopi-kerekpar-redesign-e1718779950933.png","contentUrl":"https:\/\/kerekparbalaton.hu\/wp-content\/uploads\/2023\/12\/Csopi-kerekpar-redesign-e1718779950933.png","width":1000,"height":436,"caption":"kerekparbalaton.hu"},"image":{"@id":"https:\/\/kerekparbalaton.hu\/#\/schema\/logo\/image\/"}}]}},"_links":{"self":[{"href":"https:\/\/kerekparbalaton.hu\/en\/wp-json\/wp\/v2\/product\/4687","targetHints":{"allow":["GET"]}}],"collection":[{"href":"https:\/\/kerekparbalaton.hu\/en\/wp-json\/wp\/v2\/product"}],"about":[{"href":"https:\/\/kerekparbalaton.hu\/en\/wp-json\/wp\/v2\/types\/product"}],"replies":[{"embeddable":true,"href":"https:\/\/kerekparbalaton.hu\/en\/wp-json\/wp\/v2\/comments?post=4687"}],"wp:featuredmedia":[{"embeddable":true,"href":"https:\/\/kerekparbalaton.hu\/en\/wp-json\/wp\/v2\/media\/4704"}],"wp:attachment":[{"href":"https:\/\/kerekparbalaton.hu\/en\/wp-json\/wp\/v2\/media?parent=4687"}],"wp:term":[{"taxonomy":"product_brand","embeddable":true,"href":"https:\/\/kerekparbalaton.hu\/en\/wp-json\/wp\/v2\/product_brand?post=4687"},{"taxonomy":"product_cat","embeddable":true,"href":"https:\/\/kerekparbalaton.hu\/en\/wp-json\/wp\/v2\/product_cat?post=4687"},{"taxonomy":"product_tag","embeddable":true,"href":"https:\/\/kerekparbalaton.hu\/en\/wp-json\/wp\/v2\/product_tag?post=4687"}],"curies":[{"name":"wp","href":"https:\/\/api.w.org\/{rel}","templated":true}]}}