{"id":4052,"date":"2025-10-29T13:09:14","date_gmt":"2025-10-29T13:09:14","guid":{"rendered":"https:\/\/kerekparbalaton.hu\/?post_type=product&#038;p=4052"},"modified":"2025-11-20T18:58:15","modified_gmt":"2025-11-20T18:58:15","slug":"thundercross","status":"publish","type":"product","link":"https:\/\/kerekparbalaton.hu\/en\/product\/thundercross\/","title":{"rendered":"Thundercross"},"content":{"rendered":"<p><span style=\"font-weight: 400;\">A Salomon Thundercross egy dinamikus terepfut\u00f3cip\u0151, mely a p\u00e1rn\u00e1zott k\u00e9nyelmet egyes\u00edti a kiv\u00e9teles tapad\u00e1ssal \u00e9s prec\u00edz l\u00e1btart\u00e1ssal. Agressz\u00edv, 5 mm-es talpmint\u00e1zat\u00e1nak k\u00f6sz\u00f6nhet\u0151en b\u00e1rmilyen terep kih\u00edv\u00e1saival megbirk\u00f3zik, legyen az ak\u00e1rmennyire tr\u00fckk\u00f6s, technik\u00e1s vagy \u00e9ppen saras \u00e9s cs\u00fasz\u00f3s. A terepfut\u00e1s \u0151shaz\u00e1j\u00e1ban, a francia Alpokban fejlesztett\u00e9k ki, ahol pr\u00f3b\u00e1ra tett\u00e9k a kem\u00e9ny, k\u00f6ves, szikl\u00e1s terepen, z\u00fazal\u00e9kos lejt\u0151k\u00f6n vagy a saras \u00f6sv\u00e9nyeken is. \u00cdgy alkott\u00e1k meg sz\u00e1modra a lehet\u0151 legt\u00f6k\u00e9letesebb fut\u00f3cip\u0151t, amire minden helyzetben sz\u00e1m\u00edthatsz.<\/span><\/p>","protected":false},"excerpt":{"rendered":"<p>A Salomon Thundercross egy dinamikus terepfut\u00f3cip\u0151, mely a p\u00e1rn\u00e1zott k\u00e9nyelmet egyes\u00edti a kiv\u00e9teles tapad\u00e1ssal \u00e9s prec\u00edz l\u00e1btart\u00e1ssal. Agressz\u00edv, 5 mm-es talpmint\u00e1zat\u00e1nak k\u00f6sz\u00f6nhet\u0151en b\u00e1rmilyen terep kih\u00edv\u00e1saival megbirk\u00f3zik, legyen az ak\u00e1rmennyire tr\u00fckk\u00f6s, technik\u00e1s vagy \u00e9ppen saras \u00e9s cs\u00fasz\u00f3s. A terepfut\u00e1s \u0151shaz\u00e1j\u00e1ban, a francia Alpokban fejlesztett\u00e9k ki, ahol pr\u00f3b\u00e1ra tett\u00e9k a kem\u00e9ny, k\u00f6ves, szikl\u00e1s terepen, z\u00fazal\u00e9kos lejt\u0151k\u00f6n vagy [&hellip;]<\/p>\n","protected":false},"featured_media":4580,"comment_status":"open","ping_status":"closed","template":"","meta":[],"product_brand":[],"product_cat":[69,65],"product_tag":[],"class_list":{"0":"post-4052","1":"product","2":"type-product","3":"status-publish","4":"has-post-thumbnail","6":"product_cat-cipo","7":"product_cat-futas","9":"first","10":"instock","11":"sale","12":"shipping-taxable","13":"purchasable","14":"product-type-variable"},"yoast_head":"<!-- This site is optimized with the Yoast SEO plugin v27.5 - https:\/\/yoast.com\/product\/yoast-seo-wordpress\/ -->\n<title>Thundercross - kerekparbalaton.hu<\/title>\n<meta name=\"robots\" content=\"index, follow, max-snippet:-1, max-image-preview:large, max-video-preview:-1\" \/>\n<link rel=\"canonical\" href=\"https:\/\/kerekparbalaton.hu\/en\/product\/thundercross\/\" \/>\n<meta property=\"og:locale\" content=\"en_GB\" \/>\n<meta property=\"og:type\" content=\"article\" \/>\n<meta property=\"og:title\" content=\"Thundercross - kerekparbalaton.hu\" \/>\n<meta property=\"og:description\" content=\"A Salomon Thundercross egy dinamikus terepfut\u00f3cip\u0151, mely a p\u00e1rn\u00e1zott k\u00e9nyelmet egyes\u00edti a kiv\u00e9teles tapad\u00e1ssal \u00e9s prec\u00edz l\u00e1btart\u00e1ssal. Agressz\u00edv, 5 mm-es talpmint\u00e1zat\u00e1nak k\u00f6sz\u00f6nhet\u0151en b\u00e1rmilyen terep kih\u00edv\u00e1saival megbirk\u00f3zik, legyen az ak\u00e1rmennyire tr\u00fckk\u00f6s, technik\u00e1s vagy \u00e9ppen saras \u00e9s cs\u00fasz\u00f3s. A terepfut\u00e1s \u0151shaz\u00e1j\u00e1ban, a francia Alpokban fejlesztett\u00e9k ki, ahol pr\u00f3b\u00e1ra tett\u00e9k a kem\u00e9ny, k\u00f6ves, szikl\u00e1s terepen, z\u00fazal\u00e9kos lejt\u0151k\u00f6n vagy [&hellip;]\" \/>\n<meta property=\"og:url\" content=\"https:\/\/kerekparbalaton.hu\/en\/product\/thundercross\/\" \/>\n<meta property=\"og:site_name\" content=\"kerekparbalaton.hu\" \/>\n<meta property=\"article:modified_time\" content=\"2025-11-20T18:58:15+00:00\" \/>\n<meta property=\"og:image\" content=\"https:\/\/kerekparbalaton.hu\/wp-content\/uploads\/2025\/10\/Thundercross-kek.webp\" \/>\n\t<meta property=\"og:image:width\" content=\"1000\" \/>\n\t<meta property=\"og:image:height\" content=\"1000\" \/>\n\t<meta property=\"og:image:type\" content=\"image\/webp\" \/>\n<meta name=\"twitter:card\" content=\"summary_large_image\" \/>\n<meta name=\"twitter:label1\" content=\"Estimated reading time\" \/>\n\t<meta name=\"twitter:data1\" content=\"1 minute\" \/>\n<script type=\"application\/ld+json\" class=\"yoast-schema-graph\">{\"@context\":\"https:\\\/\\\/schema.org\",\"@graph\":[{\"@type\":\"WebPage\",\"@id\":\"https:\\\/\\\/kerekparbalaton.hu\\\/termek\\\/thundercross\\\/\",\"url\":\"https:\\\/\\\/kerekparbalaton.hu\\\/termek\\\/thundercross\\\/\",\"name\":\"Thundercross - kerekparbalaton.hu\",\"isPartOf\":{\"@id\":\"https:\\\/\\\/kerekparbalaton.hu\\\/#website\"},\"primaryImageOfPage\":{\"@id\":\"https:\\\/\\\/kerekparbalaton.hu\\\/termek\\\/thundercross\\\/#primaryimage\"},\"image\":{\"@id\":\"https:\\\/\\\/kerekparbalaton.hu\\\/termek\\\/thundercross\\\/#primaryimage\"},\"thumbnailUrl\":\"https:\\\/\\\/kerekparbalaton.hu\\\/wp-content\\\/uploads\\\/2025\\\/10\\\/Thundercross-kek.webp\",\"datePublished\":\"2025-10-29T13:09:14+00:00\",\"dateModified\":\"2025-11-20T18:58:15+00:00\",\"breadcrumb\":{\"@id\":\"https:\\\/\\\/kerekparbalaton.hu\\\/termek\\\/thundercross\\\/#breadcrumb\"},\"inLanguage\":\"en-GB\",\"potentialAction\":[{\"@type\":\"ReadAction\",\"target\":[\"https:\\\/\\\/kerekparbalaton.hu\\\/termek\\\/thundercross\\\/\"]}]},{\"@type\":\"ImageObject\",\"inLanguage\":\"en-GB\",\"@id\":\"https:\\\/\\\/kerekparbalaton.hu\\\/termek\\\/thundercross\\\/#primaryimage\",\"url\":\"https:\\\/\\\/kerekparbalaton.hu\\\/wp-content\\\/uploads\\\/2025\\\/10\\\/Thundercross-kek.webp\",\"contentUrl\":\"https:\\\/\\\/kerekparbalaton.hu\\\/wp-content\\\/uploads\\\/2025\\\/10\\\/Thundercross-kek.webp\",\"width\":1000,\"height\":1000},{\"@type\":\"BreadcrumbList\",\"@id\":\"https:\\\/\\\/kerekparbalaton.hu\\\/termek\\\/thundercross\\\/#breadcrumb\",\"itemListElement\":[{\"@type\":\"ListItem\",\"position\":1,\"name\":\"Kezd\u0151lap\",\"item\":\"https:\\\/\\\/kerekparbalaton.hu\\\/\"},{\"@type\":\"ListItem\",\"position\":2,\"name\":\"Shop\",\"item\":\"https:\\\/\\\/kerekparbalaton.hu\\\/uzlet\\\/\"},{\"@type\":\"ListItem\",\"position\":3,\"name\":\"Thundercross\"}]},{\"@type\":\"WebSite\",\"@id\":\"https:\\\/\\\/kerekparbalaton.hu\\\/#website\",\"url\":\"https:\\\/\\\/kerekparbalaton.hu\\\/\",\"name\":\"kerekparbalaton.hu\",\"description\":\"Ker\u00e9kp\u00e1rb\u00e9rl\u00e9s Balaton\",\"publisher\":{\"@id\":\"https:\\\/\\\/kerekparbalaton.hu\\\/#organization\"},\"potentialAction\":[{\"@type\":\"SearchAction\",\"target\":{\"@type\":\"EntryPoint\",\"urlTemplate\":\"https:\\\/\\\/kerekparbalaton.hu\\\/?s={search_term_string}\"},\"query-input\":{\"@type\":\"PropertyValueSpecification\",\"valueRequired\":true,\"valueName\":\"search_term_string\"}}],\"inLanguage\":\"en-GB\"},{\"@type\":\"Organization\",\"@id\":\"https:\\\/\\\/kerekparbalaton.hu\\\/#organization\",\"name\":\"kerekparbalaton.hu\",\"url\":\"https:\\\/\\\/kerekparbalaton.hu\\\/\",\"logo\":{\"@type\":\"ImageObject\",\"inLanguage\":\"en-GB\",\"@id\":\"https:\\\/\\\/kerekparbalaton.hu\\\/#\\\/schema\\\/logo\\\/image\\\/\",\"url\":\"https:\\\/\\\/kerekparbalaton.hu\\\/wp-content\\\/uploads\\\/2023\\\/12\\\/Csopi-kerekpar-redesign-e1718779950933.png\",\"contentUrl\":\"https:\\\/\\\/kerekparbalaton.hu\\\/wp-content\\\/uploads\\\/2023\\\/12\\\/Csopi-kerekpar-redesign-e1718779950933.png\",\"width\":1000,\"height\":436,\"caption\":\"kerekparbalaton.hu\"},\"image\":{\"@id\":\"https:\\\/\\\/kerekparbalaton.hu\\\/#\\\/schema\\\/logo\\\/image\\\/\"}}]}<\/script>\n<!-- \/ Yoast SEO plugin. -->","yoast_head_json":{"title":"Thundercross - kerekparbalaton.hu","robots":{"index":"index","follow":"follow","max-snippet":"max-snippet:-1","max-image-preview":"max-image-preview:large","max-video-preview":"max-video-preview:-1"},"canonical":"https:\/\/kerekparbalaton.hu\/en\/product\/thundercross\/","og_locale":"en_GB","og_type":"article","og_title":"Thundercross - kerekparbalaton.hu","og_description":"A Salomon Thundercross egy dinamikus terepfut\u00f3cip\u0151, mely a p\u00e1rn\u00e1zott k\u00e9nyelmet egyes\u00edti a kiv\u00e9teles tapad\u00e1ssal \u00e9s prec\u00edz l\u00e1btart\u00e1ssal. Agressz\u00edv, 5 mm-es talpmint\u00e1zat\u00e1nak k\u00f6sz\u00f6nhet\u0151en b\u00e1rmilyen terep kih\u00edv\u00e1saival megbirk\u00f3zik, legyen az ak\u00e1rmennyire tr\u00fckk\u00f6s, technik\u00e1s vagy \u00e9ppen saras \u00e9s cs\u00fasz\u00f3s. A terepfut\u00e1s \u0151shaz\u00e1j\u00e1ban, a francia Alpokban fejlesztett\u00e9k ki, ahol pr\u00f3b\u00e1ra tett\u00e9k a kem\u00e9ny, k\u00f6ves, szikl\u00e1s terepen, z\u00fazal\u00e9kos lejt\u0151k\u00f6n vagy [&hellip;]","og_url":"https:\/\/kerekparbalaton.hu\/en\/product\/thundercross\/","og_site_name":"kerekparbalaton.hu","article_modified_time":"2025-11-20T18:58:15+00:00","og_image":[{"width":1000,"height":1000,"url":"https:\/\/kerekparbalaton.hu\/wp-content\/uploads\/2025\/10\/Thundercross-kek.webp","type":"image\/webp"}],"twitter_card":"summary_large_image","twitter_misc":{"Estimated reading time":"1 minute"},"schema":{"@context":"https:\/\/schema.org","@graph":[{"@type":"WebPage","@id":"https:\/\/kerekparbalaton.hu\/termek\/thundercross\/","url":"https:\/\/kerekparbalaton.hu\/termek\/thundercross\/","name":"Thundercross - kerekparbalaton.hu","isPartOf":{"@id":"https:\/\/kerekparbalaton.hu\/#website"},"primaryImageOfPage":{"@id":"https:\/\/kerekparbalaton.hu\/termek\/thundercross\/#primaryimage"},"image":{"@id":"https:\/\/kerekparbalaton.hu\/termek\/thundercross\/#primaryimage"},"thumbnailUrl":"https:\/\/kerekparbalaton.hu\/wp-content\/uploads\/2025\/10\/Thundercross-kek.webp","datePublished":"2025-10-29T13:09:14+00:00","dateModified":"2025-11-20T18:58:15+00:00","breadcrumb":{"@id":"https:\/\/kerekparbalaton.hu\/termek\/thundercross\/#breadcrumb"},"inLanguage":"en-GB","potentialAction":[{"@type":"ReadAction","target":["https:\/\/kerekparbalaton.hu\/termek\/thundercross\/"]}]},{"@type":"ImageObject","inLanguage":"en-GB","@id":"https:\/\/kerekparbalaton.hu\/termek\/thundercross\/#primaryimage","url":"https:\/\/kerekparbalaton.hu\/wp-content\/uploads\/2025\/10\/Thundercross-kek.webp","contentUrl":"https:\/\/kerekparbalaton.hu\/wp-content\/uploads\/2025\/10\/Thundercross-kek.webp","width":1000,"height":1000},{"@type":"BreadcrumbList","@id":"https:\/\/kerekparbalaton.hu\/termek\/thundercross\/#breadcrumb","itemListElement":[{"@type":"ListItem","position":1,"name":"Kezd\u0151lap","item":"https:\/\/kerekparbalaton.hu\/"},{"@type":"ListItem","position":2,"name":"Shop","item":"https:\/\/kerekparbalaton.hu\/uzlet\/"},{"@type":"ListItem","position":3,"name":"Thundercross"}]},{"@type":"WebSite","@id":"https:\/\/kerekparbalaton.hu\/#website","url":"https:\/\/kerekparbalaton.hu\/","name":"roundparbalaton.hu","description":"Bicycle rental Balaton","publisher":{"@id":"https:\/\/kerekparbalaton.hu\/#organization"},"potentialAction":[{"@type":"SearchAction","target":{"@type":"EntryPoint","urlTemplate":"https:\/\/kerekparbalaton.hu\/?s={search_term_string}"},"query-input":{"@type":"PropertyValueSpecification","valueRequired":true,"valueName":"search_term_string"}}],"inLanguage":"en-GB"},{"@type":"Organization","@id":"https:\/\/kerekparbalaton.hu\/#organization","name":"roundparbalaton.hu","url":"https:\/\/kerekparbalaton.hu\/","logo":{"@type":"ImageObject","inLanguage":"en-GB","@id":"https:\/\/kerekparbalaton.hu\/#\/schema\/logo\/image\/","url":"https:\/\/kerekparbalaton.hu\/wp-content\/uploads\/2023\/12\/Csopi-kerekpar-redesign-e1718779950933.png","contentUrl":"https:\/\/kerekparbalaton.hu\/wp-content\/uploads\/2023\/12\/Csopi-kerekpar-redesign-e1718779950933.png","width":1000,"height":436,"caption":"kerekparbalaton.hu"},"image":{"@id":"https:\/\/kerekparbalaton.hu\/#\/schema\/logo\/image\/"}}]}},"_links":{"self":[{"href":"https:\/\/kerekparbalaton.hu\/en\/wp-json\/wp\/v2\/product\/4052","targetHints":{"allow":["GET"]}}],"collection":[{"href":"https:\/\/kerekparbalaton.hu\/en\/wp-json\/wp\/v2\/product"}],"about":[{"href":"https:\/\/kerekparbalaton.hu\/en\/wp-json\/wp\/v2\/types\/product"}],"replies":[{"embeddable":true,"href":"https:\/\/kerekparbalaton.hu\/en\/wp-json\/wp\/v2\/comments?post=4052"}],"wp:featuredmedia":[{"embeddable":true,"href":"https:\/\/kerekparbalaton.hu\/en\/wp-json\/wp\/v2\/media\/4580"}],"wp:attachment":[{"href":"https:\/\/kerekparbalaton.hu\/en\/wp-json\/wp\/v2\/media?parent=4052"}],"wp:term":[{"taxonomy":"product_brand","embeddable":true,"href":"https:\/\/kerekparbalaton.hu\/en\/wp-json\/wp\/v2\/product_brand?post=4052"},{"taxonomy":"product_cat","embeddable":true,"href":"https:\/\/kerekparbalaton.hu\/en\/wp-json\/wp\/v2\/product_cat?post=4052"},{"taxonomy":"product_tag","embeddable":true,"href":"https:\/\/kerekparbalaton.hu\/en\/wp-json\/wp\/v2\/product_tag?post=4052"}],"curies":[{"name":"wp","href":"https:\/\/api.w.org\/{rel}","templated":true}]}}