{"id":3975,"date":"2025-10-29T13:09:03","date_gmt":"2025-10-29T13:09:03","guid":{"rendered":"https:\/\/kerekparbalaton.hu\/termek\/s-pro-alpha-130-race-b-wht-ra\/"},"modified":"2025-11-13T17:00:13","modified_gmt":"2025-11-13T17:00:13","slug":"s-pro-alpha-130-race-b-wht-ra","status":"publish","type":"product","link":"https:\/\/kerekparbalaton.hu\/en\/product\/s-pro-alpha-130-race-b-wht-ra\/","title":{"rendered":"S\/Pro Alpha 130 race B\/Wht\/Ra"},"content":{"rendered":"<p><span style=\"font-weight: 400;\">Custom Shell HD h\u00e9j \u2013 H\u0151form\u00e1zhat\u00f3 h\u00e9jszerkezet, amely n\u00e9h\u00e1ny perc alatt a l\u00e1bad form\u00e1j\u00e1hoz igaz\u00edthat\u00f3 a maxim\u00e1lis k\u00e9nyelem\u00e9rt \u00e9s pontoss\u00e1g\u00e9rt.<\/span><\/p>\n<p><span style=\"font-weight: 400;\">Teljesen kivehet\u0151 nyelv \u2013 Innovat\u00edv kialak\u00edt\u00e1s, amely k\u00f6nny\u0171 be- \u00e9s kil\u00e9p\u00e9st tesz lehet\u0151v\u00e9, valamint lehet\u0151s\u00e9get ad a nyelv form\u00e1j\u00e1nak \u00e9s poz\u00edci\u00f3j\u00e1nak testreszab\u00e1s\u00e1ra.<\/span><\/p>\n<p><span style=\"font-weight: 400;\">CustomFit 4D h\u0151form\u00e1zhat\u00f3 b\u00e9l\u00e9s \u2013 K\u00e9tz\u00f3n\u00e1s, Talyn\u00ae anyagb\u00f3l k\u00e9sz\u00fclt bels\u0151, amely kiv\u00e1l\u00f3an form\u00e1zhat\u00f3, k\u00e9nyelmes \u00e9s tart\u00f3s. Sensitive2 bet\u00e9t a jobb talp\u00e9rzet\u00e9rt \u00e9s kontroll\u00e9rt.<\/span><\/p>\n<p><span style=\"font-weight: 400;\">3D Instep h\u00e9jkialak\u00edt\u00e1s \u2013 Az als\u00f3 h\u00e9j kialak\u00edt\u00e1sa cs\u00f6kkenti a nyom\u00e1st a l\u00e1bfej tetej\u00e9n (instep), mik\u00f6zben stabilabb sarokr\u00f6gz\u00edt\u00e9st biztos\u00edt.<\/span><\/p>\n<p><span style=\"font-weight: 400;\">ISO 5355 alpesi szabv\u00e1ny szerinti talp \u2013 Kompatibilis az alpesi k\u00f6t\u00e9sek t\u00f6bbs\u00e9g\u00e9vel. A bakancs GripWalk\u00ae talppal is felszerelhet\u0151 a k\u00e9nyelmesebb j\u00e1r\u00e1s \u00e9rdek\u00e9ben.<\/span><\/p>","protected":false},"excerpt":{"rendered":"<p>Custom Shell HD h\u00e9j \u2013 H\u0151form\u00e1zhat\u00f3 h\u00e9jszerkezet, amely n\u00e9h\u00e1ny perc alatt a l\u00e1bad form\u00e1j\u00e1hoz igaz\u00edthat\u00f3 a maxim\u00e1lis k\u00e9nyelem\u00e9rt \u00e9s pontoss\u00e1g\u00e9rt. Teljesen kivehet\u0151 nyelv \u2013 Innovat\u00edv kialak\u00edt\u00e1s, amely k\u00f6nny\u0171 be- \u00e9s kil\u00e9p\u00e9st tesz lehet\u0151v\u00e9, valamint lehet\u0151s\u00e9get ad a nyelv form\u00e1j\u00e1nak \u00e9s poz\u00edci\u00f3j\u00e1nak testreszab\u00e1s\u00e1ra. CustomFit 4D h\u0151form\u00e1zhat\u00f3 b\u00e9l\u00e9s \u2013 K\u00e9tz\u00f3n\u00e1s, Talyn\u00ae anyagb\u00f3l k\u00e9sz\u00fclt bels\u0151, amely kiv\u00e1l\u00f3an form\u00e1zhat\u00f3, [&hellip;]<\/p>\n","protected":false},"featured_media":4587,"comment_status":"open","ping_status":"closed","template":"","meta":[],"product_brand":[],"product_cat":[71,64],"product_tag":[],"class_list":{"0":"post-3975","1":"product","2":"type-product","3":"status-publish","4":"has-post-thumbnail","6":"product_cat-sicipo","7":"product_cat-sieles","9":"first","10":"instock","11":"shipping-taxable","12":"purchasable","13":"product-type-simple"},"yoast_head":"<!-- This site is optimized with the Yoast SEO plugin v27.5 - https:\/\/yoast.com\/product\/yoast-seo-wordpress\/ -->\n<title>S\/Pro Alpha 130 race B\/Wht\/Ra - kerekparbalaton.hu<\/title>\n<meta name=\"robots\" content=\"index, follow, max-snippet:-1, max-image-preview:large, max-video-preview:-1\" \/>\n<link rel=\"canonical\" href=\"https:\/\/kerekparbalaton.hu\/en\/product\/s-pro-alpha-130-race-b-wht-ra\/\" \/>\n<meta property=\"og:locale\" content=\"en_GB\" \/>\n<meta property=\"og:type\" content=\"article\" \/>\n<meta property=\"og:title\" content=\"S\/Pro Alpha 130 race B\/Wht\/Ra - kerekparbalaton.hu\" \/>\n<meta property=\"og:description\" content=\"Custom Shell HD h\u00e9j \u2013 H\u0151form\u00e1zhat\u00f3 h\u00e9jszerkezet, amely n\u00e9h\u00e1ny perc alatt a l\u00e1bad form\u00e1j\u00e1hoz igaz\u00edthat\u00f3 a maxim\u00e1lis k\u00e9nyelem\u00e9rt \u00e9s pontoss\u00e1g\u00e9rt. Teljesen kivehet\u0151 nyelv \u2013 Innovat\u00edv kialak\u00edt\u00e1s, amely k\u00f6nny\u0171 be- \u00e9s kil\u00e9p\u00e9st tesz lehet\u0151v\u00e9, valamint lehet\u0151s\u00e9get ad a nyelv form\u00e1j\u00e1nak \u00e9s poz\u00edci\u00f3j\u00e1nak testreszab\u00e1s\u00e1ra. CustomFit 4D h\u0151form\u00e1zhat\u00f3 b\u00e9l\u00e9s \u2013 K\u00e9tz\u00f3n\u00e1s, Talyn\u00ae anyagb\u00f3l k\u00e9sz\u00fclt bels\u0151, amely kiv\u00e1l\u00f3an form\u00e1zhat\u00f3, [&hellip;]\" \/>\n<meta property=\"og:url\" content=\"https:\/\/kerekparbalaton.hu\/en\/product\/s-pro-alpha-130-race-b-wht-ra\/\" \/>\n<meta property=\"og:site_name\" content=\"kerekparbalaton.hu\" \/>\n<meta property=\"article:modified_time\" content=\"2025-11-13T17:00:13+00:00\" \/>\n<meta property=\"og:image\" content=\"https:\/\/kerekparbalaton.hu\/wp-content\/uploads\/2025\/10\/SPro-130W-sicipo.webp\" \/>\n\t<meta property=\"og:image:width\" content=\"1000\" \/>\n\t<meta property=\"og:image:height\" content=\"1000\" \/>\n\t<meta property=\"og:image:type\" content=\"image\/webp\" \/>\n<meta name=\"twitter:card\" content=\"summary_large_image\" \/>\n<meta name=\"twitter:label1\" content=\"Estimated reading time\" \/>\n\t<meta name=\"twitter:data1\" content=\"1 minute\" \/>\n<script type=\"application\/ld+json\" class=\"yoast-schema-graph\">{\"@context\":\"https:\\\/\\\/schema.org\",\"@graph\":[{\"@type\":\"WebPage\",\"@id\":\"https:\\\/\\\/kerekparbalaton.hu\\\/termek\\\/s-pro-alpha-130-race-b-wht-ra\\\/\",\"url\":\"https:\\\/\\\/kerekparbalaton.hu\\\/termek\\\/s-pro-alpha-130-race-b-wht-ra\\\/\",\"name\":\"S\\\/Pro Alpha 130 race B\\\/Wht\\\/Ra - kerekparbalaton.hu\",\"isPartOf\":{\"@id\":\"https:\\\/\\\/kerekparbalaton.hu\\\/#website\"},\"primaryImageOfPage\":{\"@id\":\"https:\\\/\\\/kerekparbalaton.hu\\\/termek\\\/s-pro-alpha-130-race-b-wht-ra\\\/#primaryimage\"},\"image\":{\"@id\":\"https:\\\/\\\/kerekparbalaton.hu\\\/termek\\\/s-pro-alpha-130-race-b-wht-ra\\\/#primaryimage\"},\"thumbnailUrl\":\"https:\\\/\\\/kerekparbalaton.hu\\\/wp-content\\\/uploads\\\/2025\\\/10\\\/SPro-130W-sicipo.webp\",\"datePublished\":\"2025-10-29T13:09:03+00:00\",\"dateModified\":\"2025-11-13T17:00:13+00:00\",\"breadcrumb\":{\"@id\":\"https:\\\/\\\/kerekparbalaton.hu\\\/termek\\\/s-pro-alpha-130-race-b-wht-ra\\\/#breadcrumb\"},\"inLanguage\":\"en-GB\",\"potentialAction\":[{\"@type\":\"ReadAction\",\"target\":[\"https:\\\/\\\/kerekparbalaton.hu\\\/termek\\\/s-pro-alpha-130-race-b-wht-ra\\\/\"]}]},{\"@type\":\"ImageObject\",\"inLanguage\":\"en-GB\",\"@id\":\"https:\\\/\\\/kerekparbalaton.hu\\\/termek\\\/s-pro-alpha-130-race-b-wht-ra\\\/#primaryimage\",\"url\":\"https:\\\/\\\/kerekparbalaton.hu\\\/wp-content\\\/uploads\\\/2025\\\/10\\\/SPro-130W-sicipo.webp\",\"contentUrl\":\"https:\\\/\\\/kerekparbalaton.hu\\\/wp-content\\\/uploads\\\/2025\\\/10\\\/SPro-130W-sicipo.webp\",\"width\":1000,\"height\":1000},{\"@type\":\"BreadcrumbList\",\"@id\":\"https:\\\/\\\/kerekparbalaton.hu\\\/termek\\\/s-pro-alpha-130-race-b-wht-ra\\\/#breadcrumb\",\"itemListElement\":[{\"@type\":\"ListItem\",\"position\":1,\"name\":\"Kezd\u0151lap\",\"item\":\"https:\\\/\\\/kerekparbalaton.hu\\\/\"},{\"@type\":\"ListItem\",\"position\":2,\"name\":\"Shop\",\"item\":\"https:\\\/\\\/kerekparbalaton.hu\\\/uzlet\\\/\"},{\"@type\":\"ListItem\",\"position\":3,\"name\":\"S\\\/Pro Alpha 130 race B\\\/Wht\\\/Ra\"}]},{\"@type\":\"WebSite\",\"@id\":\"https:\\\/\\\/kerekparbalaton.hu\\\/#website\",\"url\":\"https:\\\/\\\/kerekparbalaton.hu\\\/\",\"name\":\"kerekparbalaton.hu\",\"description\":\"Ker\u00e9kp\u00e1rb\u00e9rl\u00e9s Balaton\",\"publisher\":{\"@id\":\"https:\\\/\\\/kerekparbalaton.hu\\\/#organization\"},\"potentialAction\":[{\"@type\":\"SearchAction\",\"target\":{\"@type\":\"EntryPoint\",\"urlTemplate\":\"https:\\\/\\\/kerekparbalaton.hu\\\/?s={search_term_string}\"},\"query-input\":{\"@type\":\"PropertyValueSpecification\",\"valueRequired\":true,\"valueName\":\"search_term_string\"}}],\"inLanguage\":\"en-GB\"},{\"@type\":\"Organization\",\"@id\":\"https:\\\/\\\/kerekparbalaton.hu\\\/#organization\",\"name\":\"kerekparbalaton.hu\",\"url\":\"https:\\\/\\\/kerekparbalaton.hu\\\/\",\"logo\":{\"@type\":\"ImageObject\",\"inLanguage\":\"en-GB\",\"@id\":\"https:\\\/\\\/kerekparbalaton.hu\\\/#\\\/schema\\\/logo\\\/image\\\/\",\"url\":\"https:\\\/\\\/kerekparbalaton.hu\\\/wp-content\\\/uploads\\\/2023\\\/12\\\/Csopi-kerekpar-redesign-e1718779950933.png\",\"contentUrl\":\"https:\\\/\\\/kerekparbalaton.hu\\\/wp-content\\\/uploads\\\/2023\\\/12\\\/Csopi-kerekpar-redesign-e1718779950933.png\",\"width\":1000,\"height\":436,\"caption\":\"kerekparbalaton.hu\"},\"image\":{\"@id\":\"https:\\\/\\\/kerekparbalaton.hu\\\/#\\\/schema\\\/logo\\\/image\\\/\"}}]}<\/script>\n<!-- \/ Yoast SEO plugin. -->","yoast_head_json":{"title":"S\/Pro Alpha 130 race B\/Wht\/Ra - kerekparbalaton.hu","robots":{"index":"index","follow":"follow","max-snippet":"max-snippet:-1","max-image-preview":"max-image-preview:large","max-video-preview":"max-video-preview:-1"},"canonical":"https:\/\/kerekparbalaton.hu\/en\/product\/s-pro-alpha-130-race-b-wht-ra\/","og_locale":"en_GB","og_type":"article","og_title":"S\/Pro Alpha 130 race B\/Wht\/Ra - kerekparbalaton.hu","og_description":"Custom Shell HD h\u00e9j \u2013 H\u0151form\u00e1zhat\u00f3 h\u00e9jszerkezet, amely n\u00e9h\u00e1ny perc alatt a l\u00e1bad form\u00e1j\u00e1hoz igaz\u00edthat\u00f3 a maxim\u00e1lis k\u00e9nyelem\u00e9rt \u00e9s pontoss\u00e1g\u00e9rt. Teljesen kivehet\u0151 nyelv \u2013 Innovat\u00edv kialak\u00edt\u00e1s, amely k\u00f6nny\u0171 be- \u00e9s kil\u00e9p\u00e9st tesz lehet\u0151v\u00e9, valamint lehet\u0151s\u00e9get ad a nyelv form\u00e1j\u00e1nak \u00e9s poz\u00edci\u00f3j\u00e1nak testreszab\u00e1s\u00e1ra. CustomFit 4D h\u0151form\u00e1zhat\u00f3 b\u00e9l\u00e9s \u2013 K\u00e9tz\u00f3n\u00e1s, Talyn\u00ae anyagb\u00f3l k\u00e9sz\u00fclt bels\u0151, amely kiv\u00e1l\u00f3an form\u00e1zhat\u00f3, [&hellip;]","og_url":"https:\/\/kerekparbalaton.hu\/en\/product\/s-pro-alpha-130-race-b-wht-ra\/","og_site_name":"kerekparbalaton.hu","article_modified_time":"2025-11-13T17:00:13+00:00","og_image":[{"width":1000,"height":1000,"url":"https:\/\/kerekparbalaton.hu\/wp-content\/uploads\/2025\/10\/SPro-130W-sicipo.webp","type":"image\/webp"}],"twitter_card":"summary_large_image","twitter_misc":{"Estimated reading time":"1 minute"},"schema":{"@context":"https:\/\/schema.org","@graph":[{"@type":"WebPage","@id":"https:\/\/kerekparbalaton.hu\/termek\/s-pro-alpha-130-race-b-wht-ra\/","url":"https:\/\/kerekparbalaton.hu\/termek\/s-pro-alpha-130-race-b-wht-ra\/","name":"S\/Pro Alpha 130 race B\/Wht\/Ra - kerekparbalaton.hu","isPartOf":{"@id":"https:\/\/kerekparbalaton.hu\/#website"},"primaryImageOfPage":{"@id":"https:\/\/kerekparbalaton.hu\/termek\/s-pro-alpha-130-race-b-wht-ra\/#primaryimage"},"image":{"@id":"https:\/\/kerekparbalaton.hu\/termek\/s-pro-alpha-130-race-b-wht-ra\/#primaryimage"},"thumbnailUrl":"https:\/\/kerekparbalaton.hu\/wp-content\/uploads\/2025\/10\/SPro-130W-sicipo.webp","datePublished":"2025-10-29T13:09:03+00:00","dateModified":"2025-11-13T17:00:13+00:00","breadcrumb":{"@id":"https:\/\/kerekparbalaton.hu\/termek\/s-pro-alpha-130-race-b-wht-ra\/#breadcrumb"},"inLanguage":"en-GB","potentialAction":[{"@type":"ReadAction","target":["https:\/\/kerekparbalaton.hu\/termek\/s-pro-alpha-130-race-b-wht-ra\/"]}]},{"@type":"ImageObject","inLanguage":"en-GB","@id":"https:\/\/kerekparbalaton.hu\/termek\/s-pro-alpha-130-race-b-wht-ra\/#primaryimage","url":"https:\/\/kerekparbalaton.hu\/wp-content\/uploads\/2025\/10\/SPro-130W-sicipo.webp","contentUrl":"https:\/\/kerekparbalaton.hu\/wp-content\/uploads\/2025\/10\/SPro-130W-sicipo.webp","width":1000,"height":1000},{"@type":"BreadcrumbList","@id":"https:\/\/kerekparbalaton.hu\/termek\/s-pro-alpha-130-race-b-wht-ra\/#breadcrumb","itemListElement":[{"@type":"ListItem","position":1,"name":"Kezd\u0151lap","item":"https:\/\/kerekparbalaton.hu\/"},{"@type":"ListItem","position":2,"name":"Shop","item":"https:\/\/kerekparbalaton.hu\/uzlet\/"},{"@type":"ListItem","position":3,"name":"S\/Pro Alpha 130 race B\/Wht\/Ra"}]},{"@type":"WebSite","@id":"https:\/\/kerekparbalaton.hu\/#website","url":"https:\/\/kerekparbalaton.hu\/","name":"roundparbalaton.hu","description":"Bicycle rental Balaton","publisher":{"@id":"https:\/\/kerekparbalaton.hu\/#organization"},"potentialAction":[{"@type":"SearchAction","target":{"@type":"EntryPoint","urlTemplate":"https:\/\/kerekparbalaton.hu\/?s={search_term_string}"},"query-input":{"@type":"PropertyValueSpecification","valueRequired":true,"valueName":"search_term_string"}}],"inLanguage":"en-GB"},{"@type":"Organization","@id":"https:\/\/kerekparbalaton.hu\/#organization","name":"roundparbalaton.hu","url":"https:\/\/kerekparbalaton.hu\/","logo":{"@type":"ImageObject","inLanguage":"en-GB","@id":"https:\/\/kerekparbalaton.hu\/#\/schema\/logo\/image\/","url":"https:\/\/kerekparbalaton.hu\/wp-content\/uploads\/2023\/12\/Csopi-kerekpar-redesign-e1718779950933.png","contentUrl":"https:\/\/kerekparbalaton.hu\/wp-content\/uploads\/2023\/12\/Csopi-kerekpar-redesign-e1718779950933.png","width":1000,"height":436,"caption":"kerekparbalaton.hu"},"image":{"@id":"https:\/\/kerekparbalaton.hu\/#\/schema\/logo\/image\/"}}]}},"_links":{"self":[{"href":"https:\/\/kerekparbalaton.hu\/en\/wp-json\/wp\/v2\/product\/3975","targetHints":{"allow":["GET"]}}],"collection":[{"href":"https:\/\/kerekparbalaton.hu\/en\/wp-json\/wp\/v2\/product"}],"about":[{"href":"https:\/\/kerekparbalaton.hu\/en\/wp-json\/wp\/v2\/types\/product"}],"replies":[{"embeddable":true,"href":"https:\/\/kerekparbalaton.hu\/en\/wp-json\/wp\/v2\/comments?post=3975"}],"wp:featuredmedia":[{"embeddable":true,"href":"https:\/\/kerekparbalaton.hu\/en\/wp-json\/wp\/v2\/media\/4587"}],"wp:attachment":[{"href":"https:\/\/kerekparbalaton.hu\/en\/wp-json\/wp\/v2\/media?parent=3975"}],"wp:term":[{"taxonomy":"product_brand","embeddable":true,"href":"https:\/\/kerekparbalaton.hu\/en\/wp-json\/wp\/v2\/product_brand?post=3975"},{"taxonomy":"product_cat","embeddable":true,"href":"https:\/\/kerekparbalaton.hu\/en\/wp-json\/wp\/v2\/product_cat?post=3975"},{"taxonomy":"product_tag","embeddable":true,"href":"https:\/\/kerekparbalaton.hu\/en\/wp-json\/wp\/v2\/product_tag?post=3975"}],"curies":[{"name":"wp","href":"https:\/\/api.w.org\/{rel}","templated":true}]}}