{"id":3904,"date":"2025-10-29T13:08:50","date_gmt":"2025-10-29T13:08:50","guid":{"rendered":"https:\/\/kerekparbalaton.hu\/?post_type=product&#038;p=3904"},"modified":"2025-11-13T16:52:17","modified_gmt":"2025-11-13T16:52:17","slug":"lupo","status":"publish","type":"product","link":"https:\/\/kerekparbalaton.hu\/en\/product\/lupo\/","title":{"rendered":"Lupo"},"content":{"rendered":"<p><span style=\"font-weight: 400;\">Ez egy professzion\u00e1lis sisak olyan professzion\u00e1lis funkci\u00f3kkal, mint a st\u00edlusos integr\u00e1lt v\u00e9d\u0151szem\u00fcveg, az optim\u00e1lisan elhelyezett homlok szell\u0151z\u0151ny\u00edl\u00e1sok a fokozott szell\u0151z\u00e9s \u00e9rdek\u00e9ben, az oldals\u00f3 m\u00e9lyfed\u00e9s az er\u0151sebb v\u00e9delem \u00e9rdek\u00e9ben, valamint a Lazer TurnSys rendszer a k\u00f6nny\u0171 be\u00e1ll\u00edt\u00e1s\u00e9rt, mik\u00f6zben \u00e1tszak\u00edtja a nyomokat. Ez a sisak t\u00f6k\u00e9letes t\u00e1rs a gyors \u00e9s technik\u00e1s p\u00e1ly\u00e1kon bar\u00e1taival.<\/span><\/p>\n<p><span style=\"font-weight: 400;\">KinetiCore szem\u00fcvegvisel\u00e9sre is alkalmas &#8211; a sisak alak\u00fa m\u00e9lyed\u00e9sek megsz\u00fcntetik a fej belsej\u00e9ben a napszem\u00fcveg oldalai \u00e1ltal okozott nyom\u00e1st.<\/span><\/p>\n<p><span style=\"font-weight: 400;\">Emellett v\u00e9delmet ny\u00fajt mind a k\u00f6zvetlen, mind a rot\u00e1ci\u00f3s \u00fct\u00e9sek ellen, an\u00e9lk\u00fcl, hogy tov\u00e1bbi, hozz\u00e1adott m\u0171anyag r\u00e9tegekre lenne sz\u00fcks\u00e9g. Ezt az EPS (polisztirol) habblokkok integr\u00e1lt szerkezete teszi lehet\u0151v\u00e9, amelyek becsap\u00f3d\u00e1skor deform\u00e1l\u00f3dnak \u00e9s elnyelik az energi\u00e1t, \u00edgy cs\u00f6kkentve a csap\u00e1gyra jut\u00f3 energi\u00e1t \u00e9s k\u00f6nnyebb, m\u00e9gis hat\u00e9konyabb sisakokat eredm\u00e9nyezve. <\/span><span style=\"font-weight: 400;\">A sisak kompatibilis az univerz\u00e1lis LAZER LED l\u00e1mp\u00e1val, amelyet a sisak h\u00e1tulj\u00e1ra r\u00f6gz\u00edthet (a l\u00e1mpa nem r\u00e9sze a csomagnak).<\/span><\/p>\n<p><span style=\"font-weight: 400;\">Az univerz\u00e1lis m\u00e9rete : M: 54-61 cm<\/span><\/p>","protected":false},"excerpt":{"rendered":"<p>Ez egy professzion\u00e1lis sisak olyan professzion\u00e1lis funkci\u00f3kkal, mint a st\u00edlusos integr\u00e1lt v\u00e9d\u0151szem\u00fcveg, az optim\u00e1lisan elhelyezett homlok szell\u0151z\u0151ny\u00edl\u00e1sok a fokozott szell\u0151z\u00e9s \u00e9rdek\u00e9ben, az oldals\u00f3 m\u00e9lyfed\u00e9s az er\u0151sebb v\u00e9delem \u00e9rdek\u00e9ben, valamint a Lazer TurnSys rendszer a k\u00f6nny\u0171 be\u00e1ll\u00edt\u00e1s\u00e9rt, mik\u00f6zben \u00e1tszak\u00edtja a nyomokat. Ez a sisak t\u00f6k\u00e9letes t\u00e1rs a gyors \u00e9s technik\u00e1s p\u00e1ly\u00e1kon bar\u00e1taival. KinetiCore szem\u00fcvegvisel\u00e9sre is alkalmas [&hellip;]<\/p>\n","protected":false},"featured_media":4543,"comment_status":"open","ping_status":"closed","template":"","meta":[],"product_brand":[],"product_cat":[198,202],"product_tag":[],"class_list":{"0":"post-3904","1":"product","2":"type-product","3":"status-publish","4":"has-post-thumbnail","6":"product_cat-kerekparozas","7":"product_cat-kiegeszitok-kerekparozas","9":"first","10":"instock","11":"shipping-taxable","12":"purchasable","13":"product-type-variable"},"yoast_head":"<!-- This site is optimized with the Yoast SEO plugin v27.5 - https:\/\/yoast.com\/product\/yoast-seo-wordpress\/ -->\n<title>Lupo - kerekparbalaton.hu<\/title>\n<meta name=\"robots\" content=\"index, follow, max-snippet:-1, max-image-preview:large, max-video-preview:-1\" \/>\n<link rel=\"canonical\" href=\"https:\/\/kerekparbalaton.hu\/en\/product\/lupo\/\" \/>\n<meta property=\"og:locale\" content=\"en_GB\" \/>\n<meta property=\"og:type\" content=\"article\" \/>\n<meta property=\"og:title\" content=\"Lupo - kerekparbalaton.hu\" \/>\n<meta property=\"og:description\" content=\"Ez egy professzion\u00e1lis sisak olyan professzion\u00e1lis funkci\u00f3kkal, mint a st\u00edlusos integr\u00e1lt v\u00e9d\u0151szem\u00fcveg, az optim\u00e1lisan elhelyezett homlok szell\u0151z\u0151ny\u00edl\u00e1sok a fokozott szell\u0151z\u00e9s \u00e9rdek\u00e9ben, az oldals\u00f3 m\u00e9lyfed\u00e9s az er\u0151sebb v\u00e9delem \u00e9rdek\u00e9ben, valamint a Lazer TurnSys rendszer a k\u00f6nny\u0171 be\u00e1ll\u00edt\u00e1s\u00e9rt, mik\u00f6zben \u00e1tszak\u00edtja a nyomokat. Ez a sisak t\u00f6k\u00e9letes t\u00e1rs a gyors \u00e9s technik\u00e1s p\u00e1ly\u00e1kon bar\u00e1taival. KinetiCore szem\u00fcvegvisel\u00e9sre is alkalmas [&hellip;]\" \/>\n<meta property=\"og:url\" content=\"https:\/\/kerekparbalaton.hu\/en\/product\/lupo\/\" \/>\n<meta property=\"og:site_name\" content=\"kerekparbalaton.hu\" \/>\n<meta property=\"article:modified_time\" content=\"2025-11-13T16:52:17+00:00\" \/>\n<meta property=\"og:image\" content=\"https:\/\/kerekparbalaton.hu\/wp-content\/uploads\/2025\/10\/Lupo-szurke.webp\" \/>\n\t<meta property=\"og:image:width\" content=\"1000\" \/>\n\t<meta property=\"og:image:height\" content=\"1000\" \/>\n\t<meta property=\"og:image:type\" content=\"image\/webp\" \/>\n<meta name=\"twitter:card\" content=\"summary_large_image\" \/>\n<meta name=\"twitter:label1\" content=\"Estimated reading time\" \/>\n\t<meta name=\"twitter:data1\" content=\"1 minute\" \/>\n<script type=\"application\/ld+json\" class=\"yoast-schema-graph\">{\"@context\":\"https:\\\/\\\/schema.org\",\"@graph\":[{\"@type\":\"WebPage\",\"@id\":\"https:\\\/\\\/kerekparbalaton.hu\\\/termek\\\/lupo\\\/\",\"url\":\"https:\\\/\\\/kerekparbalaton.hu\\\/termek\\\/lupo\\\/\",\"name\":\"Lupo - kerekparbalaton.hu\",\"isPartOf\":{\"@id\":\"https:\\\/\\\/kerekparbalaton.hu\\\/#website\"},\"primaryImageOfPage\":{\"@id\":\"https:\\\/\\\/kerekparbalaton.hu\\\/termek\\\/lupo\\\/#primaryimage\"},\"image\":{\"@id\":\"https:\\\/\\\/kerekparbalaton.hu\\\/termek\\\/lupo\\\/#primaryimage\"},\"thumbnailUrl\":\"https:\\\/\\\/kerekparbalaton.hu\\\/wp-content\\\/uploads\\\/2025\\\/10\\\/Lupo-szurke.webp\",\"datePublished\":\"2025-10-29T13:08:50+00:00\",\"dateModified\":\"2025-11-13T16:52:17+00:00\",\"breadcrumb\":{\"@id\":\"https:\\\/\\\/kerekparbalaton.hu\\\/termek\\\/lupo\\\/#breadcrumb\"},\"inLanguage\":\"en-GB\",\"potentialAction\":[{\"@type\":\"ReadAction\",\"target\":[\"https:\\\/\\\/kerekparbalaton.hu\\\/termek\\\/lupo\\\/\"]}]},{\"@type\":\"ImageObject\",\"inLanguage\":\"en-GB\",\"@id\":\"https:\\\/\\\/kerekparbalaton.hu\\\/termek\\\/lupo\\\/#primaryimage\",\"url\":\"https:\\\/\\\/kerekparbalaton.hu\\\/wp-content\\\/uploads\\\/2025\\\/10\\\/Lupo-szurke.webp\",\"contentUrl\":\"https:\\\/\\\/kerekparbalaton.hu\\\/wp-content\\\/uploads\\\/2025\\\/10\\\/Lupo-szurke.webp\",\"width\":1000,\"height\":1000},{\"@type\":\"BreadcrumbList\",\"@id\":\"https:\\\/\\\/kerekparbalaton.hu\\\/termek\\\/lupo\\\/#breadcrumb\",\"itemListElement\":[{\"@type\":\"ListItem\",\"position\":1,\"name\":\"Kezd\u0151lap\",\"item\":\"https:\\\/\\\/kerekparbalaton.hu\\\/\"},{\"@type\":\"ListItem\",\"position\":2,\"name\":\"Shop\",\"item\":\"https:\\\/\\\/kerekparbalaton.hu\\\/uzlet\\\/\"},{\"@type\":\"ListItem\",\"position\":3,\"name\":\"Lupo\"}]},{\"@type\":\"WebSite\",\"@id\":\"https:\\\/\\\/kerekparbalaton.hu\\\/#website\",\"url\":\"https:\\\/\\\/kerekparbalaton.hu\\\/\",\"name\":\"kerekparbalaton.hu\",\"description\":\"Ker\u00e9kp\u00e1rb\u00e9rl\u00e9s Balaton\",\"publisher\":{\"@id\":\"https:\\\/\\\/kerekparbalaton.hu\\\/#organization\"},\"potentialAction\":[{\"@type\":\"SearchAction\",\"target\":{\"@type\":\"EntryPoint\",\"urlTemplate\":\"https:\\\/\\\/kerekparbalaton.hu\\\/?s={search_term_string}\"},\"query-input\":{\"@type\":\"PropertyValueSpecification\",\"valueRequired\":true,\"valueName\":\"search_term_string\"}}],\"inLanguage\":\"en-GB\"},{\"@type\":\"Organization\",\"@id\":\"https:\\\/\\\/kerekparbalaton.hu\\\/#organization\",\"name\":\"kerekparbalaton.hu\",\"url\":\"https:\\\/\\\/kerekparbalaton.hu\\\/\",\"logo\":{\"@type\":\"ImageObject\",\"inLanguage\":\"en-GB\",\"@id\":\"https:\\\/\\\/kerekparbalaton.hu\\\/#\\\/schema\\\/logo\\\/image\\\/\",\"url\":\"https:\\\/\\\/kerekparbalaton.hu\\\/wp-content\\\/uploads\\\/2023\\\/12\\\/Csopi-kerekpar-redesign-e1718779950933.png\",\"contentUrl\":\"https:\\\/\\\/kerekparbalaton.hu\\\/wp-content\\\/uploads\\\/2023\\\/12\\\/Csopi-kerekpar-redesign-e1718779950933.png\",\"width\":1000,\"height\":436,\"caption\":\"kerekparbalaton.hu\"},\"image\":{\"@id\":\"https:\\\/\\\/kerekparbalaton.hu\\\/#\\\/schema\\\/logo\\\/image\\\/\"}}]}<\/script>\n<!-- \/ Yoast SEO plugin. -->","yoast_head_json":{"title":"Lupo - kerekparbalaton.hu","robots":{"index":"index","follow":"follow","max-snippet":"max-snippet:-1","max-image-preview":"max-image-preview:large","max-video-preview":"max-video-preview:-1"},"canonical":"https:\/\/kerekparbalaton.hu\/en\/product\/lupo\/","og_locale":"en_GB","og_type":"article","og_title":"Lupo - kerekparbalaton.hu","og_description":"Ez egy professzion\u00e1lis sisak olyan professzion\u00e1lis funkci\u00f3kkal, mint a st\u00edlusos integr\u00e1lt v\u00e9d\u0151szem\u00fcveg, az optim\u00e1lisan elhelyezett homlok szell\u0151z\u0151ny\u00edl\u00e1sok a fokozott szell\u0151z\u00e9s \u00e9rdek\u00e9ben, az oldals\u00f3 m\u00e9lyfed\u00e9s az er\u0151sebb v\u00e9delem \u00e9rdek\u00e9ben, valamint a Lazer TurnSys rendszer a k\u00f6nny\u0171 be\u00e1ll\u00edt\u00e1s\u00e9rt, mik\u00f6zben \u00e1tszak\u00edtja a nyomokat. Ez a sisak t\u00f6k\u00e9letes t\u00e1rs a gyors \u00e9s technik\u00e1s p\u00e1ly\u00e1kon bar\u00e1taival. KinetiCore szem\u00fcvegvisel\u00e9sre is alkalmas [&hellip;]","og_url":"https:\/\/kerekparbalaton.hu\/en\/product\/lupo\/","og_site_name":"kerekparbalaton.hu","article_modified_time":"2025-11-13T16:52:17+00:00","og_image":[{"width":1000,"height":1000,"url":"https:\/\/kerekparbalaton.hu\/wp-content\/uploads\/2025\/10\/Lupo-szurke.webp","type":"image\/webp"}],"twitter_card":"summary_large_image","twitter_misc":{"Estimated reading time":"1 minute"},"schema":{"@context":"https:\/\/schema.org","@graph":[{"@type":"WebPage","@id":"https:\/\/kerekparbalaton.hu\/termek\/lupo\/","url":"https:\/\/kerekparbalaton.hu\/termek\/lupo\/","name":"Lupo - kerekparbalaton.hu","isPartOf":{"@id":"https:\/\/kerekparbalaton.hu\/#website"},"primaryImageOfPage":{"@id":"https:\/\/kerekparbalaton.hu\/termek\/lupo\/#primaryimage"},"image":{"@id":"https:\/\/kerekparbalaton.hu\/termek\/lupo\/#primaryimage"},"thumbnailUrl":"https:\/\/kerekparbalaton.hu\/wp-content\/uploads\/2025\/10\/Lupo-szurke.webp","datePublished":"2025-10-29T13:08:50+00:00","dateModified":"2025-11-13T16:52:17+00:00","breadcrumb":{"@id":"https:\/\/kerekparbalaton.hu\/termek\/lupo\/#breadcrumb"},"inLanguage":"en-GB","potentialAction":[{"@type":"ReadAction","target":["https:\/\/kerekparbalaton.hu\/termek\/lupo\/"]}]},{"@type":"ImageObject","inLanguage":"en-GB","@id":"https:\/\/kerekparbalaton.hu\/termek\/lupo\/#primaryimage","url":"https:\/\/kerekparbalaton.hu\/wp-content\/uploads\/2025\/10\/Lupo-szurke.webp","contentUrl":"https:\/\/kerekparbalaton.hu\/wp-content\/uploads\/2025\/10\/Lupo-szurke.webp","width":1000,"height":1000},{"@type":"BreadcrumbList","@id":"https:\/\/kerekparbalaton.hu\/termek\/lupo\/#breadcrumb","itemListElement":[{"@type":"ListItem","position":1,"name":"Kezd\u0151lap","item":"https:\/\/kerekparbalaton.hu\/"},{"@type":"ListItem","position":2,"name":"Shop","item":"https:\/\/kerekparbalaton.hu\/uzlet\/"},{"@type":"ListItem","position":3,"name":"Lupo"}]},{"@type":"WebSite","@id":"https:\/\/kerekparbalaton.hu\/#website","url":"https:\/\/kerekparbalaton.hu\/","name":"roundparbalaton.hu","description":"Bicycle rental Balaton","publisher":{"@id":"https:\/\/kerekparbalaton.hu\/#organization"},"potentialAction":[{"@type":"SearchAction","target":{"@type":"EntryPoint","urlTemplate":"https:\/\/kerekparbalaton.hu\/?s={search_term_string}"},"query-input":{"@type":"PropertyValueSpecification","valueRequired":true,"valueName":"search_term_string"}}],"inLanguage":"en-GB"},{"@type":"Organization","@id":"https:\/\/kerekparbalaton.hu\/#organization","name":"roundparbalaton.hu","url":"https:\/\/kerekparbalaton.hu\/","logo":{"@type":"ImageObject","inLanguage":"en-GB","@id":"https:\/\/kerekparbalaton.hu\/#\/schema\/logo\/image\/","url":"https:\/\/kerekparbalaton.hu\/wp-content\/uploads\/2023\/12\/Csopi-kerekpar-redesign-e1718779950933.png","contentUrl":"https:\/\/kerekparbalaton.hu\/wp-content\/uploads\/2023\/12\/Csopi-kerekpar-redesign-e1718779950933.png","width":1000,"height":436,"caption":"kerekparbalaton.hu"},"image":{"@id":"https:\/\/kerekparbalaton.hu\/#\/schema\/logo\/image\/"}}]}},"_links":{"self":[{"href":"https:\/\/kerekparbalaton.hu\/en\/wp-json\/wp\/v2\/product\/3904","targetHints":{"allow":["GET"]}}],"collection":[{"href":"https:\/\/kerekparbalaton.hu\/en\/wp-json\/wp\/v2\/product"}],"about":[{"href":"https:\/\/kerekparbalaton.hu\/en\/wp-json\/wp\/v2\/types\/product"}],"replies":[{"embeddable":true,"href":"https:\/\/kerekparbalaton.hu\/en\/wp-json\/wp\/v2\/comments?post=3904"}],"wp:featuredmedia":[{"embeddable":true,"href":"https:\/\/kerekparbalaton.hu\/en\/wp-json\/wp\/v2\/media\/4543"}],"wp:attachment":[{"href":"https:\/\/kerekparbalaton.hu\/en\/wp-json\/wp\/v2\/media?parent=3904"}],"wp:term":[{"taxonomy":"product_brand","embeddable":true,"href":"https:\/\/kerekparbalaton.hu\/en\/wp-json\/wp\/v2\/product_brand?post=3904"},{"taxonomy":"product_cat","embeddable":true,"href":"https:\/\/kerekparbalaton.hu\/en\/wp-json\/wp\/v2\/product_cat?post=3904"},{"taxonomy":"product_tag","embeddable":true,"href":"https:\/\/kerekparbalaton.hu\/en\/wp-json\/wp\/v2\/product_tag?post=3904"}],"curies":[{"name":"wp","href":"https:\/\/api.w.org\/{rel}","templated":true}]}}