{"id":3874,"date":"2025-10-29T13:08:44","date_gmt":"2025-10-29T13:08:44","guid":{"rendered":"https:\/\/kerekparbalaton.hu\/termek\/siluett-egyedi\/"},"modified":"2025-12-10T08:16:32","modified_gmt":"2025-12-10T08:16:32","slug":"siluett-egyedi","status":"publish","type":"product","link":"https:\/\/kerekparbalaton.hu\/en\/product\/siluett-egyedi\/","title":{"rendered":"Siluett &#8211; egyedi"},"content":{"rendered":"<p><span style=\"font-weight: 400;\">Egy teljesen felhaszn\u00e1l\u00f3i ig\u00e9nyekre szabott darab. Kiknek alkottuk \u00e9s tervezt\u00fck?<\/span><\/p>\n<p><span style=\"font-weight: 400;\">K\u00e9nyelmes v\u00e1rosi bringa azoknak, akik szeretnek k\u00f6nnyen \u201cfelpattanni\u201d \u00e9s \u201cegyenes h\u00e1ttal \u00fclni\u201d, de hosszabb t\u00far\u00e1kra elmenn\u00e9nek, h\u00e9tv\u00e9gente ak\u00e1r egy Balaton k\u00f6r is letekernek.<\/span><\/p>\n<p><strong>M\u0171szaki adatok:<\/strong><\/p>\n<ul>\n<li style=\"font-weight: 400;\" aria-level=\"1\"><span style=\"font-weight: 400;\">V\u00e1z: Kenzel alum\u00ednium<\/span><\/li>\n<li style=\"font-weight: 400;\" aria-level=\"1\"><span style=\"font-weight: 400;\">Villa: SR Suntour NEX HLO 700C<\/span><\/li>\n<li style=\"font-weight: 400;\" aria-level=\"1\"><span style=\"font-weight: 400;\">Els\u0151 v\u00e1lt\u00f3: Shimano Altus SL M315 3&#215;8 sebess\u00e9g<\/span><\/li>\n<li style=\"font-weight: 400;\" aria-level=\"1\"><span style=\"font-weight: 400;\">H\u00e1ts\u00f3 v\u00e1lt\u00f3: Shimano Acera RD M4360SGS<\/span><\/li>\n<li style=\"font-weight: 400;\" aria-level=\"1\"><span style=\"font-weight: 400;\">Hajt\u00f3m\u0171: Shimano Tourney<\/span><\/li>\n<li style=\"font-weight: 400;\" aria-level=\"1\"><span style=\"font-weight: 400;\">F\u00e9kek: Shimano V-f\u00e9k<\/span><\/li>\n<li style=\"font-weight: 400;\" aria-level=\"1\"><span style=\"font-weight: 400;\">V\u00e1zm\u00e9ret: 46 cm 155-185 cm magass\u00e1gig javasoljuk, \u00e1ll\u00edthat\u00f3s st\u00fccnivel korm\u00e1nymagass\u00e1g sz\u00e9les tartom\u00e1nyban \u00e1ll\u00edthat\u00f3<\/span><\/li>\n<li style=\"font-weight: 400;\" aria-level=\"1\"><span style=\"font-weight: 400;\">S\u00faly: 15,8 kg<\/span><\/li>\n<li style=\"font-weight: 400;\" aria-level=\"1\"><span style=\"font-weight: 400;\">Ker\u00e9km\u00e9ret: 28&#8243;<\/span><\/li>\n<\/ul>\n<p><span style=\"font-weight: 400;\"><strong>Ker\u00e9kp\u00e1r v\u00e1s\u00e1rl\u00e1sa eset\u00e9n + 30.000,- garanci\u00e1lis \u00fczembe helyez\u00e9s,<\/strong> mely tartalmazza f\u00e9l \u00e9ven bel\u00fcl esed\u00e9kes els\u0151 kis szerviz \u00e1r\u00e1t is (\u00e1llapotfelm\u00e9r\u00e9s, f\u00e9kek, v\u00e1lt\u00f3k be\u00e1ll\u00edt\u00e1sa, csap\u00e1gyak ellen\u0151rz\u00e9se)<\/span><\/p>\n<p><span style=\"font-weight: 400;\">A garancia felt\u00e9tele ennek megv\u00e1s\u00e1rl\u00e1sa.<\/span><\/p>","protected":false},"excerpt":{"rendered":"<p>Egy teljesen felhaszn\u00e1l\u00f3i ig\u00e9nyekre szabott darab. Kiknek alkottuk \u00e9s tervezt\u00fck? K\u00e9nyelmes v\u00e1rosi bringa azoknak, akik szeretnek k\u00f6nnyen \u201cfelpattanni\u201d \u00e9s \u201cegyenes h\u00e1ttal \u00fclni\u201d, de hosszabb t\u00far\u00e1kra elmenn\u00e9nek, h\u00e9tv\u00e9gente ak\u00e1r egy Balaton k\u00f6r is letekernek. M\u0171szaki adatok: V\u00e1z: Kenzel alum\u00ednium Villa: SR Suntour NEX HLO 700C Els\u0151 v\u00e1lt\u00f3: Shimano Altus SL M315 3&#215;8 sebess\u00e9g H\u00e1ts\u00f3 v\u00e1lt\u00f3: Shimano [&hellip;]<\/p>\n","protected":false},"featured_media":4506,"comment_status":"open","ping_status":"closed","template":"","meta":[],"product_brand":[],"product_cat":[199,198],"product_tag":[],"class_list":{"0":"post-3874","1":"product","2":"type-product","3":"status-publish","4":"has-post-thumbnail","6":"product_cat-analog-kerekparok","7":"product_cat-kerekparozas","8":"product_shipping_class-nagy-meretu-csomag-kerekpar-szallitas","10":"first","11":"instock","12":"shipping-taxable","13":"purchasable","14":"product-type-variable"},"yoast_head":"<!-- This site is optimized with the Yoast SEO plugin v27.5 - https:\/\/yoast.com\/product\/yoast-seo-wordpress\/ -->\n<title>Siluett - egyedi - kerekparbalaton.hu<\/title>\n<meta name=\"robots\" content=\"index, follow, max-snippet:-1, max-image-preview:large, max-video-preview:-1\" \/>\n<link rel=\"canonical\" href=\"https:\/\/kerekparbalaton.hu\/en\/product\/siluett-egyedi\/\" \/>\n<meta property=\"og:locale\" content=\"en_GB\" \/>\n<meta property=\"og:type\" content=\"article\" \/>\n<meta property=\"og:title\" content=\"Siluett - egyedi - kerekparbalaton.hu\" \/>\n<meta property=\"og:description\" content=\"Egy teljesen felhaszn\u00e1l\u00f3i ig\u00e9nyekre szabott darab. Kiknek alkottuk \u00e9s tervezt\u00fck? K\u00e9nyelmes v\u00e1rosi bringa azoknak, akik szeretnek k\u00f6nnyen \u201cfelpattanni\u201d \u00e9s \u201cegyenes h\u00e1ttal \u00fclni\u201d, de hosszabb t\u00far\u00e1kra elmenn\u00e9nek, h\u00e9tv\u00e9gente ak\u00e1r egy Balaton k\u00f6r is letekernek. M\u0171szaki adatok: V\u00e1z: Kenzel alum\u00ednium Villa: SR Suntour NEX HLO 700C Els\u0151 v\u00e1lt\u00f3: Shimano Altus SL M315 3&#215;8 sebess\u00e9g H\u00e1ts\u00f3 v\u00e1lt\u00f3: Shimano [&hellip;]\" \/>\n<meta property=\"og:url\" content=\"https:\/\/kerekparbalaton.hu\/en\/product\/siluett-egyedi\/\" \/>\n<meta property=\"og:site_name\" content=\"kerekparbalaton.hu\" \/>\n<meta property=\"article:modified_time\" content=\"2025-12-10T08:16:32+00:00\" \/>\n<meta property=\"og:image\" content=\"https:\/\/kerekparbalaton.hu\/wp-content\/uploads\/2025\/10\/SILUET-royal-black-egyeid.webp\" \/>\n\t<meta property=\"og:image:width\" content=\"1000\" \/>\n\t<meta property=\"og:image:height\" content=\"1000\" \/>\n\t<meta property=\"og:image:type\" content=\"image\/webp\" \/>\n<meta name=\"twitter:card\" content=\"summary_large_image\" \/>\n<meta name=\"twitter:label1\" content=\"Estimated reading time\" \/>\n\t<meta name=\"twitter:data1\" content=\"1 minute\" \/>\n<script type=\"application\/ld+json\" class=\"yoast-schema-graph\">{\"@context\":\"https:\\\/\\\/schema.org\",\"@graph\":[{\"@type\":\"WebPage\",\"@id\":\"https:\\\/\\\/kerekparbalaton.hu\\\/termek\\\/siluett-egyedi\\\/\",\"url\":\"https:\\\/\\\/kerekparbalaton.hu\\\/termek\\\/siluett-egyedi\\\/\",\"name\":\"Siluett - egyedi - kerekparbalaton.hu\",\"isPartOf\":{\"@id\":\"https:\\\/\\\/kerekparbalaton.hu\\\/#website\"},\"primaryImageOfPage\":{\"@id\":\"https:\\\/\\\/kerekparbalaton.hu\\\/termek\\\/siluett-egyedi\\\/#primaryimage\"},\"image\":{\"@id\":\"https:\\\/\\\/kerekparbalaton.hu\\\/termek\\\/siluett-egyedi\\\/#primaryimage\"},\"thumbnailUrl\":\"https:\\\/\\\/kerekparbalaton.hu\\\/wp-content\\\/uploads\\\/2025\\\/10\\\/SILUET-royal-black-egyeid.webp\",\"datePublished\":\"2025-10-29T13:08:44+00:00\",\"dateModified\":\"2025-12-10T08:16:32+00:00\",\"breadcrumb\":{\"@id\":\"https:\\\/\\\/kerekparbalaton.hu\\\/termek\\\/siluett-egyedi\\\/#breadcrumb\"},\"inLanguage\":\"en-GB\",\"potentialAction\":[{\"@type\":\"ReadAction\",\"target\":[\"https:\\\/\\\/kerekparbalaton.hu\\\/termek\\\/siluett-egyedi\\\/\"]}]},{\"@type\":\"ImageObject\",\"inLanguage\":\"en-GB\",\"@id\":\"https:\\\/\\\/kerekparbalaton.hu\\\/termek\\\/siluett-egyedi\\\/#primaryimage\",\"url\":\"https:\\\/\\\/kerekparbalaton.hu\\\/wp-content\\\/uploads\\\/2025\\\/10\\\/SILUET-royal-black-egyeid.webp\",\"contentUrl\":\"https:\\\/\\\/kerekparbalaton.hu\\\/wp-content\\\/uploads\\\/2025\\\/10\\\/SILUET-royal-black-egyeid.webp\",\"width\":1000,\"height\":1000},{\"@type\":\"BreadcrumbList\",\"@id\":\"https:\\\/\\\/kerekparbalaton.hu\\\/termek\\\/siluett-egyedi\\\/#breadcrumb\",\"itemListElement\":[{\"@type\":\"ListItem\",\"position\":1,\"name\":\"Kezd\u0151lap\",\"item\":\"https:\\\/\\\/kerekparbalaton.hu\\\/\"},{\"@type\":\"ListItem\",\"position\":2,\"name\":\"Shop\",\"item\":\"https:\\\/\\\/kerekparbalaton.hu\\\/uzlet\\\/\"},{\"@type\":\"ListItem\",\"position\":3,\"name\":\"Siluett &#8211; egyedi\"}]},{\"@type\":\"WebSite\",\"@id\":\"https:\\\/\\\/kerekparbalaton.hu\\\/#website\",\"url\":\"https:\\\/\\\/kerekparbalaton.hu\\\/\",\"name\":\"kerekparbalaton.hu\",\"description\":\"Ker\u00e9kp\u00e1rb\u00e9rl\u00e9s Balaton\",\"publisher\":{\"@id\":\"https:\\\/\\\/kerekparbalaton.hu\\\/#organization\"},\"potentialAction\":[{\"@type\":\"SearchAction\",\"target\":{\"@type\":\"EntryPoint\",\"urlTemplate\":\"https:\\\/\\\/kerekparbalaton.hu\\\/?s={search_term_string}\"},\"query-input\":{\"@type\":\"PropertyValueSpecification\",\"valueRequired\":true,\"valueName\":\"search_term_string\"}}],\"inLanguage\":\"en-GB\"},{\"@type\":\"Organization\",\"@id\":\"https:\\\/\\\/kerekparbalaton.hu\\\/#organization\",\"name\":\"kerekparbalaton.hu\",\"url\":\"https:\\\/\\\/kerekparbalaton.hu\\\/\",\"logo\":{\"@type\":\"ImageObject\",\"inLanguage\":\"en-GB\",\"@id\":\"https:\\\/\\\/kerekparbalaton.hu\\\/#\\\/schema\\\/logo\\\/image\\\/\",\"url\":\"https:\\\/\\\/kerekparbalaton.hu\\\/wp-content\\\/uploads\\\/2023\\\/12\\\/Csopi-kerekpar-redesign-e1718779950933.png\",\"contentUrl\":\"https:\\\/\\\/kerekparbalaton.hu\\\/wp-content\\\/uploads\\\/2023\\\/12\\\/Csopi-kerekpar-redesign-e1718779950933.png\",\"width\":1000,\"height\":436,\"caption\":\"kerekparbalaton.hu\"},\"image\":{\"@id\":\"https:\\\/\\\/kerekparbalaton.hu\\\/#\\\/schema\\\/logo\\\/image\\\/\"}}]}<\/script>\n<!-- \/ Yoast SEO plugin. -->","yoast_head_json":{"title":"Siluett - egyedi - kerekparbalaton.hu","robots":{"index":"index","follow":"follow","max-snippet":"max-snippet:-1","max-image-preview":"max-image-preview:large","max-video-preview":"max-video-preview:-1"},"canonical":"https:\/\/kerekparbalaton.hu\/en\/product\/siluett-egyedi\/","og_locale":"en_GB","og_type":"article","og_title":"Siluett - egyedi - kerekparbalaton.hu","og_description":"Egy teljesen felhaszn\u00e1l\u00f3i ig\u00e9nyekre szabott darab. Kiknek alkottuk \u00e9s tervezt\u00fck? K\u00e9nyelmes v\u00e1rosi bringa azoknak, akik szeretnek k\u00f6nnyen \u201cfelpattanni\u201d \u00e9s \u201cegyenes h\u00e1ttal \u00fclni\u201d, de hosszabb t\u00far\u00e1kra elmenn\u00e9nek, h\u00e9tv\u00e9gente ak\u00e1r egy Balaton k\u00f6r is letekernek. M\u0171szaki adatok: V\u00e1z: Kenzel alum\u00ednium Villa: SR Suntour NEX HLO 700C Els\u0151 v\u00e1lt\u00f3: Shimano Altus SL M315 3&#215;8 sebess\u00e9g H\u00e1ts\u00f3 v\u00e1lt\u00f3: Shimano [&hellip;]","og_url":"https:\/\/kerekparbalaton.hu\/en\/product\/siluett-egyedi\/","og_site_name":"kerekparbalaton.hu","article_modified_time":"2025-12-10T08:16:32+00:00","og_image":[{"width":1000,"height":1000,"url":"https:\/\/kerekparbalaton.hu\/wp-content\/uploads\/2025\/10\/SILUET-royal-black-egyeid.webp","type":"image\/webp"}],"twitter_card":"summary_large_image","twitter_misc":{"Estimated reading time":"1 minute"},"schema":{"@context":"https:\/\/schema.org","@graph":[{"@type":"WebPage","@id":"https:\/\/kerekparbalaton.hu\/termek\/siluett-egyedi\/","url":"https:\/\/kerekparbalaton.hu\/termek\/siluett-egyedi\/","name":"Siluett - egyedi - kerekparbalaton.hu","isPartOf":{"@id":"https:\/\/kerekparbalaton.hu\/#website"},"primaryImageOfPage":{"@id":"https:\/\/kerekparbalaton.hu\/termek\/siluett-egyedi\/#primaryimage"},"image":{"@id":"https:\/\/kerekparbalaton.hu\/termek\/siluett-egyedi\/#primaryimage"},"thumbnailUrl":"https:\/\/kerekparbalaton.hu\/wp-content\/uploads\/2025\/10\/SILUET-royal-black-egyeid.webp","datePublished":"2025-10-29T13:08:44+00:00","dateModified":"2025-12-10T08:16:32+00:00","breadcrumb":{"@id":"https:\/\/kerekparbalaton.hu\/termek\/siluett-egyedi\/#breadcrumb"},"inLanguage":"en-GB","potentialAction":[{"@type":"ReadAction","target":["https:\/\/kerekparbalaton.hu\/termek\/siluett-egyedi\/"]}]},{"@type":"ImageObject","inLanguage":"en-GB","@id":"https:\/\/kerekparbalaton.hu\/termek\/siluett-egyedi\/#primaryimage","url":"https:\/\/kerekparbalaton.hu\/wp-content\/uploads\/2025\/10\/SILUET-royal-black-egyeid.webp","contentUrl":"https:\/\/kerekparbalaton.hu\/wp-content\/uploads\/2025\/10\/SILUET-royal-black-egyeid.webp","width":1000,"height":1000},{"@type":"BreadcrumbList","@id":"https:\/\/kerekparbalaton.hu\/termek\/siluett-egyedi\/#breadcrumb","itemListElement":[{"@type":"ListItem","position":1,"name":"Kezd\u0151lap","item":"https:\/\/kerekparbalaton.hu\/"},{"@type":"ListItem","position":2,"name":"Shop","item":"https:\/\/kerekparbalaton.hu\/uzlet\/"},{"@type":"ListItem","position":3,"name":"Siluett &#8211; egyedi"}]},{"@type":"WebSite","@id":"https:\/\/kerekparbalaton.hu\/#website","url":"https:\/\/kerekparbalaton.hu\/","name":"roundparbalaton.hu","description":"Bicycle rental Balaton","publisher":{"@id":"https:\/\/kerekparbalaton.hu\/#organization"},"potentialAction":[{"@type":"SearchAction","target":{"@type":"EntryPoint","urlTemplate":"https:\/\/kerekparbalaton.hu\/?s={search_term_string}"},"query-input":{"@type":"PropertyValueSpecification","valueRequired":true,"valueName":"search_term_string"}}],"inLanguage":"en-GB"},{"@type":"Organization","@id":"https:\/\/kerekparbalaton.hu\/#organization","name":"roundparbalaton.hu","url":"https:\/\/kerekparbalaton.hu\/","logo":{"@type":"ImageObject","inLanguage":"en-GB","@id":"https:\/\/kerekparbalaton.hu\/#\/schema\/logo\/image\/","url":"https:\/\/kerekparbalaton.hu\/wp-content\/uploads\/2023\/12\/Csopi-kerekpar-redesign-e1718779950933.png","contentUrl":"https:\/\/kerekparbalaton.hu\/wp-content\/uploads\/2023\/12\/Csopi-kerekpar-redesign-e1718779950933.png","width":1000,"height":436,"caption":"kerekparbalaton.hu"},"image":{"@id":"https:\/\/kerekparbalaton.hu\/#\/schema\/logo\/image\/"}}]}},"_links":{"self":[{"href":"https:\/\/kerekparbalaton.hu\/en\/wp-json\/wp\/v2\/product\/3874","targetHints":{"allow":["GET"]}}],"collection":[{"href":"https:\/\/kerekparbalaton.hu\/en\/wp-json\/wp\/v2\/product"}],"about":[{"href":"https:\/\/kerekparbalaton.hu\/en\/wp-json\/wp\/v2\/types\/product"}],"replies":[{"embeddable":true,"href":"https:\/\/kerekparbalaton.hu\/en\/wp-json\/wp\/v2\/comments?post=3874"}],"wp:featuredmedia":[{"embeddable":true,"href":"https:\/\/kerekparbalaton.hu\/en\/wp-json\/wp\/v2\/media\/4506"}],"wp:attachment":[{"href":"https:\/\/kerekparbalaton.hu\/en\/wp-json\/wp\/v2\/media?parent=3874"}],"wp:term":[{"taxonomy":"product_brand","embeddable":true,"href":"https:\/\/kerekparbalaton.hu\/en\/wp-json\/wp\/v2\/product_brand?post=3874"},{"taxonomy":"product_cat","embeddable":true,"href":"https:\/\/kerekparbalaton.hu\/en\/wp-json\/wp\/v2\/product_cat?post=3874"},{"taxonomy":"product_tag","embeddable":true,"href":"https:\/\/kerekparbalaton.hu\/en\/wp-json\/wp\/v2\/product_tag?post=3874"}],"curies":[{"name":"wp","href":"https:\/\/api.w.org\/{rel}","templated":true}]}}