{"id":5165,"date":"2025-12-13T15:50:59","date_gmt":"2025-12-13T15:50:59","guid":{"rendered":"https:\/\/kerekparbalaton.hu\/?post_type=product&#038;p=5165"},"modified":"2025-12-13T15:54:32","modified_gmt":"2025-12-13T15:54:32","slug":"lecse-tisztito-folyadek","status":"publish","type":"product","link":"https:\/\/kerekparbalaton.hu\/de\/produkt\/lecse-tisztito-folyadek\/","title":{"rendered":"Lecse tiszt\u00edt\u00f3 folyad\u00e9k"},"content":{"rendered":"<ul>\n<li style=\"font-weight: 400;\" aria-level=\"1\"><span style=\"font-weight: 400;\">Fokozottan t\u0171zvesz\u00e9lyes, \u00edgy haszn\u00e1lat sor\u00e1n a term\u00e9ket tartsuk t\u00e1vol a ny\u00edlt l\u00e1ngokt\u00f3l, valamint \u00fcgyelj\u00fcnk arra, hogy a permet ne ker\u00fclj\u00f6n l\u00e1ngba.<\/span><\/li>\n<li style=\"font-weight: 400;\" aria-level=\"1\"><span style=\"font-weight: 400;\">Ha a folyad\u00e9k illat\u00e1t nagy mennyis\u00e9gben bel\u00e9legezz\u00fck akkor menj\u00fcnk ki a szabadba, l\u00e9legezz\u00fcnk m\u00e9lyeket, a helyis\u00e9get pedig szell\u0151ztess\u00fck ki.<\/span><\/li>\n<li style=\"font-weight: 400;\" aria-level=\"1\"><span style=\"font-weight: 400;\">B\u0151rre vagy ruh\u00e1zatunkra ker\u00fcl\u0151 nagyobb mennyis\u00e9g\u0171 folyad\u00e9k eset\u00e9ben b\u0151r\u00fcnket mossuk le szappanos v\u00edzzel, a ruh\u00e1nkat pedig vegy\u00fck le! B\u00e1rminem\u0171 t\u00fcnet jelentkez\u00e9se eset\u00e9n fordulj orvoshoz!<\/span><\/li>\n<li style=\"font-weight: 400;\" aria-level=\"1\"><span style=\"font-weight: 400;\">Ha a lencsetiszt\u00edt\u00f3 folyad\u00e9k szembe ker\u00fcl, miel\u0151bb \u00f6bl\u00edts\u00fck ki b\u0151 v\u00edzzel! B\u00e1rminem\u0171 t\u00fcnet jelentkez\u00e9se eset\u00e9n fordulj orvoshoz!<\/span><\/li>\n<li style=\"font-weight: 400;\" aria-level=\"1\"><span style=\"font-weight: 400;\">A folyad\u00e9kot lenyelni, meginni szigor\u00faan tilos! Ha m\u00e9gis fenn\u00e1ll ennek az esete, semmilyen szert, folyad\u00e9kot, illetve b\u00e1rmi egy\u00e9b anyagot nem szabad sz\u00e1jon \u00e1t ut\u00e1na bevenni, hanem halad\u00e9ktalanul orvoshoz vagy toxikol\u00f3gushoz kell fordulni a m\u00e9rgez\u00e9s \u00fcgy\u00e9ben!<\/span><\/li>\n<li style=\"font-weight: 400;\" aria-level=\"1\"><span style=\"font-weight: 400;\">A lencsetiszt\u00edt\u00f3 folyad\u00e9kot gyermekekt\u0151l elz\u00e1rva, sz\u00e1raz, h\u0171v\u00f6s helyen kell t\u00e1rolni!<\/span><\/li>\n<\/ul>\n<p><span style=\"font-weight: 400;\">\u00a0<\/span><\/p>\n<p><b>\u00d6sszet\u00e9tel:<\/b><\/p>\n<ul>\n<li style=\"font-weight: 400;\" aria-level=\"1\"><span style=\"font-weight: 400;\">propan-2-olo alkohol 26%<\/span><\/li>\n<li style=\"font-weight: 400;\" aria-level=\"1\"><span style=\"font-weight: 400;\">etoxil\u00e1lt alkoholok, szulf\u00e1tok \u00e9s n\u00e1triums\u00f3 2%,<\/span><\/li>\n<li style=\"font-weight: 400;\" aria-level=\"1\"><span style=\"font-weight: 400;\">v\u00edz 72%<\/span><\/li>\n<\/ul>\n<p><span style=\"font-weight: 400;\"><br \/>\n<\/span><span style=\"font-weight: 400;\">Pump\u00e1s kivitel, hajt\u00f3g\u00e1zmentes<\/span><span style=\"font-weight: 400;\"><br \/>\n<\/span><span style=\"font-weight: 400;\">50 ml-es kiszerel\u00e9s<\/span><\/p>","protected":false},"excerpt":{"rendered":"<p><strong>Sz\u00e1ll\u00edt\u00e1s:<\/strong> <span data-sheets-root=\"1\">4-5 munkanap<\/span><\/p>","protected":false},"featured_media":5169,"comment_status":"closed","ping_status":"closed","template":"","meta":[],"product_brand":[],"product_cat":[365,366],"product_tag":[],"class_list":{"0":"post-5165","1":"product","2":"type-product","3":"status-publish","4":"has-post-thumbnail","6":"product_cat-egyeb","7":"product_cat-kiegeszitok-egyeb","9":"first","10":"instock","11":"shipping-taxable","12":"purchasable","13":"product-type-simple"},"yoast_head":"<!-- This site is optimized with the Yoast SEO plugin v27.5 - https:\/\/yoast.com\/product\/yoast-seo-wordpress\/ -->\n<title>Lecse tiszt\u00edt\u00f3 folyad\u00e9k - kerekparbalaton.hu<\/title>\n<meta name=\"robots\" content=\"index, follow, max-snippet:-1, max-image-preview:large, max-video-preview:-1\" \/>\n<link rel=\"canonical\" href=\"https:\/\/kerekparbalaton.hu\/de\/produkt\/lecse-tisztito-folyadek\/\" \/>\n<meta property=\"og:locale\" content=\"de_DE\" \/>\n<meta property=\"og:type\" content=\"article\" \/>\n<meta property=\"og:title\" content=\"Lecse tiszt\u00edt\u00f3 folyad\u00e9k - kerekparbalaton.hu\" \/>\n<meta property=\"og:description\" content=\"Sz\u00e1ll\u00edt\u00e1s: 4-5 munkanap\" \/>\n<meta property=\"og:url\" content=\"https:\/\/kerekparbalaton.hu\/de\/produkt\/lecse-tisztito-folyadek\/\" \/>\n<meta property=\"og:site_name\" content=\"kerekparbalaton.hu\" \/>\n<meta property=\"article:modified_time\" content=\"2025-12-13T15:54:32+00:00\" \/>\n<meta property=\"og:image\" content=\"https:\/\/kerekparbalaton.hu\/wp-content\/uploads\/2025\/12\/Lecse-tisztito-folyadek.webp\" \/>\n\t<meta property=\"og:image:width\" content=\"1000\" \/>\n\t<meta property=\"og:image:height\" content=\"1000\" \/>\n\t<meta property=\"og:image:type\" content=\"image\/webp\" \/>\n<meta name=\"twitter:card\" content=\"summary_large_image\" \/>\n<meta name=\"twitter:label1\" content=\"Gesch\u00e4tzte Lesezeit\" \/>\n\t<meta name=\"twitter:data1\" content=\"1\u00a0Minute\" \/>\n<script type=\"application\/ld+json\" class=\"yoast-schema-graph\">{\"@context\":\"https:\\\/\\\/schema.org\",\"@graph\":[{\"@type\":\"WebPage\",\"@id\":\"https:\\\/\\\/kerekparbalaton.hu\\\/termek\\\/lecse-tisztito-folyadek\\\/\",\"url\":\"https:\\\/\\\/kerekparbalaton.hu\\\/termek\\\/lecse-tisztito-folyadek\\\/\",\"name\":\"Lecse tiszt\u00edt\u00f3 folyad\u00e9k - kerekparbalaton.hu\",\"isPartOf\":{\"@id\":\"https:\\\/\\\/kerekparbalaton.hu\\\/#website\"},\"primaryImageOfPage\":{\"@id\":\"https:\\\/\\\/kerekparbalaton.hu\\\/termek\\\/lecse-tisztito-folyadek\\\/#primaryimage\"},\"image\":{\"@id\":\"https:\\\/\\\/kerekparbalaton.hu\\\/termek\\\/lecse-tisztito-folyadek\\\/#primaryimage\"},\"thumbnailUrl\":\"https:\\\/\\\/kerekparbalaton.hu\\\/wp-content\\\/uploads\\\/2025\\\/12\\\/Lecse-tisztito-folyadek.webp\",\"datePublished\":\"2025-12-13T15:50:59+00:00\",\"dateModified\":\"2025-12-13T15:54:32+00:00\",\"breadcrumb\":{\"@id\":\"https:\\\/\\\/kerekparbalaton.hu\\\/termek\\\/lecse-tisztito-folyadek\\\/#breadcrumb\"},\"inLanguage\":\"de\",\"potentialAction\":[{\"@type\":\"ReadAction\",\"target\":[\"https:\\\/\\\/kerekparbalaton.hu\\\/termek\\\/lecse-tisztito-folyadek\\\/\"]}]},{\"@type\":\"ImageObject\",\"inLanguage\":\"de\",\"@id\":\"https:\\\/\\\/kerekparbalaton.hu\\\/termek\\\/lecse-tisztito-folyadek\\\/#primaryimage\",\"url\":\"https:\\\/\\\/kerekparbalaton.hu\\\/wp-content\\\/uploads\\\/2025\\\/12\\\/Lecse-tisztito-folyadek.webp\",\"contentUrl\":\"https:\\\/\\\/kerekparbalaton.hu\\\/wp-content\\\/uploads\\\/2025\\\/12\\\/Lecse-tisztito-folyadek.webp\",\"width\":1000,\"height\":1000},{\"@type\":\"BreadcrumbList\",\"@id\":\"https:\\\/\\\/kerekparbalaton.hu\\\/termek\\\/lecse-tisztito-folyadek\\\/#breadcrumb\",\"itemListElement\":[{\"@type\":\"ListItem\",\"position\":1,\"name\":\"Kezd\u0151lap\",\"item\":\"https:\\\/\\\/kerekparbalaton.hu\\\/\"},{\"@type\":\"ListItem\",\"position\":2,\"name\":\"Shop\",\"item\":\"https:\\\/\\\/kerekparbalaton.hu\\\/uzlet\\\/\"},{\"@type\":\"ListItem\",\"position\":3,\"name\":\"Lecse tiszt\u00edt\u00f3 folyad\u00e9k\"}]},{\"@type\":\"WebSite\",\"@id\":\"https:\\\/\\\/kerekparbalaton.hu\\\/#website\",\"url\":\"https:\\\/\\\/kerekparbalaton.hu\\\/\",\"name\":\"kerekparbalaton.hu\",\"description\":\"Ker\u00e9kp\u00e1rb\u00e9rl\u00e9s Balaton\",\"publisher\":{\"@id\":\"https:\\\/\\\/kerekparbalaton.hu\\\/#organization\"},\"potentialAction\":[{\"@type\":\"SearchAction\",\"target\":{\"@type\":\"EntryPoint\",\"urlTemplate\":\"https:\\\/\\\/kerekparbalaton.hu\\\/?s={search_term_string}\"},\"query-input\":{\"@type\":\"PropertyValueSpecification\",\"valueRequired\":true,\"valueName\":\"search_term_string\"}}],\"inLanguage\":\"de\"},{\"@type\":\"Organization\",\"@id\":\"https:\\\/\\\/kerekparbalaton.hu\\\/#organization\",\"name\":\"kerekparbalaton.hu\",\"url\":\"https:\\\/\\\/kerekparbalaton.hu\\\/\",\"logo\":{\"@type\":\"ImageObject\",\"inLanguage\":\"de\",\"@id\":\"https:\\\/\\\/kerekparbalaton.hu\\\/#\\\/schema\\\/logo\\\/image\\\/\",\"url\":\"https:\\\/\\\/kerekparbalaton.hu\\\/wp-content\\\/uploads\\\/2023\\\/12\\\/Csopi-kerekpar-redesign-e1718779950933.png\",\"contentUrl\":\"https:\\\/\\\/kerekparbalaton.hu\\\/wp-content\\\/uploads\\\/2023\\\/12\\\/Csopi-kerekpar-redesign-e1718779950933.png\",\"width\":1000,\"height\":436,\"caption\":\"kerekparbalaton.hu\"},\"image\":{\"@id\":\"https:\\\/\\\/kerekparbalaton.hu\\\/#\\\/schema\\\/logo\\\/image\\\/\"}}]}<\/script>\n<!-- \/ Yoast SEO plugin. -->","yoast_head_json":{"title":"Lecse tiszt\u00edt\u00f3 folyad\u00e9k - kerekparbalaton.hu","robots":{"index":"index","follow":"follow","max-snippet":"max-snippet:-1","max-image-preview":"max-image-preview:large","max-video-preview":"max-video-preview:-1"},"canonical":"https:\/\/kerekparbalaton.hu\/de\/produkt\/lecse-tisztito-folyadek\/","og_locale":"de_DE","og_type":"article","og_title":"Lecse tiszt\u00edt\u00f3 folyad\u00e9k - kerekparbalaton.hu","og_description":"Sz\u00e1ll\u00edt\u00e1s: 4-5 munkanap","og_url":"https:\/\/kerekparbalaton.hu\/de\/produkt\/lecse-tisztito-folyadek\/","og_site_name":"kerekparbalaton.hu","article_modified_time":"2025-12-13T15:54:32+00:00","og_image":[{"width":1000,"height":1000,"url":"https:\/\/kerekparbalaton.hu\/wp-content\/uploads\/2025\/12\/Lecse-tisztito-folyadek.webp","type":"image\/webp"}],"twitter_card":"summary_large_image","twitter_misc":{"Gesch\u00e4tzte Lesezeit":"1\u00a0Minute"},"schema":{"@context":"https:\/\/schema.org","@graph":[{"@type":"WebPage","@id":"https:\/\/kerekparbalaton.hu\/termek\/lecse-tisztito-folyadek\/","url":"https:\/\/kerekparbalaton.hu\/termek\/lecse-tisztito-folyadek\/","name":"Lecse tiszt\u00edt\u00f3 folyad\u00e9k - kerekparbalaton.hu","isPartOf":{"@id":"https:\/\/kerekparbalaton.hu\/#website"},"primaryImageOfPage":{"@id":"https:\/\/kerekparbalaton.hu\/termek\/lecse-tisztito-folyadek\/#primaryimage"},"image":{"@id":"https:\/\/kerekparbalaton.hu\/termek\/lecse-tisztito-folyadek\/#primaryimage"},"thumbnailUrl":"https:\/\/kerekparbalaton.hu\/wp-content\/uploads\/2025\/12\/Lecse-tisztito-folyadek.webp","datePublished":"2025-12-13T15:50:59+00:00","dateModified":"2025-12-13T15:54:32+00:00","breadcrumb":{"@id":"https:\/\/kerekparbalaton.hu\/termek\/lecse-tisztito-folyadek\/#breadcrumb"},"inLanguage":"de","potentialAction":[{"@type":"ReadAction","target":["https:\/\/kerekparbalaton.hu\/termek\/lecse-tisztito-folyadek\/"]}]},{"@type":"ImageObject","inLanguage":"de","@id":"https:\/\/kerekparbalaton.hu\/termek\/lecse-tisztito-folyadek\/#primaryimage","url":"https:\/\/kerekparbalaton.hu\/wp-content\/uploads\/2025\/12\/Lecse-tisztito-folyadek.webp","contentUrl":"https:\/\/kerekparbalaton.hu\/wp-content\/uploads\/2025\/12\/Lecse-tisztito-folyadek.webp","width":1000,"height":1000},{"@type":"BreadcrumbList","@id":"https:\/\/kerekparbalaton.hu\/termek\/lecse-tisztito-folyadek\/#breadcrumb","itemListElement":[{"@type":"ListItem","position":1,"name":"Kezd\u0151lap","item":"https:\/\/kerekparbalaton.hu\/"},{"@type":"ListItem","position":2,"name":"Shop","item":"https:\/\/kerekparbalaton.hu\/uzlet\/"},{"@type":"ListItem","position":3,"name":"Lecse tiszt\u00edt\u00f3 folyad\u00e9k"}]},{"@type":"WebSite","@id":"https:\/\/kerekparbalaton.hu\/#website","url":"https:\/\/kerekparbalaton.hu\/","name":"rundparbalaton.hu","description":"Fahrradverleih Balaton","publisher":{"@id":"https:\/\/kerekparbalaton.hu\/#organization"},"potentialAction":[{"@type":"SearchAction","target":{"@type":"EntryPoint","urlTemplate":"https:\/\/kerekparbalaton.hu\/?s={search_term_string}"},"query-input":{"@type":"PropertyValueSpecification","valueRequired":true,"valueName":"search_term_string"}}],"inLanguage":"de"},{"@type":"Organization","@id":"https:\/\/kerekparbalaton.hu\/#organization","name":"rundparbalaton.hu","url":"https:\/\/kerekparbalaton.hu\/","logo":{"@type":"ImageObject","inLanguage":"de","@id":"https:\/\/kerekparbalaton.hu\/#\/schema\/logo\/image\/","url":"https:\/\/kerekparbalaton.hu\/wp-content\/uploads\/2023\/12\/Csopi-kerekpar-redesign-e1718779950933.png","contentUrl":"https:\/\/kerekparbalaton.hu\/wp-content\/uploads\/2023\/12\/Csopi-kerekpar-redesign-e1718779950933.png","width":1000,"height":436,"caption":"kerekparbalaton.hu"},"image":{"@id":"https:\/\/kerekparbalaton.hu\/#\/schema\/logo\/image\/"}}]}},"_links":{"self":[{"href":"https:\/\/kerekparbalaton.hu\/de\/wp-json\/wp\/v2\/product\/5165","targetHints":{"allow":["GET"]}}],"collection":[{"href":"https:\/\/kerekparbalaton.hu\/de\/wp-json\/wp\/v2\/product"}],"about":[{"href":"https:\/\/kerekparbalaton.hu\/de\/wp-json\/wp\/v2\/types\/product"}],"replies":[{"embeddable":true,"href":"https:\/\/kerekparbalaton.hu\/de\/wp-json\/wp\/v2\/comments?post=5165"}],"wp:featuredmedia":[{"embeddable":true,"href":"https:\/\/kerekparbalaton.hu\/de\/wp-json\/wp\/v2\/media\/5169"}],"wp:attachment":[{"href":"https:\/\/kerekparbalaton.hu\/de\/wp-json\/wp\/v2\/media?parent=5165"}],"wp:term":[{"taxonomy":"product_brand","embeddable":true,"href":"https:\/\/kerekparbalaton.hu\/de\/wp-json\/wp\/v2\/product_brand?post=5165"},{"taxonomy":"product_cat","embeddable":true,"href":"https:\/\/kerekparbalaton.hu\/de\/wp-json\/wp\/v2\/product_cat?post=5165"},{"taxonomy":"product_tag","embeddable":true,"href":"https:\/\/kerekparbalaton.hu\/de\/wp-json\/wp\/v2\/product_tag?post=5165"}],"curies":[{"name":"wp","href":"https:\/\/api.w.org\/{rel}","templated":true}]}}