{"id":5142,"date":"2025-12-13T15:37:14","date_gmt":"2025-12-13T15:37:14","guid":{"rendered":"https:\/\/kerekparbalaton.hu\/?post_type=product&#038;p=5142"},"modified":"2025-12-13T15:50:03","modified_gmt":"2025-12-13T15:50:03","slug":"thunder","status":"publish","type":"product","link":"https:\/\/kerekparbalaton.hu\/de\/produkt\/thunder\/","title":{"rendered":"Thunder"},"content":{"rendered":"<ul>\n<li style=\"font-weight: 400;\" aria-level=\"1\"><span style=\"font-weight: 400;\">6-os b\u00e1zisg\u00f6rb\u00fclet\u0171 keret<\/span><\/li>\n<li style=\"font-weight: 400;\" aria-level=\"1\"><span style=\"font-weight: 400;\">szf\u00e9rikus lencse<\/span><\/li>\n<li style=\"font-weight: 400;\" aria-level=\"1\"><span style=\"font-weight: 400;\">nedvess\u00e9gre is tapad\u00f3 gum\u00edroz\u00e1s az orrnyergen<\/span><\/li>\n<li style=\"font-weight: 400;\" aria-level=\"1\"><span style=\"font-weight: 400;\">dioptri\u00e1zhat\u00f3<\/span><\/li>\n<li style=\"font-weight: 400;\" aria-level=\"1\"><span style=\"font-weight: 400;\">mikrosz\u00e1las t\u00f6rl\u0151kend\u0151 tartoz\u00e9ka<\/span><\/li>\n<li style=\"font-weight: 400;\" aria-level=\"1\"><span style=\"font-weight: 400;\">2 \u00e9v garancia<\/span><\/li>\n<li style=\"font-weight: 400;\" aria-level=\"1\"><span style=\"font-weight: 400;\">Made in Italy\n<p><\/span><\/li>\n<\/ul>\n<p><span style=\"font-weight: 400;\">MULTILASER RED f\u00e9m-oxidos (&#8222;t\u00fckr\u00f6s&#8221;) k\u00fcls\u0151 bevonatos polikarbon\u00e1t lencse<\/span><\/p>\n<ul>\n<li style=\"font-weight: 400;\" aria-level=\"1\"><span style=\"font-weight: 400;\">f\u00e9ny\u00e1tereszt\u00e9si tartom\u00e1nya: 16%\u00a0<\/span><\/li>\n<li style=\"font-weight: 400;\" aria-level=\"1\"><span style=\"font-weight: 400;\">UV400 v\u00e9delem<\/span><\/li>\n<li style=\"font-weight: 400;\" aria-level=\"1\"><span style=\"font-weight: 400;\">UV sz\u0171r\u0151kateg\u00f3ri\u00e1ja: 3<\/span><\/li>\n<li style=\"font-weight: 400;\" aria-level=\"1\"><span style=\"font-weight: 400;\">javasolt felhaszn\u00e1l\u00e1si kond\u00edci\u00f3k: er\u0151s naps\u00fct\u00e9s-bor\u00fas id\u0151j\u00e1r\u00e1si k\u00f6r\u00fclm\u00e9nyek\n<p><\/span><\/li>\n<\/ul>\n<p><span style=\"font-weight: 400;\">SMOKE polikarbon\u00e1t lencse\u00a0<\/span><\/p>\n<ul>\n<li style=\"font-weight: 400;\" aria-level=\"1\"><span style=\"font-weight: 400;\">f\u00e9ny\u00e1tereszt\u00e9si tartom\u00e1nya: 11%\u00a0<\/span><\/li>\n<li style=\"font-weight: 400;\" aria-level=\"1\"><span style=\"font-weight: 400;\">UV400 v\u00e9delem<\/span><\/li>\n<li style=\"font-weight: 400;\" aria-level=\"1\"><span style=\"font-weight: 400;\">UV sz\u0171r\u0151kateg\u00f3ri\u00e1ja: 3<\/span><\/li>\n<li style=\"font-weight: 400;\" aria-level=\"1\"><span style=\"font-weight: 400;\">javasolt felhaszn\u00e1l\u00e1si kond\u00edci\u00f3k: er\u0151s naps\u00fct\u00e9s-bor\u00fas id\u0151j\u00e1r\u00e1si k\u00f6r\u00fclm\u00e9nyek\n<p><\/span><\/li>\n<\/ul>\n<p><span style=\"font-weight: 400;\">MULTILASER ROSE GOLD f\u00e9m-oxidos (&#8222;t\u00fckr\u00f6s&#8221;) k\u00fcls\u0151 bevonatos polikarbon\u00e1t lencse<\/span><\/p>\n<ul>\n<li style=\"font-weight: 400;\" aria-level=\"1\"><span style=\"font-weight: 400;\">f\u00e9ny\u00e1tereszt\u00e9si tartom\u00e1nya: 14%\u00a0<\/span><\/li>\n<li style=\"font-weight: 400;\" aria-level=\"1\"><span style=\"font-weight: 400;\">UV400 v\u00e9delem<\/span><\/li>\n<li style=\"font-weight: 400;\" aria-level=\"1\"><span style=\"font-weight: 400;\">UV sz\u0171r\u0151kateg\u00f3ri\u00e1ja: 3<\/span><\/li>\n<li style=\"font-weight: 400;\" aria-level=\"1\"><span style=\"font-weight: 400;\">javasolt felhaszn\u00e1l\u00e1si kond\u00edci\u00f3k: er\u0151s naps\u00fct\u00e9s-bor\u00fas id\u0151j\u00e1r\u00e1si k\u00f6r\u00fclm\u00e9nyek<\/span><\/li>\n<\/ul>\n<p>&nbsp;<\/p>\n<p><b>Lencs\u00e9kr\u0151l b\u0151vebben:\u00a0<\/b><\/p>\n<p><span style=\"font-weight: 400;\">KARC\u00c1LL\u00d3S\u00c1G<\/span><span style=\"font-weight: 400;\"><br \/>\n<\/span><span style=\"font-weight: 400;\">Minden polikarbon\u00e1t lencs\u00e9nk magas h\u0151m\u00e9rs\u00e9kleten polyxilosane bevonattal lett ell\u00e1tva, hogy megn\u00f6velt kop\u00e1s- \u00e9s karc\u00e1ll\u00f3s\u00e1ga legyen. A t\u00f6rhetetlen ImpactX-lencs\u00e9ink, f\u00e9l-molekul\u00e1ris, puha anyagszerkezet\u00fck \u00e9s portasz\u00edt\u00f3 tulajdons\u00e1guk r\u00e9v\u00e9n jobban ellen\u00e1llnak a karcol\u00f3d\u00e1snak.<\/p>\n<p><\/span><\/p>\n<p><span style=\"font-weight: 400;\">V\u00cdZTASZ\u00cdT\u00c1S<\/span><span style=\"font-weight: 400;\"><br \/>\n<\/span><span style=\"font-weight: 400;\">Egyes sport\u00e1gak eset\u00e9ben k\u00fcl\u00f6n\u00f6sen fontos, hogy a lencse fel\u00fclet\u00e9r\u0151l k\u00f6nnyed\u00e9n, nyom n\u00e9lk\u00fcl leg\u00f6rd\u00fcljenek a v\u00edzcseppek, kik\u00fcsz\u00f6b\u00f6lv\u00e9n azt a tipikus torz\u00edt\u00e1st, amit a v\u00edz okozhat. Ez\u00e9rt <\/span><b>POLAR 3FX<\/b><span style=\"font-weight: 400;\"> lencset\u00edpusaink v\u00edztasz\u00edt\u00f3, HYDROTEK bevonatot is kaptak. Ezen lencs\u00e9ink ide\u00e1lisak sz\u00f6rf\u00f6z\u00e9shez, vitorl\u00e1z\u00e1shoz \u00e9s minden m\u00e1s v\u00edzi sporthoz.<\/p>\n<p><\/span><\/p>\n<p><span style=\"font-weight: 400;\">P\u00c1RAMENTES\u00cdT\u0150 KEZEL\u00c9S<\/span><span style=\"font-weight: 400;\"><br \/>\n<\/span><span style=\"font-weight: 400;\">Ez a kezel\u00e9s a p\u00e1r\u00e1sod\u00e1st akad\u00e1lyozza meg viszonylag hossz\u00fa id\u0151re (ez EN168 teszt alapj\u00e1n kb. 5 perc), ez\u00e1ltal a l\u00e1t\u00e1s zavartalan marad kritikus k\u00f6r\u00fclm\u00e9nyek k\u00f6z\u00f6tt is.<\/span><\/p>\n<p>&nbsp;<\/p>\n<p><span style=\"font-weight: 400;\">MI AZ LASER (F\u00c9M-OXIDOS)-BEVONAT?<\/span><\/p>\n<p><span style=\"font-weight: 400;\">A ver\u0151f\u00e9nyes naps\u00fct\u00e9ses id\u0151j\u00e1r\u00e1sban extra szemv\u00e9delemre van sz\u00fcks\u00e9g\u00fcnk. Az ilyen helyzetekre lett tervezve a k\u00fcl\u00f6nleges f\u00e9m-oxidos (laser) k\u00fcls\u0151 lencsebevonat, melynek k\u00f6sz\u00f6nhet\u0151en ezek a lencs\u00e9k t\u00f6bb f\u00e9nyt sz\u0171rnek meg \u2013 nagyobb k\u00e9nyelmet biztos\u00edtva szem\u00fcnk sz\u00e1m\u00e1ra.<\/span><\/p>","protected":false},"excerpt":{"rendered":"<p><strong>Sz\u00e1ll\u00edt\u00e1s:<\/strong> <span data-sheets-root=\"1\">4-5 munkanap<\/span><\/p>\n<p><span style=\"font-weight: 400;\">A Thunder alapvet\u0151 tulajdons\u00e1gai: egyszer\u0171, k\u00f6nny\u0171 \u00e9s kifinomult. Minimalista kialak\u00edt\u00e1s\u00e1val, amely a tiszta funkcionalit\u00e1sra \u00f6sszpontos\u00edt, \u00e9les l\u00e1t\u00e1st, tart\u00f3s k\u00e9nyelmet \u00e9s kiemelked\u0151 tart\u00f3ss\u00e1got biztos\u00edt felesleges r\u00e9szletek n\u00e9lk\u00fcl. T\u00f6k\u00e9letes azoknak a sportol\u00f3knak, akik \u00e9rt\u00e9kelik a tiszta st\u00edlust \u00e9s a megb\u00edzhat\u00f3 teljes\u00edtm\u00e9nyt. Thunder az egyszer\u0171s\u00e9get \u00e9s a min\u0151s\u00e9get \u00f6tv\u00f6zi a szem\u00fcvegben, amely csak a val\u00f3ban fontos dolgokra f\u00f3kusz\u00e1l.<\/span><\/p>","protected":false},"featured_media":5153,"comment_status":"closed","ping_status":"closed","template":"","meta":[],"product_brand":[],"product_cat":[365,366],"product_tag":[],"class_list":{"0":"post-5142","1":"product","2":"type-product","3":"status-publish","4":"has-post-thumbnail","6":"product_cat-egyeb","7":"product_cat-kiegeszitok-egyeb","9":"first","10":"instock","11":"shipping-taxable","12":"purchasable","13":"product-type-variable"},"yoast_head":"<!-- This site is optimized with the Yoast SEO plugin v27.5 - https:\/\/yoast.com\/product\/yoast-seo-wordpress\/ -->\n<title>Thunder - kerekparbalaton.hu<\/title>\n<meta name=\"description\" content=\"A Thunder sportszem\u00fcveg az egyszer\u0171s\u00e9get \u00e9s a min\u0151s\u00e9get \u00f6tv\u00f6zi a szem\u00fcvegben, amely csak a val\u00f3ban fontos dolgokra f\u00f3kusz\u00e1l.\" \/>\n<meta name=\"robots\" content=\"index, follow, max-snippet:-1, max-image-preview:large, max-video-preview:-1\" \/>\n<link rel=\"canonical\" href=\"https:\/\/kerekparbalaton.hu\/de\/produkt\/thunder\/\" \/>\n<meta property=\"og:locale\" content=\"de_DE\" \/>\n<meta property=\"og:type\" content=\"article\" \/>\n<meta property=\"og:title\" content=\"Thunder - kerekparbalaton.hu\" \/>\n<meta property=\"og:description\" content=\"A Thunder sportszem\u00fcveg az egyszer\u0171s\u00e9get \u00e9s a min\u0151s\u00e9get \u00f6tv\u00f6zi a szem\u00fcvegben, amely csak a val\u00f3ban fontos dolgokra f\u00f3kusz\u00e1l.\" \/>\n<meta property=\"og:url\" content=\"https:\/\/kerekparbalaton.hu\/de\/produkt\/thunder\/\" \/>\n<meta property=\"og:site_name\" content=\"kerekparbalaton.hu\" \/>\n<meta property=\"article:modified_time\" content=\"2025-12-13T15:50:03+00:00\" \/>\n<meta property=\"og:image\" content=\"https:\/\/kerekparbalaton.hu\/wp-content\/uploads\/2025\/12\/rudyproject-thunder-SP993874-0000-frozen-bordeaux-matte-multilaser-red-10.webp\" \/>\n\t<meta property=\"og:image:width\" content=\"1000\" \/>\n\t<meta property=\"og:image:height\" content=\"1000\" \/>\n\t<meta property=\"og:image:type\" content=\"image\/webp\" \/>\n<meta name=\"twitter:card\" content=\"summary_large_image\" \/>\n<meta name=\"twitter:label1\" content=\"Gesch\u00e4tzte Lesezeit\" \/>\n\t<meta name=\"twitter:data1\" content=\"2\u00a0Minuten\" \/>\n<script type=\"application\/ld+json\" class=\"yoast-schema-graph\">{\"@context\":\"https:\\\/\\\/schema.org\",\"@graph\":[{\"@type\":\"WebPage\",\"@id\":\"https:\\\/\\\/kerekparbalaton.hu\\\/termek\\\/thunder\\\/\",\"url\":\"https:\\\/\\\/kerekparbalaton.hu\\\/termek\\\/thunder\\\/\",\"name\":\"Thunder - kerekparbalaton.hu\",\"isPartOf\":{\"@id\":\"https:\\\/\\\/kerekparbalaton.hu\\\/#website\"},\"primaryImageOfPage\":{\"@id\":\"https:\\\/\\\/kerekparbalaton.hu\\\/termek\\\/thunder\\\/#primaryimage\"},\"image\":{\"@id\":\"https:\\\/\\\/kerekparbalaton.hu\\\/termek\\\/thunder\\\/#primaryimage\"},\"thumbnailUrl\":\"https:\\\/\\\/kerekparbalaton.hu\\\/wp-content\\\/uploads\\\/2025\\\/12\\\/rudyproject-thunder-SP993874-0000-frozen-bordeaux-matte-multilaser-red-10.webp\",\"datePublished\":\"2025-12-13T15:37:14+00:00\",\"dateModified\":\"2025-12-13T15:50:03+00:00\",\"description\":\"A Thunder sportszem\u00fcveg az egyszer\u0171s\u00e9get \u00e9s a min\u0151s\u00e9get \u00f6tv\u00f6zi a szem\u00fcvegben, amely csak a val\u00f3ban fontos dolgokra f\u00f3kusz\u00e1l.\",\"breadcrumb\":{\"@id\":\"https:\\\/\\\/kerekparbalaton.hu\\\/termek\\\/thunder\\\/#breadcrumb\"},\"inLanguage\":\"de\",\"potentialAction\":[{\"@type\":\"ReadAction\",\"target\":[\"https:\\\/\\\/kerekparbalaton.hu\\\/termek\\\/thunder\\\/\"]}]},{\"@type\":\"ImageObject\",\"inLanguage\":\"de\",\"@id\":\"https:\\\/\\\/kerekparbalaton.hu\\\/termek\\\/thunder\\\/#primaryimage\",\"url\":\"https:\\\/\\\/kerekparbalaton.hu\\\/wp-content\\\/uploads\\\/2025\\\/12\\\/rudyproject-thunder-SP993874-0000-frozen-bordeaux-matte-multilaser-red-10.webp\",\"contentUrl\":\"https:\\\/\\\/kerekparbalaton.hu\\\/wp-content\\\/uploads\\\/2025\\\/12\\\/rudyproject-thunder-SP993874-0000-frozen-bordeaux-matte-multilaser-red-10.webp\",\"width\":1000,\"height\":1000},{\"@type\":\"BreadcrumbList\",\"@id\":\"https:\\\/\\\/kerekparbalaton.hu\\\/termek\\\/thunder\\\/#breadcrumb\",\"itemListElement\":[{\"@type\":\"ListItem\",\"position\":1,\"name\":\"Kezd\u0151lap\",\"item\":\"https:\\\/\\\/kerekparbalaton.hu\\\/\"},{\"@type\":\"ListItem\",\"position\":2,\"name\":\"Shop\",\"item\":\"https:\\\/\\\/kerekparbalaton.hu\\\/uzlet\\\/\"},{\"@type\":\"ListItem\",\"position\":3,\"name\":\"Thunder\"}]},{\"@type\":\"WebSite\",\"@id\":\"https:\\\/\\\/kerekparbalaton.hu\\\/#website\",\"url\":\"https:\\\/\\\/kerekparbalaton.hu\\\/\",\"name\":\"kerekparbalaton.hu\",\"description\":\"Ker\u00e9kp\u00e1rb\u00e9rl\u00e9s Balaton\",\"publisher\":{\"@id\":\"https:\\\/\\\/kerekparbalaton.hu\\\/#organization\"},\"potentialAction\":[{\"@type\":\"SearchAction\",\"target\":{\"@type\":\"EntryPoint\",\"urlTemplate\":\"https:\\\/\\\/kerekparbalaton.hu\\\/?s={search_term_string}\"},\"query-input\":{\"@type\":\"PropertyValueSpecification\",\"valueRequired\":true,\"valueName\":\"search_term_string\"}}],\"inLanguage\":\"de\"},{\"@type\":\"Organization\",\"@id\":\"https:\\\/\\\/kerekparbalaton.hu\\\/#organization\",\"name\":\"kerekparbalaton.hu\",\"url\":\"https:\\\/\\\/kerekparbalaton.hu\\\/\",\"logo\":{\"@type\":\"ImageObject\",\"inLanguage\":\"de\",\"@id\":\"https:\\\/\\\/kerekparbalaton.hu\\\/#\\\/schema\\\/logo\\\/image\\\/\",\"url\":\"https:\\\/\\\/kerekparbalaton.hu\\\/wp-content\\\/uploads\\\/2023\\\/12\\\/Csopi-kerekpar-redesign-e1718779950933.png\",\"contentUrl\":\"https:\\\/\\\/kerekparbalaton.hu\\\/wp-content\\\/uploads\\\/2023\\\/12\\\/Csopi-kerekpar-redesign-e1718779950933.png\",\"width\":1000,\"height\":436,\"caption\":\"kerekparbalaton.hu\"},\"image\":{\"@id\":\"https:\\\/\\\/kerekparbalaton.hu\\\/#\\\/schema\\\/logo\\\/image\\\/\"}}]}<\/script>\n<!-- \/ Yoast SEO plugin. -->","yoast_head_json":{"title":"Thunder - kerekparbalaton.hu","description":"A Thunder sportszem\u00fcveg az egyszer\u0171s\u00e9get \u00e9s a min\u0151s\u00e9get \u00f6tv\u00f6zi a szem\u00fcvegben, amely csak a val\u00f3ban fontos dolgokra f\u00f3kusz\u00e1l.","robots":{"index":"index","follow":"follow","max-snippet":"max-snippet:-1","max-image-preview":"max-image-preview:large","max-video-preview":"max-video-preview:-1"},"canonical":"https:\/\/kerekparbalaton.hu\/de\/produkt\/thunder\/","og_locale":"de_DE","og_type":"article","og_title":"Thunder - kerekparbalaton.hu","og_description":"A Thunder sportszem\u00fcveg az egyszer\u0171s\u00e9get \u00e9s a min\u0151s\u00e9get \u00f6tv\u00f6zi a szem\u00fcvegben, amely csak a val\u00f3ban fontos dolgokra f\u00f3kusz\u00e1l.","og_url":"https:\/\/kerekparbalaton.hu\/de\/produkt\/thunder\/","og_site_name":"kerekparbalaton.hu","article_modified_time":"2025-12-13T15:50:03+00:00","og_image":[{"width":1000,"height":1000,"url":"https:\/\/kerekparbalaton.hu\/wp-content\/uploads\/2025\/12\/rudyproject-thunder-SP993874-0000-frozen-bordeaux-matte-multilaser-red-10.webp","type":"image\/webp"}],"twitter_card":"summary_large_image","twitter_misc":{"Gesch\u00e4tzte Lesezeit":"2\u00a0Minuten"},"schema":{"@context":"https:\/\/schema.org","@graph":[{"@type":"WebPage","@id":"https:\/\/kerekparbalaton.hu\/termek\/thunder\/","url":"https:\/\/kerekparbalaton.hu\/termek\/thunder\/","name":"Thunder - kerekparbalaton.hu","isPartOf":{"@id":"https:\/\/kerekparbalaton.hu\/#website"},"primaryImageOfPage":{"@id":"https:\/\/kerekparbalaton.hu\/termek\/thunder\/#primaryimage"},"image":{"@id":"https:\/\/kerekparbalaton.hu\/termek\/thunder\/#primaryimage"},"thumbnailUrl":"https:\/\/kerekparbalaton.hu\/wp-content\/uploads\/2025\/12\/rudyproject-thunder-SP993874-0000-frozen-bordeaux-matte-multilaser-red-10.webp","datePublished":"2025-12-13T15:37:14+00:00","dateModified":"2025-12-13T15:50:03+00:00","description":"A Thunder sportszem\u00fcveg az egyszer\u0171s\u00e9get \u00e9s a min\u0151s\u00e9get \u00f6tv\u00f6zi a szem\u00fcvegben, amely csak a val\u00f3ban fontos dolgokra f\u00f3kusz\u00e1l.","breadcrumb":{"@id":"https:\/\/kerekparbalaton.hu\/termek\/thunder\/#breadcrumb"},"inLanguage":"de","potentialAction":[{"@type":"ReadAction","target":["https:\/\/kerekparbalaton.hu\/termek\/thunder\/"]}]},{"@type":"ImageObject","inLanguage":"de","@id":"https:\/\/kerekparbalaton.hu\/termek\/thunder\/#primaryimage","url":"https:\/\/kerekparbalaton.hu\/wp-content\/uploads\/2025\/12\/rudyproject-thunder-SP993874-0000-frozen-bordeaux-matte-multilaser-red-10.webp","contentUrl":"https:\/\/kerekparbalaton.hu\/wp-content\/uploads\/2025\/12\/rudyproject-thunder-SP993874-0000-frozen-bordeaux-matte-multilaser-red-10.webp","width":1000,"height":1000},{"@type":"BreadcrumbList","@id":"https:\/\/kerekparbalaton.hu\/termek\/thunder\/#breadcrumb","itemListElement":[{"@type":"ListItem","position":1,"name":"Kezd\u0151lap","item":"https:\/\/kerekparbalaton.hu\/"},{"@type":"ListItem","position":2,"name":"Shop","item":"https:\/\/kerekparbalaton.hu\/uzlet\/"},{"@type":"ListItem","position":3,"name":"Thunder"}]},{"@type":"WebSite","@id":"https:\/\/kerekparbalaton.hu\/#website","url":"https:\/\/kerekparbalaton.hu\/","name":"rundparbalaton.hu","description":"Fahrradverleih Balaton","publisher":{"@id":"https:\/\/kerekparbalaton.hu\/#organization"},"potentialAction":[{"@type":"SearchAction","target":{"@type":"EntryPoint","urlTemplate":"https:\/\/kerekparbalaton.hu\/?s={search_term_string}"},"query-input":{"@type":"PropertyValueSpecification","valueRequired":true,"valueName":"search_term_string"}}],"inLanguage":"de"},{"@type":"Organization","@id":"https:\/\/kerekparbalaton.hu\/#organization","name":"rundparbalaton.hu","url":"https:\/\/kerekparbalaton.hu\/","logo":{"@type":"ImageObject","inLanguage":"de","@id":"https:\/\/kerekparbalaton.hu\/#\/schema\/logo\/image\/","url":"https:\/\/kerekparbalaton.hu\/wp-content\/uploads\/2023\/12\/Csopi-kerekpar-redesign-e1718779950933.png","contentUrl":"https:\/\/kerekparbalaton.hu\/wp-content\/uploads\/2023\/12\/Csopi-kerekpar-redesign-e1718779950933.png","width":1000,"height":436,"caption":"kerekparbalaton.hu"},"image":{"@id":"https:\/\/kerekparbalaton.hu\/#\/schema\/logo\/image\/"}}]}},"_links":{"self":[{"href":"https:\/\/kerekparbalaton.hu\/de\/wp-json\/wp\/v2\/product\/5142","targetHints":{"allow":["GET"]}}],"collection":[{"href":"https:\/\/kerekparbalaton.hu\/de\/wp-json\/wp\/v2\/product"}],"about":[{"href":"https:\/\/kerekparbalaton.hu\/de\/wp-json\/wp\/v2\/types\/product"}],"replies":[{"embeddable":true,"href":"https:\/\/kerekparbalaton.hu\/de\/wp-json\/wp\/v2\/comments?post=5142"}],"wp:featuredmedia":[{"embeddable":true,"href":"https:\/\/kerekparbalaton.hu\/de\/wp-json\/wp\/v2\/media\/5153"}],"wp:attachment":[{"href":"https:\/\/kerekparbalaton.hu\/de\/wp-json\/wp\/v2\/media?parent=5142"}],"wp:term":[{"taxonomy":"product_brand","embeddable":true,"href":"https:\/\/kerekparbalaton.hu\/de\/wp-json\/wp\/v2\/product_brand?post=5142"},{"taxonomy":"product_cat","embeddable":true,"href":"https:\/\/kerekparbalaton.hu\/de\/wp-json\/wp\/v2\/product_cat?post=5142"},{"taxonomy":"product_tag","embeddable":true,"href":"https:\/\/kerekparbalaton.hu\/de\/wp-json\/wp\/v2\/product_tag?post=5142"}],"curies":[{"name":"wp","href":"https:\/\/api.w.org\/{rel}","templated":true}]}}