{"id":5001,"date":"2025-12-13T14:03:05","date_gmt":"2025-12-13T14:03:05","guid":{"rendered":"https:\/\/kerekparbalaton.hu\/?post_type=product&#038;p=5001"},"modified":"2025-12-13T14:20:54","modified_gmt":"2025-12-13T14:20:54","slug":"astral-sphere","status":"publish","type":"product","link":"https:\/\/kerekparbalaton.hu\/de\/produkt\/astral-sphere\/","title":{"rendered":"Astral Sphere"},"content":{"rendered":"<ul>\n<li style=\"font-weight: 400;\" aria-level=\"1\"><span style=\"font-weight: 400;\">7 b\u00e1zisg\u00f6rb\u00fclet\u0171 lencse<\/span><\/li>\n<li style=\"font-weight: 400;\" aria-level=\"1\"><span style=\"font-weight: 400;\">szf\u00e9rikus lencse<\/span><\/li>\n<li style=\"font-weight: 400;\" aria-level=\"1\"><span style=\"font-weight: 400;\">RILSAN alapanyag\u00fa sz\u00e1rak<\/span><\/li>\n<li style=\"font-weight: 400;\" aria-level=\"1\"><span style=\"font-weight: 400;\">nedvess\u00e9gre is tapad\u00f3 gum\u00edroz\u00e1sok a sz\u00e1rv\u00e9geken \u00e9s az orrnyergen<\/span><\/li>\n<li style=\"font-weight: 400;\" aria-level=\"1\"><span style=\"font-weight: 400;\">arcra alak\u00edthat\u00f3 orrnyereg<\/span><\/li>\n<li style=\"font-weight: 400;\" aria-level=\"1\"><span style=\"font-weight: 400;\">dioptri\u00e1zhat\u00f3<\/span><\/li>\n<li style=\"font-weight: 400;\" aria-level=\"1\"><span style=\"font-weight: 400;\">mikrosz\u00e1las t\u00f6rl\u0151kend\u0151 tartoz\u00e9ka<\/span><\/li>\n<li style=\"font-weight: 400;\" aria-level=\"1\"><span style=\"font-weight: 400;\">2 \u00e9v garancia<\/span><\/li>\n<li style=\"font-weight: 400;\" aria-level=\"1\"><span style=\"font-weight: 400;\">Made in Italy\n<p><\/span><\/li>\n<\/ul>\n<p><span style=\"font-weight: 400;\">IMPACTX2 PHOTOCHROMIC LASER BLACK f\u00e9nyre s\u00f6t\u00e9ted\u0151 \u00e9s t\u00f6rhetetlen lencse<\/span><\/p>\n<ul>\n<li style=\"font-weight: 400;\" aria-level=\"1\"><span style=\"font-weight: 400;\">f\u00e9ny\u00e1tereszt\u00e9si tartom\u00e1nya: 17-78%\u00a0<\/span><\/li>\n<li style=\"font-weight: 400;\" aria-level=\"1\"><span style=\"font-weight: 400;\">UV400 v\u00e9delem<\/span><\/li>\n<li style=\"font-weight: 400;\" aria-level=\"1\"><span style=\"font-weight: 400;\">UV sz\u0171r\u0151kateg\u00f3ri\u00e1ja: 1-3<\/span><\/li>\n<li style=\"font-weight: 400;\" aria-level=\"1\"><span style=\"font-weight: 400;\">javasolt felhaszn\u00e1l\u00e1si kond\u00edci\u00f3k: er\u0151s naps\u00fct\u00e9s-bor\u00fas id\u0151j\u00e1r\u00e1si k\u00f6r\u00fclm\u00e9nyek\n<p><\/span><\/li>\n<\/ul>\n<p><span style=\"font-weight: 400;\">IMPACTX2 PHOTOCHROMIC LASER PURPLE f\u00e9m-oxidos (&#8222;t\u00fckr\u00f6s&#8221;) k\u00fcls\u0151 bevonatos t\u00f6rhetetlen \u00e9s f\u00e9nyre s\u00f6t\u00e9ted\u0151 lencse\u00a0<\/span><\/p>\n<ul>\n<li style=\"font-weight: 400;\" aria-level=\"1\"><span style=\"font-weight: 400;\">f\u00e9ny\u00e1tereszt\u00e9si tartom\u00e1nya: 14-50%\u00a0<\/span><\/li>\n<li style=\"font-weight: 400;\" aria-level=\"1\"><span style=\"font-weight: 400;\">UV400 v\u00e9delem<\/span><\/li>\n<li style=\"font-weight: 400;\" aria-level=\"1\"><span style=\"font-weight: 400;\">UV sz\u0171r\u0151kateg\u00f3ri\u00e1ja: 1-3<\/span><\/li>\n<li style=\"font-weight: 400;\" aria-level=\"1\"><span style=\"font-weight: 400;\">javasolt felhaszn\u00e1l\u00e1si kond\u00edci\u00f3k: er\u0151s \u00e9s enyh\u00e9n naps\u00fct\u00e9ses k\u00f6r\u00fclm\u00e9nyek\n<p><\/span><\/li>\n<\/ul>\n<p><span style=\"font-weight: 400;\">IMPACTX2 PHOTOCHROMIC RED f\u00e9nyre s\u00f6t\u00e9ted\u0151 \u00e9s t\u00f6rhetetlen lencse\u00a0<\/span><\/p>\n<ul>\n<li style=\"font-weight: 400;\" aria-level=\"1\"><span style=\"font-weight: 400;\">f\u00e9ny\u00e1tereszt\u00e9si tartom\u00e1nya: 18-80%\u00a0<\/span><\/li>\n<li style=\"font-weight: 400;\" aria-level=\"1\"><span style=\"font-weight: 400;\">UV400 v\u00e9delem<\/span><\/li>\n<li style=\"font-weight: 400;\" aria-level=\"1\"><span style=\"font-weight: 400;\">UV sz\u0171r\u0151kateg\u00f3ri\u00e1ja: 1-3<\/span><\/li>\n<li style=\"font-weight: 400;\" aria-level=\"1\"><span style=\"font-weight: 400;\">javasolt felhaszn\u00e1l\u00e1si kond\u00edci\u00f3k: er\u0151s naps\u00fct\u00e9s &#8211; bor\u00fas id\u0151j\u00e1r\u00e1si k\u00f6r\u00fclm\u00e9nyek\n<p><\/span><\/li>\n<\/ul>\n<p><b>Lencs\u00e9kr\u0151l b\u0151vebben:\u00a0<\/b><\/p>\n<p><span style=\"font-weight: 400;\">KARC\u00c1LL\u00d3S\u00c1G<\/span><span style=\"font-weight: 400;\"><br \/>\n<\/span><span style=\"font-weight: 400;\">Minden polikarbon\u00e1t lencs\u00e9nk magas h\u0151m\u00e9rs\u00e9kleten polyxilosane bevonattal lett ell\u00e1tva, hogy megn\u00f6velt kop\u00e1s- \u00e9s karc\u00e1ll\u00f3s\u00e1ga legyen. A t\u00f6rhetetlen ImpactX-lencs\u00e9ink, f\u00e9l-molekul\u00e1ris, puha anyagszerkezet\u00fck \u00e9s portasz\u00edt\u00f3 tulajdons\u00e1guk r\u00e9v\u00e9n jobban ellen\u00e1llnak a karcol\u00f3d\u00e1snak.<br \/>\n<\/span><span style=\"font-weight: 400;\">\u00a0<\/span><\/p>\n<p><span style=\"font-weight: 400;\">V\u00cdZTASZ\u00cdT\u00c1S<\/span><span style=\"font-weight: 400;\"><br \/>\n<\/span><span style=\"font-weight: 400;\">Egyes sport\u00e1gak eset\u00e9ben k\u00fcl\u00f6n\u00f6sen fontos, hogy a lencse fel\u00fclet\u00e9r\u0151l k\u00f6nnyed\u00e9n, nyom n\u00e9lk\u00fcl leg\u00f6rd\u00fcljenek a v\u00edzcseppek, kik\u00fcsz\u00f6b\u00f6lv\u00e9n azt a tipikus torz\u00edt\u00e1st, amit a v\u00edz okozhat. Ez\u00e9rt <\/span><b>POLAR 3FX<\/b><span style=\"font-weight: 400;\"> lencset\u00edpusaink v\u00edztasz\u00edt\u00f3, HYDROTEK bevonatot is kaptak. Ezen lencs\u00e9ink ide\u00e1lisak sz\u00f6rf\u00f6z\u00e9shez, vitorl\u00e1z\u00e1shoz \u00e9s minden m\u00e1s v\u00edzi sporthoz.<br \/>\n<\/span><span style=\"font-weight: 400;\">\u00a0<\/span><\/p>\n<p><span style=\"font-weight: 400;\">P\u00c1RAMENTES\u00cdT\u0150 KEZEL\u00c9S<\/span><span style=\"font-weight: 400;\"><br \/>\n<\/span><span style=\"font-weight: 400;\">Ez a kezel\u00e9s a p\u00e1r\u00e1sod\u00e1st akad\u00e1lyozza meg viszonylag hossz\u00fa id\u0151re (ez EN168 teszt alapj\u00e1n kb. 5 perc), ez\u00e1ltal a l\u00e1t\u00e1s zavartalan marad kritikus k\u00f6r\u00fclm\u00e9nyek k\u00f6z\u00f6tt is.<\/p>\n<p><\/span><\/p>\n<p><span style=\"font-weight: 400;\">MI AZ LASER (F\u00c9M-OXIDOS)-BEVONAT?<\/span><\/p>\n<p><span style=\"font-weight: 400;\">A ver\u0151f\u00e9nyes naps\u00fct\u00e9ses id\u0151j\u00e1r\u00e1sban extra szemv\u00e9delemre van sz\u00fcks\u00e9g\u00fcnk. Az ilyen helyzetekre lett tervezve a k\u00fcl\u00f6nleges f\u00e9m-oxidos (laser) k\u00fcls\u0151 lencsebevonat, melynek k\u00f6sz\u00f6nhet\u0151en ezek a lencs\u00e9k t\u00f6bb f\u00e9nyt sz\u0171rnek meg \u2013 nagyobb k\u00e9nyelmet biztos\u00edtva szem\u00fcnk sz\u00e1m\u00e1ra.<\/span><\/p>","protected":false},"excerpt":{"rendered":"<p><strong>Sz\u00e1ll\u00edt\u00e1s:<\/strong> <span data-sheets-root=\"1\">4-5 munkanap<\/span><\/p>\n<p><span style=\"font-weight: 400;\">K\u00f6nny\u0171, tart\u00f3s \u00e9s sokoldal\u00fa, sz\u00e1mos sporthoz t\u00f6k\u00e9letes, megtestes\u00edtve az Astral csal\u00e1d l\u00e9nyeg\u00e9t&#8230; \u00edme az ASTRAL SPHERE, melynek szf\u00e9rikus lencs\u00e9je kiv\u00e1l\u00f3 l\u00e1t\u00e1sv\u00e9delmet, valamint sz\u00e9les, akad\u00e1lytalan l\u00e1t\u00f3mez\u0151t biztos\u00edt, mik\u00f6zben megalkuv\u00e1s n\u00e9lk\u00fcl ny\u00fajtja az Astral-csal\u00e1dt\u00f3l megszokott st\u00edlus \u00e9s k\u00e9nyelem nagyszer\u0171 \u00f6tv\u00f6zet\u00e9t. Term\u00e9szetes alapanyag\u00fa sz\u00e1rai k\u00f6rnyezettudatoss\u00e1gunk alapjait k\u00e9pviselik. F\u00e9nyre s\u00f6t\u00e9ted\u0151 \u00e9s t\u00f6rhetetlen lencs\u00e9i minden helyzetben zavartalan l\u00e1t\u00e1st \u00e9s maxim\u00e1lis szemv\u00e9delmet biztos\u00edtanak sz\u00e1modra! Term\u00e9szetesen dioptri\u00e1zhat\u00f3!<\/span><\/p>","protected":false},"featured_media":5009,"comment_status":"closed","ping_status":"closed","template":"","meta":[],"product_brand":[],"product_cat":[365,366],"product_tag":[],"class_list":{"0":"post-5001","1":"product","2":"type-product","3":"status-publish","4":"has-post-thumbnail","6":"product_cat-egyeb","7":"product_cat-kiegeszitok-egyeb","9":"first","10":"instock","11":"shipping-taxable","12":"purchasable","13":"product-type-variable"},"yoast_head":"<!-- This site is optimized with the Yoast SEO plugin v27.5 - https:\/\/yoast.com\/product\/yoast-seo-wordpress\/ -->\n<title>Astral Sphere - kerekparbalaton.hu<\/title>\n<meta name=\"description\" content=\"Sz\u00e1mos sporthoz t\u00f6k\u00e9letes. Az ASTRAL SPHERE szf\u00e9rikus lencs\u00e9je kiv\u00e1l\u00f3 l\u00e1t\u00e1sv\u00e9delmet, valamint sz\u00e9les, akad\u00e1lytalan l\u00e1t\u00f3mez\u0151t biztos\u00edt.\u00ed\" \/>\n<meta name=\"robots\" content=\"index, follow, max-snippet:-1, max-image-preview:large, max-video-preview:-1\" \/>\n<link rel=\"canonical\" href=\"https:\/\/kerekparbalaton.hu\/de\/produkt\/astral-sphere\/\" \/>\n<meta property=\"og:locale\" content=\"de_DE\" \/>\n<meta property=\"og:type\" content=\"article\" \/>\n<meta property=\"og:title\" content=\"Astral Sphere - kerekparbalaton.hu\" \/>\n<meta property=\"og:description\" content=\"Sz\u00e1mos sporthoz t\u00f6k\u00e9letes. Az ASTRAL SPHERE szf\u00e9rikus lencs\u00e9je kiv\u00e1l\u00f3 l\u00e1t\u00e1sv\u00e9delmet, valamint sz\u00e9les, akad\u00e1lytalan l\u00e1t\u00f3mez\u0151t biztos\u00edt.\u00ed\" \/>\n<meta property=\"og:url\" content=\"https:\/\/kerekparbalaton.hu\/de\/produkt\/astral-sphere\/\" \/>\n<meta property=\"og:site_name\" content=\"kerekparbalaton.hu\" \/>\n<meta property=\"article:modified_time\" content=\"2025-12-13T14:20:54+00:00\" \/>\n<meta property=\"og:image\" content=\"https:\/\/kerekparbalaton.hu\/wp-content\/uploads\/2025\/12\/rudyproject-astral-sphere-SP977502-0010_10.webp\" \/>\n\t<meta property=\"og:image:width\" content=\"1000\" \/>\n\t<meta property=\"og:image:height\" content=\"1000\" \/>\n\t<meta property=\"og:image:type\" content=\"image\/webp\" \/>\n<meta name=\"twitter:card\" content=\"summary_large_image\" \/>\n<meta name=\"twitter:label1\" content=\"Gesch\u00e4tzte Lesezeit\" \/>\n\t<meta name=\"twitter:data1\" content=\"2\u00a0Minuten\" \/>\n<script type=\"application\/ld+json\" class=\"yoast-schema-graph\">{\"@context\":\"https:\\\/\\\/schema.org\",\"@graph\":[{\"@type\":\"WebPage\",\"@id\":\"https:\\\/\\\/kerekparbalaton.hu\\\/termek\\\/astral-sphere\\\/\",\"url\":\"https:\\\/\\\/kerekparbalaton.hu\\\/termek\\\/astral-sphere\\\/\",\"name\":\"Astral Sphere - kerekparbalaton.hu\",\"isPartOf\":{\"@id\":\"https:\\\/\\\/kerekparbalaton.hu\\\/#website\"},\"primaryImageOfPage\":{\"@id\":\"https:\\\/\\\/kerekparbalaton.hu\\\/termek\\\/astral-sphere\\\/#primaryimage\"},\"image\":{\"@id\":\"https:\\\/\\\/kerekparbalaton.hu\\\/termek\\\/astral-sphere\\\/#primaryimage\"},\"thumbnailUrl\":\"https:\\\/\\\/kerekparbalaton.hu\\\/wp-content\\\/uploads\\\/2025\\\/12\\\/rudyproject-astral-sphere-SP977502-0010_10.webp\",\"datePublished\":\"2025-12-13T14:03:05+00:00\",\"dateModified\":\"2025-12-13T14:20:54+00:00\",\"description\":\"Sz\u00e1mos sporthoz t\u00f6k\u00e9letes. Az ASTRAL SPHERE szf\u00e9rikus lencs\u00e9je kiv\u00e1l\u00f3 l\u00e1t\u00e1sv\u00e9delmet, valamint sz\u00e9les, akad\u00e1lytalan l\u00e1t\u00f3mez\u0151t biztos\u00edt.\u00ed\",\"breadcrumb\":{\"@id\":\"https:\\\/\\\/kerekparbalaton.hu\\\/termek\\\/astral-sphere\\\/#breadcrumb\"},\"inLanguage\":\"de\",\"potentialAction\":[{\"@type\":\"ReadAction\",\"target\":[\"https:\\\/\\\/kerekparbalaton.hu\\\/termek\\\/astral-sphere\\\/\"]}]},{\"@type\":\"ImageObject\",\"inLanguage\":\"de\",\"@id\":\"https:\\\/\\\/kerekparbalaton.hu\\\/termek\\\/astral-sphere\\\/#primaryimage\",\"url\":\"https:\\\/\\\/kerekparbalaton.hu\\\/wp-content\\\/uploads\\\/2025\\\/12\\\/rudyproject-astral-sphere-SP977502-0010_10.webp\",\"contentUrl\":\"https:\\\/\\\/kerekparbalaton.hu\\\/wp-content\\\/uploads\\\/2025\\\/12\\\/rudyproject-astral-sphere-SP977502-0010_10.webp\",\"width\":1000,\"height\":1000},{\"@type\":\"BreadcrumbList\",\"@id\":\"https:\\\/\\\/kerekparbalaton.hu\\\/termek\\\/astral-sphere\\\/#breadcrumb\",\"itemListElement\":[{\"@type\":\"ListItem\",\"position\":1,\"name\":\"Kezd\u0151lap\",\"item\":\"https:\\\/\\\/kerekparbalaton.hu\\\/\"},{\"@type\":\"ListItem\",\"position\":2,\"name\":\"Shop\",\"item\":\"https:\\\/\\\/kerekparbalaton.hu\\\/uzlet\\\/\"},{\"@type\":\"ListItem\",\"position\":3,\"name\":\"Astral Sphere\"}]},{\"@type\":\"WebSite\",\"@id\":\"https:\\\/\\\/kerekparbalaton.hu\\\/#website\",\"url\":\"https:\\\/\\\/kerekparbalaton.hu\\\/\",\"name\":\"kerekparbalaton.hu\",\"description\":\"Ker\u00e9kp\u00e1rb\u00e9rl\u00e9s Balaton\",\"publisher\":{\"@id\":\"https:\\\/\\\/kerekparbalaton.hu\\\/#organization\"},\"potentialAction\":[{\"@type\":\"SearchAction\",\"target\":{\"@type\":\"EntryPoint\",\"urlTemplate\":\"https:\\\/\\\/kerekparbalaton.hu\\\/?s={search_term_string}\"},\"query-input\":{\"@type\":\"PropertyValueSpecification\",\"valueRequired\":true,\"valueName\":\"search_term_string\"}}],\"inLanguage\":\"de\"},{\"@type\":\"Organization\",\"@id\":\"https:\\\/\\\/kerekparbalaton.hu\\\/#organization\",\"name\":\"kerekparbalaton.hu\",\"url\":\"https:\\\/\\\/kerekparbalaton.hu\\\/\",\"logo\":{\"@type\":\"ImageObject\",\"inLanguage\":\"de\",\"@id\":\"https:\\\/\\\/kerekparbalaton.hu\\\/#\\\/schema\\\/logo\\\/image\\\/\",\"url\":\"https:\\\/\\\/kerekparbalaton.hu\\\/wp-content\\\/uploads\\\/2023\\\/12\\\/Csopi-kerekpar-redesign-e1718779950933.png\",\"contentUrl\":\"https:\\\/\\\/kerekparbalaton.hu\\\/wp-content\\\/uploads\\\/2023\\\/12\\\/Csopi-kerekpar-redesign-e1718779950933.png\",\"width\":1000,\"height\":436,\"caption\":\"kerekparbalaton.hu\"},\"image\":{\"@id\":\"https:\\\/\\\/kerekparbalaton.hu\\\/#\\\/schema\\\/logo\\\/image\\\/\"}}]}<\/script>\n<!-- \/ Yoast SEO plugin. -->","yoast_head_json":{"title":"Astral Sphere - kerekparbalaton.hu","description":"Sz\u00e1mos sporthoz t\u00f6k\u00e9letes. Az ASTRAL SPHERE szf\u00e9rikus lencs\u00e9je kiv\u00e1l\u00f3 l\u00e1t\u00e1sv\u00e9delmet, valamint sz\u00e9les, akad\u00e1lytalan l\u00e1t\u00f3mez\u0151t biztos\u00edt.\u00ed","robots":{"index":"index","follow":"follow","max-snippet":"max-snippet:-1","max-image-preview":"max-image-preview:large","max-video-preview":"max-video-preview:-1"},"canonical":"https:\/\/kerekparbalaton.hu\/de\/produkt\/astral-sphere\/","og_locale":"de_DE","og_type":"article","og_title":"Astral Sphere - kerekparbalaton.hu","og_description":"Sz\u00e1mos sporthoz t\u00f6k\u00e9letes. Az ASTRAL SPHERE szf\u00e9rikus lencs\u00e9je kiv\u00e1l\u00f3 l\u00e1t\u00e1sv\u00e9delmet, valamint sz\u00e9les, akad\u00e1lytalan l\u00e1t\u00f3mez\u0151t biztos\u00edt.\u00ed","og_url":"https:\/\/kerekparbalaton.hu\/de\/produkt\/astral-sphere\/","og_site_name":"kerekparbalaton.hu","article_modified_time":"2025-12-13T14:20:54+00:00","og_image":[{"width":1000,"height":1000,"url":"https:\/\/kerekparbalaton.hu\/wp-content\/uploads\/2025\/12\/rudyproject-astral-sphere-SP977502-0010_10.webp","type":"image\/webp"}],"twitter_card":"summary_large_image","twitter_misc":{"Gesch\u00e4tzte Lesezeit":"2\u00a0Minuten"},"schema":{"@context":"https:\/\/schema.org","@graph":[{"@type":"WebPage","@id":"https:\/\/kerekparbalaton.hu\/termek\/astral-sphere\/","url":"https:\/\/kerekparbalaton.hu\/termek\/astral-sphere\/","name":"Astral Sphere - kerekparbalaton.hu","isPartOf":{"@id":"https:\/\/kerekparbalaton.hu\/#website"},"primaryImageOfPage":{"@id":"https:\/\/kerekparbalaton.hu\/termek\/astral-sphere\/#primaryimage"},"image":{"@id":"https:\/\/kerekparbalaton.hu\/termek\/astral-sphere\/#primaryimage"},"thumbnailUrl":"https:\/\/kerekparbalaton.hu\/wp-content\/uploads\/2025\/12\/rudyproject-astral-sphere-SP977502-0010_10.webp","datePublished":"2025-12-13T14:03:05+00:00","dateModified":"2025-12-13T14:20:54+00:00","description":"Sz\u00e1mos sporthoz t\u00f6k\u00e9letes. Az ASTRAL SPHERE szf\u00e9rikus lencs\u00e9je kiv\u00e1l\u00f3 l\u00e1t\u00e1sv\u00e9delmet, valamint sz\u00e9les, akad\u00e1lytalan l\u00e1t\u00f3mez\u0151t biztos\u00edt.\u00ed","breadcrumb":{"@id":"https:\/\/kerekparbalaton.hu\/termek\/astral-sphere\/#breadcrumb"},"inLanguage":"de","potentialAction":[{"@type":"ReadAction","target":["https:\/\/kerekparbalaton.hu\/termek\/astral-sphere\/"]}]},{"@type":"ImageObject","inLanguage":"de","@id":"https:\/\/kerekparbalaton.hu\/termek\/astral-sphere\/#primaryimage","url":"https:\/\/kerekparbalaton.hu\/wp-content\/uploads\/2025\/12\/rudyproject-astral-sphere-SP977502-0010_10.webp","contentUrl":"https:\/\/kerekparbalaton.hu\/wp-content\/uploads\/2025\/12\/rudyproject-astral-sphere-SP977502-0010_10.webp","width":1000,"height":1000},{"@type":"BreadcrumbList","@id":"https:\/\/kerekparbalaton.hu\/termek\/astral-sphere\/#breadcrumb","itemListElement":[{"@type":"ListItem","position":1,"name":"Kezd\u0151lap","item":"https:\/\/kerekparbalaton.hu\/"},{"@type":"ListItem","position":2,"name":"Shop","item":"https:\/\/kerekparbalaton.hu\/uzlet\/"},{"@type":"ListItem","position":3,"name":"Astral Sphere"}]},{"@type":"WebSite","@id":"https:\/\/kerekparbalaton.hu\/#website","url":"https:\/\/kerekparbalaton.hu\/","name":"rundparbalaton.hu","description":"Fahrradverleih Balaton","publisher":{"@id":"https:\/\/kerekparbalaton.hu\/#organization"},"potentialAction":[{"@type":"SearchAction","target":{"@type":"EntryPoint","urlTemplate":"https:\/\/kerekparbalaton.hu\/?s={search_term_string}"},"query-input":{"@type":"PropertyValueSpecification","valueRequired":true,"valueName":"search_term_string"}}],"inLanguage":"de"},{"@type":"Organization","@id":"https:\/\/kerekparbalaton.hu\/#organization","name":"rundparbalaton.hu","url":"https:\/\/kerekparbalaton.hu\/","logo":{"@type":"ImageObject","inLanguage":"de","@id":"https:\/\/kerekparbalaton.hu\/#\/schema\/logo\/image\/","url":"https:\/\/kerekparbalaton.hu\/wp-content\/uploads\/2023\/12\/Csopi-kerekpar-redesign-e1718779950933.png","contentUrl":"https:\/\/kerekparbalaton.hu\/wp-content\/uploads\/2023\/12\/Csopi-kerekpar-redesign-e1718779950933.png","width":1000,"height":436,"caption":"kerekparbalaton.hu"},"image":{"@id":"https:\/\/kerekparbalaton.hu\/#\/schema\/logo\/image\/"}}]}},"_links":{"self":[{"href":"https:\/\/kerekparbalaton.hu\/de\/wp-json\/wp\/v2\/product\/5001","targetHints":{"allow":["GET"]}}],"collection":[{"href":"https:\/\/kerekparbalaton.hu\/de\/wp-json\/wp\/v2\/product"}],"about":[{"href":"https:\/\/kerekparbalaton.hu\/de\/wp-json\/wp\/v2\/types\/product"}],"replies":[{"embeddable":true,"href":"https:\/\/kerekparbalaton.hu\/de\/wp-json\/wp\/v2\/comments?post=5001"}],"wp:featuredmedia":[{"embeddable":true,"href":"https:\/\/kerekparbalaton.hu\/de\/wp-json\/wp\/v2\/media\/5009"}],"wp:attachment":[{"href":"https:\/\/kerekparbalaton.hu\/de\/wp-json\/wp\/v2\/media?parent=5001"}],"wp:term":[{"taxonomy":"product_brand","embeddable":true,"href":"https:\/\/kerekparbalaton.hu\/de\/wp-json\/wp\/v2\/product_brand?post=5001"},{"taxonomy":"product_cat","embeddable":true,"href":"https:\/\/kerekparbalaton.hu\/de\/wp-json\/wp\/v2\/product_cat?post=5001"},{"taxonomy":"product_tag","embeddable":true,"href":"https:\/\/kerekparbalaton.hu\/de\/wp-json\/wp\/v2\/product_tag?post=5001"}],"curies":[{"name":"wp","href":"https:\/\/api.w.org\/{rel}","templated":true}]}}