{"id":4880,"date":"2025-12-13T08:56:06","date_gmt":"2025-12-13T08:56:06","guid":{"rendered":"https:\/\/kerekparbalaton.hu\/?post_type=product&#038;p=4880"},"modified":"2025-12-13T09:03:45","modified_gmt":"2025-12-13T09:03:45","slug":"racer-pro","status":"publish","type":"product","link":"https:\/\/kerekparbalaton.hu\/de\/produkt\/racer-pro\/","title":{"rendered":"Racer Pro"},"content":{"rendered":"<h3><b>Param\u00e9terek:<\/b><\/h3>\n<ul>\n<li style=\"font-weight: 400;\" aria-level=\"1\"><b>L\u00e4nge:<\/b><span style=\"font-weight: 400;\"> 1730 mm<\/span><\/li>\n<li style=\"font-weight: 400;\" aria-level=\"1\"><b>Magass\u00e1g:<\/b><span style=\"font-weight: 400;\"> 840 mm<\/span><\/li>\n<li style=\"font-weight: 400;\" aria-level=\"1\"><b>T\u00f6meg:<\/b><span style=\"font-weight: 400;\"> 6,8 kg<\/span><\/li>\n<li style=\"font-weight: 400;\" aria-level=\"1\"><b>Teherb\u00edr\u00e1s:<\/b><span style=\"font-weight: 400;\"> 150 kg<\/span><\/li>\n<li style=\"font-weight: 400;\" aria-level=\"1\"><b>L\u00e1btart\u00f3 magass\u00e1ga:<\/b><span style=\"font-weight: 400;\"> 35 mm<\/span><\/li>\n<li style=\"font-weight: 400;\" aria-level=\"1\"><b>Kerekek:<\/b><span style=\"font-weight: 400;\"> el\u00f6l 28&#8243;, h\u00e1tul 20&#8243;<\/span>&nbsp;<\/li>\n<\/ul>\n<p><span style=\"font-weight: 400;\">A KOSTKA RACER PRO 3 egy olyan versenyroller, amelyet a rendk\u00edv\u00fcl ig\u00e9nyes sportol\u00f3k sz\u00e1m\u00e1ra k\u00e9sz\u00edtettek.\u00a0<\/span><\/p>\n<ul>\n<li style=\"font-weight: 400;\" aria-level=\"1\"><span style=\"font-weight: 400;\">jelent\u0151sen megn\u00f6velt merevs\u00e9g<\/span><\/li>\n<li style=\"font-weight: 400;\" aria-level=\"1\"><span style=\"font-weight: 400;\">alacsonyabb v\u00e1zmagass\u00e1g<\/span><\/li>\n<li style=\"font-weight: 400;\" aria-level=\"1\"><span style=\"font-weight: 400;\">kisebb l\u00e1btart\u00f3-h\u00e9zag (hasmagass\u00e1g)<\/span><\/li>\n<li style=\"font-weight: 400;\" aria-level=\"1\"><span style=\"font-weight: 400;\">nagyobb hely a rugaszkod\u00e1shoz, ami megk\u00f6nny\u00edti a dinamikus sportos halad\u00e1st<\/span><\/li>\n<li style=\"font-weight: 400;\" aria-level=\"1\"><span style=\"font-weight: 400;\">jobb fordul\u00e9konys\u00e1g \u00e9s kezelhet\u0151s\u00e9g<\/span>&nbsp;<\/li>\n<\/ul>\n<p><span style=\"font-weight: 400;\">A keskeny l\u00e1btart\u00f3 alulr\u00f3l patk\u00f3 alak\u00fa merev\u00edt\u00e9ssel van meger\u0151s\u00edtve. Ez az \u00faj\u00edt\u00e1s nemcsak a v\u00e1z nagyobb merevs\u00e9g\u00e9t biztos\u00edtja, hanem v\u00e9di a legjobban terhelt r\u00e9szt az egyenetlens\u00e9gekt\u0151l, \u00e9s megakad\u00e1lyozza, hogy a megterhelt v\u00e1z \u00e9rintkezzen a talajjal, k\u00fcl\u00f6n\u00f6sen bed\u00f6nt\u00f6tt kanyarokban.<\/span><\/p>\n<p><span style=\"font-weight: 400;\">A k\u00e9nyelmet tov\u00e1bb fokozza a keskeny\u00edtett l\u00e1btart\u00f3, amely lehet\u0151v\u00e9 teszi a 65 mm-es h\u00e1ts\u00f3 agy haszn\u00e1lat\u00e1t.<\/span><\/p>\n<p><span style=\"font-weight: 400;\">A RACER PRO 3 meghajt\u00f3 erej\u00e9t a speci\u00e1lisan rollerez\u00e9shez fejlesztett kerekek adj\u00e1k, amelyek 65 mm sz\u00e9les h\u00e1ts\u00f3 agyra vannak f\u0171zve. Ezek a kerekek nagy merevs\u00e9get \u00e9s nagyon alacsony g\u00f6rd\u00fcl\u00e9si ellen\u00e1ll\u00e1st biztos\u00edtanak. A Remerx agyak ipari csap\u00e1gyakon futnak, kifejezetten sportrollerez\u00e9shez k\u00e9sz\u00fclnek. Rendk\u00edv\u00fcl nagy a merevs\u00e9g\u00fck, magas peremmel rendelkeznek, hogy ellen\u00e1lljanak az oldalir\u00e1ny\u00fa dinamikus er\u0151knek.<\/span><\/p>\n<p><span style=\"font-weight: 400;\">A f\u00e9kek magas hat\u00e1sfok\u00e1t a duplafal\u00fa felni prec\u00edz megmunk\u00e1lt f\u00e9kez\u0151fel\u00fclete biztos\u00edtja. Ezek a felnik \u00fct\u00e9s\u00e1ll\u00f3bbak, merevebbek \u00e9s hosszabb \u00e9lettartam\u00faak.<\/span><\/p>","protected":false},"excerpt":{"rendered":"<p><span style=\"font-weight: 400;\">A RACER PRO 3 meghajt\u00f3 erej\u00e9t a speci\u00e1lisan rollerez\u00e9shez fejlesztett kerekek adj\u00e1k, amelyek 65 mm sz\u00e9les h\u00e1ts\u00f3 agyra vannak f\u0171zve. Ezek a kerekek nagy merevs\u00e9get \u00e9s nagyon alacsony g\u00f6rd\u00fcl\u00e9si ellen\u00e1ll\u00e1st biztos\u00edtanak. A Remerx agyak ipari csap\u00e1gyakon futnak, kifejezetten sportrollerez\u00e9shez k\u00e9sz\u00fclnek. Rendk\u00edv\u00fcl nagy a merevs\u00e9g\u00fck, magas peremmel rendelkeznek, hogy ellen\u00e1lljanak az oldalir\u00e1ny\u00fa dinamikus er\u0151knek.<\/span><\/p>","protected":false},"featured_media":4881,"comment_status":"open","ping_status":"closed","template":"","meta":[],"product_brand":[],"product_cat":[66,360],"product_tag":[],"class_list":{"0":"post-4880","1":"product","2":"type-product","3":"status-publish","4":"has-post-thumbnail","6":"product_cat-rekreacio","7":"product_cat-roller","9":"first","10":"instock","11":"sale","12":"shipping-taxable","13":"purchasable","14":"product-type-simple"},"yoast_head":"<!-- This site is optimized with the Yoast SEO plugin v27.5 - https:\/\/yoast.com\/product\/yoast-seo-wordpress\/ -->\n<title>Racer Pro - kerekparbalaton.hu<\/title>\n<meta name=\"description\" content=\"A RACER PRO 3 meghajt\u00f3 erej\u00e9t a speci\u00e1lisan rollerez\u00e9shez fejlesztett kerekek adj\u00e1k, amelyek 65 mm sz\u00e9les h\u00e1ts\u00f3 agyra vannak f\u0171zve.\" \/>\n<meta name=\"robots\" content=\"index, follow, max-snippet:-1, max-image-preview:large, max-video-preview:-1\" \/>\n<link rel=\"canonical\" href=\"https:\/\/kerekparbalaton.hu\/de\/produkt\/racer-pro\/\" \/>\n<meta property=\"og:locale\" content=\"de_DE\" \/>\n<meta property=\"og:type\" content=\"article\" \/>\n<meta property=\"og:title\" content=\"Racer Pro - kerekparbalaton.hu\" \/>\n<meta property=\"og:description\" content=\"A RACER PRO 3 meghajt\u00f3 erej\u00e9t a speci\u00e1lisan rollerez\u00e9shez fejlesztett kerekek adj\u00e1k, amelyek 65 mm sz\u00e9les h\u00e1ts\u00f3 agyra vannak f\u0171zve.\" \/>\n<meta property=\"og:url\" content=\"https:\/\/kerekparbalaton.hu\/de\/produkt\/racer-pro\/\" \/>\n<meta property=\"og:site_name\" content=\"kerekparbalaton.hu\" \/>\n<meta property=\"article:modified_time\" content=\"2025-12-13T09:03:45+00:00\" \/>\n<meta property=\"og:image\" content=\"https:\/\/kerekparbalaton.hu\/wp-content\/uploads\/2025\/12\/racerpro3.webp\" \/>\n\t<meta property=\"og:image:width\" content=\"1000\" \/>\n\t<meta property=\"og:image:height\" content=\"1000\" \/>\n\t<meta property=\"og:image:type\" content=\"image\/webp\" \/>\n<meta name=\"twitter:card\" content=\"summary_large_image\" \/>\n<meta name=\"twitter:label1\" content=\"Gesch\u00e4tzte Lesezeit\" \/>\n\t<meta name=\"twitter:data1\" content=\"2\u00a0Minuten\" \/>\n<script type=\"application\/ld+json\" class=\"yoast-schema-graph\">{\"@context\":\"https:\\\/\\\/schema.org\",\"@graph\":[{\"@type\":\"WebPage\",\"@id\":\"https:\\\/\\\/kerekparbalaton.hu\\\/termek\\\/racer-pro\\\/\",\"url\":\"https:\\\/\\\/kerekparbalaton.hu\\\/termek\\\/racer-pro\\\/\",\"name\":\"Racer Pro - kerekparbalaton.hu\",\"isPartOf\":{\"@id\":\"https:\\\/\\\/kerekparbalaton.hu\\\/#website\"},\"primaryImageOfPage\":{\"@id\":\"https:\\\/\\\/kerekparbalaton.hu\\\/termek\\\/racer-pro\\\/#primaryimage\"},\"image\":{\"@id\":\"https:\\\/\\\/kerekparbalaton.hu\\\/termek\\\/racer-pro\\\/#primaryimage\"},\"thumbnailUrl\":\"https:\\\/\\\/kerekparbalaton.hu\\\/wp-content\\\/uploads\\\/2025\\\/12\\\/racerpro3.webp\",\"datePublished\":\"2025-12-13T08:56:06+00:00\",\"dateModified\":\"2025-12-13T09:03:45+00:00\",\"description\":\"A RACER PRO 3 meghajt\u00f3 erej\u00e9t a speci\u00e1lisan rollerez\u00e9shez fejlesztett kerekek adj\u00e1k, amelyek 65 mm sz\u00e9les h\u00e1ts\u00f3 agyra vannak f\u0171zve.\",\"breadcrumb\":{\"@id\":\"https:\\\/\\\/kerekparbalaton.hu\\\/termek\\\/racer-pro\\\/#breadcrumb\"},\"inLanguage\":\"de\",\"potentialAction\":[{\"@type\":\"ReadAction\",\"target\":[\"https:\\\/\\\/kerekparbalaton.hu\\\/termek\\\/racer-pro\\\/\"]}]},{\"@type\":\"ImageObject\",\"inLanguage\":\"de\",\"@id\":\"https:\\\/\\\/kerekparbalaton.hu\\\/termek\\\/racer-pro\\\/#primaryimage\",\"url\":\"https:\\\/\\\/kerekparbalaton.hu\\\/wp-content\\\/uploads\\\/2025\\\/12\\\/racerpro3.webp\",\"contentUrl\":\"https:\\\/\\\/kerekparbalaton.hu\\\/wp-content\\\/uploads\\\/2025\\\/12\\\/racerpro3.webp\",\"width\":1000,\"height\":1000},{\"@type\":\"BreadcrumbList\",\"@id\":\"https:\\\/\\\/kerekparbalaton.hu\\\/termek\\\/racer-pro\\\/#breadcrumb\",\"itemListElement\":[{\"@type\":\"ListItem\",\"position\":1,\"name\":\"Kezd\u0151lap\",\"item\":\"https:\\\/\\\/kerekparbalaton.hu\\\/\"},{\"@type\":\"ListItem\",\"position\":2,\"name\":\"Shop\",\"item\":\"https:\\\/\\\/kerekparbalaton.hu\\\/uzlet\\\/\"},{\"@type\":\"ListItem\",\"position\":3,\"name\":\"Racer Pro\"}]},{\"@type\":\"WebSite\",\"@id\":\"https:\\\/\\\/kerekparbalaton.hu\\\/#website\",\"url\":\"https:\\\/\\\/kerekparbalaton.hu\\\/\",\"name\":\"kerekparbalaton.hu\",\"description\":\"Ker\u00e9kp\u00e1rb\u00e9rl\u00e9s Balaton\",\"publisher\":{\"@id\":\"https:\\\/\\\/kerekparbalaton.hu\\\/#organization\"},\"potentialAction\":[{\"@type\":\"SearchAction\",\"target\":{\"@type\":\"EntryPoint\",\"urlTemplate\":\"https:\\\/\\\/kerekparbalaton.hu\\\/?s={search_term_string}\"},\"query-input\":{\"@type\":\"PropertyValueSpecification\",\"valueRequired\":true,\"valueName\":\"search_term_string\"}}],\"inLanguage\":\"de\"},{\"@type\":\"Organization\",\"@id\":\"https:\\\/\\\/kerekparbalaton.hu\\\/#organization\",\"name\":\"kerekparbalaton.hu\",\"url\":\"https:\\\/\\\/kerekparbalaton.hu\\\/\",\"logo\":{\"@type\":\"ImageObject\",\"inLanguage\":\"de\",\"@id\":\"https:\\\/\\\/kerekparbalaton.hu\\\/#\\\/schema\\\/logo\\\/image\\\/\",\"url\":\"https:\\\/\\\/kerekparbalaton.hu\\\/wp-content\\\/uploads\\\/2023\\\/12\\\/Csopi-kerekpar-redesign-e1718779950933.png\",\"contentUrl\":\"https:\\\/\\\/kerekparbalaton.hu\\\/wp-content\\\/uploads\\\/2023\\\/12\\\/Csopi-kerekpar-redesign-e1718779950933.png\",\"width\":1000,\"height\":436,\"caption\":\"kerekparbalaton.hu\"},\"image\":{\"@id\":\"https:\\\/\\\/kerekparbalaton.hu\\\/#\\\/schema\\\/logo\\\/image\\\/\"}}]}<\/script>\n<!-- \/ Yoast SEO plugin. -->","yoast_head_json":{"title":"Racer Pro - kerekparbalaton.hu","description":"A RACER PRO 3 meghajt\u00f3 erej\u00e9t a speci\u00e1lisan rollerez\u00e9shez fejlesztett kerekek adj\u00e1k, amelyek 65 mm sz\u00e9les h\u00e1ts\u00f3 agyra vannak f\u0171zve.","robots":{"index":"index","follow":"follow","max-snippet":"max-snippet:-1","max-image-preview":"max-image-preview:large","max-video-preview":"max-video-preview:-1"},"canonical":"https:\/\/kerekparbalaton.hu\/de\/produkt\/racer-pro\/","og_locale":"de_DE","og_type":"article","og_title":"Racer Pro - kerekparbalaton.hu","og_description":"A RACER PRO 3 meghajt\u00f3 erej\u00e9t a speci\u00e1lisan rollerez\u00e9shez fejlesztett kerekek adj\u00e1k, amelyek 65 mm sz\u00e9les h\u00e1ts\u00f3 agyra vannak f\u0171zve.","og_url":"https:\/\/kerekparbalaton.hu\/de\/produkt\/racer-pro\/","og_site_name":"kerekparbalaton.hu","article_modified_time":"2025-12-13T09:03:45+00:00","og_image":[{"width":1000,"height":1000,"url":"https:\/\/kerekparbalaton.hu\/wp-content\/uploads\/2025\/12\/racerpro3.webp","type":"image\/webp"}],"twitter_card":"summary_large_image","twitter_misc":{"Gesch\u00e4tzte Lesezeit":"2\u00a0Minuten"},"schema":{"@context":"https:\/\/schema.org","@graph":[{"@type":"WebPage","@id":"https:\/\/kerekparbalaton.hu\/termek\/racer-pro\/","url":"https:\/\/kerekparbalaton.hu\/termek\/racer-pro\/","name":"Racer Pro - kerekparbalaton.hu","isPartOf":{"@id":"https:\/\/kerekparbalaton.hu\/#website"},"primaryImageOfPage":{"@id":"https:\/\/kerekparbalaton.hu\/termek\/racer-pro\/#primaryimage"},"image":{"@id":"https:\/\/kerekparbalaton.hu\/termek\/racer-pro\/#primaryimage"},"thumbnailUrl":"https:\/\/kerekparbalaton.hu\/wp-content\/uploads\/2025\/12\/racerpro3.webp","datePublished":"2025-12-13T08:56:06+00:00","dateModified":"2025-12-13T09:03:45+00:00","description":"A RACER PRO 3 meghajt\u00f3 erej\u00e9t a speci\u00e1lisan rollerez\u00e9shez fejlesztett kerekek adj\u00e1k, amelyek 65 mm sz\u00e9les h\u00e1ts\u00f3 agyra vannak f\u0171zve.","breadcrumb":{"@id":"https:\/\/kerekparbalaton.hu\/termek\/racer-pro\/#breadcrumb"},"inLanguage":"de","potentialAction":[{"@type":"ReadAction","target":["https:\/\/kerekparbalaton.hu\/termek\/racer-pro\/"]}]},{"@type":"ImageObject","inLanguage":"de","@id":"https:\/\/kerekparbalaton.hu\/termek\/racer-pro\/#primaryimage","url":"https:\/\/kerekparbalaton.hu\/wp-content\/uploads\/2025\/12\/racerpro3.webp","contentUrl":"https:\/\/kerekparbalaton.hu\/wp-content\/uploads\/2025\/12\/racerpro3.webp","width":1000,"height":1000},{"@type":"BreadcrumbList","@id":"https:\/\/kerekparbalaton.hu\/termek\/racer-pro\/#breadcrumb","itemListElement":[{"@type":"ListItem","position":1,"name":"Kezd\u0151lap","item":"https:\/\/kerekparbalaton.hu\/"},{"@type":"ListItem","position":2,"name":"Shop","item":"https:\/\/kerekparbalaton.hu\/uzlet\/"},{"@type":"ListItem","position":3,"name":"Racer Pro"}]},{"@type":"WebSite","@id":"https:\/\/kerekparbalaton.hu\/#website","url":"https:\/\/kerekparbalaton.hu\/","name":"rundparbalaton.hu","description":"Fahrradverleih Balaton","publisher":{"@id":"https:\/\/kerekparbalaton.hu\/#organization"},"potentialAction":[{"@type":"SearchAction","target":{"@type":"EntryPoint","urlTemplate":"https:\/\/kerekparbalaton.hu\/?s={search_term_string}"},"query-input":{"@type":"PropertyValueSpecification","valueRequired":true,"valueName":"search_term_string"}}],"inLanguage":"de"},{"@type":"Organization","@id":"https:\/\/kerekparbalaton.hu\/#organization","name":"rundparbalaton.hu","url":"https:\/\/kerekparbalaton.hu\/","logo":{"@type":"ImageObject","inLanguage":"de","@id":"https:\/\/kerekparbalaton.hu\/#\/schema\/logo\/image\/","url":"https:\/\/kerekparbalaton.hu\/wp-content\/uploads\/2023\/12\/Csopi-kerekpar-redesign-e1718779950933.png","contentUrl":"https:\/\/kerekparbalaton.hu\/wp-content\/uploads\/2023\/12\/Csopi-kerekpar-redesign-e1718779950933.png","width":1000,"height":436,"caption":"kerekparbalaton.hu"},"image":{"@id":"https:\/\/kerekparbalaton.hu\/#\/schema\/logo\/image\/"}}]}},"_links":{"self":[{"href":"https:\/\/kerekparbalaton.hu\/de\/wp-json\/wp\/v2\/product\/4880","targetHints":{"allow":["GET"]}}],"collection":[{"href":"https:\/\/kerekparbalaton.hu\/de\/wp-json\/wp\/v2\/product"}],"about":[{"href":"https:\/\/kerekparbalaton.hu\/de\/wp-json\/wp\/v2\/types\/product"}],"replies":[{"embeddable":true,"href":"https:\/\/kerekparbalaton.hu\/de\/wp-json\/wp\/v2\/comments?post=4880"}],"wp:featuredmedia":[{"embeddable":true,"href":"https:\/\/kerekparbalaton.hu\/de\/wp-json\/wp\/v2\/media\/4881"}],"wp:attachment":[{"href":"https:\/\/kerekparbalaton.hu\/de\/wp-json\/wp\/v2\/media?parent=4880"}],"wp:term":[{"taxonomy":"product_brand","embeddable":true,"href":"https:\/\/kerekparbalaton.hu\/de\/wp-json\/wp\/v2\/product_brand?post=4880"},{"taxonomy":"product_cat","embeddable":true,"href":"https:\/\/kerekparbalaton.hu\/de\/wp-json\/wp\/v2\/product_cat?post=4880"},{"taxonomy":"product_tag","embeddable":true,"href":"https:\/\/kerekparbalaton.hu\/de\/wp-json\/wp\/v2\/product_tag?post=4880"}],"curies":[{"name":"wp","href":"https:\/\/api.w.org\/{rel}","templated":true}]}}