{"id":4825,"date":"2025-12-13T07:59:52","date_gmt":"2025-12-13T07:59:52","guid":{"rendered":"https:\/\/kerekparbalaton.hu\/?post_type=product&#038;p=4825"},"modified":"2025-12-13T08:07:49","modified_gmt":"2025-12-13T08:07:49","slug":"trailblazer-30","status":"publish","type":"product","link":"https:\/\/kerekparbalaton.hu\/de\/produkt\/trailblazer-30\/","title":{"rendered":"Trailblazer 30"},"content":{"rendered":"<p><span style=\"font-weight: 400;\">A Salomon Trailblazer 30 h\u00e1tizs\u00e1kot letisztult \u00e9s sallangmentes kivitele ide\u00e1lis v\u00e1laszt\u00e1ss\u00e1 tesz b\u00e1rmely napos outdoor tev\u00e9kenys\u00e9gedhez legyen sz\u00f3 t\u00far\u00e1z\u00e1sr\u00f3l, nordic walkingr\u00f3l, gyalogl\u00e1sr\u00f3l vagy ak\u00e1r egy gyors v\u00e1rosn\u00e9z\u0151 t\u00far\u00e1r\u00f3l. A h\u00e1tra sz\u00e9pen felfekv\u0151 kialak\u00edt\u00e1sa nem zavar\u00f3 m\u00e9g akt\u00edvabb mozg\u00e1s k\u00f6zben sem, p\u00e1rn\u00e1zott, a strat\u00e9giai helyeken k\u00fcl\u00f6n szell\u0151z\u0151 \u00e9s nedvess\u00e9gelvezet\u0151 bet\u00e9tekkel ell\u00e1tott 3D h\u00e1t- \u00e9s hevederrendszere pedig m\u00e9g hosszabb t\u00e1v\u00fa visel\u00e9se eset\u00e9n is garant\u00e1lja k\u00e9nyelmed. Sz\u00e9les ny\u00edl\u00e1s\u00fa, j\u00f3l pakolhat\u00f3 f\u0151rekesz\u00e9ben a tartal\u00e9k ruh\u00e1zatt\u00f3l az energia ut\u00e1np\u00f3tl\u00e1sig b\u00e1rmi j\u00f3l elf\u00e9r, k\u00fcl\u00f6n\u00e1ll\u00f3, iv\u00f3rendszernek kialak\u00edtott rekesze (amelyben a mindennapok sor\u00e1n ak\u00e1r laptopod is sz\u00e1ll\u00edthatod) r\u00e9v\u00e9n pedig menetk\u00f6zbeni folyad\u00e9k ut\u00e1np\u00f3tl\u00e1sod is k\u00f6nnyed\u00e9n megoldhatod, sz\u00e1mos k\u00fcl\u00f6n\u00e1ll\u00f3 cipz\u00e1ras rekesze pedig felszerel\u00e9sed organiz\u00e1lt pakol\u00e1s\u00e1t seg\u00edti.<\/span><span style=\"font-weight: 400;\"><br \/>\n<\/span><span style=\"font-weight: 400;\"><br \/>\nTechnikai jellemz\u0151k:<\/span><\/p>\n<ul>\n<li style=\"font-weight: 400;\" aria-level=\"1\"><span style=\"font-weight: 400;\">Nagy kop\u00e1s\u00e1ll\u00f3s\u00e1g\u00fa ripstop alapanyag<\/span><\/li>\n<li style=\"font-weight: 400;\" aria-level=\"1\"><span style=\"font-weight: 400;\">3D h\u00e1t \u00e9s hevederrendszer<\/span><\/li>\n<li style=\"font-weight: 400;\" aria-level=\"1\"><span style=\"font-weight: 400;\">P\u00e1rn\u00e1zott h\u00e1tpanel<\/span><\/li>\n<li style=\"font-weight: 400;\" aria-level=\"1\"><span style=\"font-weight: 400;\">\u00c1ll\u00edthat\u00f3 poz\u00edci\u00f3j\u00fa rugalmas mellkasi heveder<\/span><\/li>\n<li style=\"font-weight: 400;\" aria-level=\"1\"><span style=\"font-weight: 400;\">Form\u00e1zott der\u00e9kheveder cipz\u00e1ras, rugalmas\u00a0 \u00e9rt\u00e9ktart\u00f3 zsebbel<\/span><\/li>\n<li style=\"font-weight: 400;\" aria-level=\"1\"><span style=\"font-weight: 400;\">A v\u00e1llp\u00e1nt poz\u00edci\u00f3j\u00e1t \u00e9s a zs\u00e1k s\u00falypontj\u00e1t finomhangol\u00f3 v\u00e1llr\u00e9szi heveder<\/span><\/li>\n<li style=\"font-weight: 400;\" aria-level=\"1\"><span style=\"font-weight: 400;\">Oldals\u00f3 kompresszi\u00f3s heveder gyorscsattal<\/span><\/li>\n<li style=\"font-weight: 400;\" aria-level=\"1\"><span style=\"font-weight: 400;\">Sz\u00e9les sz\u00e1jny\u00edl\u00e1s\u00fa, j\u00f3l pakolhat\u00f3 f\u0151rekesz<\/span><\/li>\n<li style=\"font-weight: 400;\" aria-level=\"1\"><span style=\"font-weight: 400;\">K\u00fcl\u00f6n\u00e1ll\u00f3 bels\u0151 rekesz iv\u00f3rendszer sz\u00e1m\u00e1ta kivezet\u00e9ssel \u00e9s akaszt\u00f3f\u00fcllel<\/span><\/li>\n<li style=\"font-weight: 400;\" aria-level=\"1\"><span style=\"font-weight: 400;\">A k\u00fcl\u00f6n bels\u0151 rekesz kism\u00e9ret\u0171 laptop biztons\u00e1gos sz\u00e1ll\u00edt\u00e1s\u00e1ra is alkalmas<\/span><\/li>\n<li style=\"font-weight: 400;\" aria-level=\"1\"><span style=\"font-weight: 400;\">Cipz\u00e1ras el\u00fcls\u0151 zseb organiz\u00e1l\u00f3 rekeszekkel<\/span><\/li>\n<li style=\"font-weight: 400;\" aria-level=\"1\"><span style=\"font-weight: 400;\">Sz\u00e9les f\u00fcgg\u0151leges sz\u00e1jny\u00edl\u00e1s\u00fa el\u00fcls\u0151 rekesz<\/span><\/li>\n<li style=\"font-weight: 400;\" aria-level=\"1\"><span style=\"font-weight: 400;\">Kism\u00e9ret\u0171 fels\u0151 \u00e9rt\u00e9kt\u00e1rol\u00f3 zseb<\/span><\/li>\n<li style=\"font-weight: 400;\" aria-level=\"1\"><span style=\"font-weight: 400;\">Oldals\u00f3 rugalmas kulacstart\u00f3 zsebek<\/span><\/li>\n<li style=\"font-weight: 400;\" aria-level=\"1\"><span style=\"font-weight: 400;\">K\u00fcls\u0151 gumiheveder t\u00farabot r\u00f6gz\u00edt\u00e9s\u00e9hez<\/span><\/li>\n<li style=\"font-weight: 400;\" aria-level=\"1\"><span style=\"font-weight: 400;\">F\u00e9nyvisszaver\u0151 bevonattal ell\u00e1tott l\u00e1mpar\u00f6gz\u00edt\u0151 f\u00fcl<\/span><\/li>\n<li style=\"font-weight: 400;\" aria-level=\"1\"><span style=\"font-weight: 400;\">YKK cipz\u00e1rak<\/span><\/li>\n<li style=\"font-weight: 400;\" aria-level=\"1\"><span style=\"font-weight: 400;\">\u0170rtartalom: 30 liter<\/span><\/li>\n<li style=\"font-weight: 400;\" aria-level=\"1\"><span style=\"font-weight: 400;\">M\u00e9ret: 52 x 28 x 22 cm<\/span><\/li>\n<li style=\"font-weight: 400;\" aria-level=\"1\"><span style=\"font-weight: 400;\">T\u00f6meg: 552 g<\/span><\/li>\n<li style=\"font-weight: 400;\" aria-level=\"1\"><span style=\"font-weight: 400;\">PFC mentes term\u00e9k<\/span><\/li>\n<\/ul>","protected":false},"excerpt":{"rendered":"<p><span style=\"font-weight: 400;\">A Salomon Trailblazer 30 h\u00e1tizs\u00e1kot letisztult \u00e9s sallangmentes kivitele ide\u00e1lis v\u00e1laszt\u00e1ss\u00e1 tesz b\u00e1rmely napos outdoor tev\u00e9kenys\u00e9gedhez legyen sz\u00f3 t\u00far\u00e1z\u00e1sr\u00f3l, nordic walkingr\u00f3l, gyalogl\u00e1sr\u00f3l vagy ak\u00e1r egy gyors v\u00e1rosn\u00e9z\u0151 t\u00far\u00e1r\u00f3l.<\/span><\/p>","protected":false},"featured_media":4833,"comment_status":"open","ping_status":"closed","template":"","meta":[],"product_brand":[],"product_cat":[351,66],"product_tag":[],"class_list":{"0":"post-4825","1":"product","2":"type-product","3":"status-publish","4":"has-post-thumbnail","6":"product_cat-kiegeszitok-rekreacio","7":"product_cat-rekreacio","9":"first","10":"instock","11":"sale","12":"shipping-taxable","13":"purchasable","14":"product-type-variable"},"yoast_head":"<!-- This site is optimized with the Yoast SEO plugin v27.5 - https:\/\/yoast.com\/product\/yoast-seo-wordpress\/ -->\n<title>Trailblazer 30 - kerekparbalaton.hu<\/title>\n<meta name=\"robots\" content=\"index, follow, max-snippet:-1, max-image-preview:large, max-video-preview:-1\" \/>\n<link rel=\"canonical\" href=\"https:\/\/kerekparbalaton.hu\/de\/produkt\/trailblazer-30\/\" \/>\n<meta property=\"og:locale\" content=\"de_DE\" \/>\n<meta property=\"og:type\" content=\"article\" \/>\n<meta property=\"og:title\" content=\"Trailblazer 30 - kerekparbalaton.hu\" \/>\n<meta property=\"og:description\" content=\"A Salomon Trailblazer 30 h\u00e1tizs\u00e1kot letisztult \u00e9s sallangmentes kivitele ide\u00e1lis v\u00e1laszt\u00e1ss\u00e1 tesz b\u00e1rmely napos outdoor tev\u00e9kenys\u00e9gedhez legyen sz\u00f3 t\u00far\u00e1z\u00e1sr\u00f3l, nordic walkingr\u00f3l, gyalogl\u00e1sr\u00f3l vagy ak\u00e1r egy gyors v\u00e1rosn\u00e9z\u0151 t\u00far\u00e1r\u00f3l.\" \/>\n<meta property=\"og:url\" content=\"https:\/\/kerekparbalaton.hu\/de\/produkt\/trailblazer-30\/\" \/>\n<meta property=\"og:site_name\" content=\"kerekparbalaton.hu\" \/>\n<meta property=\"article:modified_time\" content=\"2025-12-13T08:07:49+00:00\" \/>\n<meta property=\"og:image\" content=\"https:\/\/kerekparbalaton.hu\/wp-content\/uploads\/2025\/12\/Trailblazer-30-20-10-red-dalia.webp\" \/>\n\t<meta property=\"og:image:width\" content=\"1000\" \/>\n\t<meta property=\"og:image:height\" content=\"1000\" \/>\n\t<meta property=\"og:image:type\" content=\"image\/webp\" \/>\n<meta name=\"twitter:card\" content=\"summary_large_image\" \/>\n<meta name=\"twitter:label1\" content=\"Gesch\u00e4tzte Lesezeit\" \/>\n\t<meta name=\"twitter:data1\" content=\"2\u00a0Minuten\" \/>\n<script type=\"application\/ld+json\" class=\"yoast-schema-graph\">{\"@context\":\"https:\\\/\\\/schema.org\",\"@graph\":[{\"@type\":\"WebPage\",\"@id\":\"https:\\\/\\\/kerekparbalaton.hu\\\/termek\\\/trailblazer-30\\\/\",\"url\":\"https:\\\/\\\/kerekparbalaton.hu\\\/termek\\\/trailblazer-30\\\/\",\"name\":\"Trailblazer 30 - kerekparbalaton.hu\",\"isPartOf\":{\"@id\":\"https:\\\/\\\/kerekparbalaton.hu\\\/#website\"},\"primaryImageOfPage\":{\"@id\":\"https:\\\/\\\/kerekparbalaton.hu\\\/termek\\\/trailblazer-30\\\/#primaryimage\"},\"image\":{\"@id\":\"https:\\\/\\\/kerekparbalaton.hu\\\/termek\\\/trailblazer-30\\\/#primaryimage\"},\"thumbnailUrl\":\"https:\\\/\\\/kerekparbalaton.hu\\\/wp-content\\\/uploads\\\/2025\\\/12\\\/Trailblazer-30-20-10-red-dalia.webp\",\"datePublished\":\"2025-12-13T07:59:52+00:00\",\"dateModified\":\"2025-12-13T08:07:49+00:00\",\"breadcrumb\":{\"@id\":\"https:\\\/\\\/kerekparbalaton.hu\\\/termek\\\/trailblazer-30\\\/#breadcrumb\"},\"inLanguage\":\"de\",\"potentialAction\":[{\"@type\":\"ReadAction\",\"target\":[\"https:\\\/\\\/kerekparbalaton.hu\\\/termek\\\/trailblazer-30\\\/\"]}]},{\"@type\":\"ImageObject\",\"inLanguage\":\"de\",\"@id\":\"https:\\\/\\\/kerekparbalaton.hu\\\/termek\\\/trailblazer-30\\\/#primaryimage\",\"url\":\"https:\\\/\\\/kerekparbalaton.hu\\\/wp-content\\\/uploads\\\/2025\\\/12\\\/Trailblazer-30-20-10-red-dalia.webp\",\"contentUrl\":\"https:\\\/\\\/kerekparbalaton.hu\\\/wp-content\\\/uploads\\\/2025\\\/12\\\/Trailblazer-30-20-10-red-dalia.webp\",\"width\":1000,\"height\":1000},{\"@type\":\"BreadcrumbList\",\"@id\":\"https:\\\/\\\/kerekparbalaton.hu\\\/termek\\\/trailblazer-30\\\/#breadcrumb\",\"itemListElement\":[{\"@type\":\"ListItem\",\"position\":1,\"name\":\"Kezd\u0151lap\",\"item\":\"https:\\\/\\\/kerekparbalaton.hu\\\/\"},{\"@type\":\"ListItem\",\"position\":2,\"name\":\"Shop\",\"item\":\"https:\\\/\\\/kerekparbalaton.hu\\\/uzlet\\\/\"},{\"@type\":\"ListItem\",\"position\":3,\"name\":\"Trailblazer 30\"}]},{\"@type\":\"WebSite\",\"@id\":\"https:\\\/\\\/kerekparbalaton.hu\\\/#website\",\"url\":\"https:\\\/\\\/kerekparbalaton.hu\\\/\",\"name\":\"kerekparbalaton.hu\",\"description\":\"Ker\u00e9kp\u00e1rb\u00e9rl\u00e9s Balaton\",\"publisher\":{\"@id\":\"https:\\\/\\\/kerekparbalaton.hu\\\/#organization\"},\"potentialAction\":[{\"@type\":\"SearchAction\",\"target\":{\"@type\":\"EntryPoint\",\"urlTemplate\":\"https:\\\/\\\/kerekparbalaton.hu\\\/?s={search_term_string}\"},\"query-input\":{\"@type\":\"PropertyValueSpecification\",\"valueRequired\":true,\"valueName\":\"search_term_string\"}}],\"inLanguage\":\"de\"},{\"@type\":\"Organization\",\"@id\":\"https:\\\/\\\/kerekparbalaton.hu\\\/#organization\",\"name\":\"kerekparbalaton.hu\",\"url\":\"https:\\\/\\\/kerekparbalaton.hu\\\/\",\"logo\":{\"@type\":\"ImageObject\",\"inLanguage\":\"de\",\"@id\":\"https:\\\/\\\/kerekparbalaton.hu\\\/#\\\/schema\\\/logo\\\/image\\\/\",\"url\":\"https:\\\/\\\/kerekparbalaton.hu\\\/wp-content\\\/uploads\\\/2023\\\/12\\\/Csopi-kerekpar-redesign-e1718779950933.png\",\"contentUrl\":\"https:\\\/\\\/kerekparbalaton.hu\\\/wp-content\\\/uploads\\\/2023\\\/12\\\/Csopi-kerekpar-redesign-e1718779950933.png\",\"width\":1000,\"height\":436,\"caption\":\"kerekparbalaton.hu\"},\"image\":{\"@id\":\"https:\\\/\\\/kerekparbalaton.hu\\\/#\\\/schema\\\/logo\\\/image\\\/\"}}]}<\/script>\n<!-- \/ Yoast SEO plugin. -->","yoast_head_json":{"title":"Trailblazer 30 - kerekparbalaton.hu","robots":{"index":"index","follow":"follow","max-snippet":"max-snippet:-1","max-image-preview":"max-image-preview:large","max-video-preview":"max-video-preview:-1"},"canonical":"https:\/\/kerekparbalaton.hu\/de\/produkt\/trailblazer-30\/","og_locale":"de_DE","og_type":"article","og_title":"Trailblazer 30 - kerekparbalaton.hu","og_description":"A Salomon Trailblazer 30 h\u00e1tizs\u00e1kot letisztult \u00e9s sallangmentes kivitele ide\u00e1lis v\u00e1laszt\u00e1ss\u00e1 tesz b\u00e1rmely napos outdoor tev\u00e9kenys\u00e9gedhez legyen sz\u00f3 t\u00far\u00e1z\u00e1sr\u00f3l, nordic walkingr\u00f3l, gyalogl\u00e1sr\u00f3l vagy ak\u00e1r egy gyors v\u00e1rosn\u00e9z\u0151 t\u00far\u00e1r\u00f3l.","og_url":"https:\/\/kerekparbalaton.hu\/de\/produkt\/trailblazer-30\/","og_site_name":"kerekparbalaton.hu","article_modified_time":"2025-12-13T08:07:49+00:00","og_image":[{"width":1000,"height":1000,"url":"https:\/\/kerekparbalaton.hu\/wp-content\/uploads\/2025\/12\/Trailblazer-30-20-10-red-dalia.webp","type":"image\/webp"}],"twitter_card":"summary_large_image","twitter_misc":{"Gesch\u00e4tzte Lesezeit":"2\u00a0Minuten"},"schema":{"@context":"https:\/\/schema.org","@graph":[{"@type":"WebPage","@id":"https:\/\/kerekparbalaton.hu\/termek\/trailblazer-30\/","url":"https:\/\/kerekparbalaton.hu\/termek\/trailblazer-30\/","name":"Trailblazer 30 - kerekparbalaton.hu","isPartOf":{"@id":"https:\/\/kerekparbalaton.hu\/#website"},"primaryImageOfPage":{"@id":"https:\/\/kerekparbalaton.hu\/termek\/trailblazer-30\/#primaryimage"},"image":{"@id":"https:\/\/kerekparbalaton.hu\/termek\/trailblazer-30\/#primaryimage"},"thumbnailUrl":"https:\/\/kerekparbalaton.hu\/wp-content\/uploads\/2025\/12\/Trailblazer-30-20-10-red-dalia.webp","datePublished":"2025-12-13T07:59:52+00:00","dateModified":"2025-12-13T08:07:49+00:00","breadcrumb":{"@id":"https:\/\/kerekparbalaton.hu\/termek\/trailblazer-30\/#breadcrumb"},"inLanguage":"de","potentialAction":[{"@type":"ReadAction","target":["https:\/\/kerekparbalaton.hu\/termek\/trailblazer-30\/"]}]},{"@type":"ImageObject","inLanguage":"de","@id":"https:\/\/kerekparbalaton.hu\/termek\/trailblazer-30\/#primaryimage","url":"https:\/\/kerekparbalaton.hu\/wp-content\/uploads\/2025\/12\/Trailblazer-30-20-10-red-dalia.webp","contentUrl":"https:\/\/kerekparbalaton.hu\/wp-content\/uploads\/2025\/12\/Trailblazer-30-20-10-red-dalia.webp","width":1000,"height":1000},{"@type":"BreadcrumbList","@id":"https:\/\/kerekparbalaton.hu\/termek\/trailblazer-30\/#breadcrumb","itemListElement":[{"@type":"ListItem","position":1,"name":"Kezd\u0151lap","item":"https:\/\/kerekparbalaton.hu\/"},{"@type":"ListItem","position":2,"name":"Shop","item":"https:\/\/kerekparbalaton.hu\/uzlet\/"},{"@type":"ListItem","position":3,"name":"Trailblazer 30"}]},{"@type":"WebSite","@id":"https:\/\/kerekparbalaton.hu\/#website","url":"https:\/\/kerekparbalaton.hu\/","name":"rundparbalaton.hu","description":"Fahrradverleih Balaton","publisher":{"@id":"https:\/\/kerekparbalaton.hu\/#organization"},"potentialAction":[{"@type":"SearchAction","target":{"@type":"EntryPoint","urlTemplate":"https:\/\/kerekparbalaton.hu\/?s={search_term_string}"},"query-input":{"@type":"PropertyValueSpecification","valueRequired":true,"valueName":"search_term_string"}}],"inLanguage":"de"},{"@type":"Organization","@id":"https:\/\/kerekparbalaton.hu\/#organization","name":"rundparbalaton.hu","url":"https:\/\/kerekparbalaton.hu\/","logo":{"@type":"ImageObject","inLanguage":"de","@id":"https:\/\/kerekparbalaton.hu\/#\/schema\/logo\/image\/","url":"https:\/\/kerekparbalaton.hu\/wp-content\/uploads\/2023\/12\/Csopi-kerekpar-redesign-e1718779950933.png","contentUrl":"https:\/\/kerekparbalaton.hu\/wp-content\/uploads\/2023\/12\/Csopi-kerekpar-redesign-e1718779950933.png","width":1000,"height":436,"caption":"kerekparbalaton.hu"},"image":{"@id":"https:\/\/kerekparbalaton.hu\/#\/schema\/logo\/image\/"}}]}},"_links":{"self":[{"href":"https:\/\/kerekparbalaton.hu\/de\/wp-json\/wp\/v2\/product\/4825","targetHints":{"allow":["GET"]}}],"collection":[{"href":"https:\/\/kerekparbalaton.hu\/de\/wp-json\/wp\/v2\/product"}],"about":[{"href":"https:\/\/kerekparbalaton.hu\/de\/wp-json\/wp\/v2\/types\/product"}],"replies":[{"embeddable":true,"href":"https:\/\/kerekparbalaton.hu\/de\/wp-json\/wp\/v2\/comments?post=4825"}],"wp:featuredmedia":[{"embeddable":true,"href":"https:\/\/kerekparbalaton.hu\/de\/wp-json\/wp\/v2\/media\/4833"}],"wp:attachment":[{"href":"https:\/\/kerekparbalaton.hu\/de\/wp-json\/wp\/v2\/media?parent=4825"}],"wp:term":[{"taxonomy":"product_brand","embeddable":true,"href":"https:\/\/kerekparbalaton.hu\/de\/wp-json\/wp\/v2\/product_brand?post=4825"},{"taxonomy":"product_cat","embeddable":true,"href":"https:\/\/kerekparbalaton.hu\/de\/wp-json\/wp\/v2\/product_cat?post=4825"},{"taxonomy":"product_tag","embeddable":true,"href":"https:\/\/kerekparbalaton.hu\/de\/wp-json\/wp\/v2\/product_tag?post=4825"}],"curies":[{"name":"wp","href":"https:\/\/api.w.org\/{rel}","templated":true}]}}