{"id":4775,"date":"2025-12-13T06:48:31","date_gmt":"2025-12-13T06:48:31","guid":{"rendered":"https:\/\/kerekparbalaton.hu\/?post_type=product&#038;p=4775"},"modified":"2025-12-13T07:01:42","modified_gmt":"2025-12-13T07:01:42","slug":"husk-jr-mips","status":"publish","type":"product","link":"https:\/\/kerekparbalaton.hu\/de\/produkt\/husk-jr-mips\/","title":{"rendered":"Husk Jr MIPS"},"content":{"rendered":"<p><span data-sheets-root=\"1\">A Salomon Helmet Husk Jr junior buk\u00f3sisak twICEme &#8211; NFC chip integr\u00e1l\u00e1ssal k\u00e9sz\u00fclt, \u00edgy baleset eset\u00e9n gyermeked eg\u00e9szs\u00e9g\u00fcgyi adatai egy telefonos alkalmaz\u00e1s seg\u00edts\u00e9g\u00e9vel pillanatok alatt leh\u00edvhat\u00f3ak. A buk\u00f3sisak az EPS4D technol\u00f3gia \u00e1ltal az ipar\u00e1g biztons\u00e1gi el\u0151\u00edr\u00e1sain\u00e1l kiemelked\u0151en nagyobb v\u00e9delmet ny\u00fajt. A sisak egyedi MaxFit technol\u00f3gi\u00e1val k\u00e9sz\u00fclt: t\u00f6k\u00e9letesen idomul a fej form\u00e1j\u00e1hoz az azonnali illeszked\u00e9s \u00e9rdek\u00e9ben, ezen k\u00edv\u00fcl a Custom Dial m\u00e9ret\u00e1ll\u00edt\u00f3 rendszerrel ak\u00e1r keszty\u0171ben is k\u00f6nnyen a fejedre igaz\u00edthatod. Az Airflow Concept &#8211; h\u0151m\u00e9rs\u00e9kletszab\u00e1lyoz\u00f3 rendszer r\u00e9v\u00e9n a sisak belseje sz\u00e1raz \u00e9s p\u00e1ramentes marad. A 3D \u00f6nt\u00f6tt f\u00fclp\u00e1rn\u00e1k gondoskodnak maxim\u00e1lis k\u00e9nyelmedr\u0151l. Gyorsan sz\u00e1rad\u00f3 b\u00e9l\u00e9sszerkezete kivehet\u0151 \u00e9s moshat\u00f3, \u00edgy egy izzaszt\u00f3 s\u00edel\u00e9s ut\u00e1n k\u00f6nnyen tudod tiszt\u00edtani. A buk\u00f3 az In-Mold technol\u00f3gi\u00e1nak k\u00f6sz\u00f6nhet\u0151en optim\u00e1lis v\u00e9delmet ad fej\u00fcnknek a nagyobb \u00fct\u00e9sekn\u00e9l is. K\u00fcls\u0151 h\u00e9j\u00e1t egy speci\u00e1lis h\u0151kezel\u00e9si elj\u00e1r\u00e1ssal egybe olvasztj\u00e1k a bels\u0151 habszerkezettel, amely a buk\u00f3sisak b\u00e1zisa, \u00edgy a f\u00fazion\u00e1lt h\u00e9j \u00e9s a hab merevebb\u00e9, stabilabb\u00e1 v\u00e1lik, \u00e9s l\u00e9nyegesen ellen\u00e1ll\u00f3bb a k\u00fcls\u0151 behat\u00e1sokkal szemben mind a szell\u0151z\u0151ny\u00edl\u00e1sok k\u00f6r\u00fcl, mind a bord\u00e1zatok ment\u00e9n. Egyar\u00e1nt haszn\u00e1lhatod m\u00e1sz\u00e1shoz, alpesi s\u00edel\u00e9shez, \u00e9s snowboardoz\u00e1shoz, hiszen megfelel az eur\u00f3pai szinten el\u0151\u00edrt CE-EN1077\/ASTM F-2040, CE-EN 12492 szabv\u00e1nynak. A buk\u00f3sisak t\u00f6mege 385 g.<\/span><\/p>","protected":false},"excerpt":{"rendered":"<p><span data-sheets-root=\"1\">A Salomon Helmet Husk Jr junior buk\u00f3sisak twICEme &#8211; NFC chip integr\u00e1l\u00e1ssal k\u00e9sz\u00fclt, \u00edgy baleset eset\u00e9n gyermeked eg\u00e9szs\u00e9g\u00fcgyi adatai egy telefonos alkalmaz\u00e1s seg\u00edts\u00e9g\u00e9vel pillanatok alatt leh\u00edvhat\u00f3ak. <\/span><\/p>","protected":false},"featured_media":4779,"comment_status":"open","ping_status":"closed","template":"","meta":[],"product_brand":[],"product_cat":[336,64],"product_tag":[],"class_list":{"0":"post-4775","1":"product","2":"type-product","3":"status-publish","4":"has-post-thumbnail","6":"product_cat-bukosisak","7":"product_cat-sieles","9":"first","10":"instock","11":"sale","12":"shipping-taxable","13":"purchasable","14":"product-type-simple"},"yoast_head":"<!-- This site is optimized with the Yoast SEO plugin v27.5 - https:\/\/yoast.com\/product\/yoast-seo-wordpress\/ -->\n<title>Husk Jr MIPS - kerekparbalaton.hu<\/title>\n<meta name=\"description\" content=\"twICEme - NFC chippel k\u00e9sz\u00fclt, \u00edgy baleset eset\u00e9n gyermeked eg\u00e9szs\u00e9g\u00fcgyi adatai egy telefonos alkalmaz\u00e1s seg\u00edts\u00e9g\u00e9vel pillanatok alatt leh\u00edvhat\u00f3ak.\" \/>\n<meta name=\"robots\" content=\"index, follow, max-snippet:-1, max-image-preview:large, max-video-preview:-1\" \/>\n<link rel=\"canonical\" href=\"https:\/\/kerekparbalaton.hu\/de\/produkt\/husk-jr-mips\/\" \/>\n<meta property=\"og:locale\" content=\"de_DE\" \/>\n<meta property=\"og:type\" content=\"article\" \/>\n<meta property=\"og:title\" content=\"Husk Jr MIPS - kerekparbalaton.hu\" \/>\n<meta property=\"og:description\" content=\"twICEme - NFC chippel k\u00e9sz\u00fclt, \u00edgy baleset eset\u00e9n gyermeked eg\u00e9szs\u00e9g\u00fcgyi adatai egy telefonos alkalmaz\u00e1s seg\u00edts\u00e9g\u00e9vel pillanatok alatt leh\u00edvhat\u00f3ak.\" \/>\n<meta property=\"og:url\" content=\"https:\/\/kerekparbalaton.hu\/de\/produkt\/husk-jr-mips\/\" \/>\n<meta property=\"og:site_name\" content=\"kerekparbalaton.hu\" \/>\n<meta property=\"article:modified_time\" content=\"2025-12-13T07:01:42+00:00\" \/>\n<meta property=\"og:image\" content=\"https:\/\/kerekparbalaton.hu\/wp-content\/uploads\/2025\/12\/husk-jr-helmet-black1.webp\" \/>\n\t<meta property=\"og:image:width\" content=\"1000\" \/>\n\t<meta property=\"og:image:height\" content=\"1000\" \/>\n\t<meta property=\"og:image:type\" content=\"image\/webp\" \/>\n<meta name=\"twitter:card\" content=\"summary_large_image\" \/>\n<meta name=\"twitter:label1\" content=\"Gesch\u00e4tzte Lesezeit\" \/>\n\t<meta name=\"twitter:data1\" content=\"2\u00a0Minuten\" \/>\n<script type=\"application\/ld+json\" class=\"yoast-schema-graph\">{\"@context\":\"https:\\\/\\\/schema.org\",\"@graph\":[{\"@type\":\"WebPage\",\"@id\":\"https:\\\/\\\/kerekparbalaton.hu\\\/termek\\\/husk-jr-mips\\\/\",\"url\":\"https:\\\/\\\/kerekparbalaton.hu\\\/termek\\\/husk-jr-mips\\\/\",\"name\":\"Husk Jr MIPS - kerekparbalaton.hu\",\"isPartOf\":{\"@id\":\"https:\\\/\\\/kerekparbalaton.hu\\\/#website\"},\"primaryImageOfPage\":{\"@id\":\"https:\\\/\\\/kerekparbalaton.hu\\\/termek\\\/husk-jr-mips\\\/#primaryimage\"},\"image\":{\"@id\":\"https:\\\/\\\/kerekparbalaton.hu\\\/termek\\\/husk-jr-mips\\\/#primaryimage\"},\"thumbnailUrl\":\"https:\\\/\\\/kerekparbalaton.hu\\\/wp-content\\\/uploads\\\/2025\\\/12\\\/husk-jr-helmet-black1.webp\",\"datePublished\":\"2025-12-13T06:48:31+00:00\",\"dateModified\":\"2025-12-13T07:01:42+00:00\",\"description\":\"twICEme - NFC chippel k\u00e9sz\u00fclt, \u00edgy baleset eset\u00e9n gyermeked eg\u00e9szs\u00e9g\u00fcgyi adatai egy telefonos alkalmaz\u00e1s seg\u00edts\u00e9g\u00e9vel pillanatok alatt leh\u00edvhat\u00f3ak.\",\"breadcrumb\":{\"@id\":\"https:\\\/\\\/kerekparbalaton.hu\\\/termek\\\/husk-jr-mips\\\/#breadcrumb\"},\"inLanguage\":\"de\",\"potentialAction\":[{\"@type\":\"ReadAction\",\"target\":[\"https:\\\/\\\/kerekparbalaton.hu\\\/termek\\\/husk-jr-mips\\\/\"]}]},{\"@type\":\"ImageObject\",\"inLanguage\":\"de\",\"@id\":\"https:\\\/\\\/kerekparbalaton.hu\\\/termek\\\/husk-jr-mips\\\/#primaryimage\",\"url\":\"https:\\\/\\\/kerekparbalaton.hu\\\/wp-content\\\/uploads\\\/2025\\\/12\\\/husk-jr-helmet-black1.webp\",\"contentUrl\":\"https:\\\/\\\/kerekparbalaton.hu\\\/wp-content\\\/uploads\\\/2025\\\/12\\\/husk-jr-helmet-black1.webp\",\"width\":1000,\"height\":1000},{\"@type\":\"BreadcrumbList\",\"@id\":\"https:\\\/\\\/kerekparbalaton.hu\\\/termek\\\/husk-jr-mips\\\/#breadcrumb\",\"itemListElement\":[{\"@type\":\"ListItem\",\"position\":1,\"name\":\"Kezd\u0151lap\",\"item\":\"https:\\\/\\\/kerekparbalaton.hu\\\/\"},{\"@type\":\"ListItem\",\"position\":2,\"name\":\"Shop\",\"item\":\"https:\\\/\\\/kerekparbalaton.hu\\\/uzlet\\\/\"},{\"@type\":\"ListItem\",\"position\":3,\"name\":\"Husk Jr MIPS\"}]},{\"@type\":\"WebSite\",\"@id\":\"https:\\\/\\\/kerekparbalaton.hu\\\/#website\",\"url\":\"https:\\\/\\\/kerekparbalaton.hu\\\/\",\"name\":\"kerekparbalaton.hu\",\"description\":\"Ker\u00e9kp\u00e1rb\u00e9rl\u00e9s Balaton\",\"publisher\":{\"@id\":\"https:\\\/\\\/kerekparbalaton.hu\\\/#organization\"},\"potentialAction\":[{\"@type\":\"SearchAction\",\"target\":{\"@type\":\"EntryPoint\",\"urlTemplate\":\"https:\\\/\\\/kerekparbalaton.hu\\\/?s={search_term_string}\"},\"query-input\":{\"@type\":\"PropertyValueSpecification\",\"valueRequired\":true,\"valueName\":\"search_term_string\"}}],\"inLanguage\":\"de\"},{\"@type\":\"Organization\",\"@id\":\"https:\\\/\\\/kerekparbalaton.hu\\\/#organization\",\"name\":\"kerekparbalaton.hu\",\"url\":\"https:\\\/\\\/kerekparbalaton.hu\\\/\",\"logo\":{\"@type\":\"ImageObject\",\"inLanguage\":\"de\",\"@id\":\"https:\\\/\\\/kerekparbalaton.hu\\\/#\\\/schema\\\/logo\\\/image\\\/\",\"url\":\"https:\\\/\\\/kerekparbalaton.hu\\\/wp-content\\\/uploads\\\/2023\\\/12\\\/Csopi-kerekpar-redesign-e1718779950933.png\",\"contentUrl\":\"https:\\\/\\\/kerekparbalaton.hu\\\/wp-content\\\/uploads\\\/2023\\\/12\\\/Csopi-kerekpar-redesign-e1718779950933.png\",\"width\":1000,\"height\":436,\"caption\":\"kerekparbalaton.hu\"},\"image\":{\"@id\":\"https:\\\/\\\/kerekparbalaton.hu\\\/#\\\/schema\\\/logo\\\/image\\\/\"}}]}<\/script>\n<!-- \/ Yoast SEO plugin. -->","yoast_head_json":{"title":"Husk Jr MIPS - kerekparbalaton.hu","description":"twICEme - NFC chippel k\u00e9sz\u00fclt, \u00edgy baleset eset\u00e9n gyermeked eg\u00e9szs\u00e9g\u00fcgyi adatai egy telefonos alkalmaz\u00e1s seg\u00edts\u00e9g\u00e9vel pillanatok alatt leh\u00edvhat\u00f3ak.","robots":{"index":"index","follow":"follow","max-snippet":"max-snippet:-1","max-image-preview":"max-image-preview:large","max-video-preview":"max-video-preview:-1"},"canonical":"https:\/\/kerekparbalaton.hu\/de\/produkt\/husk-jr-mips\/","og_locale":"de_DE","og_type":"article","og_title":"Husk Jr MIPS - kerekparbalaton.hu","og_description":"twICEme - NFC chippel k\u00e9sz\u00fclt, \u00edgy baleset eset\u00e9n gyermeked eg\u00e9szs\u00e9g\u00fcgyi adatai egy telefonos alkalmaz\u00e1s seg\u00edts\u00e9g\u00e9vel pillanatok alatt leh\u00edvhat\u00f3ak.","og_url":"https:\/\/kerekparbalaton.hu\/de\/produkt\/husk-jr-mips\/","og_site_name":"kerekparbalaton.hu","article_modified_time":"2025-12-13T07:01:42+00:00","og_image":[{"width":1000,"height":1000,"url":"https:\/\/kerekparbalaton.hu\/wp-content\/uploads\/2025\/12\/husk-jr-helmet-black1.webp","type":"image\/webp"}],"twitter_card":"summary_large_image","twitter_misc":{"Gesch\u00e4tzte Lesezeit":"2\u00a0Minuten"},"schema":{"@context":"https:\/\/schema.org","@graph":[{"@type":"WebPage","@id":"https:\/\/kerekparbalaton.hu\/termek\/husk-jr-mips\/","url":"https:\/\/kerekparbalaton.hu\/termek\/husk-jr-mips\/","name":"Husk Jr MIPS - kerekparbalaton.hu","isPartOf":{"@id":"https:\/\/kerekparbalaton.hu\/#website"},"primaryImageOfPage":{"@id":"https:\/\/kerekparbalaton.hu\/termek\/husk-jr-mips\/#primaryimage"},"image":{"@id":"https:\/\/kerekparbalaton.hu\/termek\/husk-jr-mips\/#primaryimage"},"thumbnailUrl":"https:\/\/kerekparbalaton.hu\/wp-content\/uploads\/2025\/12\/husk-jr-helmet-black1.webp","datePublished":"2025-12-13T06:48:31+00:00","dateModified":"2025-12-13T07:01:42+00:00","description":"twICEme - NFC chippel k\u00e9sz\u00fclt, \u00edgy baleset eset\u00e9n gyermeked eg\u00e9szs\u00e9g\u00fcgyi adatai egy telefonos alkalmaz\u00e1s seg\u00edts\u00e9g\u00e9vel pillanatok alatt leh\u00edvhat\u00f3ak.","breadcrumb":{"@id":"https:\/\/kerekparbalaton.hu\/termek\/husk-jr-mips\/#breadcrumb"},"inLanguage":"de","potentialAction":[{"@type":"ReadAction","target":["https:\/\/kerekparbalaton.hu\/termek\/husk-jr-mips\/"]}]},{"@type":"ImageObject","inLanguage":"de","@id":"https:\/\/kerekparbalaton.hu\/termek\/husk-jr-mips\/#primaryimage","url":"https:\/\/kerekparbalaton.hu\/wp-content\/uploads\/2025\/12\/husk-jr-helmet-black1.webp","contentUrl":"https:\/\/kerekparbalaton.hu\/wp-content\/uploads\/2025\/12\/husk-jr-helmet-black1.webp","width":1000,"height":1000},{"@type":"BreadcrumbList","@id":"https:\/\/kerekparbalaton.hu\/termek\/husk-jr-mips\/#breadcrumb","itemListElement":[{"@type":"ListItem","position":1,"name":"Kezd\u0151lap","item":"https:\/\/kerekparbalaton.hu\/"},{"@type":"ListItem","position":2,"name":"Shop","item":"https:\/\/kerekparbalaton.hu\/uzlet\/"},{"@type":"ListItem","position":3,"name":"Husk Jr MIPS"}]},{"@type":"WebSite","@id":"https:\/\/kerekparbalaton.hu\/#website","url":"https:\/\/kerekparbalaton.hu\/","name":"rundparbalaton.hu","description":"Fahrradverleih Balaton","publisher":{"@id":"https:\/\/kerekparbalaton.hu\/#organization"},"potentialAction":[{"@type":"SearchAction","target":{"@type":"EntryPoint","urlTemplate":"https:\/\/kerekparbalaton.hu\/?s={search_term_string}"},"query-input":{"@type":"PropertyValueSpecification","valueRequired":true,"valueName":"search_term_string"}}],"inLanguage":"de"},{"@type":"Organization","@id":"https:\/\/kerekparbalaton.hu\/#organization","name":"rundparbalaton.hu","url":"https:\/\/kerekparbalaton.hu\/","logo":{"@type":"ImageObject","inLanguage":"de","@id":"https:\/\/kerekparbalaton.hu\/#\/schema\/logo\/image\/","url":"https:\/\/kerekparbalaton.hu\/wp-content\/uploads\/2023\/12\/Csopi-kerekpar-redesign-e1718779950933.png","contentUrl":"https:\/\/kerekparbalaton.hu\/wp-content\/uploads\/2023\/12\/Csopi-kerekpar-redesign-e1718779950933.png","width":1000,"height":436,"caption":"kerekparbalaton.hu"},"image":{"@id":"https:\/\/kerekparbalaton.hu\/#\/schema\/logo\/image\/"}}]}},"_links":{"self":[{"href":"https:\/\/kerekparbalaton.hu\/de\/wp-json\/wp\/v2\/product\/4775","targetHints":{"allow":["GET"]}}],"collection":[{"href":"https:\/\/kerekparbalaton.hu\/de\/wp-json\/wp\/v2\/product"}],"about":[{"href":"https:\/\/kerekparbalaton.hu\/de\/wp-json\/wp\/v2\/types\/product"}],"replies":[{"embeddable":true,"href":"https:\/\/kerekparbalaton.hu\/de\/wp-json\/wp\/v2\/comments?post=4775"}],"wp:featuredmedia":[{"embeddable":true,"href":"https:\/\/kerekparbalaton.hu\/de\/wp-json\/wp\/v2\/media\/4779"}],"wp:attachment":[{"href":"https:\/\/kerekparbalaton.hu\/de\/wp-json\/wp\/v2\/media?parent=4775"}],"wp:term":[{"taxonomy":"product_brand","embeddable":true,"href":"https:\/\/kerekparbalaton.hu\/de\/wp-json\/wp\/v2\/product_brand?post=4775"},{"taxonomy":"product_cat","embeddable":true,"href":"https:\/\/kerekparbalaton.hu\/de\/wp-json\/wp\/v2\/product_cat?post=4775"},{"taxonomy":"product_tag","embeddable":true,"href":"https:\/\/kerekparbalaton.hu\/de\/wp-json\/wp\/v2\/product_tag?post=4775"}],"curies":[{"name":"wp","href":"https:\/\/api.w.org\/{rel}","templated":true}]}}