{"id":4671,"date":"2025-11-19T14:09:25","date_gmt":"2025-11-19T14:09:25","guid":{"rendered":"https:\/\/kerekparbalaton.hu\/?post_type=product&#038;p=4671"},"modified":"2025-11-20T19:00:02","modified_gmt":"2025-11-20T19:00:02","slug":"x-ultra-360-gtx-w","status":"publish","type":"product","link":"https:\/\/kerekparbalaton.hu\/de\/produkt\/x-ultra-360-gtx-w\/","title":{"rendered":"X Ultra 360 GTX W"},"content":{"rendered":"<p><span style=\"font-weight: 400;\">T<\/span><span style=\"font-weight: 400;\">\u00faracip\u0151 emelked\u0151kre, lejt\u0151kre \u00e9s mindennapi kalandokra. A n\u00e9pszer\u0171 X ULTRA term\u00e9kcsal\u00e1d \u00e1ltal inspir\u00e1lt t\u00faracip\u0151 minden elhivatott outdoor rajong\u00f3 egy\u00e9rtelm\u0171 v\u00e1laszt\u00e1sa. Az X ULTRA 360 GORE-TEX tartalmaz minden olyan fontos technol\u00f3gi\u00e1t, amire csak sz\u00fcks\u00e9ged van, ide\u00e9rtve az All Terrain Contagrip k\u00fcls\u0151talpat \u00e9s term\u00e9szetesen a Gore-Tex\u00ae v\u00edz\u00e1ll\u00f3 membr\u00e1nt is.<\/span><\/p>\n<ul>\n<li style=\"font-weight: 400;\" aria-level=\"1\"><span style=\"font-weight: 400;\">GORE-TEX v\u00edz\u00e1ll\u00f3, l\u00e9legz\u0151 membr\u00e1n<\/span><\/li>\n<li style=\"font-weight: 400;\" aria-level=\"1\"><span style=\"font-weight: 400;\">EnergyCell: Egy nagy teljes\u00edtm\u00e9ny\u0171 EVA hab, ami remek \u00fct\u00e9scsillap\u00edt\u00f3 k\u00e9pess\u00e9ggel rendelkezik.<\/span><\/li>\n<li style=\"font-weight: 400;\" aria-level=\"1\"><span style=\"font-weight: 400;\">All Terrain Contagrip\u00ae: Tart\u00f3s, a legv\u00e1ltozatosabb fel\u00fcletekhez l\u00e9trehozott, nedves, sz\u00e1raz, kem\u00e9ny \u00e9s laza talajon egyar\u00e1nt nagy magabiztoss\u00e1got ny\u00fajt\u00f3 k\u00fcls\u0151talp.<\/span><\/li>\n<li style=\"font-weight: 400;\" aria-level=\"1\"><span style=\"font-weight: 400;\">Advanced Chassis\u2122: Az Advanced Chassis\u2122 a talpbor\u00edt\u00e1sba illesztett, el\u0151form\u00e1zott bet\u00e9t. Er\u0151s oldalir\u00e1ny\u00fa t\u00e1maszt \u00e9s megb\u00edzhat\u00f3 v\u00e9delmet ny\u00fajt, mindezt optim\u00e1lis mobilit\u00e1s \u00e9s rugalmass\u00e1g mellett.<\/span><\/li>\n<li style=\"font-weight: 400;\" aria-level=\"1\"><span style=\"font-weight: 400;\">SensiFit\u2122<\/span><\/li>\n<li style=\"font-weight: 400;\" aria-level=\"1\"><span style=\"font-weight: 400;\">El\u0151reform\u00e1zott OrthoLite\u00ae talpbet\u00e9t<\/span><\/li>\n<li style=\"font-weight: 400;\" aria-level=\"1\"><span style=\"font-weight: 400;\">Quicklace\u2122 gyorsf\u0171z\u0151 rendszer<\/span><\/li>\n<\/ul>","protected":false},"excerpt":{"rendered":"<p>T\u00faracip\u0151 emelked\u0151kre, lejt\u0151kre \u00e9s mindennapi kalandokra. A n\u00e9pszer\u0171 X ULTRA term\u00e9kcsal\u00e1d \u00e1ltal inspir\u00e1lt t\u00faracip\u0151 minden elhivatott outdoor rajong\u00f3 egy\u00e9rtelm\u0171 v\u00e1laszt\u00e1sa. Az X ULTRA 360 GORE-TEX tartalmaz minden olyan fontos technol\u00f3gi\u00e1t, amire csak sz\u00fcks\u00e9ged van, ide\u00e9rtve az All Terrain Contagrip k\u00fcls\u0151talpat \u00e9s term\u00e9szetesen a Gore-Tex\u00ae v\u00edz\u00e1ll\u00f3 membr\u00e1nt is. GORE-TEX v\u00edz\u00e1ll\u00f3, l\u00e9legz\u0151 membr\u00e1n EnergyCell: Egy nagy teljes\u00edtm\u00e9ny\u0171 [&hellip;]<\/p>\n","protected":false},"featured_media":4703,"comment_status":"closed","ping_status":"closed","template":"","meta":[],"product_brand":[],"product_cat":[69,65],"product_tag":[],"class_list":{"0":"post-4671","1":"product","2":"type-product","3":"status-publish","4":"has-post-thumbnail","6":"product_cat-cipo","7":"product_cat-futas","9":"first","10":"instock","11":"sale","12":"shipping-taxable","13":"purchasable","14":"product-type-variable"},"yoast_head":"<!-- This site is optimized with the Yoast SEO plugin v27.5 - https:\/\/yoast.com\/product\/yoast-seo-wordpress\/ -->\n<title>X Ultra 360 GTX W - kerekparbalaton.hu<\/title>\n<meta name=\"robots\" content=\"index, follow, max-snippet:-1, max-image-preview:large, max-video-preview:-1\" \/>\n<link rel=\"canonical\" href=\"https:\/\/kerekparbalaton.hu\/de\/produkt\/x-ultra-360-gtx-w\/\" \/>\n<meta property=\"og:locale\" content=\"de_DE\" \/>\n<meta property=\"og:type\" content=\"article\" \/>\n<meta property=\"og:title\" content=\"X Ultra 360 GTX W - kerekparbalaton.hu\" \/>\n<meta property=\"og:description\" content=\"T\u00faracip\u0151 emelked\u0151kre, lejt\u0151kre \u00e9s mindennapi kalandokra. A n\u00e9pszer\u0171 X ULTRA term\u00e9kcsal\u00e1d \u00e1ltal inspir\u00e1lt t\u00faracip\u0151 minden elhivatott outdoor rajong\u00f3 egy\u00e9rtelm\u0171 v\u00e1laszt\u00e1sa. Az X ULTRA 360 GORE-TEX tartalmaz minden olyan fontos technol\u00f3gi\u00e1t, amire csak sz\u00fcks\u00e9ged van, ide\u00e9rtve az All Terrain Contagrip k\u00fcls\u0151talpat \u00e9s term\u00e9szetesen a Gore-Tex\u00ae v\u00edz\u00e1ll\u00f3 membr\u00e1nt is. GORE-TEX v\u00edz\u00e1ll\u00f3, l\u00e9legz\u0151 membr\u00e1n EnergyCell: Egy nagy teljes\u00edtm\u00e9ny\u0171 [&hellip;]\" \/>\n<meta property=\"og:url\" content=\"https:\/\/kerekparbalaton.hu\/de\/produkt\/x-ultra-360-gtx-w\/\" \/>\n<meta property=\"og:site_name\" content=\"kerekparbalaton.hu\" \/>\n<meta property=\"article:modified_time\" content=\"2025-11-20T19:00:02+00:00\" \/>\n<meta property=\"og:image\" content=\"https:\/\/kerekparbalaton.hu\/wp-content\/uploads\/2025\/11\/x-ultra-360gtx-noi-lila.webp\" \/>\n\t<meta property=\"og:image:width\" content=\"1000\" \/>\n\t<meta property=\"og:image:height\" content=\"1000\" \/>\n\t<meta property=\"og:image:type\" content=\"image\/webp\" \/>\n<meta name=\"twitter:card\" content=\"summary_large_image\" \/>\n<meta name=\"twitter:label1\" content=\"Gesch\u00e4tzte Lesezeit\" \/>\n\t<meta name=\"twitter:data1\" content=\"1\u00a0Minute\" \/>\n<script type=\"application\/ld+json\" class=\"yoast-schema-graph\">{\"@context\":\"https:\\\/\\\/schema.org\",\"@graph\":[{\"@type\":\"WebPage\",\"@id\":\"https:\\\/\\\/kerekparbalaton.hu\\\/termek\\\/x-ultra-360-gtx-w\\\/\",\"url\":\"https:\\\/\\\/kerekparbalaton.hu\\\/termek\\\/x-ultra-360-gtx-w\\\/\",\"name\":\"X Ultra 360 GTX W - kerekparbalaton.hu\",\"isPartOf\":{\"@id\":\"https:\\\/\\\/kerekparbalaton.hu\\\/#website\"},\"primaryImageOfPage\":{\"@id\":\"https:\\\/\\\/kerekparbalaton.hu\\\/termek\\\/x-ultra-360-gtx-w\\\/#primaryimage\"},\"image\":{\"@id\":\"https:\\\/\\\/kerekparbalaton.hu\\\/termek\\\/x-ultra-360-gtx-w\\\/#primaryimage\"},\"thumbnailUrl\":\"https:\\\/\\\/kerekparbalaton.hu\\\/wp-content\\\/uploads\\\/2025\\\/11\\\/x-ultra-360gtx-noi-lila.webp\",\"datePublished\":\"2025-11-19T14:09:25+00:00\",\"dateModified\":\"2025-11-20T19:00:02+00:00\",\"breadcrumb\":{\"@id\":\"https:\\\/\\\/kerekparbalaton.hu\\\/termek\\\/x-ultra-360-gtx-w\\\/#breadcrumb\"},\"inLanguage\":\"de\",\"potentialAction\":[{\"@type\":\"ReadAction\",\"target\":[\"https:\\\/\\\/kerekparbalaton.hu\\\/termek\\\/x-ultra-360-gtx-w\\\/\"]}]},{\"@type\":\"ImageObject\",\"inLanguage\":\"de\",\"@id\":\"https:\\\/\\\/kerekparbalaton.hu\\\/termek\\\/x-ultra-360-gtx-w\\\/#primaryimage\",\"url\":\"https:\\\/\\\/kerekparbalaton.hu\\\/wp-content\\\/uploads\\\/2025\\\/11\\\/x-ultra-360gtx-noi-lila.webp\",\"contentUrl\":\"https:\\\/\\\/kerekparbalaton.hu\\\/wp-content\\\/uploads\\\/2025\\\/11\\\/x-ultra-360gtx-noi-lila.webp\",\"width\":1000,\"height\":1000},{\"@type\":\"BreadcrumbList\",\"@id\":\"https:\\\/\\\/kerekparbalaton.hu\\\/termek\\\/x-ultra-360-gtx-w\\\/#breadcrumb\",\"itemListElement\":[{\"@type\":\"ListItem\",\"position\":1,\"name\":\"Kezd\u0151lap\",\"item\":\"https:\\\/\\\/kerekparbalaton.hu\\\/\"},{\"@type\":\"ListItem\",\"position\":2,\"name\":\"Shop\",\"item\":\"https:\\\/\\\/kerekparbalaton.hu\\\/uzlet\\\/\"},{\"@type\":\"ListItem\",\"position\":3,\"name\":\"X Ultra 360 GTX W\"}]},{\"@type\":\"WebSite\",\"@id\":\"https:\\\/\\\/kerekparbalaton.hu\\\/#website\",\"url\":\"https:\\\/\\\/kerekparbalaton.hu\\\/\",\"name\":\"kerekparbalaton.hu\",\"description\":\"Ker\u00e9kp\u00e1rb\u00e9rl\u00e9s Balaton\",\"publisher\":{\"@id\":\"https:\\\/\\\/kerekparbalaton.hu\\\/#organization\"},\"potentialAction\":[{\"@type\":\"SearchAction\",\"target\":{\"@type\":\"EntryPoint\",\"urlTemplate\":\"https:\\\/\\\/kerekparbalaton.hu\\\/?s={search_term_string}\"},\"query-input\":{\"@type\":\"PropertyValueSpecification\",\"valueRequired\":true,\"valueName\":\"search_term_string\"}}],\"inLanguage\":\"de\"},{\"@type\":\"Organization\",\"@id\":\"https:\\\/\\\/kerekparbalaton.hu\\\/#organization\",\"name\":\"kerekparbalaton.hu\",\"url\":\"https:\\\/\\\/kerekparbalaton.hu\\\/\",\"logo\":{\"@type\":\"ImageObject\",\"inLanguage\":\"de\",\"@id\":\"https:\\\/\\\/kerekparbalaton.hu\\\/#\\\/schema\\\/logo\\\/image\\\/\",\"url\":\"https:\\\/\\\/kerekparbalaton.hu\\\/wp-content\\\/uploads\\\/2023\\\/12\\\/Csopi-kerekpar-redesign-e1718779950933.png\",\"contentUrl\":\"https:\\\/\\\/kerekparbalaton.hu\\\/wp-content\\\/uploads\\\/2023\\\/12\\\/Csopi-kerekpar-redesign-e1718779950933.png\",\"width\":1000,\"height\":436,\"caption\":\"kerekparbalaton.hu\"},\"image\":{\"@id\":\"https:\\\/\\\/kerekparbalaton.hu\\\/#\\\/schema\\\/logo\\\/image\\\/\"}}]}<\/script>\n<!-- \/ Yoast SEO plugin. -->","yoast_head_json":{"title":"X Ultra 360 GTX W - kerekparbalaton.hu","robots":{"index":"index","follow":"follow","max-snippet":"max-snippet:-1","max-image-preview":"max-image-preview:large","max-video-preview":"max-video-preview:-1"},"canonical":"https:\/\/kerekparbalaton.hu\/de\/produkt\/x-ultra-360-gtx-w\/","og_locale":"de_DE","og_type":"article","og_title":"X Ultra 360 GTX W - kerekparbalaton.hu","og_description":"T\u00faracip\u0151 emelked\u0151kre, lejt\u0151kre \u00e9s mindennapi kalandokra. A n\u00e9pszer\u0171 X ULTRA term\u00e9kcsal\u00e1d \u00e1ltal inspir\u00e1lt t\u00faracip\u0151 minden elhivatott outdoor rajong\u00f3 egy\u00e9rtelm\u0171 v\u00e1laszt\u00e1sa. Az X ULTRA 360 GORE-TEX tartalmaz minden olyan fontos technol\u00f3gi\u00e1t, amire csak sz\u00fcks\u00e9ged van, ide\u00e9rtve az All Terrain Contagrip k\u00fcls\u0151talpat \u00e9s term\u00e9szetesen a Gore-Tex\u00ae v\u00edz\u00e1ll\u00f3 membr\u00e1nt is. GORE-TEX v\u00edz\u00e1ll\u00f3, l\u00e9legz\u0151 membr\u00e1n EnergyCell: Egy nagy teljes\u00edtm\u00e9ny\u0171 [&hellip;]","og_url":"https:\/\/kerekparbalaton.hu\/de\/produkt\/x-ultra-360-gtx-w\/","og_site_name":"kerekparbalaton.hu","article_modified_time":"2025-11-20T19:00:02+00:00","og_image":[{"width":1000,"height":1000,"url":"https:\/\/kerekparbalaton.hu\/wp-content\/uploads\/2025\/11\/x-ultra-360gtx-noi-lila.webp","type":"image\/webp"}],"twitter_card":"summary_large_image","twitter_misc":{"Gesch\u00e4tzte Lesezeit":"1\u00a0Minute"},"schema":{"@context":"https:\/\/schema.org","@graph":[{"@type":"WebPage","@id":"https:\/\/kerekparbalaton.hu\/termek\/x-ultra-360-gtx-w\/","url":"https:\/\/kerekparbalaton.hu\/termek\/x-ultra-360-gtx-w\/","name":"X Ultra 360 GTX W - kerekparbalaton.hu","isPartOf":{"@id":"https:\/\/kerekparbalaton.hu\/#website"},"primaryImageOfPage":{"@id":"https:\/\/kerekparbalaton.hu\/termek\/x-ultra-360-gtx-w\/#primaryimage"},"image":{"@id":"https:\/\/kerekparbalaton.hu\/termek\/x-ultra-360-gtx-w\/#primaryimage"},"thumbnailUrl":"https:\/\/kerekparbalaton.hu\/wp-content\/uploads\/2025\/11\/x-ultra-360gtx-noi-lila.webp","datePublished":"2025-11-19T14:09:25+00:00","dateModified":"2025-11-20T19:00:02+00:00","breadcrumb":{"@id":"https:\/\/kerekparbalaton.hu\/termek\/x-ultra-360-gtx-w\/#breadcrumb"},"inLanguage":"de","potentialAction":[{"@type":"ReadAction","target":["https:\/\/kerekparbalaton.hu\/termek\/x-ultra-360-gtx-w\/"]}]},{"@type":"ImageObject","inLanguage":"de","@id":"https:\/\/kerekparbalaton.hu\/termek\/x-ultra-360-gtx-w\/#primaryimage","url":"https:\/\/kerekparbalaton.hu\/wp-content\/uploads\/2025\/11\/x-ultra-360gtx-noi-lila.webp","contentUrl":"https:\/\/kerekparbalaton.hu\/wp-content\/uploads\/2025\/11\/x-ultra-360gtx-noi-lila.webp","width":1000,"height":1000},{"@type":"BreadcrumbList","@id":"https:\/\/kerekparbalaton.hu\/termek\/x-ultra-360-gtx-w\/#breadcrumb","itemListElement":[{"@type":"ListItem","position":1,"name":"Kezd\u0151lap","item":"https:\/\/kerekparbalaton.hu\/"},{"@type":"ListItem","position":2,"name":"Shop","item":"https:\/\/kerekparbalaton.hu\/uzlet\/"},{"@type":"ListItem","position":3,"name":"X Ultra 360 GTX W"}]},{"@type":"WebSite","@id":"https:\/\/kerekparbalaton.hu\/#website","url":"https:\/\/kerekparbalaton.hu\/","name":"rundparbalaton.hu","description":"Fahrradverleih Balaton","publisher":{"@id":"https:\/\/kerekparbalaton.hu\/#organization"},"potentialAction":[{"@type":"SearchAction","target":{"@type":"EntryPoint","urlTemplate":"https:\/\/kerekparbalaton.hu\/?s={search_term_string}"},"query-input":{"@type":"PropertyValueSpecification","valueRequired":true,"valueName":"search_term_string"}}],"inLanguage":"de"},{"@type":"Organization","@id":"https:\/\/kerekparbalaton.hu\/#organization","name":"rundparbalaton.hu","url":"https:\/\/kerekparbalaton.hu\/","logo":{"@type":"ImageObject","inLanguage":"de","@id":"https:\/\/kerekparbalaton.hu\/#\/schema\/logo\/image\/","url":"https:\/\/kerekparbalaton.hu\/wp-content\/uploads\/2023\/12\/Csopi-kerekpar-redesign-e1718779950933.png","contentUrl":"https:\/\/kerekparbalaton.hu\/wp-content\/uploads\/2023\/12\/Csopi-kerekpar-redesign-e1718779950933.png","width":1000,"height":436,"caption":"kerekparbalaton.hu"},"image":{"@id":"https:\/\/kerekparbalaton.hu\/#\/schema\/logo\/image\/"}}]}},"_links":{"self":[{"href":"https:\/\/kerekparbalaton.hu\/de\/wp-json\/wp\/v2\/product\/4671","targetHints":{"allow":["GET"]}}],"collection":[{"href":"https:\/\/kerekparbalaton.hu\/de\/wp-json\/wp\/v2\/product"}],"about":[{"href":"https:\/\/kerekparbalaton.hu\/de\/wp-json\/wp\/v2\/types\/product"}],"replies":[{"embeddable":true,"href":"https:\/\/kerekparbalaton.hu\/de\/wp-json\/wp\/v2\/comments?post=4671"}],"wp:featuredmedia":[{"embeddable":true,"href":"https:\/\/kerekparbalaton.hu\/de\/wp-json\/wp\/v2\/media\/4703"}],"wp:attachment":[{"href":"https:\/\/kerekparbalaton.hu\/de\/wp-json\/wp\/v2\/media?parent=4671"}],"wp:term":[{"taxonomy":"product_brand","embeddable":true,"href":"https:\/\/kerekparbalaton.hu\/de\/wp-json\/wp\/v2\/product_brand?post=4671"},{"taxonomy":"product_cat","embeddable":true,"href":"https:\/\/kerekparbalaton.hu\/de\/wp-json\/wp\/v2\/product_cat?post=4671"},{"taxonomy":"product_tag","embeddable":true,"href":"https:\/\/kerekparbalaton.hu\/de\/wp-json\/wp\/v2\/product_tag?post=4671"}],"curies":[{"name":"wp","href":"https:\/\/api.w.org\/{rel}","templated":true}]}}