{"id":4652,"date":"2025-11-19T13:25:07","date_gmt":"2025-11-19T13:25:07","guid":{"rendered":"https:\/\/kerekparbalaton.hu\/?post_type=product&#038;p=4652"},"modified":"2025-12-10T08:16:31","modified_gmt":"2025-12-10T08:16:31","slug":"distance-600","status":"publish","type":"product","link":"https:\/\/kerekparbalaton.hu\/de\/produkt\/distance-600\/","title":{"rendered":"Distance 600"},"content":{"rendered":"<p><b>M\u0171szaki adatok:<\/b><\/p>\n<ul>\n<li style=\"font-weight: 400;\" aria-level=\"1\"><span style=\"font-weight: 400;\">V\u00e1z: Kenzel trekking alum\u00ednium<\/span><\/li>\n<li style=\"font-weight: 400;\" aria-level=\"1\"><span style=\"font-weight: 400;\">Villa: SR Suntour NCX-D LO 700C<\/span><\/li>\n<li style=\"font-weight: 400;\" aria-level=\"1\"><span style=\"font-weight: 400;\">Els\u0151 v\u00e1lt\u00f3: Shimano Alivio SL-M4000 3&#215;9<\/span><\/li>\n<li style=\"font-weight: 400;\" aria-level=\"1\"><span style=\"font-weight: 400;\">H\u00e1ts\u00f3 v\u00e1lt\u00f3: Shimano Deore RD-M592 SGS<\/span><\/li>\n<li style=\"font-weight: 400;\" aria-level=\"1\"><span style=\"font-weight: 400;\">Hajt\u00f3m\u0171: Shimano Alivio FC-T4060-8 48\/36\/26T Octalink<\/span><\/li>\n<li style=\"font-weight: 400;\" aria-level=\"1\"><span style=\"font-weight: 400;\">Agyak: Shimano HB-RM35 \/ FH-RM35<\/span><\/li>\n<li style=\"font-weight: 400;\" aria-level=\"1\"><span style=\"font-weight: 400;\">F\u00e9kek: Shimano BR-MT401 hidraulikus t\u00e1rcsaf\u00e9k<\/span><\/li>\n<li style=\"font-weight: 400;\" aria-level=\"1\"><span style=\"font-weight: 400;\">V\u00e1zm\u00e9ret: 44 cm (16&#8243;) \/ 48 cm (18&#8243;) (n\u0151i)<\/span><\/li>\n<li style=\"font-weight: 400;\" aria-level=\"1\"><span style=\"font-weight: 400;\">S\u00faly: 14,3 kg<\/span><\/li>\n<li style=\"font-weight: 400;\" aria-level=\"1\"><span style=\"font-weight: 400;\">Ker\u00e9km\u00e9ret: 28&#8243;<\/span><\/li>\n<\/ul>\n<p><span style=\"font-weight: 400;\">Aj\u00e1nlott magass\u00e1g (f\u00e9rfi)<\/span><\/p>\n<p><span style=\"font-weight: 400;\">48 cm v\u00e1zm\u00e9ret \u2013 165 cm &#8211; 180 cm<\/span><span style=\"font-weight: 400;\"><br \/>\n<\/span><span style=\"font-weight: 400;\">51 cm v\u00e1zm\u00e9ret \u2013 175 cm &#8211; 188 cm<\/span><span style=\"font-weight: 400;\"><br \/>\n<\/span><span style=\"font-weight: 400;\">56 cm v\u00e1zm\u00e9ret \u2013 180 cm &#8211; 200 cm<\/span><\/p>\n<p><span style=\"font-weight: 400;\">Aj\u00e1nlott magass\u00e1g (n\u0151i)<\/span><\/p>\n<p><span style=\"font-weight: 400;\">44 cm v\u00e1zm\u00e9ret \u2013 155 cm &#8211; 175 cm<\/span><span style=\"font-weight: 400;\"><br \/>\n<\/span><span style=\"font-weight: 400;\">48 cm v\u00e1zm\u00e9ret \u2013 165 cm &#8211; 185 cm<\/span><\/p>\n<p><span style=\"font-weight: 400;\">\u00d6sszegz\u00e9s:<\/span><\/p>\n<p><span style=\"font-weight: 400;\">A Kenzel Distance CR 600 Lady ker\u00e9kp\u00e1r a n\u0151i ker\u00e9kp\u00e1rosok sz\u00e1m\u00e1ra k\u00e9sz\u00fclt, akik k\u00e9nyelmes \u00e9s megb\u00edzhat\u00f3 t\u00e1rsra v\u00e1gynak mind a v\u00e1rosi k\u00f6zleked\u00e9sben, mind a k\u00f6nnyebb terepen t\u00f6rt\u00e9n\u0151 t\u00far\u00e1k sor\u00e1n. Az SR Suntour teleszk\u00f3p \u00e9s a Shimano hidraulikus t\u00e1rcsaf\u00e9kek gondoskodnak a k\u00e9nyelmes \u00e9s biztons\u00e1gos vezet\u00e9sr\u0151l, m\u00edg a Shimano Alivio v\u00e1lt\u00f3rendszer sima v\u00e1lt\u00e1st biztos\u00edt. A k\u00f6nny\u0171 alum\u00ednium v\u00e1z \u00e9s a st\u00edlusos diz\u00e1jn t\u00f6k\u00e9letes kombin\u00e1ci\u00f3ja teszi ezt a ker\u00e9kp\u00e1rt ide\u00e1lis v\u00e1laszt\u00e1ss\u00e1 a mindennapi \u00e9s t\u00fara ker\u00e9kp\u00e1roz\u00e1shoz.<\/span><\/p>\n<p>&nbsp;<\/p>\n<p><span style=\"font-weight: 400;\"><strong>Ker\u00e9kp\u00e1r v\u00e1s\u00e1rl\u00e1sa eset\u00e9n + 30.000,- garanci\u00e1lis \u00fczembe helyez\u00e9s<\/strong>, mely tartalmazza f\u00e9l \u00e9ven bel\u00fcl esed\u00e9kes els\u0151 kis szerviz \u00e1r\u00e1t is (\u00e1llapotfelm\u00e9r\u00e9s, f\u00e9kek, v\u00e1lt\u00f3k be\u00e1ll\u00edt\u00e1sa, csap\u00e1gyak ellen\u0151rz\u00e9se)<\/span><\/p>\n<p><span style=\"font-weight: 400;\">A garancia felt\u00e9tele ennek megv\u00e1s\u00e1rl\u00e1sa.<\/span><\/p>\n<p>&nbsp;<\/p>","protected":false},"excerpt":{"rendered":"<p>M\u0171szaki adatok: V\u00e1z: Kenzel trekking alum\u00ednium Villa: SR Suntour NCX-D LO 700C Els\u0151 v\u00e1lt\u00f3: Shimano Alivio SL-M4000 3&#215;9 H\u00e1ts\u00f3 v\u00e1lt\u00f3: Shimano Deore RD-M592 SGS Hajt\u00f3m\u0171: Shimano Alivio FC-T4060-8 48\/36\/26T Octalink Agyak: Shimano HB-RM35 \/ FH-RM35 F\u00e9kek: Shimano BR-MT401 hidraulikus t\u00e1rcsaf\u00e9k V\u00e1zm\u00e9ret: 44 cm (16&#8243;) \/ 48 cm (18&#8243;) (n\u0151i) S\u00faly: 14,3 kg Ker\u00e9km\u00e9ret: 28&#8243; Aj\u00e1nlott [&hellip;]<\/p>\n","protected":false},"featured_media":0,"comment_status":"open","ping_status":"closed","template":"","meta":[],"product_brand":[],"product_cat":[199,198],"product_tag":[],"class_list":{"0":"post-4652","1":"product","2":"type-product","3":"status-publish","5":"product_cat-analog-kerekparok","6":"product_cat-kerekparozas","7":"product_shipping_class-nagy-meretu-csomag-kerekpar-szallitas","9":"first","10":"instock","11":"shipping-taxable","12":"purchasable","13":"product-type-variable"},"yoast_head":"<!-- This site is optimized with the Yoast SEO plugin v27.5 - https:\/\/yoast.com\/product\/yoast-seo-wordpress\/ -->\n<title>Distance 600 - kerekparbalaton.hu<\/title>\n<meta name=\"robots\" content=\"index, follow, max-snippet:-1, max-image-preview:large, max-video-preview:-1\" \/>\n<link rel=\"canonical\" href=\"https:\/\/kerekparbalaton.hu\/de\/produkt\/distance-600\/\" \/>\n<meta property=\"og:locale\" content=\"de_DE\" \/>\n<meta property=\"og:type\" content=\"article\" \/>\n<meta property=\"og:title\" content=\"Distance 600 - kerekparbalaton.hu\" \/>\n<meta property=\"og:description\" content=\"M\u0171szaki adatok: V\u00e1z: Kenzel trekking alum\u00ednium Villa: SR Suntour NCX-D LO 700C Els\u0151 v\u00e1lt\u00f3: Shimano Alivio SL-M4000 3&#215;9 H\u00e1ts\u00f3 v\u00e1lt\u00f3: Shimano Deore RD-M592 SGS Hajt\u00f3m\u0171: Shimano Alivio FC-T4060-8 48\/36\/26T Octalink Agyak: Shimano HB-RM35 \/ FH-RM35 F\u00e9kek: Shimano BR-MT401 hidraulikus t\u00e1rcsaf\u00e9k V\u00e1zm\u00e9ret: 44 cm (16&#8243;) \/ 48 cm (18&#8243;) (n\u0151i) S\u00faly: 14,3 kg Ker\u00e9km\u00e9ret: 28&#8243; Aj\u00e1nlott [&hellip;]\" \/>\n<meta property=\"og:url\" content=\"https:\/\/kerekparbalaton.hu\/de\/produkt\/distance-600\/\" \/>\n<meta property=\"og:site_name\" content=\"kerekparbalaton.hu\" \/>\n<meta property=\"article:modified_time\" content=\"2025-12-10T08:16:31+00:00\" \/>\n<meta name=\"twitter:card\" content=\"summary_large_image\" \/>\n<meta name=\"twitter:label1\" content=\"Gesch\u00e4tzte Lesezeit\" \/>\n\t<meta name=\"twitter:data1\" content=\"2\u00a0Minuten\" \/>\n<script type=\"application\/ld+json\" class=\"yoast-schema-graph\">{\"@context\":\"https:\\\/\\\/schema.org\",\"@graph\":[{\"@type\":\"WebPage\",\"@id\":\"https:\\\/\\\/kerekparbalaton.hu\\\/termek\\\/distance-600\\\/\",\"url\":\"https:\\\/\\\/kerekparbalaton.hu\\\/termek\\\/distance-600\\\/\",\"name\":\"Distance 600 - kerekparbalaton.hu\",\"isPartOf\":{\"@id\":\"https:\\\/\\\/kerekparbalaton.hu\\\/#website\"},\"datePublished\":\"2025-11-19T13:25:07+00:00\",\"dateModified\":\"2025-12-10T08:16:31+00:00\",\"breadcrumb\":{\"@id\":\"https:\\\/\\\/kerekparbalaton.hu\\\/termek\\\/distance-600\\\/#breadcrumb\"},\"inLanguage\":\"de\",\"potentialAction\":[{\"@type\":\"ReadAction\",\"target\":[\"https:\\\/\\\/kerekparbalaton.hu\\\/termek\\\/distance-600\\\/\"]}]},{\"@type\":\"BreadcrumbList\",\"@id\":\"https:\\\/\\\/kerekparbalaton.hu\\\/termek\\\/distance-600\\\/#breadcrumb\",\"itemListElement\":[{\"@type\":\"ListItem\",\"position\":1,\"name\":\"Kezd\u0151lap\",\"item\":\"https:\\\/\\\/kerekparbalaton.hu\\\/\"},{\"@type\":\"ListItem\",\"position\":2,\"name\":\"Shop\",\"item\":\"https:\\\/\\\/kerekparbalaton.hu\\\/uzlet\\\/\"},{\"@type\":\"ListItem\",\"position\":3,\"name\":\"Distance 600\"}]},{\"@type\":\"WebSite\",\"@id\":\"https:\\\/\\\/kerekparbalaton.hu\\\/#website\",\"url\":\"https:\\\/\\\/kerekparbalaton.hu\\\/\",\"name\":\"kerekparbalaton.hu\",\"description\":\"Ker\u00e9kp\u00e1rb\u00e9rl\u00e9s Balaton\",\"publisher\":{\"@id\":\"https:\\\/\\\/kerekparbalaton.hu\\\/#organization\"},\"potentialAction\":[{\"@type\":\"SearchAction\",\"target\":{\"@type\":\"EntryPoint\",\"urlTemplate\":\"https:\\\/\\\/kerekparbalaton.hu\\\/?s={search_term_string}\"},\"query-input\":{\"@type\":\"PropertyValueSpecification\",\"valueRequired\":true,\"valueName\":\"search_term_string\"}}],\"inLanguage\":\"de\"},{\"@type\":\"Organization\",\"@id\":\"https:\\\/\\\/kerekparbalaton.hu\\\/#organization\",\"name\":\"kerekparbalaton.hu\",\"url\":\"https:\\\/\\\/kerekparbalaton.hu\\\/\",\"logo\":{\"@type\":\"ImageObject\",\"inLanguage\":\"de\",\"@id\":\"https:\\\/\\\/kerekparbalaton.hu\\\/#\\\/schema\\\/logo\\\/image\\\/\",\"url\":\"https:\\\/\\\/kerekparbalaton.hu\\\/wp-content\\\/uploads\\\/2023\\\/12\\\/Csopi-kerekpar-redesign-e1718779950933.png\",\"contentUrl\":\"https:\\\/\\\/kerekparbalaton.hu\\\/wp-content\\\/uploads\\\/2023\\\/12\\\/Csopi-kerekpar-redesign-e1718779950933.png\",\"width\":1000,\"height\":436,\"caption\":\"kerekparbalaton.hu\"},\"image\":{\"@id\":\"https:\\\/\\\/kerekparbalaton.hu\\\/#\\\/schema\\\/logo\\\/image\\\/\"}}]}<\/script>\n<!-- \/ Yoast SEO plugin. -->","yoast_head_json":{"title":"Distance 600 - kerekparbalaton.hu","robots":{"index":"index","follow":"follow","max-snippet":"max-snippet:-1","max-image-preview":"max-image-preview:large","max-video-preview":"max-video-preview:-1"},"canonical":"https:\/\/kerekparbalaton.hu\/de\/produkt\/distance-600\/","og_locale":"de_DE","og_type":"article","og_title":"Distance 600 - kerekparbalaton.hu","og_description":"M\u0171szaki adatok: V\u00e1z: Kenzel trekking alum\u00ednium Villa: SR Suntour NCX-D LO 700C Els\u0151 v\u00e1lt\u00f3: Shimano Alivio SL-M4000 3&#215;9 H\u00e1ts\u00f3 v\u00e1lt\u00f3: Shimano Deore RD-M592 SGS Hajt\u00f3m\u0171: Shimano Alivio FC-T4060-8 48\/36\/26T Octalink Agyak: Shimano HB-RM35 \/ FH-RM35 F\u00e9kek: Shimano BR-MT401 hidraulikus t\u00e1rcsaf\u00e9k V\u00e1zm\u00e9ret: 44 cm (16&#8243;) \/ 48 cm (18&#8243;) (n\u0151i) S\u00faly: 14,3 kg Ker\u00e9km\u00e9ret: 28&#8243; Aj\u00e1nlott [&hellip;]","og_url":"https:\/\/kerekparbalaton.hu\/de\/produkt\/distance-600\/","og_site_name":"kerekparbalaton.hu","article_modified_time":"2025-12-10T08:16:31+00:00","twitter_card":"summary_large_image","twitter_misc":{"Gesch\u00e4tzte Lesezeit":"2\u00a0Minuten"},"schema":{"@context":"https:\/\/schema.org","@graph":[{"@type":"WebPage","@id":"https:\/\/kerekparbalaton.hu\/termek\/distance-600\/","url":"https:\/\/kerekparbalaton.hu\/termek\/distance-600\/","name":"Distance 600 - kerekparbalaton.hu","isPartOf":{"@id":"https:\/\/kerekparbalaton.hu\/#website"},"datePublished":"2025-11-19T13:25:07+00:00","dateModified":"2025-12-10T08:16:31+00:00","breadcrumb":{"@id":"https:\/\/kerekparbalaton.hu\/termek\/distance-600\/#breadcrumb"},"inLanguage":"de","potentialAction":[{"@type":"ReadAction","target":["https:\/\/kerekparbalaton.hu\/termek\/distance-600\/"]}]},{"@type":"BreadcrumbList","@id":"https:\/\/kerekparbalaton.hu\/termek\/distance-600\/#breadcrumb","itemListElement":[{"@type":"ListItem","position":1,"name":"Kezd\u0151lap","item":"https:\/\/kerekparbalaton.hu\/"},{"@type":"ListItem","position":2,"name":"Shop","item":"https:\/\/kerekparbalaton.hu\/uzlet\/"},{"@type":"ListItem","position":3,"name":"Distance 600"}]},{"@type":"WebSite","@id":"https:\/\/kerekparbalaton.hu\/#website","url":"https:\/\/kerekparbalaton.hu\/","name":"rundparbalaton.hu","description":"Fahrradverleih Balaton","publisher":{"@id":"https:\/\/kerekparbalaton.hu\/#organization"},"potentialAction":[{"@type":"SearchAction","target":{"@type":"EntryPoint","urlTemplate":"https:\/\/kerekparbalaton.hu\/?s={search_term_string}"},"query-input":{"@type":"PropertyValueSpecification","valueRequired":true,"valueName":"search_term_string"}}],"inLanguage":"de"},{"@type":"Organization","@id":"https:\/\/kerekparbalaton.hu\/#organization","name":"rundparbalaton.hu","url":"https:\/\/kerekparbalaton.hu\/","logo":{"@type":"ImageObject","inLanguage":"de","@id":"https:\/\/kerekparbalaton.hu\/#\/schema\/logo\/image\/","url":"https:\/\/kerekparbalaton.hu\/wp-content\/uploads\/2023\/12\/Csopi-kerekpar-redesign-e1718779950933.png","contentUrl":"https:\/\/kerekparbalaton.hu\/wp-content\/uploads\/2023\/12\/Csopi-kerekpar-redesign-e1718779950933.png","width":1000,"height":436,"caption":"kerekparbalaton.hu"},"image":{"@id":"https:\/\/kerekparbalaton.hu\/#\/schema\/logo\/image\/"}}]}},"_links":{"self":[{"href":"https:\/\/kerekparbalaton.hu\/de\/wp-json\/wp\/v2\/product\/4652","targetHints":{"allow":["GET"]}}],"collection":[{"href":"https:\/\/kerekparbalaton.hu\/de\/wp-json\/wp\/v2\/product"}],"about":[{"href":"https:\/\/kerekparbalaton.hu\/de\/wp-json\/wp\/v2\/types\/product"}],"replies":[{"embeddable":true,"href":"https:\/\/kerekparbalaton.hu\/de\/wp-json\/wp\/v2\/comments?post=4652"}],"wp:attachment":[{"href":"https:\/\/kerekparbalaton.hu\/de\/wp-json\/wp\/v2\/media?parent=4652"}],"wp:term":[{"taxonomy":"product_brand","embeddable":true,"href":"https:\/\/kerekparbalaton.hu\/de\/wp-json\/wp\/v2\/product_brand?post=4652"},{"taxonomy":"product_cat","embeddable":true,"href":"https:\/\/kerekparbalaton.hu\/de\/wp-json\/wp\/v2\/product_cat?post=4652"},{"taxonomy":"product_tag","embeddable":true,"href":"https:\/\/kerekparbalaton.hu\/de\/wp-json\/wp\/v2\/product_tag?post=4652"}],"curies":[{"name":"wp","href":"https:\/\/api.w.org\/{rel}","templated":true}]}}