{"id":4644,"date":"2025-11-19T12:11:46","date_gmt":"2025-11-19T12:11:46","guid":{"rendered":"https:\/\/kerekparbalaton.hu\/?post_type=product&#038;p=4644"},"modified":"2025-12-10T08:16:31","modified_gmt":"2025-12-10T08:16:31","slug":"calibre-400","status":"publish","type":"product","link":"https:\/\/kerekparbalaton.hu\/de\/produkt\/calibre-400\/","title":{"rendered":"Kaliber 400"},"content":{"rendered":"<p><b>M\u0171szaki adatok:<\/b><\/p>\n<ul>\n<li style=\"font-weight: 400;\" aria-level=\"1\"><span style=\"font-weight: 400;\">V\u00e1z: Kenzel Road K-light aluminium<\/span><\/li>\n<li style=\"font-weight: 400;\" aria-level=\"1\"><span style=\"font-weight: 400;\">Villa: Road aluminium tapered<\/span><\/li>\n<li style=\"font-weight: 400;\" aria-level=\"1\"><span style=\"font-weight: 400;\">V\u00e1lt\u00f3: Shimano Tourney A070 2&#215;7 sebess\u00e9g<\/span><\/li>\n<li style=\"font-weight: 400;\" aria-level=\"1\"><span style=\"font-weight: 400;\">Hajt\u00f3m\u0171: Shimano Tourney FC-A070 50\/34T<\/span><\/li>\n<li style=\"font-weight: 400;\" aria-level=\"1\"><span style=\"font-weight: 400;\">Agyak: Aluminium<\/span><\/li>\n<li style=\"font-weight: 400;\" aria-level=\"1\"><span style=\"font-weight: 400;\">V\u00e1zm\u00e9retek: 52 cm, 54 cm, 56 cm, 58 cm<\/span><\/li>\n<\/ul>\n<p><span style=\"font-weight: 400;\">V\u00e1zm\u00e9retek \u00e9s aj\u00e1nlott magass\u00e1gok:<\/span><\/p>\n<p><span style=\"font-weight: 400;\">52 cm v\u00e1zm\u00e9ret: Aj\u00e1nlott magass\u00e1g: 155 cm &#8211; 175 cm<\/span><span style=\"font-weight: 400;\"><br \/>\n<\/span><span style=\"font-weight: 400;\">54 cm v\u00e1zm\u00e9ret: Aj\u00e1nlott magass\u00e1g: 170 cm &#8211; 185 cm<\/span><span style=\"font-weight: 400;\"><br \/>\n<\/span><span style=\"font-weight: 400;\">56 cm v\u00e1zm\u00e9ret: Aj\u00e1nlott magass\u00e1g: 175 cm &#8211; 190 cm<\/span><span style=\"font-weight: 400;\"><br \/>\n<\/span><span style=\"font-weight: 400;\">58 cm v\u00e1zm\u00e9ret: Aj\u00e1nlott magass\u00e1g: 180 cm &#8211; 200 cm<\/span><\/p>\n<p><span style=\"font-weight: 400;\">Zusammenfassung<\/span><\/p>\n<p><span style=\"font-weight: 400;\">A Kenzel CALIBRE 400 ker\u00e9kp\u00e1r egy ide\u00e1lis v\u00e1laszt\u00e1s azoknak, akik egy k\u00f6nny\u0171, megb\u00edzhat\u00f3 \u00e9s k\u00e9nyelmes road ker\u00e9kp\u00e1rt keresnek, melyet a Shimano Tourney A070 v\u00e1lt\u00f3rendszer \u00e9s a Kenzel Road K-light aluminium v\u00e1z jellemez. A ker\u00e9kp\u00e1r eleg\u00e1ns, sportos diz\u00e1jnja \u00e9s a Shimano Tourney rendszerrel t\u00f6rt\u00e9n\u0151 prec\u00edz sebess\u00e9gv\u00e1lt\u00e1s biztos\u00edtja a zavartalan \u00e9s gyors vezet\u00e9st b\u00e1rmely \u00fatfel\u00fcleten. T\u00f6k\u00e9letes v\u00e1laszt\u00e1s mindennapi k\u00f6zleked\u00e9shez \u00e9s k\u00f6zepes t\u00e1v\u00fa t\u00far\u00e1khoz.<\/span><\/p>\n<p><span style=\"font-weight: 400;\"><strong>Ker\u00e9kp\u00e1r v\u00e1s\u00e1rl\u00e1sa eset\u00e9n + 30.000,- garanci\u00e1lis \u00fczembe helyez\u00e9s,<\/strong> mely tartalmazza f\u00e9l \u00e9ven bel\u00fcl esed\u00e9kes els\u0151 kis szerviz \u00e1r\u00e1t is (\u00e1llapotfelm\u00e9r\u00e9s, f\u00e9kek, v\u00e1lt\u00f3k be\u00e1ll\u00edt\u00e1sa, csap\u00e1gyak ellen\u0151rz\u00e9se)<\/span><\/p>\n<p><span style=\"font-weight: 400;\">A garancia felt\u00e9tele ennek megv\u00e1s\u00e1rl\u00e1sa.<\/span><\/p>","protected":false},"excerpt":{"rendered":"<p>M\u0171szaki adatok: V\u00e1z: Kenzel Road K-light aluminium Villa: Road aluminium tapered V\u00e1lt\u00f3: Shimano Tourney A070 2&#215;7 sebess\u00e9g Hajt\u00f3m\u0171: Shimano Tourney FC-A070 50\/34T Agyak: Aluminium V\u00e1zm\u00e9retek: 52 cm, 54 cm, 56 cm, 58 cm V\u00e1zm\u00e9retek \u00e9s aj\u00e1nlott magass\u00e1gok: 52 cm v\u00e1zm\u00e9ret: Aj\u00e1nlott magass\u00e1g: 155 cm &#8211; 175 cm 54 cm v\u00e1zm\u00e9ret: Aj\u00e1nlott magass\u00e1g: 170 cm &#8211; [&hellip;]<\/p>\n","protected":false},"featured_media":0,"comment_status":"closed","ping_status":"closed","template":"","meta":[],"product_brand":[],"product_cat":[199,198],"product_tag":[],"class_list":{"0":"post-4644","1":"product","2":"type-product","3":"status-publish","5":"product_cat-analog-kerekparok","6":"product_cat-kerekparozas","7":"product_shipping_class-nagy-meretu-csomag-kerekpar-szallitas","9":"first","10":"instock","11":"shipping-taxable","12":"purchasable","13":"product-type-variable"},"yoast_head":"<!-- This site is optimized with the Yoast SEO plugin v27.5 - https:\/\/yoast.com\/product\/yoast-seo-wordpress\/ -->\n<title>Calibre 400 - kerekparbalaton.hu<\/title>\n<meta name=\"robots\" content=\"index, follow, max-snippet:-1, max-image-preview:large, max-video-preview:-1\" \/>\n<link rel=\"canonical\" href=\"https:\/\/kerekparbalaton.hu\/de\/produkt\/calibre-400\/\" \/>\n<meta property=\"og:locale\" content=\"de_DE\" \/>\n<meta property=\"og:type\" content=\"article\" \/>\n<meta property=\"og:title\" content=\"Calibre 400 - kerekparbalaton.hu\" \/>\n<meta property=\"og:description\" content=\"M\u0171szaki adatok: V\u00e1z: Kenzel Road K-light aluminium Villa: Road aluminium tapered V\u00e1lt\u00f3: Shimano Tourney A070 2&#215;7 sebess\u00e9g Hajt\u00f3m\u0171: Shimano Tourney FC-A070 50\/34T Agyak: Aluminium V\u00e1zm\u00e9retek: 52 cm, 54 cm, 56 cm, 58 cm V\u00e1zm\u00e9retek \u00e9s aj\u00e1nlott magass\u00e1gok: 52 cm v\u00e1zm\u00e9ret: Aj\u00e1nlott magass\u00e1g: 155 cm &#8211; 175 cm 54 cm v\u00e1zm\u00e9ret: Aj\u00e1nlott magass\u00e1g: 170 cm &#8211; [&hellip;]\" \/>\n<meta property=\"og:url\" content=\"https:\/\/kerekparbalaton.hu\/de\/produkt\/calibre-400\/\" \/>\n<meta property=\"og:site_name\" content=\"kerekparbalaton.hu\" \/>\n<meta property=\"article:modified_time\" content=\"2025-12-10T08:16:31+00:00\" \/>\n<meta name=\"twitter:card\" content=\"summary_large_image\" \/>\n<meta name=\"twitter:label1\" content=\"Gesch\u00e4tzte Lesezeit\" \/>\n\t<meta name=\"twitter:data1\" content=\"1\u00a0Minute\" \/>\n<script type=\"application\/ld+json\" class=\"yoast-schema-graph\">{\"@context\":\"https:\\\/\\\/schema.org\",\"@graph\":[{\"@type\":\"WebPage\",\"@id\":\"https:\\\/\\\/kerekparbalaton.hu\\\/termek\\\/calibre-400\\\/\",\"url\":\"https:\\\/\\\/kerekparbalaton.hu\\\/termek\\\/calibre-400\\\/\",\"name\":\"Calibre 400 - kerekparbalaton.hu\",\"isPartOf\":{\"@id\":\"https:\\\/\\\/kerekparbalaton.hu\\\/#website\"},\"datePublished\":\"2025-11-19T12:11:46+00:00\",\"dateModified\":\"2025-12-10T08:16:31+00:00\",\"breadcrumb\":{\"@id\":\"https:\\\/\\\/kerekparbalaton.hu\\\/termek\\\/calibre-400\\\/#breadcrumb\"},\"inLanguage\":\"de\",\"potentialAction\":[{\"@type\":\"ReadAction\",\"target\":[\"https:\\\/\\\/kerekparbalaton.hu\\\/termek\\\/calibre-400\\\/\"]}]},{\"@type\":\"BreadcrumbList\",\"@id\":\"https:\\\/\\\/kerekparbalaton.hu\\\/termek\\\/calibre-400\\\/#breadcrumb\",\"itemListElement\":[{\"@type\":\"ListItem\",\"position\":1,\"name\":\"Kezd\u0151lap\",\"item\":\"https:\\\/\\\/kerekparbalaton.hu\\\/\"},{\"@type\":\"ListItem\",\"position\":2,\"name\":\"Shop\",\"item\":\"https:\\\/\\\/kerekparbalaton.hu\\\/uzlet\\\/\"},{\"@type\":\"ListItem\",\"position\":3,\"name\":\"Calibre 400\"}]},{\"@type\":\"WebSite\",\"@id\":\"https:\\\/\\\/kerekparbalaton.hu\\\/#website\",\"url\":\"https:\\\/\\\/kerekparbalaton.hu\\\/\",\"name\":\"kerekparbalaton.hu\",\"description\":\"Ker\u00e9kp\u00e1rb\u00e9rl\u00e9s Balaton\",\"publisher\":{\"@id\":\"https:\\\/\\\/kerekparbalaton.hu\\\/#organization\"},\"potentialAction\":[{\"@type\":\"SearchAction\",\"target\":{\"@type\":\"EntryPoint\",\"urlTemplate\":\"https:\\\/\\\/kerekparbalaton.hu\\\/?s={search_term_string}\"},\"query-input\":{\"@type\":\"PropertyValueSpecification\",\"valueRequired\":true,\"valueName\":\"search_term_string\"}}],\"inLanguage\":\"de\"},{\"@type\":\"Organization\",\"@id\":\"https:\\\/\\\/kerekparbalaton.hu\\\/#organization\",\"name\":\"kerekparbalaton.hu\",\"url\":\"https:\\\/\\\/kerekparbalaton.hu\\\/\",\"logo\":{\"@type\":\"ImageObject\",\"inLanguage\":\"de\",\"@id\":\"https:\\\/\\\/kerekparbalaton.hu\\\/#\\\/schema\\\/logo\\\/image\\\/\",\"url\":\"https:\\\/\\\/kerekparbalaton.hu\\\/wp-content\\\/uploads\\\/2023\\\/12\\\/Csopi-kerekpar-redesign-e1718779950933.png\",\"contentUrl\":\"https:\\\/\\\/kerekparbalaton.hu\\\/wp-content\\\/uploads\\\/2023\\\/12\\\/Csopi-kerekpar-redesign-e1718779950933.png\",\"width\":1000,\"height\":436,\"caption\":\"kerekparbalaton.hu\"},\"image\":{\"@id\":\"https:\\\/\\\/kerekparbalaton.hu\\\/#\\\/schema\\\/logo\\\/image\\\/\"}}]}<\/script>\n<!-- \/ Yoast SEO plugin. -->","yoast_head_json":{"title":"Calibre 400 - kerekparbalaton.hu","robots":{"index":"index","follow":"follow","max-snippet":"max-snippet:-1","max-image-preview":"max-image-preview:large","max-video-preview":"max-video-preview:-1"},"canonical":"https:\/\/kerekparbalaton.hu\/de\/produkt\/calibre-400\/","og_locale":"de_DE","og_type":"article","og_title":"Calibre 400 - kerekparbalaton.hu","og_description":"M\u0171szaki adatok: V\u00e1z: Kenzel Road K-light aluminium Villa: Road aluminium tapered V\u00e1lt\u00f3: Shimano Tourney A070 2&#215;7 sebess\u00e9g Hajt\u00f3m\u0171: Shimano Tourney FC-A070 50\/34T Agyak: Aluminium V\u00e1zm\u00e9retek: 52 cm, 54 cm, 56 cm, 58 cm V\u00e1zm\u00e9retek \u00e9s aj\u00e1nlott magass\u00e1gok: 52 cm v\u00e1zm\u00e9ret: Aj\u00e1nlott magass\u00e1g: 155 cm &#8211; 175 cm 54 cm v\u00e1zm\u00e9ret: Aj\u00e1nlott magass\u00e1g: 170 cm &#8211; [&hellip;]","og_url":"https:\/\/kerekparbalaton.hu\/de\/produkt\/calibre-400\/","og_site_name":"kerekparbalaton.hu","article_modified_time":"2025-12-10T08:16:31+00:00","twitter_card":"summary_large_image","twitter_misc":{"Gesch\u00e4tzte Lesezeit":"1\u00a0Minute"},"schema":{"@context":"https:\/\/schema.org","@graph":[{"@type":"WebPage","@id":"https:\/\/kerekparbalaton.hu\/termek\/calibre-400\/","url":"https:\/\/kerekparbalaton.hu\/termek\/calibre-400\/","name":"Calibre 400 - kerekparbalaton.hu","isPartOf":{"@id":"https:\/\/kerekparbalaton.hu\/#website"},"datePublished":"2025-11-19T12:11:46+00:00","dateModified":"2025-12-10T08:16:31+00:00","breadcrumb":{"@id":"https:\/\/kerekparbalaton.hu\/termek\/calibre-400\/#breadcrumb"},"inLanguage":"de","potentialAction":[{"@type":"ReadAction","target":["https:\/\/kerekparbalaton.hu\/termek\/calibre-400\/"]}]},{"@type":"BreadcrumbList","@id":"https:\/\/kerekparbalaton.hu\/termek\/calibre-400\/#breadcrumb","itemListElement":[{"@type":"ListItem","position":1,"name":"Kezd\u0151lap","item":"https:\/\/kerekparbalaton.hu\/"},{"@type":"ListItem","position":2,"name":"Shop","item":"https:\/\/kerekparbalaton.hu\/uzlet\/"},{"@type":"ListItem","position":3,"name":"Calibre 400"}]},{"@type":"WebSite","@id":"https:\/\/kerekparbalaton.hu\/#website","url":"https:\/\/kerekparbalaton.hu\/","name":"rundparbalaton.hu","description":"Fahrradverleih Balaton","publisher":{"@id":"https:\/\/kerekparbalaton.hu\/#organization"},"potentialAction":[{"@type":"SearchAction","target":{"@type":"EntryPoint","urlTemplate":"https:\/\/kerekparbalaton.hu\/?s={search_term_string}"},"query-input":{"@type":"PropertyValueSpecification","valueRequired":true,"valueName":"search_term_string"}}],"inLanguage":"de"},{"@type":"Organization","@id":"https:\/\/kerekparbalaton.hu\/#organization","name":"rundparbalaton.hu","url":"https:\/\/kerekparbalaton.hu\/","logo":{"@type":"ImageObject","inLanguage":"de","@id":"https:\/\/kerekparbalaton.hu\/#\/schema\/logo\/image\/","url":"https:\/\/kerekparbalaton.hu\/wp-content\/uploads\/2023\/12\/Csopi-kerekpar-redesign-e1718779950933.png","contentUrl":"https:\/\/kerekparbalaton.hu\/wp-content\/uploads\/2023\/12\/Csopi-kerekpar-redesign-e1718779950933.png","width":1000,"height":436,"caption":"kerekparbalaton.hu"},"image":{"@id":"https:\/\/kerekparbalaton.hu\/#\/schema\/logo\/image\/"}}]}},"_links":{"self":[{"href":"https:\/\/kerekparbalaton.hu\/de\/wp-json\/wp\/v2\/product\/4644","targetHints":{"allow":["GET"]}}],"collection":[{"href":"https:\/\/kerekparbalaton.hu\/de\/wp-json\/wp\/v2\/product"}],"about":[{"href":"https:\/\/kerekparbalaton.hu\/de\/wp-json\/wp\/v2\/types\/product"}],"replies":[{"embeddable":true,"href":"https:\/\/kerekparbalaton.hu\/de\/wp-json\/wp\/v2\/comments?post=4644"}],"wp:attachment":[{"href":"https:\/\/kerekparbalaton.hu\/de\/wp-json\/wp\/v2\/media?parent=4644"}],"wp:term":[{"taxonomy":"product_brand","embeddable":true,"href":"https:\/\/kerekparbalaton.hu\/de\/wp-json\/wp\/v2\/product_brand?post=4644"},{"taxonomy":"product_cat","embeddable":true,"href":"https:\/\/kerekparbalaton.hu\/de\/wp-json\/wp\/v2\/product_cat?post=4644"},{"taxonomy":"product_tag","embeddable":true,"href":"https:\/\/kerekparbalaton.hu\/de\/wp-json\/wp\/v2\/product_tag?post=4644"}],"curies":[{"name":"wp","href":"https:\/\/api.w.org\/{rel}","templated":true}]}}