{"id":3953,"date":"2025-10-29T13:08:59","date_gmt":"2025-10-29T13:08:59","guid":{"rendered":"https:\/\/kerekparbalaton.hu\/termek\/utanfuto-coaster-xt\/"},"modified":"2025-11-13T17:01:38","modified_gmt":"2025-11-13T17:01:38","slug":"utanfuto-coaster-xt","status":"publish","type":"product","link":"https:\/\/kerekparbalaton.hu\/de\/produkt\/utanfuto-coaster-xt\/","title":{"rendered":"Ut\u00e1nfut\u00f3 coaster XT"},"content":{"rendered":"<p><span style=\"font-weight: 400;\">Ker\u00e9kp\u00e1r ut\u00e1nfut\u00f3 a k\u00f6nny\u0171 ing\u00e1z\u00e1shoz \u00e9s a kikapcsol\u00f3d\u00e1shoz. Biztons\u00e1gos, k\u00e9nyelmes&#8230;<\/span><\/p>\n<p><span style=\"font-weight: 400;\">Ker\u00e9kp\u00e1r ut\u00e1nfut\u00f3 a k\u00f6nny\u0171 ing\u00e1z\u00e1shoz \u00e9s a kikapcsol\u00f3d\u00e1shoz. Biztons\u00e1gos, k\u00e9nyelmes utaz\u00e1s, amely k\u00f6nnyen \u00e1talak\u00edthat\u00f3 babakocsiv\u00e1, ha el\u00e9rte \u00fati c\u00e9lj\u00e1t. Ez a ker\u00e9kp\u00e1r ut\u00e1nfut\u00f3 ker\u00e9kp\u00e1ros \u00e9s alapvet\u0151 babakocsi k\u00e9szletet, \u00e1ll\u00edthat\u00f3 korm\u00e1nyt \u00e9s extra t\u00e1rol\u00f3rekeszt tartalmaz. Az egyszer\u0171, kompakt \u00f6sszecsukhat\u00f3s\u00e1gnak k\u00f6sz\u00f6nhet\u0151en k\u00f6nnyen sz\u00e1ll\u00edthat\u00f3. A Thule Coaster XT a szabadalmaztatott ezHitch-et haszn\u00e1lja a ker\u00e9kp\u00e1rhoz val\u00f3 egyszer\u0171 \u00e9s gyors r\u00f6gz\u00edt\u00e9shez, \u00edgy kiv\u00e1l\u00f3an alkalmas a s\u0171r\u0171 ing\u00e1z\u00e1shoz \u00e9s a pihentet\u0151 kikapcsol\u00f3d\u00e1shoz egyar\u00e1nt.<\/span><\/p>\n<p><span style=\"font-weight: 400;\">K\u00f6nny\u0171 \u00e1talak\u00edt\u00e1s ker\u00e9kp\u00e1roz\u00e1sr\u00f3l baba kocsik\u00e1z\u00e1sra. Biztons\u00e1gos r\u00f6gz\u00edt\u00e9s a ker\u00e9kp\u00e1rhoz a Thule ezHitch tengelyr\u00f6gz\u00edt\u0151 seg\u00edts\u00e9g\u00e9vel. A babakocsi kerek\u00e9nek fed\u00e9lzeti t\u00e1rol\u00e1sa. K\u00e9nyelmesen elf\u00e9r k\u00e9t gyermek. Ergonomikus, \u00e1ll\u00edthat\u00f3 korm\u00e1ny a maxim\u00e1lis sz\u00fcl\u0151i k\u00e9nyelem \u00e9rdek\u00e9ben. Sz\u00e1mos kieg\u00e9sz\u00edt\u0151vel kompatibilis. K\u00f6nnyen \u00f6sszecsukhat\u00f3 a t\u00e1rol\u00e1shoz \u00e9s sz\u00e1ll\u00edt\u00e1shoz. Extra t\u00e1rol\u00f3hely csomagoknak. Megfelel a nemzetk\u00f6zi biztons\u00e1gi szabv\u00e1nyoknak.<\/span><\/p>\n<p><span style=\"font-weight: 400;\">Sz\u00e1ll\u00edthat\u00f3 gyermek max s\u00falya: 2 x 22 kg, Maximum terhelhet\u0151s\u00e9g: 45 kg, M\u00e9rete: 88 x 78 x 105 cm, \u00d6sszecsukott m\u00e9rete: 96 x 45 x 30 cm Saj\u00e1t t\u00f6meg: 12 kg, V\u00e1llsz\u00e9less\u00e9g: 58.4 cm, \u00dcl\u00e9smagass\u00e1g: 58.4 cm, Ajt\u00f3ny\u00edl\u00e1s: 80 cm, Biztons\u00e1gi \u00f6v: 5 pontos, Sz\u00e1ll\u00edthat\u00f3: 1 vagy 2 gyermek, Sz\u00edne: k\u00e9k<\/span><\/p>","protected":false},"excerpt":{"rendered":"<p>Ker\u00e9kp\u00e1r ut\u00e1nfut\u00f3 a k\u00f6nny\u0171 ing\u00e1z\u00e1shoz \u00e9s a kikapcsol\u00f3d\u00e1shoz. Biztons\u00e1gos, k\u00e9nyelmes&#8230; Ker\u00e9kp\u00e1r ut\u00e1nfut\u00f3 a k\u00f6nny\u0171 ing\u00e1z\u00e1shoz \u00e9s a kikapcsol\u00f3d\u00e1shoz. Biztons\u00e1gos, k\u00e9nyelmes utaz\u00e1s, amely k\u00f6nnyen \u00e1talak\u00edthat\u00f3 babakocsiv\u00e1, ha el\u00e9rte \u00fati c\u00e9lj\u00e1t. Ez a ker\u00e9kp\u00e1r ut\u00e1nfut\u00f3 ker\u00e9kp\u00e1ros \u00e9s alapvet\u0151 babakocsi k\u00e9szletet, \u00e1ll\u00edthat\u00f3 korm\u00e1nyt \u00e9s extra t\u00e1rol\u00f3rekeszt tartalmaz. Az egyszer\u0171, kompakt \u00f6sszecsukhat\u00f3s\u00e1gnak k\u00f6sz\u00f6nhet\u0151en k\u00f6nnyen sz\u00e1ll\u00edthat\u00f3. A Thule Coaster XT [&hellip;]<\/p>\n","protected":false},"featured_media":4496,"comment_status":"open","ping_status":"closed","template":"","meta":[],"product_brand":[],"product_cat":[198,202],"product_tag":[],"class_list":{"0":"post-3953","1":"product","2":"type-product","3":"status-publish","4":"has-post-thumbnail","6":"product_cat-kerekparozas","7":"product_cat-kiegeszitok-kerekparozas","9":"first","10":"instock","11":"shipping-taxable","12":"purchasable","13":"product-type-simple"},"yoast_head":"<!-- This site is optimized with the Yoast SEO plugin v27.5 - https:\/\/yoast.com\/product\/yoast-seo-wordpress\/ -->\n<title>Ut\u00e1nfut\u00f3 coaster XT - kerekparbalaton.hu<\/title>\n<meta name=\"robots\" content=\"index, follow, max-snippet:-1, max-image-preview:large, max-video-preview:-1\" \/>\n<link rel=\"canonical\" href=\"https:\/\/kerekparbalaton.hu\/de\/produkt\/utanfuto-coaster-xt\/\" \/>\n<meta property=\"og:locale\" content=\"de_DE\" \/>\n<meta property=\"og:type\" content=\"article\" \/>\n<meta property=\"og:title\" content=\"Ut\u00e1nfut\u00f3 coaster XT - kerekparbalaton.hu\" \/>\n<meta property=\"og:description\" content=\"Ker\u00e9kp\u00e1r ut\u00e1nfut\u00f3 a k\u00f6nny\u0171 ing\u00e1z\u00e1shoz \u00e9s a kikapcsol\u00f3d\u00e1shoz. Biztons\u00e1gos, k\u00e9nyelmes&#8230; Ker\u00e9kp\u00e1r ut\u00e1nfut\u00f3 a k\u00f6nny\u0171 ing\u00e1z\u00e1shoz \u00e9s a kikapcsol\u00f3d\u00e1shoz. Biztons\u00e1gos, k\u00e9nyelmes utaz\u00e1s, amely k\u00f6nnyen \u00e1talak\u00edthat\u00f3 babakocsiv\u00e1, ha el\u00e9rte \u00fati c\u00e9lj\u00e1t. Ez a ker\u00e9kp\u00e1r ut\u00e1nfut\u00f3 ker\u00e9kp\u00e1ros \u00e9s alapvet\u0151 babakocsi k\u00e9szletet, \u00e1ll\u00edthat\u00f3 korm\u00e1nyt \u00e9s extra t\u00e1rol\u00f3rekeszt tartalmaz. Az egyszer\u0171, kompakt \u00f6sszecsukhat\u00f3s\u00e1gnak k\u00f6sz\u00f6nhet\u0151en k\u00f6nnyen sz\u00e1ll\u00edthat\u00f3. A Thule Coaster XT [&hellip;]\" \/>\n<meta property=\"og:url\" content=\"https:\/\/kerekparbalaton.hu\/de\/produkt\/utanfuto-coaster-xt\/\" \/>\n<meta property=\"og:site_name\" content=\"kerekparbalaton.hu\" \/>\n<meta property=\"article:modified_time\" content=\"2025-11-13T17:01:38+00:00\" \/>\n<meta property=\"og:image\" content=\"https:\/\/kerekparbalaton.hu\/wp-content\/uploads\/2025\/10\/utanfuto-Thule-2-gyerekes.webp\" \/>\n\t<meta property=\"og:image:width\" content=\"1000\" \/>\n\t<meta property=\"og:image:height\" content=\"1000\" \/>\n\t<meta property=\"og:image:type\" content=\"image\/webp\" \/>\n<meta name=\"twitter:card\" content=\"summary_large_image\" \/>\n<meta name=\"twitter:label1\" content=\"Gesch\u00e4tzte Lesezeit\" \/>\n\t<meta name=\"twitter:data1\" content=\"1\u00a0Minute\" \/>\n<script type=\"application\/ld+json\" class=\"yoast-schema-graph\">{\"@context\":\"https:\\\/\\\/schema.org\",\"@graph\":[{\"@type\":\"WebPage\",\"@id\":\"https:\\\/\\\/kerekparbalaton.hu\\\/termek\\\/utanfuto-coaster-xt\\\/\",\"url\":\"https:\\\/\\\/kerekparbalaton.hu\\\/termek\\\/utanfuto-coaster-xt\\\/\",\"name\":\"Ut\u00e1nfut\u00f3 coaster XT - kerekparbalaton.hu\",\"isPartOf\":{\"@id\":\"https:\\\/\\\/kerekparbalaton.hu\\\/#website\"},\"primaryImageOfPage\":{\"@id\":\"https:\\\/\\\/kerekparbalaton.hu\\\/termek\\\/utanfuto-coaster-xt\\\/#primaryimage\"},\"image\":{\"@id\":\"https:\\\/\\\/kerekparbalaton.hu\\\/termek\\\/utanfuto-coaster-xt\\\/#primaryimage\"},\"thumbnailUrl\":\"https:\\\/\\\/kerekparbalaton.hu\\\/wp-content\\\/uploads\\\/2025\\\/10\\\/utanfuto-Thule-2-gyerekes.webp\",\"datePublished\":\"2025-10-29T13:08:59+00:00\",\"dateModified\":\"2025-11-13T17:01:38+00:00\",\"breadcrumb\":{\"@id\":\"https:\\\/\\\/kerekparbalaton.hu\\\/termek\\\/utanfuto-coaster-xt\\\/#breadcrumb\"},\"inLanguage\":\"de\",\"potentialAction\":[{\"@type\":\"ReadAction\",\"target\":[\"https:\\\/\\\/kerekparbalaton.hu\\\/termek\\\/utanfuto-coaster-xt\\\/\"]}]},{\"@type\":\"ImageObject\",\"inLanguage\":\"de\",\"@id\":\"https:\\\/\\\/kerekparbalaton.hu\\\/termek\\\/utanfuto-coaster-xt\\\/#primaryimage\",\"url\":\"https:\\\/\\\/kerekparbalaton.hu\\\/wp-content\\\/uploads\\\/2025\\\/10\\\/utanfuto-Thule-2-gyerekes.webp\",\"contentUrl\":\"https:\\\/\\\/kerekparbalaton.hu\\\/wp-content\\\/uploads\\\/2025\\\/10\\\/utanfuto-Thule-2-gyerekes.webp\",\"width\":1000,\"height\":1000},{\"@type\":\"BreadcrumbList\",\"@id\":\"https:\\\/\\\/kerekparbalaton.hu\\\/termek\\\/utanfuto-coaster-xt\\\/#breadcrumb\",\"itemListElement\":[{\"@type\":\"ListItem\",\"position\":1,\"name\":\"Kezd\u0151lap\",\"item\":\"https:\\\/\\\/kerekparbalaton.hu\\\/\"},{\"@type\":\"ListItem\",\"position\":2,\"name\":\"Shop\",\"item\":\"https:\\\/\\\/kerekparbalaton.hu\\\/uzlet\\\/\"},{\"@type\":\"ListItem\",\"position\":3,\"name\":\"Ut\u00e1nfut\u00f3 coaster XT\"}]},{\"@type\":\"WebSite\",\"@id\":\"https:\\\/\\\/kerekparbalaton.hu\\\/#website\",\"url\":\"https:\\\/\\\/kerekparbalaton.hu\\\/\",\"name\":\"kerekparbalaton.hu\",\"description\":\"Ker\u00e9kp\u00e1rb\u00e9rl\u00e9s Balaton\",\"publisher\":{\"@id\":\"https:\\\/\\\/kerekparbalaton.hu\\\/#organization\"},\"potentialAction\":[{\"@type\":\"SearchAction\",\"target\":{\"@type\":\"EntryPoint\",\"urlTemplate\":\"https:\\\/\\\/kerekparbalaton.hu\\\/?s={search_term_string}\"},\"query-input\":{\"@type\":\"PropertyValueSpecification\",\"valueRequired\":true,\"valueName\":\"search_term_string\"}}],\"inLanguage\":\"de\"},{\"@type\":\"Organization\",\"@id\":\"https:\\\/\\\/kerekparbalaton.hu\\\/#organization\",\"name\":\"kerekparbalaton.hu\",\"url\":\"https:\\\/\\\/kerekparbalaton.hu\\\/\",\"logo\":{\"@type\":\"ImageObject\",\"inLanguage\":\"de\",\"@id\":\"https:\\\/\\\/kerekparbalaton.hu\\\/#\\\/schema\\\/logo\\\/image\\\/\",\"url\":\"https:\\\/\\\/kerekparbalaton.hu\\\/wp-content\\\/uploads\\\/2023\\\/12\\\/Csopi-kerekpar-redesign-e1718779950933.png\",\"contentUrl\":\"https:\\\/\\\/kerekparbalaton.hu\\\/wp-content\\\/uploads\\\/2023\\\/12\\\/Csopi-kerekpar-redesign-e1718779950933.png\",\"width\":1000,\"height\":436,\"caption\":\"kerekparbalaton.hu\"},\"image\":{\"@id\":\"https:\\\/\\\/kerekparbalaton.hu\\\/#\\\/schema\\\/logo\\\/image\\\/\"}}]}<\/script>\n<!-- \/ Yoast SEO plugin. -->","yoast_head_json":{"title":"Ut\u00e1nfut\u00f3 coaster XT - kerekparbalaton.hu","robots":{"index":"index","follow":"follow","max-snippet":"max-snippet:-1","max-image-preview":"max-image-preview:large","max-video-preview":"max-video-preview:-1"},"canonical":"https:\/\/kerekparbalaton.hu\/de\/produkt\/utanfuto-coaster-xt\/","og_locale":"de_DE","og_type":"article","og_title":"Ut\u00e1nfut\u00f3 coaster XT - kerekparbalaton.hu","og_description":"Ker\u00e9kp\u00e1r ut\u00e1nfut\u00f3 a k\u00f6nny\u0171 ing\u00e1z\u00e1shoz \u00e9s a kikapcsol\u00f3d\u00e1shoz. Biztons\u00e1gos, k\u00e9nyelmes&#8230; Ker\u00e9kp\u00e1r ut\u00e1nfut\u00f3 a k\u00f6nny\u0171 ing\u00e1z\u00e1shoz \u00e9s a kikapcsol\u00f3d\u00e1shoz. Biztons\u00e1gos, k\u00e9nyelmes utaz\u00e1s, amely k\u00f6nnyen \u00e1talak\u00edthat\u00f3 babakocsiv\u00e1, ha el\u00e9rte \u00fati c\u00e9lj\u00e1t. Ez a ker\u00e9kp\u00e1r ut\u00e1nfut\u00f3 ker\u00e9kp\u00e1ros \u00e9s alapvet\u0151 babakocsi k\u00e9szletet, \u00e1ll\u00edthat\u00f3 korm\u00e1nyt \u00e9s extra t\u00e1rol\u00f3rekeszt tartalmaz. Az egyszer\u0171, kompakt \u00f6sszecsukhat\u00f3s\u00e1gnak k\u00f6sz\u00f6nhet\u0151en k\u00f6nnyen sz\u00e1ll\u00edthat\u00f3. A Thule Coaster XT [&hellip;]","og_url":"https:\/\/kerekparbalaton.hu\/de\/produkt\/utanfuto-coaster-xt\/","og_site_name":"kerekparbalaton.hu","article_modified_time":"2025-11-13T17:01:38+00:00","og_image":[{"width":1000,"height":1000,"url":"https:\/\/kerekparbalaton.hu\/wp-content\/uploads\/2025\/10\/utanfuto-Thule-2-gyerekes.webp","type":"image\/webp"}],"twitter_card":"summary_large_image","twitter_misc":{"Gesch\u00e4tzte Lesezeit":"1\u00a0Minute"},"schema":{"@context":"https:\/\/schema.org","@graph":[{"@type":"WebPage","@id":"https:\/\/kerekparbalaton.hu\/termek\/utanfuto-coaster-xt\/","url":"https:\/\/kerekparbalaton.hu\/termek\/utanfuto-coaster-xt\/","name":"Ut\u00e1nfut\u00f3 coaster XT - kerekparbalaton.hu","isPartOf":{"@id":"https:\/\/kerekparbalaton.hu\/#website"},"primaryImageOfPage":{"@id":"https:\/\/kerekparbalaton.hu\/termek\/utanfuto-coaster-xt\/#primaryimage"},"image":{"@id":"https:\/\/kerekparbalaton.hu\/termek\/utanfuto-coaster-xt\/#primaryimage"},"thumbnailUrl":"https:\/\/kerekparbalaton.hu\/wp-content\/uploads\/2025\/10\/utanfuto-Thule-2-gyerekes.webp","datePublished":"2025-10-29T13:08:59+00:00","dateModified":"2025-11-13T17:01:38+00:00","breadcrumb":{"@id":"https:\/\/kerekparbalaton.hu\/termek\/utanfuto-coaster-xt\/#breadcrumb"},"inLanguage":"de","potentialAction":[{"@type":"ReadAction","target":["https:\/\/kerekparbalaton.hu\/termek\/utanfuto-coaster-xt\/"]}]},{"@type":"ImageObject","inLanguage":"de","@id":"https:\/\/kerekparbalaton.hu\/termek\/utanfuto-coaster-xt\/#primaryimage","url":"https:\/\/kerekparbalaton.hu\/wp-content\/uploads\/2025\/10\/utanfuto-Thule-2-gyerekes.webp","contentUrl":"https:\/\/kerekparbalaton.hu\/wp-content\/uploads\/2025\/10\/utanfuto-Thule-2-gyerekes.webp","width":1000,"height":1000},{"@type":"BreadcrumbList","@id":"https:\/\/kerekparbalaton.hu\/termek\/utanfuto-coaster-xt\/#breadcrumb","itemListElement":[{"@type":"ListItem","position":1,"name":"Kezd\u0151lap","item":"https:\/\/kerekparbalaton.hu\/"},{"@type":"ListItem","position":2,"name":"Shop","item":"https:\/\/kerekparbalaton.hu\/uzlet\/"},{"@type":"ListItem","position":3,"name":"Ut\u00e1nfut\u00f3 coaster XT"}]},{"@type":"WebSite","@id":"https:\/\/kerekparbalaton.hu\/#website","url":"https:\/\/kerekparbalaton.hu\/","name":"rundparbalaton.hu","description":"Fahrradverleih Balaton","publisher":{"@id":"https:\/\/kerekparbalaton.hu\/#organization"},"potentialAction":[{"@type":"SearchAction","target":{"@type":"EntryPoint","urlTemplate":"https:\/\/kerekparbalaton.hu\/?s={search_term_string}"},"query-input":{"@type":"PropertyValueSpecification","valueRequired":true,"valueName":"search_term_string"}}],"inLanguage":"de"},{"@type":"Organization","@id":"https:\/\/kerekparbalaton.hu\/#organization","name":"rundparbalaton.hu","url":"https:\/\/kerekparbalaton.hu\/","logo":{"@type":"ImageObject","inLanguage":"de","@id":"https:\/\/kerekparbalaton.hu\/#\/schema\/logo\/image\/","url":"https:\/\/kerekparbalaton.hu\/wp-content\/uploads\/2023\/12\/Csopi-kerekpar-redesign-e1718779950933.png","contentUrl":"https:\/\/kerekparbalaton.hu\/wp-content\/uploads\/2023\/12\/Csopi-kerekpar-redesign-e1718779950933.png","width":1000,"height":436,"caption":"kerekparbalaton.hu"},"image":{"@id":"https:\/\/kerekparbalaton.hu\/#\/schema\/logo\/image\/"}}]}},"_links":{"self":[{"href":"https:\/\/kerekparbalaton.hu\/de\/wp-json\/wp\/v2\/product\/3953","targetHints":{"allow":["GET"]}}],"collection":[{"href":"https:\/\/kerekparbalaton.hu\/de\/wp-json\/wp\/v2\/product"}],"about":[{"href":"https:\/\/kerekparbalaton.hu\/de\/wp-json\/wp\/v2\/types\/product"}],"replies":[{"embeddable":true,"href":"https:\/\/kerekparbalaton.hu\/de\/wp-json\/wp\/v2\/comments?post=3953"}],"wp:featuredmedia":[{"embeddable":true,"href":"https:\/\/kerekparbalaton.hu\/de\/wp-json\/wp\/v2\/media\/4496"}],"wp:attachment":[{"href":"https:\/\/kerekparbalaton.hu\/de\/wp-json\/wp\/v2\/media?parent=3953"}],"wp:term":[{"taxonomy":"product_brand","embeddable":true,"href":"https:\/\/kerekparbalaton.hu\/de\/wp-json\/wp\/v2\/product_brand?post=3953"},{"taxonomy":"product_cat","embeddable":true,"href":"https:\/\/kerekparbalaton.hu\/de\/wp-json\/wp\/v2\/product_cat?post=3953"},{"taxonomy":"product_tag","embeddable":true,"href":"https:\/\/kerekparbalaton.hu\/de\/wp-json\/wp\/v2\/product_tag?post=3953"}],"curies":[{"name":"wp","href":"https:\/\/api.w.org\/{rel}","templated":true}]}}