{"id":3934,"date":"2025-10-29T13:08:55","date_gmt":"2025-10-29T13:08:55","guid":{"rendered":"https:\/\/kerekparbalaton.hu\/?post_type=product&#038;p=3934"},"modified":"2025-11-13T17:00:53","modified_gmt":"2025-11-13T17:00:53","slug":"vonohorgra-hang-on-billentheto-szallito","status":"publish","type":"product","link":"https:\/\/kerekparbalaton.hu\/de\/produkt\/vonohorgra-hang-on-billentheto-szallito\/","title":{"rendered":"Von\u00f3horgra Hang-On billenthet\u0151 sz\u00e1ll\u00edt\u00f3"},"content":{"rendered":"<p><span style=\"font-weight: 400;\">3 (972,974) \u00e9s 4 (9708) ker\u00e9kp\u00e1r sz\u00e1ll\u00edt\u00e1s\u00e1hoz. Praktikus, k\u00f6nnyen kezelhet\u0151, szuperk\u00f6nny\u0171 ker\u00e9kp\u00e1rtart\u00f3. Teherb\u00edr\u00f3, minden von\u00f3horog t\u00edpushoz el\u0151zetes \u00e1ll\u00edtgat\u00e1s n\u00e9lk\u00fcl r\u00f6gz\u00edthet\u0151, valamint opcion\u00e1lis kieg\u00e9sz\u00edt\u0151vel (957) z\u00e1rhat\u00f3 is. A ker\u00e9kp\u00e1rok kitakarhatj\u00e1k az aut\u00f3 rendsz\u00e1m\u00e1t, ez\u00e9rt aj\u00e1nljuk hozz\u00e1 a 976-os h\u00e1ts\u00f3 rendsz\u00e1mt\u00e1bla-tart\u00f3t. Laposra \u00f6sszehajtva egyszer\u0171en t\u00e1rolhat\u00f3. K\u00e9zzel d\u00f6nthet\u0151 kialak\u00edt\u00e1s (csak a 972-es modell) felhelyezett ker\u00e9kp\u00e1rok eset\u00e9n is. Megfelel a legszigor\u00fabb min\u0151s\u00e9gi \u00e9s biztons\u00e1gi el\u0151\u00edr\u00e1soknak. Teherb\u00edr\u00e1s\/\u00f6ns\u00faly: 972 \u00e9s 974 \u2013 45 kg\/7.2 kg, 9708 \u2013 60 kg\/10.3 kg.\u00a0<\/span><\/p>\n<p><span style=\"font-weight: 400;\">Miel\u0151tt k\u00fclf\u00f6ldre utazol, t\u00e1j\u00e9koz\u00f3dj a helyi k\u00f6zleked\u00e9si szab\u00e1lyokr\u00f3l!<\/span><\/p>\n<p><span style=\"font-weight: 400;\">A Thule 13 p\u00f3lus\u00fa csatlakoz\u00f3val ell\u00e1tott von\u00f3horogra szerelhet\u0151 ker\u00e9kp\u00e1rsz\u00e1ll\u00edt\u00f3i mind rendelkeznek T\u00dcV tan\u00fas\u00edtv\u00e1nnyal. Ezt n\u00e9mely Eur\u00f3pai orsz\u00e1gban a rend\u0151r\u00f6k ellen\u0151rz\u00e9s sor\u00e1n sz\u00e1mon k\u00e9rhetik!<\/span><\/p>","protected":false},"excerpt":{"rendered":"<p>3 (972,974) \u00e9s 4 (9708) ker\u00e9kp\u00e1r sz\u00e1ll\u00edt\u00e1s\u00e1hoz. Praktikus, k\u00f6nnyen kezelhet\u0151, szuperk\u00f6nny\u0171 ker\u00e9kp\u00e1rtart\u00f3. Teherb\u00edr\u00f3, minden von\u00f3horog t\u00edpushoz el\u0151zetes \u00e1ll\u00edtgat\u00e1s n\u00e9lk\u00fcl r\u00f6gz\u00edthet\u0151, valamint opcion\u00e1lis kieg\u00e9sz\u00edt\u0151vel (957) z\u00e1rhat\u00f3 is. A ker\u00e9kp\u00e1rok kitakarhatj\u00e1k az aut\u00f3 rendsz\u00e1m\u00e1t, ez\u00e9rt aj\u00e1nljuk hozz\u00e1 a 976-os h\u00e1ts\u00f3 rendsz\u00e1mt\u00e1bla-tart\u00f3t. Laposra \u00f6sszehajtva egyszer\u0171en t\u00e1rolhat\u00f3. K\u00e9zzel d\u00f6nthet\u0151 kialak\u00edt\u00e1s (csak a 972-es modell) felhelyezett ker\u00e9kp\u00e1rok eset\u00e9n is. Megfelel [&hellip;]<\/p>\n","protected":false},"featured_media":4494,"comment_status":"open","ping_status":"closed","template":"","meta":[],"product_brand":[],"product_cat":[198,202],"product_tag":[],"class_list":{"0":"post-3934","1":"product","2":"type-product","3":"status-publish","4":"has-post-thumbnail","6":"product_cat-kerekparozas","7":"product_cat-kiegeszitok-kerekparozas","9":"first","10":"instock","11":"sale","12":"shipping-taxable","13":"purchasable","14":"product-type-variable"},"yoast_head":"<!-- This site is optimized with the Yoast SEO plugin v27.5 - https:\/\/yoast.com\/product\/yoast-seo-wordpress\/ -->\n<title>Von\u00f3horgra Hang-On billenthet\u0151 sz\u00e1ll\u00edt\u00f3 - kerekparbalaton.hu<\/title>\n<meta name=\"robots\" content=\"index, follow, max-snippet:-1, max-image-preview:large, max-video-preview:-1\" \/>\n<link rel=\"canonical\" href=\"https:\/\/kerekparbalaton.hu\/de\/produkt\/vonohorgra-hang-on-billentheto-szallito\/\" \/>\n<meta property=\"og:locale\" content=\"de_DE\" \/>\n<meta property=\"og:type\" content=\"article\" \/>\n<meta property=\"og:title\" content=\"Von\u00f3horgra Hang-On billenthet\u0151 sz\u00e1ll\u00edt\u00f3 - kerekparbalaton.hu\" \/>\n<meta property=\"og:description\" content=\"3 (972,974) \u00e9s 4 (9708) ker\u00e9kp\u00e1r sz\u00e1ll\u00edt\u00e1s\u00e1hoz. Praktikus, k\u00f6nnyen kezelhet\u0151, szuperk\u00f6nny\u0171 ker\u00e9kp\u00e1rtart\u00f3. Teherb\u00edr\u00f3, minden von\u00f3horog t\u00edpushoz el\u0151zetes \u00e1ll\u00edtgat\u00e1s n\u00e9lk\u00fcl r\u00f6gz\u00edthet\u0151, valamint opcion\u00e1lis kieg\u00e9sz\u00edt\u0151vel (957) z\u00e1rhat\u00f3 is. A ker\u00e9kp\u00e1rok kitakarhatj\u00e1k az aut\u00f3 rendsz\u00e1m\u00e1t, ez\u00e9rt aj\u00e1nljuk hozz\u00e1 a 976-os h\u00e1ts\u00f3 rendsz\u00e1mt\u00e1bla-tart\u00f3t. Laposra \u00f6sszehajtva egyszer\u0171en t\u00e1rolhat\u00f3. K\u00e9zzel d\u00f6nthet\u0151 kialak\u00edt\u00e1s (csak a 972-es modell) felhelyezett ker\u00e9kp\u00e1rok eset\u00e9n is. Megfelel [&hellip;]\" \/>\n<meta property=\"og:url\" content=\"https:\/\/kerekparbalaton.hu\/de\/produkt\/vonohorgra-hang-on-billentheto-szallito\/\" \/>\n<meta property=\"og:site_name\" content=\"kerekparbalaton.hu\" \/>\n<meta property=\"article:modified_time\" content=\"2025-11-13T17:00:53+00:00\" \/>\n<meta property=\"og:image\" content=\"https:\/\/kerekparbalaton.hu\/wp-content\/uploads\/2025\/10\/Thule-vonohorgos-3-kerekpar.webp\" \/>\n\t<meta property=\"og:image:width\" content=\"1000\" \/>\n\t<meta property=\"og:image:height\" content=\"1000\" \/>\n\t<meta property=\"og:image:type\" content=\"image\/webp\" \/>\n<meta name=\"twitter:card\" content=\"summary_large_image\" \/>\n<meta name=\"twitter:label1\" content=\"Gesch\u00e4tzte Lesezeit\" \/>\n\t<meta name=\"twitter:data1\" content=\"1\u00a0Minute\" \/>\n<script type=\"application\/ld+json\" class=\"yoast-schema-graph\">{\"@context\":\"https:\\\/\\\/schema.org\",\"@graph\":[{\"@type\":\"WebPage\",\"@id\":\"https:\\\/\\\/kerekparbalaton.hu\\\/termek\\\/vonohorgra-hang-on-billentheto-szallito\\\/\",\"url\":\"https:\\\/\\\/kerekparbalaton.hu\\\/termek\\\/vonohorgra-hang-on-billentheto-szallito\\\/\",\"name\":\"Von\u00f3horgra Hang-On billenthet\u0151 sz\u00e1ll\u00edt\u00f3 - kerekparbalaton.hu\",\"isPartOf\":{\"@id\":\"https:\\\/\\\/kerekparbalaton.hu\\\/#website\"},\"primaryImageOfPage\":{\"@id\":\"https:\\\/\\\/kerekparbalaton.hu\\\/termek\\\/vonohorgra-hang-on-billentheto-szallito\\\/#primaryimage\"},\"image\":{\"@id\":\"https:\\\/\\\/kerekparbalaton.hu\\\/termek\\\/vonohorgra-hang-on-billentheto-szallito\\\/#primaryimage\"},\"thumbnailUrl\":\"https:\\\/\\\/kerekparbalaton.hu\\\/wp-content\\\/uploads\\\/2025\\\/10\\\/Thule-vonohorgos-3-kerekpar.webp\",\"datePublished\":\"2025-10-29T13:08:55+00:00\",\"dateModified\":\"2025-11-13T17:00:53+00:00\",\"breadcrumb\":{\"@id\":\"https:\\\/\\\/kerekparbalaton.hu\\\/termek\\\/vonohorgra-hang-on-billentheto-szallito\\\/#breadcrumb\"},\"inLanguage\":\"de\",\"potentialAction\":[{\"@type\":\"ReadAction\",\"target\":[\"https:\\\/\\\/kerekparbalaton.hu\\\/termek\\\/vonohorgra-hang-on-billentheto-szallito\\\/\"]}]},{\"@type\":\"ImageObject\",\"inLanguage\":\"de\",\"@id\":\"https:\\\/\\\/kerekparbalaton.hu\\\/termek\\\/vonohorgra-hang-on-billentheto-szallito\\\/#primaryimage\",\"url\":\"https:\\\/\\\/kerekparbalaton.hu\\\/wp-content\\\/uploads\\\/2025\\\/10\\\/Thule-vonohorgos-3-kerekpar.webp\",\"contentUrl\":\"https:\\\/\\\/kerekparbalaton.hu\\\/wp-content\\\/uploads\\\/2025\\\/10\\\/Thule-vonohorgos-3-kerekpar.webp\",\"width\":1000,\"height\":1000},{\"@type\":\"BreadcrumbList\",\"@id\":\"https:\\\/\\\/kerekparbalaton.hu\\\/termek\\\/vonohorgra-hang-on-billentheto-szallito\\\/#breadcrumb\",\"itemListElement\":[{\"@type\":\"ListItem\",\"position\":1,\"name\":\"Kezd\u0151lap\",\"item\":\"https:\\\/\\\/kerekparbalaton.hu\\\/\"},{\"@type\":\"ListItem\",\"position\":2,\"name\":\"Shop\",\"item\":\"https:\\\/\\\/kerekparbalaton.hu\\\/uzlet\\\/\"},{\"@type\":\"ListItem\",\"position\":3,\"name\":\"Von\u00f3horgra Hang-On billenthet\u0151 sz\u00e1ll\u00edt\u00f3\"}]},{\"@type\":\"WebSite\",\"@id\":\"https:\\\/\\\/kerekparbalaton.hu\\\/#website\",\"url\":\"https:\\\/\\\/kerekparbalaton.hu\\\/\",\"name\":\"kerekparbalaton.hu\",\"description\":\"Ker\u00e9kp\u00e1rb\u00e9rl\u00e9s Balaton\",\"publisher\":{\"@id\":\"https:\\\/\\\/kerekparbalaton.hu\\\/#organization\"},\"potentialAction\":[{\"@type\":\"SearchAction\",\"target\":{\"@type\":\"EntryPoint\",\"urlTemplate\":\"https:\\\/\\\/kerekparbalaton.hu\\\/?s={search_term_string}\"},\"query-input\":{\"@type\":\"PropertyValueSpecification\",\"valueRequired\":true,\"valueName\":\"search_term_string\"}}],\"inLanguage\":\"de\"},{\"@type\":\"Organization\",\"@id\":\"https:\\\/\\\/kerekparbalaton.hu\\\/#organization\",\"name\":\"kerekparbalaton.hu\",\"url\":\"https:\\\/\\\/kerekparbalaton.hu\\\/\",\"logo\":{\"@type\":\"ImageObject\",\"inLanguage\":\"de\",\"@id\":\"https:\\\/\\\/kerekparbalaton.hu\\\/#\\\/schema\\\/logo\\\/image\\\/\",\"url\":\"https:\\\/\\\/kerekparbalaton.hu\\\/wp-content\\\/uploads\\\/2023\\\/12\\\/Csopi-kerekpar-redesign-e1718779950933.png\",\"contentUrl\":\"https:\\\/\\\/kerekparbalaton.hu\\\/wp-content\\\/uploads\\\/2023\\\/12\\\/Csopi-kerekpar-redesign-e1718779950933.png\",\"width\":1000,\"height\":436,\"caption\":\"kerekparbalaton.hu\"},\"image\":{\"@id\":\"https:\\\/\\\/kerekparbalaton.hu\\\/#\\\/schema\\\/logo\\\/image\\\/\"}}]}<\/script>\n<!-- \/ Yoast SEO plugin. -->","yoast_head_json":{"title":"Von\u00f3horgra Hang-On billenthet\u0151 sz\u00e1ll\u00edt\u00f3 - kerekparbalaton.hu","robots":{"index":"index","follow":"follow","max-snippet":"max-snippet:-1","max-image-preview":"max-image-preview:large","max-video-preview":"max-video-preview:-1"},"canonical":"https:\/\/kerekparbalaton.hu\/de\/produkt\/vonohorgra-hang-on-billentheto-szallito\/","og_locale":"de_DE","og_type":"article","og_title":"Von\u00f3horgra Hang-On billenthet\u0151 sz\u00e1ll\u00edt\u00f3 - kerekparbalaton.hu","og_description":"3 (972,974) \u00e9s 4 (9708) ker\u00e9kp\u00e1r sz\u00e1ll\u00edt\u00e1s\u00e1hoz. Praktikus, k\u00f6nnyen kezelhet\u0151, szuperk\u00f6nny\u0171 ker\u00e9kp\u00e1rtart\u00f3. Teherb\u00edr\u00f3, minden von\u00f3horog t\u00edpushoz el\u0151zetes \u00e1ll\u00edtgat\u00e1s n\u00e9lk\u00fcl r\u00f6gz\u00edthet\u0151, valamint opcion\u00e1lis kieg\u00e9sz\u00edt\u0151vel (957) z\u00e1rhat\u00f3 is. A ker\u00e9kp\u00e1rok kitakarhatj\u00e1k az aut\u00f3 rendsz\u00e1m\u00e1t, ez\u00e9rt aj\u00e1nljuk hozz\u00e1 a 976-os h\u00e1ts\u00f3 rendsz\u00e1mt\u00e1bla-tart\u00f3t. Laposra \u00f6sszehajtva egyszer\u0171en t\u00e1rolhat\u00f3. K\u00e9zzel d\u00f6nthet\u0151 kialak\u00edt\u00e1s (csak a 972-es modell) felhelyezett ker\u00e9kp\u00e1rok eset\u00e9n is. Megfelel [&hellip;]","og_url":"https:\/\/kerekparbalaton.hu\/de\/produkt\/vonohorgra-hang-on-billentheto-szallito\/","og_site_name":"kerekparbalaton.hu","article_modified_time":"2025-11-13T17:00:53+00:00","og_image":[{"width":1000,"height":1000,"url":"https:\/\/kerekparbalaton.hu\/wp-content\/uploads\/2025\/10\/Thule-vonohorgos-3-kerekpar.webp","type":"image\/webp"}],"twitter_card":"summary_large_image","twitter_misc":{"Gesch\u00e4tzte Lesezeit":"1\u00a0Minute"},"schema":{"@context":"https:\/\/schema.org","@graph":[{"@type":"WebPage","@id":"https:\/\/kerekparbalaton.hu\/termek\/vonohorgra-hang-on-billentheto-szallito\/","url":"https:\/\/kerekparbalaton.hu\/termek\/vonohorgra-hang-on-billentheto-szallito\/","name":"Von\u00f3horgra Hang-On billenthet\u0151 sz\u00e1ll\u00edt\u00f3 - kerekparbalaton.hu","isPartOf":{"@id":"https:\/\/kerekparbalaton.hu\/#website"},"primaryImageOfPage":{"@id":"https:\/\/kerekparbalaton.hu\/termek\/vonohorgra-hang-on-billentheto-szallito\/#primaryimage"},"image":{"@id":"https:\/\/kerekparbalaton.hu\/termek\/vonohorgra-hang-on-billentheto-szallito\/#primaryimage"},"thumbnailUrl":"https:\/\/kerekparbalaton.hu\/wp-content\/uploads\/2025\/10\/Thule-vonohorgos-3-kerekpar.webp","datePublished":"2025-10-29T13:08:55+00:00","dateModified":"2025-11-13T17:00:53+00:00","breadcrumb":{"@id":"https:\/\/kerekparbalaton.hu\/termek\/vonohorgra-hang-on-billentheto-szallito\/#breadcrumb"},"inLanguage":"de","potentialAction":[{"@type":"ReadAction","target":["https:\/\/kerekparbalaton.hu\/termek\/vonohorgra-hang-on-billentheto-szallito\/"]}]},{"@type":"ImageObject","inLanguage":"de","@id":"https:\/\/kerekparbalaton.hu\/termek\/vonohorgra-hang-on-billentheto-szallito\/#primaryimage","url":"https:\/\/kerekparbalaton.hu\/wp-content\/uploads\/2025\/10\/Thule-vonohorgos-3-kerekpar.webp","contentUrl":"https:\/\/kerekparbalaton.hu\/wp-content\/uploads\/2025\/10\/Thule-vonohorgos-3-kerekpar.webp","width":1000,"height":1000},{"@type":"BreadcrumbList","@id":"https:\/\/kerekparbalaton.hu\/termek\/vonohorgra-hang-on-billentheto-szallito\/#breadcrumb","itemListElement":[{"@type":"ListItem","position":1,"name":"Kezd\u0151lap","item":"https:\/\/kerekparbalaton.hu\/"},{"@type":"ListItem","position":2,"name":"Shop","item":"https:\/\/kerekparbalaton.hu\/uzlet\/"},{"@type":"ListItem","position":3,"name":"Von\u00f3horgra Hang-On billenthet\u0151 sz\u00e1ll\u00edt\u00f3"}]},{"@type":"WebSite","@id":"https:\/\/kerekparbalaton.hu\/#website","url":"https:\/\/kerekparbalaton.hu\/","name":"rundparbalaton.hu","description":"Fahrradverleih Balaton","publisher":{"@id":"https:\/\/kerekparbalaton.hu\/#organization"},"potentialAction":[{"@type":"SearchAction","target":{"@type":"EntryPoint","urlTemplate":"https:\/\/kerekparbalaton.hu\/?s={search_term_string}"},"query-input":{"@type":"PropertyValueSpecification","valueRequired":true,"valueName":"search_term_string"}}],"inLanguage":"de"},{"@type":"Organization","@id":"https:\/\/kerekparbalaton.hu\/#organization","name":"rundparbalaton.hu","url":"https:\/\/kerekparbalaton.hu\/","logo":{"@type":"ImageObject","inLanguage":"de","@id":"https:\/\/kerekparbalaton.hu\/#\/schema\/logo\/image\/","url":"https:\/\/kerekparbalaton.hu\/wp-content\/uploads\/2023\/12\/Csopi-kerekpar-redesign-e1718779950933.png","contentUrl":"https:\/\/kerekparbalaton.hu\/wp-content\/uploads\/2023\/12\/Csopi-kerekpar-redesign-e1718779950933.png","width":1000,"height":436,"caption":"kerekparbalaton.hu"},"image":{"@id":"https:\/\/kerekparbalaton.hu\/#\/schema\/logo\/image\/"}}]}},"_links":{"self":[{"href":"https:\/\/kerekparbalaton.hu\/de\/wp-json\/wp\/v2\/product\/3934","targetHints":{"allow":["GET"]}}],"collection":[{"href":"https:\/\/kerekparbalaton.hu\/de\/wp-json\/wp\/v2\/product"}],"about":[{"href":"https:\/\/kerekparbalaton.hu\/de\/wp-json\/wp\/v2\/types\/product"}],"replies":[{"embeddable":true,"href":"https:\/\/kerekparbalaton.hu\/de\/wp-json\/wp\/v2\/comments?post=3934"}],"wp:featuredmedia":[{"embeddable":true,"href":"https:\/\/kerekparbalaton.hu\/de\/wp-json\/wp\/v2\/media\/4494"}],"wp:attachment":[{"href":"https:\/\/kerekparbalaton.hu\/de\/wp-json\/wp\/v2\/media?parent=3934"}],"wp:term":[{"taxonomy":"product_brand","embeddable":true,"href":"https:\/\/kerekparbalaton.hu\/de\/wp-json\/wp\/v2\/product_brand?post=3934"},{"taxonomy":"product_cat","embeddable":true,"href":"https:\/\/kerekparbalaton.hu\/de\/wp-json\/wp\/v2\/product_cat?post=3934"},{"taxonomy":"product_tag","embeddable":true,"href":"https:\/\/kerekparbalaton.hu\/de\/wp-json\/wp\/v2\/product_tag?post=3934"}],"curies":[{"name":"wp","href":"https:\/\/api.w.org\/{rel}","templated":true}]}}