{"id":3893,"date":"2025-10-29T13:08:48","date_gmt":"2025-10-29T13:08:48","guid":{"rendered":"https:\/\/kerekparbalaton.hu\/termek\/nano-tech-kerekpar-tisztito\/"},"modified":"2025-11-10T13:15:22","modified_gmt":"2025-11-10T13:15:22","slug":"nano-tech-kerekpar-tisztito","status":"publish","type":"product","link":"https:\/\/kerekparbalaton.hu\/de\/produkt\/nano-tech-kerekpar-tisztito\/","title":{"rendered":"Nano tech ker\u00e9kp\u00e1r tiszt\u00edt\u00f3"},"content":{"rendered":"<p>A Muc-Off NANO Tech Bike Cleaner r\u00f3zsasz\u00edn\u0171 ker\u00e9kp\u00e1r tiszt\u00edt\u00f3ja hihetetlen tiszt\u00edt\u00f3hat\u00e1ssal rendelkezik. Gyorsabban t\u00fcnteti el a szennyez\u0151d\u00e9seket, mint hogy kimondan\u00e1d: \u201eAtya \u00e9g ez hihetetlen!\u201d<\/p>\n<p>A legkorszer\u0171bb NANO Tech formula seg\u00edts\u00e9g\u00e9vel mikroszk\u00f3pikus szinten t\u00e1vol\u00edtja el a szennyez\u0151d\u00e9st, mik\u00f6zben v\u00e9di is a fel\u00fcletet. Ez a leghat\u00e9konyabb tiszt\u00edt\u00f3szer amit csak kaphatsz, \u00e9s r\u00e1ad\u00e1sul biol\u00f3giailag lebomlik! Mentesek a savakt\u00f3l, old\u00f3szerekt\u0151l, \u00edgy b\u0171ntudat n\u00e9lk\u00fcl haszn\u00e1lhatod!<\/p>\n<ul>\n<li>Biztons\u00e1gosan haszn\u00e1lhatod a f\u00e9kt\u00e1rcs\u00e1kon, f\u00e9kbet\u00e9teken, nem b\u00e1ntja a t\u00f6m\u00edt\u00e9seket.<\/li>\n<li>Biol\u00f3giailag lebomlik.<\/li>\n<li>Biztons\u00e1gos a haszn\u00e1lata.<\/li>\n<li>Elb\u00e1nik minden makacs szennyez\u0151d\u00e9ssel.<\/li>\n<li>Nem b\u00e1ntja a ker\u00e9kp\u00e1r alkatr\u00e9szeit, t\u00f6m\u00edt\u00e9seit, f\u00e9nyez\u00e9s\u00e9t.<\/li>\n<li>Alk\u00e1li alap\u00fa, mentes minden old\u00f3szert\u0151l \u00e9s savakt\u00f3l!<\/li>\n<\/ul>","protected":false},"excerpt":{"rendered":"<p>A Muc-Off NANO Tech Bike Cleaner r\u00f3zsasz\u00edn\u0171 ker\u00e9kp\u00e1r tiszt\u00edt\u00f3ja hihetetlen tiszt\u00edt\u00f3hat\u00e1ssal rendelkezik. Gyorsabban t\u00fcnteti el a szennyez\u0151d\u00e9seket, mint hogy kimondan\u00e1d: \u201eAtya \u00e9g ez hihetetlen!\u201d<\/p>","protected":false},"featured_media":4487,"comment_status":"open","ping_status":"closed","template":"","meta":[],"product_brand":[],"product_cat":[198,202],"product_tag":[],"class_list":{"0":"post-3893","1":"product","2":"type-product","3":"status-publish","4":"has-post-thumbnail","6":"product_cat-kerekparozas","7":"product_cat-kiegeszitok-kerekparozas","9":"first","10":"instock","11":"shipping-taxable","12":"purchasable","13":"product-type-simple"},"yoast_head":"<!-- This site is optimized with the Yoast SEO plugin v27.5 - https:\/\/yoast.com\/product\/yoast-seo-wordpress\/ -->\n<title>Nano tech ker\u00e9kp\u00e1r tiszt\u00edt\u00f3 - kerekparbalaton.hu<\/title>\n<meta name=\"robots\" content=\"index, follow, max-snippet:-1, max-image-preview:large, max-video-preview:-1\" \/>\n<link rel=\"canonical\" href=\"https:\/\/kerekparbalaton.hu\/de\/produkt\/nano-tech-kerekpar-tisztito\/\" \/>\n<meta property=\"og:locale\" content=\"de_DE\" \/>\n<meta property=\"og:type\" content=\"article\" \/>\n<meta property=\"og:title\" content=\"Nano tech ker\u00e9kp\u00e1r tiszt\u00edt\u00f3 - kerekparbalaton.hu\" \/>\n<meta property=\"og:description\" content=\"A Muc-Off NANO Tech Bike Cleaner r\u00f3zsasz\u00edn\u0171 ker\u00e9kp\u00e1r tiszt\u00edt\u00f3ja hihetetlen tiszt\u00edt\u00f3hat\u00e1ssal rendelkezik. Gyorsabban t\u00fcnteti el a szennyez\u0151d\u00e9seket, mint hogy kimondan\u00e1d: \u201eAtya \u00e9g ez hihetetlen!\u201d\" \/>\n<meta property=\"og:url\" content=\"https:\/\/kerekparbalaton.hu\/de\/produkt\/nano-tech-kerekpar-tisztito\/\" \/>\n<meta property=\"og:site_name\" content=\"kerekparbalaton.hu\" \/>\n<meta property=\"article:modified_time\" content=\"2025-11-10T13:15:22+00:00\" \/>\n<meta property=\"og:image\" content=\"https:\/\/kerekparbalaton.hu\/wp-content\/uploads\/2025\/10\/mucOff-tisztito-1000ml.webp\" \/>\n\t<meta property=\"og:image:width\" content=\"1000\" \/>\n\t<meta property=\"og:image:height\" content=\"1000\" \/>\n\t<meta property=\"og:image:type\" content=\"image\/webp\" \/>\n<meta name=\"twitter:card\" content=\"summary_large_image\" \/>\n<meta name=\"twitter:label1\" content=\"Gesch\u00e4tzte Lesezeit\" \/>\n\t<meta name=\"twitter:data1\" content=\"1\u00a0Minute\" \/>\n<script type=\"application\/ld+json\" class=\"yoast-schema-graph\">{\"@context\":\"https:\\\/\\\/schema.org\",\"@graph\":[{\"@type\":\"WebPage\",\"@id\":\"https:\\\/\\\/kerekparbalaton.hu\\\/termek\\\/nano-tech-kerekpar-tisztito\\\/\",\"url\":\"https:\\\/\\\/kerekparbalaton.hu\\\/termek\\\/nano-tech-kerekpar-tisztito\\\/\",\"name\":\"Nano tech ker\u00e9kp\u00e1r tiszt\u00edt\u00f3 - kerekparbalaton.hu\",\"isPartOf\":{\"@id\":\"https:\\\/\\\/kerekparbalaton.hu\\\/#website\"},\"primaryImageOfPage\":{\"@id\":\"https:\\\/\\\/kerekparbalaton.hu\\\/termek\\\/nano-tech-kerekpar-tisztito\\\/#primaryimage\"},\"image\":{\"@id\":\"https:\\\/\\\/kerekparbalaton.hu\\\/termek\\\/nano-tech-kerekpar-tisztito\\\/#primaryimage\"},\"thumbnailUrl\":\"https:\\\/\\\/kerekparbalaton.hu\\\/wp-content\\\/uploads\\\/2025\\\/10\\\/mucOff-tisztito-1000ml.webp\",\"datePublished\":\"2025-10-29T13:08:48+00:00\",\"dateModified\":\"2025-11-10T13:15:22+00:00\",\"breadcrumb\":{\"@id\":\"https:\\\/\\\/kerekparbalaton.hu\\\/termek\\\/nano-tech-kerekpar-tisztito\\\/#breadcrumb\"},\"inLanguage\":\"de\",\"potentialAction\":[{\"@type\":\"ReadAction\",\"target\":[\"https:\\\/\\\/kerekparbalaton.hu\\\/termek\\\/nano-tech-kerekpar-tisztito\\\/\"]}]},{\"@type\":\"ImageObject\",\"inLanguage\":\"de\",\"@id\":\"https:\\\/\\\/kerekparbalaton.hu\\\/termek\\\/nano-tech-kerekpar-tisztito\\\/#primaryimage\",\"url\":\"https:\\\/\\\/kerekparbalaton.hu\\\/wp-content\\\/uploads\\\/2025\\\/10\\\/mucOff-tisztito-1000ml.webp\",\"contentUrl\":\"https:\\\/\\\/kerekparbalaton.hu\\\/wp-content\\\/uploads\\\/2025\\\/10\\\/mucOff-tisztito-1000ml.webp\",\"width\":1000,\"height\":1000},{\"@type\":\"BreadcrumbList\",\"@id\":\"https:\\\/\\\/kerekparbalaton.hu\\\/termek\\\/nano-tech-kerekpar-tisztito\\\/#breadcrumb\",\"itemListElement\":[{\"@type\":\"ListItem\",\"position\":1,\"name\":\"Kezd\u0151lap\",\"item\":\"https:\\\/\\\/kerekparbalaton.hu\\\/\"},{\"@type\":\"ListItem\",\"position\":2,\"name\":\"Shop\",\"item\":\"https:\\\/\\\/kerekparbalaton.hu\\\/uzlet\\\/\"},{\"@type\":\"ListItem\",\"position\":3,\"name\":\"Nano tech ker\u00e9kp\u00e1r tiszt\u00edt\u00f3\"}]},{\"@type\":\"WebSite\",\"@id\":\"https:\\\/\\\/kerekparbalaton.hu\\\/#website\",\"url\":\"https:\\\/\\\/kerekparbalaton.hu\\\/\",\"name\":\"kerekparbalaton.hu\",\"description\":\"Ker\u00e9kp\u00e1rb\u00e9rl\u00e9s Balaton\",\"publisher\":{\"@id\":\"https:\\\/\\\/kerekparbalaton.hu\\\/#organization\"},\"potentialAction\":[{\"@type\":\"SearchAction\",\"target\":{\"@type\":\"EntryPoint\",\"urlTemplate\":\"https:\\\/\\\/kerekparbalaton.hu\\\/?s={search_term_string}\"},\"query-input\":{\"@type\":\"PropertyValueSpecification\",\"valueRequired\":true,\"valueName\":\"search_term_string\"}}],\"inLanguage\":\"de\"},{\"@type\":\"Organization\",\"@id\":\"https:\\\/\\\/kerekparbalaton.hu\\\/#organization\",\"name\":\"kerekparbalaton.hu\",\"url\":\"https:\\\/\\\/kerekparbalaton.hu\\\/\",\"logo\":{\"@type\":\"ImageObject\",\"inLanguage\":\"de\",\"@id\":\"https:\\\/\\\/kerekparbalaton.hu\\\/#\\\/schema\\\/logo\\\/image\\\/\",\"url\":\"https:\\\/\\\/kerekparbalaton.hu\\\/wp-content\\\/uploads\\\/2023\\\/12\\\/Csopi-kerekpar-redesign-e1718779950933.png\",\"contentUrl\":\"https:\\\/\\\/kerekparbalaton.hu\\\/wp-content\\\/uploads\\\/2023\\\/12\\\/Csopi-kerekpar-redesign-e1718779950933.png\",\"width\":1000,\"height\":436,\"caption\":\"kerekparbalaton.hu\"},\"image\":{\"@id\":\"https:\\\/\\\/kerekparbalaton.hu\\\/#\\\/schema\\\/logo\\\/image\\\/\"}}]}<\/script>\n<!-- \/ Yoast SEO plugin. -->","yoast_head_json":{"title":"Nano tech ker\u00e9kp\u00e1r tiszt\u00edt\u00f3 - kerekparbalaton.hu","robots":{"index":"index","follow":"follow","max-snippet":"max-snippet:-1","max-image-preview":"max-image-preview:large","max-video-preview":"max-video-preview:-1"},"canonical":"https:\/\/kerekparbalaton.hu\/de\/produkt\/nano-tech-kerekpar-tisztito\/","og_locale":"de_DE","og_type":"article","og_title":"Nano tech ker\u00e9kp\u00e1r tiszt\u00edt\u00f3 - kerekparbalaton.hu","og_description":"A Muc-Off NANO Tech Bike Cleaner r\u00f3zsasz\u00edn\u0171 ker\u00e9kp\u00e1r tiszt\u00edt\u00f3ja hihetetlen tiszt\u00edt\u00f3hat\u00e1ssal rendelkezik. Gyorsabban t\u00fcnteti el a szennyez\u0151d\u00e9seket, mint hogy kimondan\u00e1d: \u201eAtya \u00e9g ez hihetetlen!\u201d","og_url":"https:\/\/kerekparbalaton.hu\/de\/produkt\/nano-tech-kerekpar-tisztito\/","og_site_name":"kerekparbalaton.hu","article_modified_time":"2025-11-10T13:15:22+00:00","og_image":[{"width":1000,"height":1000,"url":"https:\/\/kerekparbalaton.hu\/wp-content\/uploads\/2025\/10\/mucOff-tisztito-1000ml.webp","type":"image\/webp"}],"twitter_card":"summary_large_image","twitter_misc":{"Gesch\u00e4tzte Lesezeit":"1\u00a0Minute"},"schema":{"@context":"https:\/\/schema.org","@graph":[{"@type":"WebPage","@id":"https:\/\/kerekparbalaton.hu\/termek\/nano-tech-kerekpar-tisztito\/","url":"https:\/\/kerekparbalaton.hu\/termek\/nano-tech-kerekpar-tisztito\/","name":"Nano tech ker\u00e9kp\u00e1r tiszt\u00edt\u00f3 - kerekparbalaton.hu","isPartOf":{"@id":"https:\/\/kerekparbalaton.hu\/#website"},"primaryImageOfPage":{"@id":"https:\/\/kerekparbalaton.hu\/termek\/nano-tech-kerekpar-tisztito\/#primaryimage"},"image":{"@id":"https:\/\/kerekparbalaton.hu\/termek\/nano-tech-kerekpar-tisztito\/#primaryimage"},"thumbnailUrl":"https:\/\/kerekparbalaton.hu\/wp-content\/uploads\/2025\/10\/mucOff-tisztito-1000ml.webp","datePublished":"2025-10-29T13:08:48+00:00","dateModified":"2025-11-10T13:15:22+00:00","breadcrumb":{"@id":"https:\/\/kerekparbalaton.hu\/termek\/nano-tech-kerekpar-tisztito\/#breadcrumb"},"inLanguage":"de","potentialAction":[{"@type":"ReadAction","target":["https:\/\/kerekparbalaton.hu\/termek\/nano-tech-kerekpar-tisztito\/"]}]},{"@type":"ImageObject","inLanguage":"de","@id":"https:\/\/kerekparbalaton.hu\/termek\/nano-tech-kerekpar-tisztito\/#primaryimage","url":"https:\/\/kerekparbalaton.hu\/wp-content\/uploads\/2025\/10\/mucOff-tisztito-1000ml.webp","contentUrl":"https:\/\/kerekparbalaton.hu\/wp-content\/uploads\/2025\/10\/mucOff-tisztito-1000ml.webp","width":1000,"height":1000},{"@type":"BreadcrumbList","@id":"https:\/\/kerekparbalaton.hu\/termek\/nano-tech-kerekpar-tisztito\/#breadcrumb","itemListElement":[{"@type":"ListItem","position":1,"name":"Kezd\u0151lap","item":"https:\/\/kerekparbalaton.hu\/"},{"@type":"ListItem","position":2,"name":"Shop","item":"https:\/\/kerekparbalaton.hu\/uzlet\/"},{"@type":"ListItem","position":3,"name":"Nano tech ker\u00e9kp\u00e1r tiszt\u00edt\u00f3"}]},{"@type":"WebSite","@id":"https:\/\/kerekparbalaton.hu\/#website","url":"https:\/\/kerekparbalaton.hu\/","name":"rundparbalaton.hu","description":"Fahrradverleih Balaton","publisher":{"@id":"https:\/\/kerekparbalaton.hu\/#organization"},"potentialAction":[{"@type":"SearchAction","target":{"@type":"EntryPoint","urlTemplate":"https:\/\/kerekparbalaton.hu\/?s={search_term_string}"},"query-input":{"@type":"PropertyValueSpecification","valueRequired":true,"valueName":"search_term_string"}}],"inLanguage":"de"},{"@type":"Organization","@id":"https:\/\/kerekparbalaton.hu\/#organization","name":"rundparbalaton.hu","url":"https:\/\/kerekparbalaton.hu\/","logo":{"@type":"ImageObject","inLanguage":"de","@id":"https:\/\/kerekparbalaton.hu\/#\/schema\/logo\/image\/","url":"https:\/\/kerekparbalaton.hu\/wp-content\/uploads\/2023\/12\/Csopi-kerekpar-redesign-e1718779950933.png","contentUrl":"https:\/\/kerekparbalaton.hu\/wp-content\/uploads\/2023\/12\/Csopi-kerekpar-redesign-e1718779950933.png","width":1000,"height":436,"caption":"kerekparbalaton.hu"},"image":{"@id":"https:\/\/kerekparbalaton.hu\/#\/schema\/logo\/image\/"}}]}},"_links":{"self":[{"href":"https:\/\/kerekparbalaton.hu\/de\/wp-json\/wp\/v2\/product\/3893","targetHints":{"allow":["GET"]}}],"collection":[{"href":"https:\/\/kerekparbalaton.hu\/de\/wp-json\/wp\/v2\/product"}],"about":[{"href":"https:\/\/kerekparbalaton.hu\/de\/wp-json\/wp\/v2\/types\/product"}],"replies":[{"embeddable":true,"href":"https:\/\/kerekparbalaton.hu\/de\/wp-json\/wp\/v2\/comments?post=3893"}],"wp:featuredmedia":[{"embeddable":true,"href":"https:\/\/kerekparbalaton.hu\/de\/wp-json\/wp\/v2\/media\/4487"}],"wp:attachment":[{"href":"https:\/\/kerekparbalaton.hu\/de\/wp-json\/wp\/v2\/media?parent=3893"}],"wp:term":[{"taxonomy":"product_brand","embeddable":true,"href":"https:\/\/kerekparbalaton.hu\/de\/wp-json\/wp\/v2\/product_brand?post=3893"},{"taxonomy":"product_cat","embeddable":true,"href":"https:\/\/kerekparbalaton.hu\/de\/wp-json\/wp\/v2\/product_cat?post=3893"},{"taxonomy":"product_tag","embeddable":true,"href":"https:\/\/kerekparbalaton.hu\/de\/wp-json\/wp\/v2\/product_tag?post=3893"}],"curies":[{"name":"wp","href":"https:\/\/api.w.org\/{rel}","templated":true}]}}